{"id":899,"date":"2011-08-11T01:30:54","date_gmt":"2011-08-10T23:30:54","guid":{"rendered":"http:\/\/museumek.eu\/?page_id=899"},"modified":"2013-05-10T20:56:16","modified_gmt":"2013-05-10T18:56:16","slug":"ax2","status":"publish","type":"page","link":"http:\/\/museumek.eu\/?page_id=899","title":{"rendered":"A\/X\/2"},"content":{"rendered":"<p><strong>Abteilung Austria\/Ungarn\/B\u00f6hmen, Keramik 1860 \u2013 1960, Inventarnummer A\/X\/2<\/strong><\/p>\n<p>Gmundner Keramik GES.M.B.H., Austria, Gmunden, 1930- 1950, Figur Fisch als Zahnstocherhalter, K\u00fcnstler Walter Bosse (attr.), Werks.-Nr. ohne, Exemplar Nr. ohne, gemarkt Gmunden (gemalt), nicht signiert, die K\u00fcnstlerzuordnung ist vorl\u00e4ufig,<br \/>\nH\u00f6he 6 cm, Breite 7,7 cm<\/p>\n<p><a href=\"http:\/\/museumek.eu\/wp-content\/uploads\/2011\/08\/Museum-Europ\u00e4ischer-Keramikkunst-Qualit\u00e4tsfotos-166.jpg\"><img loading=\"lazy\" src=\"http:\/\/museumek.eu\/wp-content\/uploads\/2011\/08\/Museum-Europ\u00e4ischer-Keramikkunst-Qualit\u00e4tsfotos-166-300x273.jpg\" alt=\"\" title=\"Museum Europ\u00e4ischer Keramikkunst Qualit\u00e4tsfotos 166\" width=\"300\" height=\"273\" class=\"alignnone size-medium wp-image-900\" srcset=\"http:\/\/museumek.eu\/wp-content\/uploads\/2011\/08\/Museum-Europ\u00e4ischer-Keramikkunst-Qualit\u00e4tsfotos-166-300x273.jpg 300w, http:\/\/museumek.eu\/wp-content\/uploads\/2011\/08\/Museum-Europ\u00e4ischer-Keramikkunst-Qualit\u00e4tsfotos-166-329x300.jpg 329w, http:\/\/museumek.eu\/wp-content\/uploads\/2011\/08\/Museum-Europ\u00e4ischer-Keramikkunst-Qualit\u00e4tsfotos-166.jpg 752w\" sizes=\"(max-width: 300px) 100vw, 300px\" \/><\/a><\/p>\n<p><a href=\"http:\/\/museumek.eu\/wp-content\/uploads\/2011\/08\/Museum-Europ\u00e4ischer-Keramikkunst-402.jpg\"><img loading=\"lazy\" src=\"http:\/\/museumek.eu\/wp-content\/uploads\/2011\/08\/Museum-Europ\u00e4ischer-Keramikkunst-402-300x126.jpg\" alt=\"\" title=\"Museum Europ\u00e4ischer Keramikkunst 402\" width=\"300\" height=\"126\" class=\"alignnone size-medium wp-image-901\" srcset=\"http:\/\/museumek.eu\/wp-content\/uploads\/2011\/08\/Museum-Europ\u00e4ischer-Keramikkunst-402-300x126.jpg 300w, http:\/\/museumek.eu\/wp-content\/uploads\/2011\/08\/Museum-Europ\u00e4ischer-Keramikkunst-402-500x211.jpg 500w, http:\/\/museumek.eu\/wp-content\/uploads\/2011\/08\/Museum-Europ\u00e4ischer-Keramikkunst-402.jpg 642w\" sizes=\"(max-width: 300px) 100vw, 300px\" \/><\/a><\/p>\n","protected":false},"excerpt":{"rendered":"<p>Abteilung Austria\/Ungarn\/B\u00f6hmen, Keramik 1860 \u2013 1960, Inventarnummer A\/X\/2 Gmundner Keramik GES.M.B.H., Austria, Gmunden, 1930- 1950, Figur Fisch als Zahnstocherhalter, K\u00fcnstler Walter Bosse (attr.), Werks.-Nr. ohne, Exemplar Nr. ohne, gemarkt Gmunden (gemalt), nicht signiert, die K\u00fcnstlerzuordnung ist vorl\u00e4ufig, H\u00f6he 6 cm, &hellip; <a href=\"http:\/\/museumek.eu\/?page_id=899\">Weiterlesen <span class=\"meta-nav\">&rarr;<\/span><\/a><\/p>\n","protected":false},"author":1,"featured_media":0,"parent":886,"menu_order":2,"comment_status":"open","ping_status":"open","template":"","meta":[],"_links":{"self":[{"href":"http:\/\/museumek.eu\/index.php?rest_route=\/wp\/v2\/pages\/899"}],"collection":[{"href":"http:\/\/museumek.eu\/index.php?rest_route=\/wp\/v2\/pages"}],"about":[{"href":"http:\/\/museumek.eu\/index.php?rest_route=\/wp\/v2\/types\/page"}],"author":[{"embeddable":true,"href":"http:\/\/museumek.eu\/index.php?rest_route=\/wp\/v2\/users\/1"}],"replies":[{"embeddable":true,"href":"http:\/\/museumek.eu\/index.php?rest_route=%2Fwp%2Fv2%2Fcomments&post=899"}],"version-history":[{"count":7,"href":"http:\/\/museumek.eu\/index.php?rest_route=\/wp\/v2\/pages\/899\/revisions"}],"predecessor-version":[{"id":21660,"href":"http:\/\/museumek.eu\/index.php?rest_route=\/wp\/v2\/pages\/899\/revisions\/21660"}],"up":[{"embeddable":true,"href":"http:\/\/museumek.eu\/index.php?rest_route=\/wp\/v2\/pages\/886"}],"wp:attachment":[{"href":"http:\/\/museumek.eu\/index.php?rest_route=%2Fwp%2Fv2%2Fmedia&parent=899"}],"curies":[{"name":"wp","href":"https:\/\/api.w.org\/{rel}","templated":true}]}}