{"id":9019,"date":"2012-04-21T18:19:29","date_gmt":"2012-04-21T16:19:29","guid":{"rendered":"http:\/\/museumek.eu\/?page_id=9019"},"modified":"2015-07-12T13:27:29","modified_gmt":"2015-07-12T11:27:29","slug":"dxxxvii1","status":"publish","type":"page","link":"http:\/\/museumek.eu\/?page_id=9019","title":{"rendered":"D\/XXXVII\/1"},"content":{"rendered":"<p><strong>Abteilung Deutschland, Keramik 1860 \u2013 1960, Inventarnummer D\/XXXVII\/1<\/strong><\/p>\n<p>Thonwaaren \u2013 Fabrik Marzi &#038; Remy, Deutschland, H\u00f6hr, um 1910, Seidel, K\u00fcnstler Albin M\u00fcller, Werks.-Nr. 2128, Exemplar Nr. ohne, gemarkt keine Firmenmarke aber GESETZL. GESCH\u00dcTZT, 2128, 23 sowie 0,5 L \u00fcber Eichstrich gepresst, nicht signiert, Literatur: J\u00fcrgen Erlebach, J\u00fcrgen Schimanski, Westerw\u00e4lder Steinzeug, Die Neue \u00c4ra 1900 \u2013 1930, Jugendstil und Werkbund, Seite 72, Marke Nr. 16 identisch sowie Seite 74, Abbildung Nr 118, identischer Krug mit anderem Zinndeckel, Ausf\u00fchrung dort als Steinzeug mit dunkelbrauner Salzglasur, Werksentwurf nach Motiven von Albin M\u00fcller, weitere Literatur: J\u00fcrgen Schimanski, Braun geflammt und grau gesalzen, Seite 203, Beschreibung der Fabrik, Beschreibung der zeitlichen Zuordnung, Modellnummern 1900\/2000 um 1910 sowie Marke Nr. 16 identisch, au\u00dferdem dort beschrieben, dass eine eigene Firmenmarke (Anmerkung MEK: die stilisierte T\u00f6pfermarke, bestehend aus Mittelachse, daran Antriebstretscheibe, diese immer in einem quadratischen oder trapezf\u00f6rmigen Rahmen) erst Anfang der 1920\u2018 Jahre eingef\u00fchrt worden ist und dass Erzeugnisse der fr\u00fcheren Jahre oft mit dem Schriftzug \u201eGesetzl. Gesch\u00fctzt\u201c (Anmerkung MEK: richtige Schreibweise des Stempels eigentlich mit Gro\u00dfbuchstaben und nicht wie bei Schimanski klein geschrieben, also GESETZL. GESCH\u00dcTZT) gemarkt sind, dieser Beschreibung stimmt das MEK bez\u00fcglich der Firmenmarke nicht zu, das MEK Exemplar D\/XXXVII\/64 widerlegt diese Aussage, vor, bis um 1900, wurde der M &#038; R. darunter H. in einem Rechteck Stempel verwendet, diesen gibt es auch noch als ausgeschriebene Variante (MARZI &#038; REMY darunter H\u00d6HR.), dann nicht in einem Rechteck, sogar mit dem Zusatzstempel GESETZL. GESCH\u00dcTZT, siehe <strong>http:\/\/www.steinmarks.co.uk\/pages\/pv.asp?p=stein164<\/strong>, dort unter Marzi &#038; Remy diese Stempelvariante abgebildet als auch die Stempelvariante des oben genannten MEK Exemplares, M &#038; R. darunter H. steht <strong>nicht<\/strong> f\u00fcr Merkelbach &#038; Remy, einer Westerw\u00e4lder Fabrik, die in der gleichen Zeit produzierte und f\u00fcr die bisher in der Fachliteratur noch keine Firmenmarke nachgewiesen worden ist, weil sich diese Fabrik in Grenzhausen und nicht in H\u00f6hr befand, bis 1936 waren die beiden Ortschaften eigenst\u00e4ndig und wurden erst am 01.04.1936 zusammen mit der Gemeinde Grenzau zu H\u00f6hr-Grenzhausen zusammengeschlossen sowie Seite 205, Abbildung Nr. 521, identischer Krug, dort als Feinsteinzeug braun glasiert, Werksentwurf nach Motiven von Albin M\u00fcller, die Fabrik wurde 1879 von Anton Marzi und seinem Schwager Simon Peter Remy in H\u00f6hr gegr\u00fcndet und firmierte als Thonwaaren \u2013 Fabrik Marzi &#038; Remy, ab 1881 wurde eine eigene Zinngie\u00dferei angeschafft und ab 1883 neben dem grau \u2013 blau salzglasiertem Steinzeug auch Elfenbeinsteinzeug produziert, Simon Peter Remy verstarb 1919 und sein Sohn Werner Remy trat in die Fabrik ein, 1924 verstarb Anton Marzi und sein Schwiegersohn Johann Otto B\u00fchler trat in die Fabrik ein, Werner Remy verlie\u00df 1931 die Fabrik, 1941 trat Johann Otto B\u00fchlers Sohn Otto B\u00fchler in die Fabrik ein und 1953 dessen Sohn Otto Georg B\u00fchler, die Fabrik war bis zum Konkurs in den 1990\u2018 Jahren immer in Familienbesitz, Ausf\u00fchrung als Feinsteinzeug grau \u2013 blau und rot glasiert, H\u00f6he 14 cm, Breite 14,5 cm (nur die Keramik)<\/p>\n<p><a href=\"http:\/\/museumek.eu\/wp-content\/uploads\/2012\/04\/Museum-Europ\u00e4ischer-Keramikkunst-1725.jpg\"><img loading=\"lazy\" src=\"http:\/\/museumek.eu\/wp-content\/uploads\/2012\/04\/Museum-Europ\u00e4ischer-Keramikkunst-1725-182x300.jpg\" alt=\"\" title=\"Museum Europ\u00e4ischer Keramikkunst 1725\" width=\"182\" height=\"300\" class=\"alignnone size-medium wp-image-9020\" srcset=\"http:\/\/museumek.eu\/wp-content\/uploads\/2012\/04\/Museum-Europ\u00e4ischer-Keramikkunst-1725-182x300.jpg 182w, http:\/\/museumek.eu\/wp-content\/uploads\/2012\/04\/Museum-Europ\u00e4ischer-Keramikkunst-1725.jpg 575w\" sizes=\"(max-width: 182px) 100vw, 182px\" \/><\/a><\/p>\n<p><a href=\"http:\/\/museumek.eu\/wp-content\/uploads\/2012\/04\/Museum-Europ\u00e4ischer-Keramikkunst-1726.jpg\"><img loading=\"lazy\" src=\"http:\/\/museumek.eu\/wp-content\/uploads\/2012\/04\/Museum-Europ\u00e4ischer-Keramikkunst-1726-300x210.jpg\" alt=\"\" title=\"Museum Europ\u00e4ischer Keramikkunst 1726\" width=\"300\" height=\"210\" class=\"alignnone size-medium wp-image-9021\" srcset=\"http:\/\/museumek.eu\/wp-content\/uploads\/2012\/04\/Museum-Europ\u00e4ischer-Keramikkunst-1726-300x210.jpg 300w, http:\/\/museumek.eu\/wp-content\/uploads\/2012\/04\/Museum-Europ\u00e4ischer-Keramikkunst-1726-428x300.jpg 428w, http:\/\/museumek.eu\/wp-content\/uploads\/2012\/04\/Museum-Europ\u00e4ischer-Keramikkunst-1726.jpg 870w\" sizes=\"(max-width: 300px) 100vw, 300px\" \/><\/a><\/p>\n<p><a href=\"http:\/\/museumek.eu\/?attachment_id=29204\" rel=\"attachment wp-att-29204\"><img loading=\"lazy\" src=\"http:\/\/museumek.eu\/wp-content\/uploads\/2012\/04\/382-300x236.jpg\" alt=\"\" title=\"382\" width=\"300\" height=\"236\" class=\"alignnone size-medium wp-image-29204\" srcset=\"http:\/\/museumek.eu\/wp-content\/uploads\/2012\/04\/382-300x236.jpg 300w, http:\/\/museumek.eu\/wp-content\/uploads\/2012\/04\/382-150x118.jpg 150w, http:\/\/museumek.eu\/wp-content\/uploads\/2012\/04\/382-381x300.jpg 381w, http:\/\/museumek.eu\/wp-content\/uploads\/2012\/04\/382.jpg 762w\" sizes=\"(max-width: 300px) 100vw, 300px\" \/><\/a><\/p>\n","protected":false},"excerpt":{"rendered":"<p>Abteilung Deutschland, Keramik 1860 \u2013 1960, Inventarnummer D\/XXXVII\/1 Thonwaaren \u2013 Fabrik Marzi &#038; Remy, Deutschland, H\u00f6hr, um 1910, Seidel, K\u00fcnstler Albin M\u00fcller, Werks.-Nr. 2128, Exemplar Nr. ohne, gemarkt keine Firmenmarke aber GESETZL. GESCH\u00dcTZT, 2128, 23 sowie 0,5 L \u00fcber Eichstrich &hellip; <a href=\"http:\/\/museumek.eu\/?page_id=9019\">Weiterlesen <span class=\"meta-nav\">&rarr;<\/span><\/a><\/p>\n","protected":false},"author":1,"featured_media":0,"parent":9016,"menu_order":1,"comment_status":"closed","ping_status":"closed","template":"","meta":[],"_links":{"self":[{"href":"http:\/\/museumek.eu\/index.php?rest_route=\/wp\/v2\/pages\/9019"}],"collection":[{"href":"http:\/\/museumek.eu\/index.php?rest_route=\/wp\/v2\/pages"}],"about":[{"href":"http:\/\/museumek.eu\/index.php?rest_route=\/wp\/v2\/types\/page"}],"author":[{"embeddable":true,"href":"http:\/\/museumek.eu\/index.php?rest_route=\/wp\/v2\/users\/1"}],"replies":[{"embeddable":true,"href":"http:\/\/museumek.eu\/index.php?rest_route=%2Fwp%2Fv2%2Fcomments&post=9019"}],"version-history":[{"count":23,"href":"http:\/\/museumek.eu\/index.php?rest_route=\/wp\/v2\/pages\/9019\/revisions"}],"predecessor-version":[{"id":42151,"href":"http:\/\/museumek.eu\/index.php?rest_route=\/wp\/v2\/pages\/9019\/revisions\/42151"}],"up":[{"embeddable":true,"href":"http:\/\/museumek.eu\/index.php?rest_route=\/wp\/v2\/pages\/9016"}],"wp:attachment":[{"href":"http:\/\/museumek.eu\/index.php?rest_route=%2Fwp%2Fv2%2Fmedia&parent=9019"}],"curies":[{"name":"wp","href":"https:\/\/api.w.org\/{rel}","templated":true}]}}