{"id":904,"date":"2011-08-11T01:44:26","date_gmt":"2011-08-10T23:44:26","guid":{"rendered":"http:\/\/museumek.eu\/?page_id=904"},"modified":"2013-05-10T20:57:49","modified_gmt":"2013-05-10T18:57:49","slug":"ax3","status":"publish","type":"page","link":"http:\/\/museumek.eu\/?page_id=904","title":{"rendered":"A\/X\/3"},"content":{"rendered":"<p><strong>Abteilung Austria\/Ungarn\/B\u00f6hmen, Keramik 1860 \u2013 1960, Inventarnummer A\/X\/3<\/strong><\/p>\n<p>Gmundner Keramik GES.M.B.H., Austria, Gmunden, 1920 &#8211; 1950, Figuren Zwei Pferde als Buchst\u00fctzen, K\u00fcnstler Michael Powolny, Werks.-Nr. 1284, Exemplar Nr. ohne, gemarkt keine Firmenmarke, 1284 gepresst, nicht signiert, Literatur: Original Verkaufskatalog um 1920 (MEK Inventar), dort mit vollst\u00e4ndiger Werks.-Nr. 1284 abgebildet, weitere Literatur: Elisabeth Frottier, Michael Powolny, Keramik und Glas aus Wien 1900 bis 1950, Werksverzeichnis WV 122, dort beschrieben: Pferd, 1910 urspr\u00fcnglich als Modell der Wiener Keramik, um 1920 von der Gmundner Keramik als Buchst\u00fctze verwendet, siehe auch Quittenbaum Kunstauktionen, M\u00fcnchen, Auktion vom 20.04.2010, Lot 464 (ein Pferd in der Auktion, Werks.-Nr. dort  wohl mangels nicht mit gepresster oder nicht erkannter Zahl 1 als 284 statt 1284 angegeben),<br \/>\nH\u00f6he 23 cm, Breite 21 cm<\/p>\n<p><a href=\"http:\/\/museumek.eu\/wp-content\/uploads\/2011\/08\/Museum-Europ\u00e4ischer-Keramikkunst-Qualit\u00e4tsfotos-1941.jpg\"><img loading=\"lazy\" src=\"http:\/\/museumek.eu\/wp-content\/uploads\/2011\/08\/Museum-Europ\u00e4ischer-Keramikkunst-Qualit\u00e4tsfotos-1941-300x174.jpg\" alt=\"\" title=\"Museum Europ\u00e4ischer Keramikkunst Qualit\u00e4tsfotos 194\" width=\"300\" height=\"174\" class=\"alignnone size-medium wp-image-906\" srcset=\"http:\/\/museumek.eu\/wp-content\/uploads\/2011\/08\/Museum-Europ\u00e4ischer-Keramikkunst-Qualit\u00e4tsfotos-1941-300x174.jpg 300w, http:\/\/museumek.eu\/wp-content\/uploads\/2011\/08\/Museum-Europ\u00e4ischer-Keramikkunst-Qualit\u00e4tsfotos-1941-500x290.jpg 500w, http:\/\/museumek.eu\/wp-content\/uploads\/2011\/08\/Museum-Europ\u00e4ischer-Keramikkunst-Qualit\u00e4tsfotos-1941.jpg 983w\" sizes=\"(max-width: 300px) 100vw, 300px\" \/><\/a><\/p>\n<p><a href=\"http:\/\/museumek.eu\/wp-content\/uploads\/2011\/08\/Museum-Europ\u00e4ischer-Keramikkunst-549.jpg\"><img loading=\"lazy\" src=\"http:\/\/museumek.eu\/wp-content\/uploads\/2011\/08\/Museum-Europ\u00e4ischer-Keramikkunst-549-300x242.jpg\" alt=\"\" title=\"Museum Europ\u00e4ischer Keramikkunst 549\" width=\"300\" height=\"242\" class=\"alignnone size-medium wp-image-909\" srcset=\"http:\/\/museumek.eu\/wp-content\/uploads\/2011\/08\/Museum-Europ\u00e4ischer-Keramikkunst-549-300x242.jpg 300w, http:\/\/museumek.eu\/wp-content\/uploads\/2011\/08\/Museum-Europ\u00e4ischer-Keramikkunst-549-371x300.jpg 371w, http:\/\/museumek.eu\/wp-content\/uploads\/2011\/08\/Museum-Europ\u00e4ischer-Keramikkunst-549.jpg 375w\" sizes=\"(max-width: 300px) 100vw, 300px\" \/><\/a><\/p>\n<p><a href=\"http:\/\/museumek.eu\/wp-content\/uploads\/2011\/08\/Museum-Europ\u00e4ischer-Keramikkunst-551.jpg\"><img loading=\"lazy\" src=\"http:\/\/museumek.eu\/wp-content\/uploads\/2011\/08\/Museum-Europ\u00e4ischer-Keramikkunst-551-300x201.jpg\" alt=\"\" title=\"Museum Europ\u00e4ischer Keramikkunst 551\" width=\"300\" height=\"201\" class=\"alignnone size-medium wp-image-913\" srcset=\"http:\/\/museumek.eu\/wp-content\/uploads\/2011\/08\/Museum-Europ\u00e4ischer-Keramikkunst-551-300x201.jpg 300w, http:\/\/museumek.eu\/wp-content\/uploads\/2011\/08\/Museum-Europ\u00e4ischer-Keramikkunst-551-447x300.jpg 447w, http:\/\/museumek.eu\/wp-content\/uploads\/2011\/08\/Museum-Europ\u00e4ischer-Keramikkunst-551.jpg 876w\" sizes=\"(max-width: 300px) 100vw, 300px\" \/><\/a><\/p>\n<p><a href=\"http:\/\/museumek.eu\/wp-content\/uploads\/2011\/08\/Powolny-Pferd-Quittenbaum.jpg\"><img loading=\"lazy\" src=\"http:\/\/museumek.eu\/wp-content\/uploads\/2011\/08\/Powolny-Pferd-Quittenbaum-300x139.jpg\" alt=\"\" title=\"Powolny Pferd Quittenbaum\" width=\"300\" height=\"139\" class=\"alignnone size-medium wp-image-1271\" srcset=\"http:\/\/museumek.eu\/wp-content\/uploads\/2011\/08\/Powolny-Pferd-Quittenbaum-300x139.jpg 300w, http:\/\/museumek.eu\/wp-content\/uploads\/2011\/08\/Powolny-Pferd-Quittenbaum.jpg 407w\" sizes=\"(max-width: 300px) 100vw, 300px\" \/><\/a><\/p>\n<p><a href=\"http:\/\/museumek.eu\/wp-content\/uploads\/2011\/08\/Museum-Europ\u00e4ischer-Keramikkunst-8721.jpg\"><img loading=\"lazy\" src=\"http:\/\/museumek.eu\/wp-content\/uploads\/2011\/08\/Museum-Europ\u00e4ischer-Keramikkunst-8721-300x88.jpg\" alt=\"\" title=\"Museum Europ\u00e4ischer Keramikkunst 872\" width=\"300\" height=\"88\" class=\"alignnone size-medium wp-image-2394\" srcset=\"http:\/\/museumek.eu\/wp-content\/uploads\/2011\/08\/Museum-Europ\u00e4ischer-Keramikkunst-8721-300x88.jpg 300w, http:\/\/museumek.eu\/wp-content\/uploads\/2011\/08\/Museum-Europ\u00e4ischer-Keramikkunst-8721-500x147.jpg 500w, http:\/\/museumek.eu\/wp-content\/uploads\/2011\/08\/Museum-Europ\u00e4ischer-Keramikkunst-8721.jpg 936w\" sizes=\"(max-width: 300px) 100vw, 300px\" \/><\/a><\/p>\n<p><a href=\"http:\/\/museumek.eu\/wp-content\/uploads\/2011\/08\/Museum-Europ\u00e4ischer-Keramikkunst-873.jpg\"><img loading=\"lazy\" src=\"http:\/\/museumek.eu\/wp-content\/uploads\/2011\/08\/Museum-Europ\u00e4ischer-Keramikkunst-873-300x173.jpg\" alt=\"\" title=\"Museum Europ\u00e4ischer Keramikkunst 873\" width=\"300\" height=\"173\" class=\"alignnone size-medium wp-image-2395\" srcset=\"http:\/\/museumek.eu\/wp-content\/uploads\/2011\/08\/Museum-Europ\u00e4ischer-Keramikkunst-873-300x173.jpg 300w, http:\/\/museumek.eu\/wp-content\/uploads\/2011\/08\/Museum-Europ\u00e4ischer-Keramikkunst-873-500x289.jpg 500w, http:\/\/museumek.eu\/wp-content\/uploads\/2011\/08\/Museum-Europ\u00e4ischer-Keramikkunst-873.jpg 859w\" sizes=\"(max-width: 300px) 100vw, 300px\" \/><\/a><\/p>\n","protected":false},"excerpt":{"rendered":"<p>Abteilung Austria\/Ungarn\/B\u00f6hmen, Keramik 1860 \u2013 1960, Inventarnummer A\/X\/3 Gmundner Keramik GES.M.B.H., Austria, Gmunden, 1920 &#8211; 1950, Figuren Zwei Pferde als Buchst\u00fctzen, K\u00fcnstler Michael Powolny, Werks.-Nr. 1284, Exemplar Nr. ohne, gemarkt keine Firmenmarke, 1284 gepresst, nicht signiert, Literatur: Original Verkaufskatalog um &hellip; <a href=\"http:\/\/museumek.eu\/?page_id=904\">Weiterlesen <span class=\"meta-nav\">&rarr;<\/span><\/a><\/p>\n","protected":false},"author":1,"featured_media":0,"parent":886,"menu_order":3,"comment_status":"open","ping_status":"open","template":"","meta":[],"_links":{"self":[{"href":"http:\/\/museumek.eu\/index.php?rest_route=\/wp\/v2\/pages\/904"}],"collection":[{"href":"http:\/\/museumek.eu\/index.php?rest_route=\/wp\/v2\/pages"}],"about":[{"href":"http:\/\/museumek.eu\/index.php?rest_route=\/wp\/v2\/types\/page"}],"author":[{"embeddable":true,"href":"http:\/\/museumek.eu\/index.php?rest_route=\/wp\/v2\/users\/1"}],"replies":[{"embeddable":true,"href":"http:\/\/museumek.eu\/index.php?rest_route=%2Fwp%2Fv2%2Fcomments&post=904"}],"version-history":[{"count":14,"href":"http:\/\/museumek.eu\/index.php?rest_route=\/wp\/v2\/pages\/904\/revisions"}],"predecessor-version":[{"id":21662,"href":"http:\/\/museumek.eu\/index.php?rest_route=\/wp\/v2\/pages\/904\/revisions\/21662"}],"up":[{"embeddable":true,"href":"http:\/\/museumek.eu\/index.php?rest_route=\/wp\/v2\/pages\/886"}],"wp:attachment":[{"href":"http:\/\/museumek.eu\/index.php?rest_route=%2Fwp%2Fv2%2Fmedia&parent=904"}],"curies":[{"name":"wp","href":"https:\/\/api.w.org\/{rel}","templated":true}]}}