{"id":9054,"date":"2012-04-21T19:49:00","date_gmt":"2012-04-21T17:49:00","guid":{"rendered":"http:\/\/museumek.eu\/?page_id=9054"},"modified":"2021-02-05T20:27:06","modified_gmt":"2021-02-05T19:27:06","slug":"dxxxviii1","status":"publish","type":"page","link":"http:\/\/museumek.eu\/?page_id=9054","title":{"rendered":"D\/XXXVIII\/1"},"content":{"rendered":"<p><strong>Abteilung Deutschland, Keramik 1860 \u2013 1960, Inventarnummer D\/XXXVIII\/1<\/strong><\/p>\n<p>K\u00f6nigliche Majolika-Werkst\u00e4tten Cadinen, Deutschland, Cadinen\/Kadyny, um 1929, Ascher mit den bekr\u00f6nten Initialen FR ((Friedrich Rex (K\u00f6nig)), K\u00fcnstler unbekannt, Werks.-Nr. 1000, Exemplar Nr. ohne, gemarkt Firmenmarke mit Krone (schwer erkennbar), CADINEN sowie 1000 gepresst, brg Mo F in Gold gemalt, FR mit Krone in Gold gemalt, nicht signiert, Literatur: J\u00f6rn Barfod, Des Kaisers Keramik, 100 Jahre K\u00f6nigliche Majolika-Werkst\u00e4tten Cadinen, Seite 15, zeitlicher Nachweis \u00fcber die Verwendung der Farbkombination Rotbraun (\u201eCadiner Rot\u201c), Kobaltblau und Gold gegen Ende der 1920\u2018 Jahre, weitere Literatur: Otto Pelka, Keramik der Neuzeit, Markentafel II, Marke Nr. 15 identisch sowie Seite 209, Herstellerverzeichnis Nr. 15, Cadinen  K\u00f6nigl. Majolika-Werkst\u00e4tten, im Jahre 1898 ging das Gut Cadinen, Kreis Elbig in den Besitz des preu\u00dfischen K\u00f6nigs und deutschen Kaisers Wilhelm II. \u00fcber, Wilhelm lie\u00df das Gut zu einer Majolika Fabrik umbauen, bis zu seiner Abdankung 1918 wurde vorwiegend Majolika im Historismus Stil produziert, da nach Wilhelms Geschmack produziert wurde, danach zeitgem\u00e4\u00dfe Produktion auslaufender Jugenstil und dann Art Deco, 1945 wurden unter polnischer Leitung Backsteine produziert, dann wurde die Fabrik aufgegeben und dient heute als Hotel, Durchmesser: 16,5 cm<\/p>\n<p><a href=\"http:\/\/museumek.eu\/wp-content\/uploads\/2012\/04\/Museum-Europ\u00e4ischer-Keramikkunst-1718.jpg\"><img loading=\"lazy\" src=\"http:\/\/museumek.eu\/wp-content\/uploads\/2012\/04\/Museum-Europ\u00e4ischer-Keramikkunst-1718-300x296.jpg\" alt=\"\" title=\"Museum Europ\u00e4ischer Keramikkunst 1718\" width=\"300\" height=\"296\" class=\"alignnone size-medium wp-image-9055\" srcset=\"http:\/\/museumek.eu\/wp-content\/uploads\/2012\/04\/Museum-Europ\u00e4ischer-Keramikkunst-1718-300x296.jpg 300w, http:\/\/museumek.eu\/wp-content\/uploads\/2012\/04\/Museum-Europ\u00e4ischer-Keramikkunst-1718-303x300.jpg 303w, http:\/\/museumek.eu\/wp-content\/uploads\/2012\/04\/Museum-Europ\u00e4ischer-Keramikkunst-1718.jpg 698w\" sizes=\"(max-width: 300px) 100vw, 300px\" \/><\/a><\/p>\n<p><a href=\"http:\/\/museumek.eu\/wp-content\/uploads\/2012\/04\/Museum-Europ\u00e4ischer-Keramikkunst-1719.jpg\"><img loading=\"lazy\" src=\"http:\/\/museumek.eu\/wp-content\/uploads\/2012\/04\/Museum-Europ\u00e4ischer-Keramikkunst-1719-300x131.jpg\" alt=\"\" title=\"Museum Europ\u00e4ischer Keramikkunst 1719\" width=\"300\" height=\"131\" class=\"alignnone size-medium wp-image-9056\" srcset=\"http:\/\/museumek.eu\/wp-content\/uploads\/2012\/04\/Museum-Europ\u00e4ischer-Keramikkunst-1719-300x131.jpg 300w, http:\/\/museumek.eu\/wp-content\/uploads\/2012\/04\/Museum-Europ\u00e4ischer-Keramikkunst-1719-500x218.jpg 500w, http:\/\/museumek.eu\/wp-content\/uploads\/2012\/04\/Museum-Europ\u00e4ischer-Keramikkunst-1719.jpg 747w\" sizes=\"(max-width: 300px) 100vw, 300px\" \/><\/a><\/p>\n","protected":false},"excerpt":{"rendered":"<p>Abteilung Deutschland, Keramik 1860 \u2013 1960, Inventarnummer D\/XXXVIII\/1 K\u00f6nigliche Majolika-Werkst\u00e4tten Cadinen, Deutschland, Cadinen\/Kadyny, um 1929, Ascher mit den bekr\u00f6nten Initialen FR ((Friedrich Rex (K\u00f6nig)), K\u00fcnstler unbekannt, Werks.-Nr. 1000, Exemplar Nr. ohne, gemarkt Firmenmarke mit Krone (schwer erkennbar), CADINEN sowie 1000 &hellip; <a href=\"http:\/\/museumek.eu\/?page_id=9054\">Weiterlesen <span class=\"meta-nav\">&rarr;<\/span><\/a><\/p>\n","protected":false},"author":1,"featured_media":0,"parent":9051,"menu_order":1,"comment_status":"closed","ping_status":"closed","template":"","meta":[],"_links":{"self":[{"href":"http:\/\/museumek.eu\/index.php?rest_route=\/wp\/v2\/pages\/9054"}],"collection":[{"href":"http:\/\/museumek.eu\/index.php?rest_route=\/wp\/v2\/pages"}],"about":[{"href":"http:\/\/museumek.eu\/index.php?rest_route=\/wp\/v2\/types\/page"}],"author":[{"embeddable":true,"href":"http:\/\/museumek.eu\/index.php?rest_route=\/wp\/v2\/users\/1"}],"replies":[{"embeddable":true,"href":"http:\/\/museumek.eu\/index.php?rest_route=%2Fwp%2Fv2%2Fcomments&post=9054"}],"version-history":[{"count":6,"href":"http:\/\/museumek.eu\/index.php?rest_route=\/wp\/v2\/pages\/9054\/revisions"}],"predecessor-version":[{"id":53116,"href":"http:\/\/museumek.eu\/index.php?rest_route=\/wp\/v2\/pages\/9054\/revisions\/53116"}],"up":[{"embeddable":true,"href":"http:\/\/museumek.eu\/index.php?rest_route=\/wp\/v2\/pages\/9051"}],"wp:attachment":[{"href":"http:\/\/museumek.eu\/index.php?rest_route=%2Fwp%2Fv2%2Fmedia&parent=9054"}],"curies":[{"name":"wp","href":"https:\/\/api.w.org\/{rel}","templated":true}]}}