{"id":9222,"date":"2012-05-01T15:18:44","date_gmt":"2012-05-01T13:18:44","guid":{"rendered":"http:\/\/museumek.eu\/?page_id=9222"},"modified":"2013-06-10T13:42:15","modified_gmt":"2013-06-10T11:42:15","slug":"dviii9","status":"publish","type":"page","link":"http:\/\/museumek.eu\/?page_id=9222","title":{"rendered":"D\/VIII\/9"},"content":{"rendered":"<p><strong>Abteilung Deutschland, Keramik 1860 \u2013 1960, Inventarnummer D\/VIII\/9<\/strong><\/p>\n<p>Villeroy &#038; Boch, Deutschland, Mettlach, Jahr 1900, Krug mit Soldaten-Trinkszene, K\u00fcnstler Heinrich Schlitt, Werks.-Nr. 1526 (Formnummer), Exemplar Nr. ohne, gemarkt keine Firmenmarke aber 1526, I, 00 sowie 1 L gepresst, 1110 (Dekornummer) sowie gesch\u00fctzt schwarze Stempel unter Glasur, % gr\u00fcn gestempelt, am oberen Krugrand 1 L. geritzt, zwei Farbstempel mit 20. ?, zwei kleine gemalte Striche (wie Anf\u00fchrungszeichen), Ausf\u00fchrung als PUG (print under glaze) Druck unter Glasur, Deckelmontur aus Zinn mit floralen Ornamenten, Daumenrast mit Rankenornamenten, signiert Heinrich Schlitt,  evtl. handelt es sich bei diesem Krug um den eigentlichen Musterkrug, nach welchem dann die Verkaufskr\u00fcge produziert worden sind, Literatur: J. A. Schmoll genannt Eisenwerth und Th\u00e9r\u00e8se Thomas, Heinrich Schlitt (1849 \u2013 1923), Seite 68, Nachweis Signatur Heinrich Schlitt, Seite 90, Liste: Aufstellung der Keramiken die von Schlitt entworfen und von Villeroy &#038; Boch ausgef\u00fchrt, Tabelle: 1 Liter Kr\u00fcge Formnummer 1526\/Dekornummer 1110, dort bezeichnet als Trinkszene 3, weitere Literatur: Gary Kirsner, The Mettlach Book, Seite 23 ff., Datierungssystem, Seite 26 und 27, Erkl\u00e4rung der gr\u00fcnen % Pressung als Kennzeichnung von Ware mit ganz besonders guter Qualit\u00e4t, Seite 36, Datierungssystem der Dekornummer, Seite 48, Nachweis Signatur Heinrich Schlitt, Seite 200, Abbildung des Kruges sowie Seite 201, Beschreibung des Krugdekors als \u201eTrinkende Soldaten\u201c, weitere Literatur: Johannes und Peter Vogt, Alte Bierkr\u00fcge, Von der Renaissance bis zum Jugendstil, Seite 54, Abbildung 141, identischer Krug abgebildet, bezeichnet mit \u201eTrinkende Soldaten\u201c, K\u00fcnstler Heinrich Schlitt, H\u00f6he 19 cm (nur die Keramik), Breite 16 cm<\/p>\n<p><a href=\"http:\/\/museumek.eu\/wp-content\/uploads\/2012\/05\/Museum-Europ\u00e4ischer-Keramikkunst-1774.jpg\"><img loading=\"lazy\" src=\"http:\/\/museumek.eu\/wp-content\/uploads\/2012\/05\/Museum-Europ\u00e4ischer-Keramikkunst-1774-165x300.jpg\" alt=\"\" title=\"Museum Europ\u00e4ischer Keramikkunst 1774\" width=\"165\" height=\"300\" class=\"alignnone size-medium wp-image-9223\" srcset=\"http:\/\/museumek.eu\/wp-content\/uploads\/2012\/05\/Museum-Europ\u00e4ischer-Keramikkunst-1774-165x300.jpg 165w, http:\/\/museumek.eu\/wp-content\/uploads\/2012\/05\/Museum-Europ\u00e4ischer-Keramikkunst-1774.jpg 460w\" sizes=\"(max-width: 165px) 100vw, 165px\" \/><\/a><\/p>\n<p><a href=\"http:\/\/museumek.eu\/wp-content\/uploads\/2012\/05\/Museum-Europ\u00e4ischer-Keramikkunst-1775.jpg\"><img loading=\"lazy\" src=\"http:\/\/museumek.eu\/wp-content\/uploads\/2012\/05\/Museum-Europ\u00e4ischer-Keramikkunst-1775-179x300.jpg\" alt=\"\" title=\"Museum Europ\u00e4ischer Keramikkunst 1775\" width=\"179\" height=\"300\" class=\"alignnone size-medium wp-image-9224\" srcset=\"http:\/\/museumek.eu\/wp-content\/uploads\/2012\/05\/Museum-Europ\u00e4ischer-Keramikkunst-1775-179x300.jpg 179w, http:\/\/museumek.eu\/wp-content\/uploads\/2012\/05\/Museum-Europ\u00e4ischer-Keramikkunst-1775.jpg 496w\" sizes=\"(max-width: 179px) 100vw, 179px\" \/><\/a><\/p>\n<p><a href=\"http:\/\/museumek.eu\/wp-content\/uploads\/2012\/05\/Museum-Europ\u00e4ischer-Keramikkunst-1778.jpg\"><img loading=\"lazy\" src=\"http:\/\/museumek.eu\/wp-content\/uploads\/2012\/05\/Museum-Europ\u00e4ischer-Keramikkunst-1778-300x180.jpg\" alt=\"\" title=\"Museum Europ\u00e4ischer Keramikkunst 1778\" width=\"300\" height=\"180\" class=\"alignnone size-medium wp-image-9225\" srcset=\"http:\/\/museumek.eu\/wp-content\/uploads\/2012\/05\/Museum-Europ\u00e4ischer-Keramikkunst-1778-300x180.jpg 300w, http:\/\/museumek.eu\/wp-content\/uploads\/2012\/05\/Museum-Europ\u00e4ischer-Keramikkunst-1778-497x300.jpg 497w, http:\/\/museumek.eu\/wp-content\/uploads\/2012\/05\/Museum-Europ\u00e4ischer-Keramikkunst-1778.jpg 783w\" sizes=\"(max-width: 300px) 100vw, 300px\" \/><\/a><\/p>\n<p><a href=\"http:\/\/museumek.eu\/wp-content\/uploads\/2012\/05\/Museum-Europ\u00e4ischer-Keramikkunst-1780.jpg\"><img loading=\"lazy\" src=\"http:\/\/museumek.eu\/wp-content\/uploads\/2012\/05\/Museum-Europ\u00e4ischer-Keramikkunst-1780-282x300.jpg\" alt=\"\" title=\"Museum Europ\u00e4ischer Keramikkunst 1780\" width=\"282\" height=\"300\" class=\"alignnone size-medium wp-image-9226\" srcset=\"http:\/\/museumek.eu\/wp-content\/uploads\/2012\/05\/Museum-Europ\u00e4ischer-Keramikkunst-1780-282x300.jpg 282w, http:\/\/museumek.eu\/wp-content\/uploads\/2012\/05\/Museum-Europ\u00e4ischer-Keramikkunst-1780.jpg 669w\" sizes=\"(max-width: 282px) 100vw, 282px\" \/><\/a><\/p>\n<p><a href=\"http:\/\/museumek.eu\/wp-content\/uploads\/2012\/05\/Museum-Europ\u00e4ischer-Keramikkunst-1860.jpg\"><img loading=\"lazy\" src=\"http:\/\/museumek.eu\/wp-content\/uploads\/2012\/05\/Museum-Europ\u00e4ischer-Keramikkunst-1860-205x300.jpg\" alt=\"\" title=\"Museum Europ\u00e4ischer Keramikkunst 1860\" width=\"205\" height=\"300\" class=\"alignnone size-medium wp-image-9227\" srcset=\"http:\/\/museumek.eu\/wp-content\/uploads\/2012\/05\/Museum-Europ\u00e4ischer-Keramikkunst-1860-205x300.jpg 205w, http:\/\/museumek.eu\/wp-content\/uploads\/2012\/05\/Museum-Europ\u00e4ischer-Keramikkunst-1860.jpg 323w\" sizes=\"(max-width: 205px) 100vw, 205px\" \/><\/a><\/p>\n<p><a href=\"http:\/\/museumek.eu\/wp-content\/uploads\/2012\/05\/Museum-Europ\u00e4ischer-Keramikkunst-1777.jpg\"><img loading=\"lazy\" src=\"http:\/\/museumek.eu\/wp-content\/uploads\/2012\/05\/Museum-Europ\u00e4ischer-Keramikkunst-1777-198x300.jpg\" alt=\"\" title=\"Museum Europ\u00e4ischer Keramikkunst 1777\" width=\"198\" height=\"300\" class=\"alignnone size-medium wp-image-9228\" srcset=\"http:\/\/museumek.eu\/wp-content\/uploads\/2012\/05\/Museum-Europ\u00e4ischer-Keramikkunst-1777-198x300.jpg 198w, http:\/\/museumek.eu\/wp-content\/uploads\/2012\/05\/Museum-Europ\u00e4ischer-Keramikkunst-1777.jpg 477w\" sizes=\"(max-width: 198px) 100vw, 198px\" \/><\/a><\/p>\n","protected":false},"excerpt":{"rendered":"<p>Abteilung Deutschland, Keramik 1860 \u2013 1960, Inventarnummer D\/VIII\/9 Villeroy &#038; Boch, Deutschland, Mettlach, Jahr 1900, Krug mit Soldaten-Trinkszene, K\u00fcnstler Heinrich Schlitt, Werks.-Nr. 1526 (Formnummer), Exemplar Nr. ohne, gemarkt keine Firmenmarke aber 1526, I, 00 sowie 1 L gepresst, 1110 (Dekornummer) &hellip; <a href=\"http:\/\/museumek.eu\/?page_id=9222\">Weiterlesen <span class=\"meta-nav\">&rarr;<\/span><\/a><\/p>\n","protected":false},"author":1,"featured_media":0,"parent":1986,"menu_order":9,"comment_status":"closed","ping_status":"closed","template":"","meta":[],"_links":{"self":[{"href":"http:\/\/museumek.eu\/index.php?rest_route=\/wp\/v2\/pages\/9222"}],"collection":[{"href":"http:\/\/museumek.eu\/index.php?rest_route=\/wp\/v2\/pages"}],"about":[{"href":"http:\/\/museumek.eu\/index.php?rest_route=\/wp\/v2\/types\/page"}],"author":[{"embeddable":true,"href":"http:\/\/museumek.eu\/index.php?rest_route=\/wp\/v2\/users\/1"}],"replies":[{"embeddable":true,"href":"http:\/\/museumek.eu\/index.php?rest_route=%2Fwp%2Fv2%2Fcomments&post=9222"}],"version-history":[{"count":7,"href":"http:\/\/museumek.eu\/index.php?rest_route=\/wp\/v2\/pages\/9222\/revisions"}],"predecessor-version":[{"id":23393,"href":"http:\/\/museumek.eu\/index.php?rest_route=\/wp\/v2\/pages\/9222\/revisions\/23393"}],"up":[{"embeddable":true,"href":"http:\/\/museumek.eu\/index.php?rest_route=\/wp\/v2\/pages\/1986"}],"wp:attachment":[{"href":"http:\/\/museumek.eu\/index.php?rest_route=%2Fwp%2Fv2%2Fmedia&parent=9222"}],"curies":[{"name":"wp","href":"https:\/\/api.w.org\/{rel}","templated":true}]}}