{"id":9237,"date":"2012-05-01T15:27:06","date_gmt":"2012-05-01T13:27:06","guid":{"rendered":"http:\/\/museumek.eu\/?page_id=9237"},"modified":"2013-06-10T13:39:54","modified_gmt":"2013-06-10T11:39:54","slug":"kurzbiografie-und-inventar-zum-kunstler","status":"publish","type":"page","link":"http:\/\/museumek.eu\/?page_id=9237","title":{"rendered":"Kurzbiografie und Inventar zum K\u00fcnstler"},"content":{"rendered":"<p><strong>Abteilung Deutschland, Keramik 1860 \u2013 1960, Inventarnummer D\/VIII\/9<\/strong><\/p>\n<p>Villeroy &#038; Boch, Deutschland, Mettlach, Jahr 1900, Krug mit Soldaten-Trinkszene, K\u00fcnstler Heinrich Schlitt, Werks.-Nr. 1526 (Formnummer), Exemplar Nr. ohne, gemarkt keine Firmenmarke aber 1526, I, 00 sowie 1 L gepresst, 1110 (Dekornummer) sowie gesch\u00fctzt schwarze Stempel unter Glasur, % gr\u00fcn gestempelt, am oberen Krugrand 1 L. geritzt, zwei Farbstempel mit 20. ?, zwei kleine gemalte Striche (wie Anf\u00fchrungszeichen), Ausf\u00fchrung als PUG (print under glaze) Druck unter Glasur, Deckelmontur aus Zinn mit floralen Ornamenten, Daumenrast mit Rankenornamenten, signiert Heinrich Schlitt,  evtl. handelt es sich bei diesem Krug um den eigentlichen Musterkrug, nach welchem dann die Verkaufskr\u00fcge produziert worden sind, Literatur: J. A. Schmoll genannt Eisenwerth und Th\u00e9r\u00e8se Thomas, Heinrich Schlitt (1849 \u2013 1923), Seite 68, Nachweis Signatur Heinrich Schlitt, Seite 90, Liste: Aufstellung der Keramiken die von Schlitt entworfen und von Villeroy &#038; Boch ausgef\u00fchrt, Tabelle: 1 Liter Kr\u00fcge Formnummer 1526\/Dekornummer 1110, dort bezeichnet als Trinkszene 3, weitere Literatur: Gary Kirsner, The Mettlach Book, Seite 23 ff., Datierungssystem, Seite 26 und 27, Erkl\u00e4rung der gr\u00fcnen % Pressung als Kennzeichnung von Ware mit ganz besonders guter Qualit\u00e4t, Seite 36, Datierungssystem der Dekornummer, Seite 48, Nachweis Signatur Heinrich Schlitt, Seite 200, Abbildung des Kruges sowie Seite 201, Beschreibung des Krugdekors als \u201eTrinkende Soldaten\u201c, weitere Literatur: Johannes und Peter Vogt, Alte Bierkr\u00fcge, Von der Renaissance bis zum Jugendstil, Seite 54, Abbildung 141, identischer Krug abgebildet, bezeichnet mit \u201eTrinkende Soldaten\u201c, K\u00fcnstler Heinrich Schlitt, H\u00f6he 19 cm (nur die Keramik), Breite 16 cm<\/p>\n<p><a href=\"http:\/\/museumek.eu\/wp-content\/uploads\/2012\/05\/Museum-Europ\u00e4ischer-Keramikkunst-1774.jpg\"><img loading=\"lazy\" src=\"http:\/\/museumek.eu\/wp-content\/uploads\/2012\/05\/Museum-Europ\u00e4ischer-Keramikkunst-1774-165x300.jpg\" alt=\"\" title=\"Museum Europ\u00e4ischer Keramikkunst 1774\" width=\"165\" height=\"300\" class=\"alignnone size-medium wp-image-9223\" srcset=\"http:\/\/museumek.eu\/wp-content\/uploads\/2012\/05\/Museum-Europ\u00e4ischer-Keramikkunst-1774-165x300.jpg 165w, http:\/\/museumek.eu\/wp-content\/uploads\/2012\/05\/Museum-Europ\u00e4ischer-Keramikkunst-1774.jpg 460w\" sizes=\"(max-width: 165px) 100vw, 165px\" \/><\/a><\/p>\n<p><a href=\"http:\/\/museumek.eu\/wp-content\/uploads\/2012\/05\/Museum-Europ\u00e4ischer-Keramikkunst-1775.jpg\"><img loading=\"lazy\" src=\"http:\/\/museumek.eu\/wp-content\/uploads\/2012\/05\/Museum-Europ\u00e4ischer-Keramikkunst-1775-179x300.jpg\" alt=\"\" title=\"Museum Europ\u00e4ischer Keramikkunst 1775\" width=\"179\" height=\"300\" class=\"alignnone size-medium wp-image-9224\" srcset=\"http:\/\/museumek.eu\/wp-content\/uploads\/2012\/05\/Museum-Europ\u00e4ischer-Keramikkunst-1775-179x300.jpg 179w, http:\/\/museumek.eu\/wp-content\/uploads\/2012\/05\/Museum-Europ\u00e4ischer-Keramikkunst-1775.jpg 496w\" sizes=\"(max-width: 179px) 100vw, 179px\" \/><\/a><\/p>\n<p><a href=\"http:\/\/museumek.eu\/wp-content\/uploads\/2012\/05\/Museum-Europ\u00e4ischer-Keramikkunst-1778.jpg\"><img loading=\"lazy\" src=\"http:\/\/museumek.eu\/wp-content\/uploads\/2012\/05\/Museum-Europ\u00e4ischer-Keramikkunst-1778-300x180.jpg\" alt=\"\" title=\"Museum Europ\u00e4ischer Keramikkunst 1778\" width=\"300\" height=\"180\" class=\"alignnone size-medium wp-image-9225\" srcset=\"http:\/\/museumek.eu\/wp-content\/uploads\/2012\/05\/Museum-Europ\u00e4ischer-Keramikkunst-1778-300x180.jpg 300w, http:\/\/museumek.eu\/wp-content\/uploads\/2012\/05\/Museum-Europ\u00e4ischer-Keramikkunst-1778-497x300.jpg 497w, http:\/\/museumek.eu\/wp-content\/uploads\/2012\/05\/Museum-Europ\u00e4ischer-Keramikkunst-1778.jpg 783w\" sizes=\"(max-width: 300px) 100vw, 300px\" \/><\/a><\/p>\n<p><a href=\"http:\/\/museumek.eu\/wp-content\/uploads\/2012\/05\/Museum-Europ\u00e4ischer-Keramikkunst-1780.jpg\"><img loading=\"lazy\" src=\"http:\/\/museumek.eu\/wp-content\/uploads\/2012\/05\/Museum-Europ\u00e4ischer-Keramikkunst-1780-282x300.jpg\" alt=\"\" title=\"Museum Europ\u00e4ischer Keramikkunst 1780\" width=\"282\" height=\"300\" class=\"alignnone size-medium wp-image-9226\" srcset=\"http:\/\/museumek.eu\/wp-content\/uploads\/2012\/05\/Museum-Europ\u00e4ischer-Keramikkunst-1780-282x300.jpg 282w, http:\/\/museumek.eu\/wp-content\/uploads\/2012\/05\/Museum-Europ\u00e4ischer-Keramikkunst-1780.jpg 669w\" sizes=\"(max-width: 282px) 100vw, 282px\" \/><\/a><\/p>\n<p><a href=\"http:\/\/museumek.eu\/wp-content\/uploads\/2012\/05\/Museum-Europ\u00e4ischer-Keramikkunst-1860.jpg\"><img loading=\"lazy\" src=\"http:\/\/museumek.eu\/wp-content\/uploads\/2012\/05\/Museum-Europ\u00e4ischer-Keramikkunst-1860-205x300.jpg\" alt=\"\" title=\"Museum Europ\u00e4ischer Keramikkunst 1860\" width=\"205\" height=\"300\" class=\"alignnone size-medium wp-image-9227\" srcset=\"http:\/\/museumek.eu\/wp-content\/uploads\/2012\/05\/Museum-Europ\u00e4ischer-Keramikkunst-1860-205x300.jpg 205w, http:\/\/museumek.eu\/wp-content\/uploads\/2012\/05\/Museum-Europ\u00e4ischer-Keramikkunst-1860.jpg 323w\" sizes=\"(max-width: 205px) 100vw, 205px\" \/><\/a><\/p>\n<p><a href=\"http:\/\/museumek.eu\/wp-content\/uploads\/2012\/05\/Museum-Europ\u00e4ischer-Keramikkunst-1777.jpg\"><img loading=\"lazy\" src=\"http:\/\/museumek.eu\/wp-content\/uploads\/2012\/05\/Museum-Europ\u00e4ischer-Keramikkunst-1777-198x300.jpg\" alt=\"\" title=\"Museum Europ\u00e4ischer Keramikkunst 1777\" width=\"198\" height=\"300\" class=\"alignnone size-medium wp-image-9228\" srcset=\"http:\/\/museumek.eu\/wp-content\/uploads\/2012\/05\/Museum-Europ\u00e4ischer-Keramikkunst-1777-198x300.jpg 198w, http:\/\/museumek.eu\/wp-content\/uploads\/2012\/05\/Museum-Europ\u00e4ischer-Keramikkunst-1777.jpg 477w\" sizes=\"(max-width: 198px) 100vw, 198px\" \/><\/a><\/p>\n<p><strong>Abteilung Deutschland, Keramik 1860 \u2013 1960, Inventarnummer D\/VIII\/14<\/strong><\/p>\n<p>Villeroy &#038; Boch, Deutschland, Mettlach, Jahr 1896, Punschbowle, K\u00fcnstler Heinrich Schlitt, Werks.-Nr. 2226 (Formnummer), Exemplar Nr. ohne, gemarkt Turmmarke, 2226, 37, 96 (Jahr 1896) sowie Gegen Nachbildung Gesch\u00fctzt gepresst, 989 (Dekornummer)sowie gesch\u00fctzt brauner Farbstempel, 11 gemalt, Ausf\u00fchrung als PUG (print under glaze) Druck unter Glasur, Ausf\u00fchrung ohne Teller, f\u00fcr diese Bowle war kein Teller vorgesehen, nicht signiert, Literatur: J. A. Schmoll genannt Eisenwerth und Th\u00e9r\u00e8se Thomas, Heinrich Schlitt (1849 \u2013 1923), Seite 91, Liste Aufstellung der Keramiken von Schlitt entworfen und von Villeroy &#038; Boch ausgef\u00fchrt, Tabelle VI, Punschbowlen, Formnummer 2226\/Dekornummer 989, dort bezeichnet als Zwerge, Inhalt 1,85 Liter, kein Teller, nicht signiert, weitere Literatur: Gary Kirsner, The Mettlach Book, Seite 23 ff., Datierungssystem, Seite 36, Datierungssystem der Dekornummer, Seite 322, Abbildung der Punschbowle, dort der Deckel mit Knauf in Form eines betrunkenen Zwerges, MEK Exemplar Deckel mit Astknauf von der Punschbowle Formnummer 2280, Dekornummer 1005, mit welchem Deckel V &#038; B die MEK Punschbowle 1896 ausgeliefert hat, l\u00e4sst sich nicht mehr feststellen, Punschbowle bezeichnet als Zwerge ernten Trauben, ohne Teller, 1,8 Liter, weitere Literatur: Jana Kybalov\u00e1, Keramik-Marken aus aller Welt, Marke Nr. 1643 identisch,<br \/>\nH\u00f6he 24 cm, Breite 24 cm<\/p>\n<p><a href=\"http:\/\/museumek.eu\/wp-content\/uploads\/2012\/07\/Museum-Europ\u00e4ischer-Keramikkunst-2023.jpg\"><img loading=\"lazy\" src=\"http:\/\/museumek.eu\/wp-content\/uploads\/2012\/07\/Museum-Europ\u00e4ischer-Keramikkunst-2023-272x300.jpg\" alt=\"\" title=\"Museum Europ\u00e4ischer Keramikkunst 2023\" width=\"272\" height=\"300\" class=\"alignnone size-medium wp-image-11821\" srcset=\"http:\/\/museumek.eu\/wp-content\/uploads\/2012\/07\/Museum-Europ\u00e4ischer-Keramikkunst-2023-272x300.jpg 272w, http:\/\/museumek.eu\/wp-content\/uploads\/2012\/07\/Museum-Europ\u00e4ischer-Keramikkunst-2023.jpg 644w\" sizes=\"(max-width: 272px) 100vw, 272px\" \/><\/a><\/p>\n<p><a href=\"http:\/\/museumek.eu\/wp-content\/uploads\/2012\/07\/Museum-Europ\u00e4ischer-Keramikkunst-2021.jpg\"><img loading=\"lazy\" src=\"http:\/\/museumek.eu\/wp-content\/uploads\/2012\/07\/Museum-Europ\u00e4ischer-Keramikkunst-2021-295x300.jpg\" alt=\"\" title=\"Museum Europ\u00e4ischer Keramikkunst 2021\" width=\"295\" height=\"300\" class=\"alignnone size-medium wp-image-11823\" srcset=\"http:\/\/museumek.eu\/wp-content\/uploads\/2012\/07\/Museum-Europ\u00e4ischer-Keramikkunst-2021-295x300.jpg 295w, http:\/\/museumek.eu\/wp-content\/uploads\/2012\/07\/Museum-Europ\u00e4ischer-Keramikkunst-2021.jpg 648w\" sizes=\"(max-width: 295px) 100vw, 295px\" \/><\/a><\/p>\n<p><a href=\"http:\/\/museumek.eu\/wp-content\/uploads\/2012\/07\/Museum-Europ\u00e4ischer-Keramikkunst-2024.jpg\"><img loading=\"lazy\" src=\"http:\/\/museumek.eu\/wp-content\/uploads\/2012\/07\/Museum-Europ\u00e4ischer-Keramikkunst-2024-284x300.jpg\" alt=\"\" title=\"Museum Europ\u00e4ischer Keramikkunst 2024\" width=\"284\" height=\"300\" class=\"alignnone size-medium wp-image-11822\" srcset=\"http:\/\/museumek.eu\/wp-content\/uploads\/2012\/07\/Museum-Europ\u00e4ischer-Keramikkunst-2024-284x300.jpg 284w, http:\/\/museumek.eu\/wp-content\/uploads\/2012\/07\/Museum-Europ\u00e4ischer-Keramikkunst-2024.jpg 561w\" sizes=\"(max-width: 284px) 100vw, 284px\" \/><\/a><\/p>\n","protected":false},"excerpt":{"rendered":"<p>Abteilung Deutschland, Keramik 1860 \u2013 1960, Inventarnummer D\/VIII\/9 Villeroy &#038; Boch, Deutschland, Mettlach, Jahr 1900, Krug mit Soldaten-Trinkszene, K\u00fcnstler Heinrich Schlitt, Werks.-Nr. 1526 (Formnummer), Exemplar Nr. ohne, gemarkt keine Firmenmarke aber 1526, I, 00 sowie 1 L gepresst, 1110 (Dekornummer) &hellip; <a href=\"http:\/\/museumek.eu\/?page_id=9237\">Weiterlesen <span class=\"meta-nav\">&rarr;<\/span><\/a><\/p>\n","protected":false},"author":1,"featured_media":0,"parent":9234,"menu_order":1,"comment_status":"closed","ping_status":"closed","template":"","meta":[],"_links":{"self":[{"href":"http:\/\/museumek.eu\/index.php?rest_route=\/wp\/v2\/pages\/9237"}],"collection":[{"href":"http:\/\/museumek.eu\/index.php?rest_route=\/wp\/v2\/pages"}],"about":[{"href":"http:\/\/museumek.eu\/index.php?rest_route=\/wp\/v2\/types\/page"}],"author":[{"embeddable":true,"href":"http:\/\/museumek.eu\/index.php?rest_route=\/wp\/v2\/users\/1"}],"replies":[{"embeddable":true,"href":"http:\/\/museumek.eu\/index.php?rest_route=%2Fwp%2Fv2%2Fcomments&post=9237"}],"version-history":[{"count":14,"href":"http:\/\/museumek.eu\/index.php?rest_route=\/wp\/v2\/pages\/9237\/revisions"}],"predecessor-version":[{"id":14427,"href":"http:\/\/museumek.eu\/index.php?rest_route=\/wp\/v2\/pages\/9237\/revisions\/14427"}],"up":[{"embeddable":true,"href":"http:\/\/museumek.eu\/index.php?rest_route=\/wp\/v2\/pages\/9234"}],"wp:attachment":[{"href":"http:\/\/museumek.eu\/index.php?rest_route=%2Fwp%2Fv2%2Fmedia&parent=9237"}],"curies":[{"name":"wp","href":"https:\/\/api.w.org\/{rel}","templated":true}]}}