{"id":925,"date":"2011-08-12T00:03:12","date_gmt":"2011-08-11T22:03:12","guid":{"rendered":"http:\/\/museumek.eu\/?page_id=925"},"modified":"2013-05-10T21:00:01","modified_gmt":"2013-05-10T19:00:01","slug":"ax5","status":"publish","type":"page","link":"http:\/\/museumek.eu\/?page_id=925","title":{"rendered":"A\/X\/5"},"content":{"rendered":"<p><strong>Abteilung Austria\/Ungarn\/B\u00f6hmen, Keramik 1860 \u2013 1960, Inventarnummer A\/X\/5<\/strong><\/p>\n<p>Gmundner Keramik GES.M.B.H., Austria, Gmunden, um 1920, Tablett, K\u00fcnstler Dagobert Peche (attr.), Werksnummer 827, Exemplar Nr. ohne, gemarkt Firmenmarke Quadrat mit Blumenst\u00f6ckl sowie KG (manchmal wurde ein Stempel mit KG statt GK benutzt) sowie 827 gepresst, nicht signiert, Literatur: Irmgard Gollner, Gmundner Keramik, Kunst aus Ton, Feuer &#038; Farbe, Seite 153, Marke der Gmundner Keramik mit verdrehtem GK identisch, den Blumenst\u00f6ckelstempel gab es sowohl als Na\u00df- als auch als Trockenstempel, jeweils in unterschiedlichen Varianten (wenn im weiteren Bl\u00fctenstempel steht, dann ist der Bl\u00fctenstempel der Pflanze im botanischem Sinne gemeint), Na\u00dfstempel Variante 1: Bl\u00fctenstempel nicht mit Stempelfarbe ausgef\u00fcllt siehe MEK A\/X\/6, A\/X\/13 sowie A\/X\/15, Variante 2: Bl\u00fctenstempel mit Stempelfarbe ausgef\u00fcllt siehe MEK A\/X\/4 sowie A\/X\/12, Trockenstempel: Variante 1: um den Bl\u00fctenstempel auf 3, 6, 9 und 12 Uhr jeweils ein gepresster Strich siehe MEK A\/X\/7 sowie A\/X\/14, Variante 2: kein Bl\u00fctenstempel, sondern ein Mittelkreuz siehe MEK A\/X\/5, es gibt bisher keinerlei wissenschaftliche Recherche, ob die verschiedenen Stempel einem System unterlagen oder ob sich eine zeitliche Einordnung ergibt, in keiner der o. g. Literatur wird darauf verwiesen, dass die Fabrikmarke in Form dieser 4 verschiedenen Stempel aufgebracht worden ist, insofern sind die vom MEK festgestellten 4 Stempelvarianten nun dokumentiert, die K\u00fcnstlerzuordnung ist vorl\u00e4ufig, H\u00f6he 20,3 cm, Breite 32,5 cm<\/p>\n<p><a href=\"http:\/\/museumek.eu\/wp-content\/uploads\/2011\/08\/Museum-Europ\u00e4ischer-Keramikkunst-Qualit\u00e4tsfotos-171.jpg\"><img loading=\"lazy\" src=\"http:\/\/museumek.eu\/wp-content\/uploads\/2011\/08\/Museum-Europ\u00e4ischer-Keramikkunst-Qualit\u00e4tsfotos-171-300x184.jpg\" alt=\"\" title=\"Museum Europ\u00e4ischer Keramikkunst Qualit\u00e4tsfotos 171\" width=\"300\" height=\"184\" class=\"alignnone size-medium wp-image-926\" srcset=\"http:\/\/museumek.eu\/wp-content\/uploads\/2011\/08\/Museum-Europ\u00e4ischer-Keramikkunst-Qualit\u00e4tsfotos-171-300x184.jpg 300w, http:\/\/museumek.eu\/wp-content\/uploads\/2011\/08\/Museum-Europ\u00e4ischer-Keramikkunst-Qualit\u00e4tsfotos-171-486x300.jpg 486w, http:\/\/museumek.eu\/wp-content\/uploads\/2011\/08\/Museum-Europ\u00e4ischer-Keramikkunst-Qualit\u00e4tsfotos-171.jpg 946w\" sizes=\"(max-width: 300px) 100vw, 300px\" \/><\/a><\/p>\n<p><a href=\"http:\/\/museumek.eu\/wp-content\/uploads\/2011\/08\/Museum-Europ\u00e4ischer-Keramikkunst-6511.jpg\"><img loading=\"lazy\" src=\"http:\/\/museumek.eu\/wp-content\/uploads\/2011\/08\/Museum-Europ\u00e4ischer-Keramikkunst-6511-300x129.jpg\" alt=\"\" title=\"Museum Europ\u00e4ischer Keramikkunst 651\" width=\"300\" height=\"129\" class=\"alignnone size-medium wp-image-928\" srcset=\"http:\/\/museumek.eu\/wp-content\/uploads\/2011\/08\/Museum-Europ\u00e4ischer-Keramikkunst-6511-300x129.jpg 300w, http:\/\/museumek.eu\/wp-content\/uploads\/2011\/08\/Museum-Europ\u00e4ischer-Keramikkunst-6511-500x215.jpg 500w, http:\/\/museumek.eu\/wp-content\/uploads\/2011\/08\/Museum-Europ\u00e4ischer-Keramikkunst-6511.jpg 1024w\" sizes=\"(max-width: 300px) 100vw, 300px\" \/><\/a><\/p>\n<p><a href=\"http:\/\/museumek.eu\/wp-content\/uploads\/2011\/08\/Museum-Europ\u00e4ischer-Keramikkunst-652.jpg\"><img loading=\"lazy\" src=\"http:\/\/museumek.eu\/wp-content\/uploads\/2011\/08\/Museum-Europ\u00e4ischer-Keramikkunst-652-241x300.jpg\" alt=\"\" title=\"Museum Europ\u00e4ischer Keramikkunst 652\" width=\"241\" height=\"300\" class=\"alignnone size-medium wp-image-929\" srcset=\"http:\/\/museumek.eu\/wp-content\/uploads\/2011\/08\/Museum-Europ\u00e4ischer-Keramikkunst-652-241x300.jpg 241w, http:\/\/museumek.eu\/wp-content\/uploads\/2011\/08\/Museum-Europ\u00e4ischer-Keramikkunst-652.jpg 395w\" sizes=\"(max-width: 241px) 100vw, 241px\" \/><\/a><\/p>\n","protected":false},"excerpt":{"rendered":"<p>Abteilung Austria\/Ungarn\/B\u00f6hmen, Keramik 1860 \u2013 1960, Inventarnummer A\/X\/5 Gmundner Keramik GES.M.B.H., Austria, Gmunden, um 1920, Tablett, K\u00fcnstler Dagobert Peche (attr.), Werksnummer 827, Exemplar Nr. ohne, gemarkt Firmenmarke Quadrat mit Blumenst\u00f6ckl sowie KG (manchmal wurde ein Stempel mit KG statt GK &hellip; <a href=\"http:\/\/museumek.eu\/?page_id=925\">Weiterlesen <span class=\"meta-nav\">&rarr;<\/span><\/a><\/p>\n","protected":false},"author":1,"featured_media":0,"parent":886,"menu_order":5,"comment_status":"closed","ping_status":"closed","template":"","meta":[],"_links":{"self":[{"href":"http:\/\/museumek.eu\/index.php?rest_route=\/wp\/v2\/pages\/925"}],"collection":[{"href":"http:\/\/museumek.eu\/index.php?rest_route=\/wp\/v2\/pages"}],"about":[{"href":"http:\/\/museumek.eu\/index.php?rest_route=\/wp\/v2\/types\/page"}],"author":[{"embeddable":true,"href":"http:\/\/museumek.eu\/index.php?rest_route=\/wp\/v2\/users\/1"}],"replies":[{"embeddable":true,"href":"http:\/\/museumek.eu\/index.php?rest_route=%2Fwp%2Fv2%2Fcomments&post=925"}],"version-history":[{"count":9,"href":"http:\/\/museumek.eu\/index.php?rest_route=\/wp\/v2\/pages\/925\/revisions"}],"predecessor-version":[{"id":21665,"href":"http:\/\/museumek.eu\/index.php?rest_route=\/wp\/v2\/pages\/925\/revisions\/21665"}],"up":[{"embeddable":true,"href":"http:\/\/museumek.eu\/index.php?rest_route=\/wp\/v2\/pages\/886"}],"wp:attachment":[{"href":"http:\/\/museumek.eu\/index.php?rest_route=%2Fwp%2Fv2%2Fmedia&parent=925"}],"curies":[{"name":"wp","href":"https:\/\/api.w.org\/{rel}","templated":true}]}}