{"id":9436,"date":"2012-05-08T21:24:43","date_gmt":"2012-05-08T19:24:43","guid":{"rendered":"http:\/\/museumek.eu\/?page_id=9436"},"modified":"2021-07-29T16:42:30","modified_gmt":"2021-07-29T14:42:30","slug":"ai74","status":"publish","type":"page","link":"http:\/\/museumek.eu\/?page_id=9436","title":{"rendered":"A\/I\/74"},"content":{"rendered":"<p><strong>Abteilung Austria\/Ungarn\/B\u00f6hmen, Keramik 1860 \u2013 1960, Inventarnummer A\/I\/74<\/strong><\/p>\n<p>Manufaktur Friedrich Goldscheider, Austria, Wien, um 1905, B\u00fcste Biedermeierdame mit Schutenhut, K\u00fcnstler Haniroff (Pseudonym), Werks.-Nr. 2980\/Exemplar Nr. 39\/Modelleur Nr. 32, gemarkt Sculpture Marke mit Friedrich Goldscheider WIEN aufgelegt oder mit gegossen, REPRODUCTION RESERV\u00c9E gepresst, Sonderzeichen sowie 2980, 39 und 32 gepresst, Haniroff geritzt, signiert Haniroff, Literatur: Robert E. Dechant\/Filipp Goldscheider, Firmengeschichte und Werkverzeichnis, Seite 368, dort noch ohne Foto erfasst, da Haniroff wohl ein Pseudonym ist, k\u00f6nnte JL eine echte Signatur des tats\u00e4chlichen K\u00fcnstlers sein, z. B. w\u00fcrde Jules Labatut in Frage kommen, vielleicht sind dann alle Werke von Labatut mit Haniroff Pseudonym versehen, es ist auch m\u00f6glich, dass das Pseudonym Haniroff f\u00fcr verschiedene K\u00fcnstler verwendet worden ist, die Urspr\u00fcnge der Firma gehen zur\u00fcck auf das Pilsener Handelsunternehmen Moritz Goldscheider der 1860\u2018 Jahre, nach dem Tode von Moritz Goldscheider werden die Br\u00fcder Eduard und Friedrich Goldscheider Eigent\u00fcmer und firmieren ab 1877 als M. Goldscheider\u2019s Erben, Thon-und Kunststeinmanufactur Werk Moldau und ab 1878 als Br\u00fcder Goldscheider, im Jahre 1878 wandert Friedrich Goldscheider nach Wien aus und Eduard f\u00fchrt die Firma in Pilsen bis zum Konkurs 1892 allein weiter, Friedrich Goldscheider firmiert in Wien ab 1880 als Goldscheider\u2019sche Porzellan-Manufaktur und Porzellanmalerei, neben Handelsgesch\u00e4ften betreibt die Firma vorwiegend die Porzellanmalerei, das Porzellan wird von b\u00f6hmischen Manufakturen bezogen und teilweise auch in B\u00f6hmen bemalt, ab 1885 \u00e4ndert sich die Firmierung in Goldscheider\u2019sche Porzellan-Manufaktur und Majolicafabrik, das Jahr 1885 gilt als das offizielle Gr\u00fcndungsjahr, ab 1887 bezeichnet Friedrich Goldscheider seine Fabrik als Erste Wiener Terracotta- und Majolika-Fabrik Friedrich Goldscheider oder als Erste Wiener Kunst-Terracotta-Fabrik und kunstgewerbliche Ateliers Friedrich Goldscheider und offiziell ab 1894 als Friedrich Goldscheider Erste Wiener Terrakottafabrik, Friedrich Goldscheider stirbt im Jahre 1897, seine Ehefrau Regine Goldscheider wird Alleineigent\u00fcmer und firmiert ab 1899 als Friedrich Goldscheider in Wien, Berlin und Leipzig, ab 1907 firmiert die Firma als Erste Wiener Terrakottafabrik und Atelier f\u00fcr k\u00fcnstlerische Fayencen Friedrich Goldscheider, im Jahre 1918 stirbt Regine und die S\u00f6hne Walter und Marcell Goldscheider werden Inhaber, ab 1921 \u00e4ndert sich die Firmierung in Wiener Manufaktur Friedrich Goldscheider, 1928 scheidet Marcell Goldscheider aus und gr\u00fcndet seine eigene Firma in Wien, 1939 wird die Firma arisiert und Josef Schuster wird Inhaber, Firmierung ab 1939, Wiener Manufaktur Friedrich Goldscheider Nachf., Inhaber Josef Schuster, ab 1941 lautet die Firmierung Wiener Manufaktur Josef Schuster, vorm. Friedrich Goldscheider, nach dem WK II erh\u00e4lt Friedrich Goldscheider seine Firma zur\u00fcck und firmiert ab 1950 wieder als Wiener Manufaktur Friedrich Goldscheider, in dieser Zeit verkauft er die Firma an die Majolikafabrik Carstens, in Fredelsloh, die in Fredelsloh Wiederauflagen alter Modelle in minderwertigem braunem Ton aber auch neue Modelle ebenfalls in dieser Tonart produziert, H\u00f6he 34 cm, Breite 20 cm<\/p>\n<p><a href=\"http:\/\/museumek.eu\/wp-content\/uploads\/2012\/05\/Museum-Europ\u00e4ischer-Keramikkunst-19322.jpg\"><img loading=\"lazy\" src=\"http:\/\/museumek.eu\/wp-content\/uploads\/2012\/05\/Museum-Europ\u00e4ischer-Keramikkunst-19322-167x300.jpg\" alt=\"\" title=\"Museum Europ\u00e4ischer Keramikkunst 1932\" width=\"167\" height=\"300\" class=\"alignnone size-medium wp-image-9437\" srcset=\"http:\/\/museumek.eu\/wp-content\/uploads\/2012\/05\/Museum-Europ\u00e4ischer-Keramikkunst-19322-167x300.jpg 167w, http:\/\/museumek.eu\/wp-content\/uploads\/2012\/05\/Museum-Europ\u00e4ischer-Keramikkunst-19322.jpg 507w\" sizes=\"(max-width: 167px) 100vw, 167px\" \/><\/a><\/p>\n<p><a href=\"http:\/\/museumek.eu\/wp-content\/uploads\/2012\/05\/Museum-Europ\u00e4ischer-Keramikkunst-1933.jpg\"><img loading=\"lazy\" src=\"http:\/\/museumek.eu\/wp-content\/uploads\/2012\/05\/Museum-Europ\u00e4ischer-Keramikkunst-1933-175x300.jpg\" alt=\"\" title=\"Museum Europ\u00e4ischer Keramikkunst 1933\" width=\"175\" height=\"300\" class=\"alignnone size-medium wp-image-9438\" srcset=\"http:\/\/museumek.eu\/wp-content\/uploads\/2012\/05\/Museum-Europ\u00e4ischer-Keramikkunst-1933-175x300.jpg 175w, http:\/\/museumek.eu\/wp-content\/uploads\/2012\/05\/Museum-Europ\u00e4ischer-Keramikkunst-1933.jpg 531w\" sizes=\"(max-width: 175px) 100vw, 175px\" \/><\/a><\/p>\n<p><a href=\"http:\/\/museumek.eu\/wp-content\/uploads\/2012\/05\/Museum-Europ\u00e4ischer-Keramikkunst-1938.jpg\"><img loading=\"lazy\" src=\"http:\/\/museumek.eu\/wp-content\/uploads\/2012\/05\/Museum-Europ\u00e4ischer-Keramikkunst-1938-177x300.jpg\" alt=\"\" title=\"Museum Europ\u00e4ischer Keramikkunst 1938\" width=\"177\" height=\"300\" class=\"alignnone size-medium wp-image-9439\" srcset=\"http:\/\/museumek.eu\/wp-content\/uploads\/2012\/05\/Museum-Europ\u00e4ischer-Keramikkunst-1938-177x300.jpg 177w, http:\/\/museumek.eu\/wp-content\/uploads\/2012\/05\/Museum-Europ\u00e4ischer-Keramikkunst-1938.jpg 528w\" sizes=\"(max-width: 177px) 100vw, 177px\" \/><\/a><\/p>\n<p><a href=\"http:\/\/museumek.eu\/wp-content\/uploads\/2012\/05\/Museum-Europ\u00e4ischer-Keramikkunst-1934.jpg\"><img loading=\"lazy\" src=\"http:\/\/museumek.eu\/wp-content\/uploads\/2012\/05\/Museum-Europ\u00e4ischer-Keramikkunst-1934-290x300.jpg\" alt=\"\" title=\"Museum Europ\u00e4ischer Keramikkunst 1934\" width=\"290\" height=\"300\" class=\"alignnone size-medium wp-image-9440\" srcset=\"http:\/\/museumek.eu\/wp-content\/uploads\/2012\/05\/Museum-Europ\u00e4ischer-Keramikkunst-1934-290x300.jpg 290w, http:\/\/museumek.eu\/wp-content\/uploads\/2012\/05\/Museum-Europ\u00e4ischer-Keramikkunst-1934.jpg 470w\" sizes=\"(max-width: 290px) 100vw, 290px\" \/><\/a><\/p>\n<p><a href=\"http:\/\/museumek.eu\/wp-content\/uploads\/2012\/05\/Museum-Europ\u00e4ischer-Keramikkunst-1935.jpg\"><img loading=\"lazy\" src=\"http:\/\/museumek.eu\/wp-content\/uploads\/2012\/05\/Museum-Europ\u00e4ischer-Keramikkunst-1935-274x300.jpg\" alt=\"\" title=\"Museum Europ\u00e4ischer Keramikkunst 1935\" width=\"274\" height=\"300\" class=\"alignnone size-medium wp-image-9441\" srcset=\"http:\/\/museumek.eu\/wp-content\/uploads\/2012\/05\/Museum-Europ\u00e4ischer-Keramikkunst-1935-274x300.jpg 274w, http:\/\/museumek.eu\/wp-content\/uploads\/2012\/05\/Museum-Europ\u00e4ischer-Keramikkunst-1935.jpg 556w\" sizes=\"(max-width: 274px) 100vw, 274px\" \/><\/a><\/p>\n<p><a href=\"http:\/\/museumek.eu\/wp-content\/uploads\/2012\/05\/Museum-Europ\u00e4ischer-Keramikkunst-1936.jpg\"><img loading=\"lazy\" src=\"http:\/\/museumek.eu\/wp-content\/uploads\/2012\/05\/Museum-Europ\u00e4ischer-Keramikkunst-1936-300x227.jpg\" alt=\"\" title=\"Museum Europ\u00e4ischer Keramikkunst 1936\" width=\"300\" height=\"227\" class=\"alignnone size-medium wp-image-9442\" srcset=\"http:\/\/museumek.eu\/wp-content\/uploads\/2012\/05\/Museum-Europ\u00e4ischer-Keramikkunst-1936-300x227.jpg 300w, http:\/\/museumek.eu\/wp-content\/uploads\/2012\/05\/Museum-Europ\u00e4ischer-Keramikkunst-1936-395x300.jpg 395w, http:\/\/museumek.eu\/wp-content\/uploads\/2012\/05\/Museum-Europ\u00e4ischer-Keramikkunst-1936.jpg 848w\" sizes=\"(max-width: 300px) 100vw, 300px\" \/><\/a><\/p>\n<p><a href=\"http:\/\/museumek.eu\/wp-content\/uploads\/2012\/05\/Museum-Europ\u00e4ischer-Keramikkunst-1937.jpg\"><img loading=\"lazy\" src=\"http:\/\/museumek.eu\/wp-content\/uploads\/2012\/05\/Museum-Europ\u00e4ischer-Keramikkunst-1937-243x300.jpg\" alt=\"\" title=\"Museum Europ\u00e4ischer Keramikkunst 1937\" width=\"243\" height=\"300\" class=\"alignnone size-medium wp-image-9443\" srcset=\"http:\/\/museumek.eu\/wp-content\/uploads\/2012\/05\/Museum-Europ\u00e4ischer-Keramikkunst-1937-243x300.jpg 243w, http:\/\/museumek.eu\/wp-content\/uploads\/2012\/05\/Museum-Europ\u00e4ischer-Keramikkunst-1937.jpg 270w\" sizes=\"(max-width: 243px) 100vw, 243px\" \/><\/a><\/p>\n<p><a href=\"http:\/\/museumek.eu\/wp-content\/uploads\/2012\/05\/Museum-Europ\u00e4ischer-Keramikkunst-19391.jpg\"><img loading=\"lazy\" src=\"http:\/\/museumek.eu\/wp-content\/uploads\/2012\/05\/Museum-Europ\u00e4ischer-Keramikkunst-19391-300x203.jpg\" alt=\"\" title=\"Museum Europ\u00e4ischer Keramikkunst 1939\" width=\"300\" height=\"203\" class=\"alignnone size-medium wp-image-9445\" srcset=\"http:\/\/museumek.eu\/wp-content\/uploads\/2012\/05\/Museum-Europ\u00e4ischer-Keramikkunst-19391-300x203.jpg 300w, http:\/\/museumek.eu\/wp-content\/uploads\/2012\/05\/Museum-Europ\u00e4ischer-Keramikkunst-19391-442x300.jpg 442w, http:\/\/museumek.eu\/wp-content\/uploads\/2012\/05\/Museum-Europ\u00e4ischer-Keramikkunst-19391.jpg 819w\" sizes=\"(max-width: 300px) 100vw, 300px\" \/><\/a><\/p>\n","protected":false},"excerpt":{"rendered":"<p>Abteilung Austria\/Ungarn\/B\u00f6hmen, Keramik 1860 \u2013 1960, Inventarnummer A\/I\/74 Manufaktur Friedrich Goldscheider, Austria, Wien, um 1905, B\u00fcste Biedermeierdame mit Schutenhut, K\u00fcnstler Haniroff (Pseudonym), Werks.-Nr. 2980\/Exemplar Nr. 39\/Modelleur Nr. 32, gemarkt Sculpture Marke mit Friedrich Goldscheider WIEN aufgelegt oder mit gegossen, REPRODUCTION &hellip; <a href=\"http:\/\/museumek.eu\/?page_id=9436\">Weiterlesen <span class=\"meta-nav\">&rarr;<\/span><\/a><\/p>\n","protected":false},"author":1,"featured_media":0,"parent":9142,"menu_order":74,"comment_status":"closed","ping_status":"closed","template":"","meta":[],"_links":{"self":[{"href":"http:\/\/museumek.eu\/index.php?rest_route=\/wp\/v2\/pages\/9436"}],"collection":[{"href":"http:\/\/museumek.eu\/index.php?rest_route=\/wp\/v2\/pages"}],"about":[{"href":"http:\/\/museumek.eu\/index.php?rest_route=\/wp\/v2\/types\/page"}],"author":[{"embeddable":true,"href":"http:\/\/museumek.eu\/index.php?rest_route=\/wp\/v2\/users\/1"}],"replies":[{"embeddable":true,"href":"http:\/\/museumek.eu\/index.php?rest_route=%2Fwp%2Fv2%2Fcomments&post=9436"}],"version-history":[{"count":5,"href":"http:\/\/museumek.eu\/index.php?rest_route=\/wp\/v2\/pages\/9436\/revisions"}],"predecessor-version":[{"id":59198,"href":"http:\/\/museumek.eu\/index.php?rest_route=\/wp\/v2\/pages\/9436\/revisions\/59198"}],"up":[{"embeddable":true,"href":"http:\/\/museumek.eu\/index.php?rest_route=\/wp\/v2\/pages\/9142"}],"wp:attachment":[{"href":"http:\/\/museumek.eu\/index.php?rest_route=%2Fwp%2Fv2%2Fmedia&parent=9436"}],"curies":[{"name":"wp","href":"https:\/\/api.w.org\/{rel}","templated":true}]}}