{"id":9453,"date":"2012-05-08T21:32:02","date_gmt":"2012-05-08T19:32:02","guid":{"rendered":"http:\/\/museumek.eu\/?page_id=9453"},"modified":"2013-04-25T21:13:45","modified_gmt":"2013-04-25T19:13:45","slug":"kurzbiografie-und-inventar-zum-kunstler","status":"publish","type":"page","link":"http:\/\/museumek.eu\/?page_id=9453","title":{"rendered":"Kurzbiografie und Inventar zum K\u00fcnstler"},"content":{"rendered":"<p>\u00dcber den K\u00fcnstler Haniroff sind keine Lebensdaten bekannt. Im Goldscheider Werksverzeichnis wird Haniroff als Pseudonym gef\u00fchrt.<\/p>\n<p><strong>Abteilung Austria\/Ungarn\/B\u00f6hmen, Keramik 1860 \u2013 1960, Inventarnummer A\/I\/74<\/strong><\/p>\n<p>Friedrich Goldscheider, Austria, Wien, um 1905, B\u00fcste Biedermeierdame mit Schutenhut, K\u00fcnstler Haniroff, Werks.-Nr. 2980\/Exemplar Nr. 39\/Modelleur Nr. 32, gemarkt Sculpture Marke Friedrich Goldscheider Wien mit gegossen, Reproduction Reservee gepresst, JL geritzt, signiert Haniroff, Literatur: Robert E. Dechant\/Filipp Goldscheider, Firmengeschichte und Werkverzeichnis, Seite 368, dort noch ohne Foto erfasst, da Haniroff wohl ein Pseudonym ist, k\u00f6nnte JL eine echte Signatur des tats\u00e4chlichen K\u00fcnstlers sein, z. B. w\u00fcrde Jules Labatut in Frage kommen, vielleicht sind dann alle Werke von Labatut mit Haniroff Pseudonym versehen, es ist auch m\u00f6glich, dass das Pseudonym Haniroff f\u00fcr verschiedene K\u00fcnstler verwendet worden ist,<br \/>\nH\u00f6he 34 cm, Breite 20 cm<\/p>\n<p><a href=\"http:\/\/museumek.eu\/wp-content\/uploads\/2012\/05\/Museum-Europ\u00e4ischer-Keramikkunst-19322.jpg\"><img loading=\"lazy\" src=\"http:\/\/museumek.eu\/wp-content\/uploads\/2012\/05\/Museum-Europ\u00e4ischer-Keramikkunst-19322-167x300.jpg\" alt=\"\" title=\"Museum Europ\u00e4ischer Keramikkunst 1932\" width=\"167\" height=\"300\" class=\"alignnone size-medium wp-image-9437\" srcset=\"http:\/\/museumek.eu\/wp-content\/uploads\/2012\/05\/Museum-Europ\u00e4ischer-Keramikkunst-19322-167x300.jpg 167w, http:\/\/museumek.eu\/wp-content\/uploads\/2012\/05\/Museum-Europ\u00e4ischer-Keramikkunst-19322.jpg 507w\" sizes=\"(max-width: 167px) 100vw, 167px\" \/><\/a><\/p>\n<p><a href=\"http:\/\/museumek.eu\/wp-content\/uploads\/2012\/05\/Museum-Europ\u00e4ischer-Keramikkunst-1933.jpg\"><img loading=\"lazy\" src=\"http:\/\/museumek.eu\/wp-content\/uploads\/2012\/05\/Museum-Europ\u00e4ischer-Keramikkunst-1933-175x300.jpg\" alt=\"\" title=\"Museum Europ\u00e4ischer Keramikkunst 1933\" width=\"175\" height=\"300\" class=\"alignnone size-medium wp-image-9438\" srcset=\"http:\/\/museumek.eu\/wp-content\/uploads\/2012\/05\/Museum-Europ\u00e4ischer-Keramikkunst-1933-175x300.jpg 175w, http:\/\/museumek.eu\/wp-content\/uploads\/2012\/05\/Museum-Europ\u00e4ischer-Keramikkunst-1933.jpg 531w\" sizes=\"(max-width: 175px) 100vw, 175px\" \/><\/a><\/p>\n<p><a href=\"http:\/\/museumek.eu\/wp-content\/uploads\/2012\/05\/Museum-Europ\u00e4ischer-Keramikkunst-1938.jpg\"><img loading=\"lazy\" src=\"http:\/\/museumek.eu\/wp-content\/uploads\/2012\/05\/Museum-Europ\u00e4ischer-Keramikkunst-1938-177x300.jpg\" alt=\"\" title=\"Museum Europ\u00e4ischer Keramikkunst 1938\" width=\"177\" height=\"300\" class=\"alignnone size-medium wp-image-9439\" srcset=\"http:\/\/museumek.eu\/wp-content\/uploads\/2012\/05\/Museum-Europ\u00e4ischer-Keramikkunst-1938-177x300.jpg 177w, http:\/\/museumek.eu\/wp-content\/uploads\/2012\/05\/Museum-Europ\u00e4ischer-Keramikkunst-1938.jpg 528w\" sizes=\"(max-width: 177px) 100vw, 177px\" \/><\/a><\/p>\n<p><a href=\"http:\/\/museumek.eu\/wp-content\/uploads\/2012\/05\/Museum-Europ\u00e4ischer-Keramikkunst-1934.jpg\"><img loading=\"lazy\" src=\"http:\/\/museumek.eu\/wp-content\/uploads\/2012\/05\/Museum-Europ\u00e4ischer-Keramikkunst-1934-290x300.jpg\" alt=\"\" title=\"Museum Europ\u00e4ischer Keramikkunst 1934\" width=\"290\" height=\"300\" class=\"alignnone size-medium wp-image-9440\" srcset=\"http:\/\/museumek.eu\/wp-content\/uploads\/2012\/05\/Museum-Europ\u00e4ischer-Keramikkunst-1934-290x300.jpg 290w, http:\/\/museumek.eu\/wp-content\/uploads\/2012\/05\/Museum-Europ\u00e4ischer-Keramikkunst-1934.jpg 470w\" sizes=\"(max-width: 290px) 100vw, 290px\" \/><\/a><\/p>\n<p><a href=\"http:\/\/museumek.eu\/wp-content\/uploads\/2012\/05\/Museum-Europ\u00e4ischer-Keramikkunst-1935.jpg\"><img loading=\"lazy\" src=\"http:\/\/museumek.eu\/wp-content\/uploads\/2012\/05\/Museum-Europ\u00e4ischer-Keramikkunst-1935-274x300.jpg\" alt=\"\" title=\"Museum Europ\u00e4ischer Keramikkunst 1935\" width=\"274\" height=\"300\" class=\"alignnone size-medium wp-image-9441\" srcset=\"http:\/\/museumek.eu\/wp-content\/uploads\/2012\/05\/Museum-Europ\u00e4ischer-Keramikkunst-1935-274x300.jpg 274w, http:\/\/museumek.eu\/wp-content\/uploads\/2012\/05\/Museum-Europ\u00e4ischer-Keramikkunst-1935.jpg 556w\" sizes=\"(max-width: 274px) 100vw, 274px\" \/><\/a><\/p>\n<p><a href=\"http:\/\/museumek.eu\/wp-content\/uploads\/2012\/05\/Museum-Europ\u00e4ischer-Keramikkunst-1936.jpg\"><img loading=\"lazy\" src=\"http:\/\/museumek.eu\/wp-content\/uploads\/2012\/05\/Museum-Europ\u00e4ischer-Keramikkunst-1936-300x227.jpg\" alt=\"\" title=\"Museum Europ\u00e4ischer Keramikkunst 1936\" width=\"300\" height=\"227\" class=\"alignnone size-medium wp-image-9442\" srcset=\"http:\/\/museumek.eu\/wp-content\/uploads\/2012\/05\/Museum-Europ\u00e4ischer-Keramikkunst-1936-300x227.jpg 300w, http:\/\/museumek.eu\/wp-content\/uploads\/2012\/05\/Museum-Europ\u00e4ischer-Keramikkunst-1936-395x300.jpg 395w, http:\/\/museumek.eu\/wp-content\/uploads\/2012\/05\/Museum-Europ\u00e4ischer-Keramikkunst-1936.jpg 848w\" sizes=\"(max-width: 300px) 100vw, 300px\" \/><\/a><\/p>\n<p><a href=\"http:\/\/museumek.eu\/wp-content\/uploads\/2012\/05\/Museum-Europ\u00e4ischer-Keramikkunst-1937.jpg\"><img loading=\"lazy\" src=\"http:\/\/museumek.eu\/wp-content\/uploads\/2012\/05\/Museum-Europ\u00e4ischer-Keramikkunst-1937-243x300.jpg\" alt=\"\" title=\"Museum Europ\u00e4ischer Keramikkunst 1937\" width=\"243\" height=\"300\" class=\"alignnone size-medium wp-image-9443\" srcset=\"http:\/\/museumek.eu\/wp-content\/uploads\/2012\/05\/Museum-Europ\u00e4ischer-Keramikkunst-1937-243x300.jpg 243w, http:\/\/museumek.eu\/wp-content\/uploads\/2012\/05\/Museum-Europ\u00e4ischer-Keramikkunst-1937.jpg 270w\" sizes=\"(max-width: 243px) 100vw, 243px\" \/><\/a><\/p>\n<p><a href=\"http:\/\/museumek.eu\/wp-content\/uploads\/2012\/05\/Museum-Europ\u00e4ischer-Keramikkunst-19391.jpg\"><img loading=\"lazy\" src=\"http:\/\/museumek.eu\/wp-content\/uploads\/2012\/05\/Museum-Europ\u00e4ischer-Keramikkunst-19391-300x203.jpg\" alt=\"\" title=\"Museum Europ\u00e4ischer Keramikkunst 1939\" width=\"300\" height=\"203\" class=\"alignnone size-medium wp-image-9445\" srcset=\"http:\/\/museumek.eu\/wp-content\/uploads\/2012\/05\/Museum-Europ\u00e4ischer-Keramikkunst-19391-300x203.jpg 300w, http:\/\/museumek.eu\/wp-content\/uploads\/2012\/05\/Museum-Europ\u00e4ischer-Keramikkunst-19391-442x300.jpg 442w, http:\/\/museumek.eu\/wp-content\/uploads\/2012\/05\/Museum-Europ\u00e4ischer-Keramikkunst-19391.jpg 819w\" sizes=\"(max-width: 300px) 100vw, 300px\" \/><\/a><\/p>\n<p><strong>Abteilung Austria\/Ungarn\/B\u00f6hmen, Keramik 1860 \u2013 1960, Inventarnummer A\/I\/85<\/strong><\/p>\n<p>Friedrich Goldscheider, Austria, Wien, um 1905, B\u00fcste Junge Dame mit Kopftuch, K\u00fcnstler Haniroff (Pseudonym), Werks.-Nr. 2988\/Exemplar Nr. 74\/Modelleur Nr. 1, gemarkt Sculpture Marke Friedrich Goldscheider Wien mit gegossen, Reproduction Reservee, 2988, 74 sowie 1 gepresst, .Z schwarz gemalt, signiert Haniroff, Literatur: Robert E. Dechant\/Filipp Goldscheider, Firmengeschichte und Werkverzeichnis, Seite 368, dort noch nicht erfasst, daf\u00fcr unter Werks.- Nr. 2987 eine B\u00fcste Junge Frau mit Kopftuch, signiert Ciseau (wohl auch ein Pseudonym) ohne Foto erfasst, evtl. die gleiche Figur, H\u00f6he 36,5 cm, Breite 24,5 cm<\/p>\n<p><a href=\"http:\/\/museumek.eu\/wp-content\/uploads\/2012\/06\/Museum-Europ\u00e4ischer-Keramikkunst-2407.jpg\"><img loading=\"lazy\" src=\"http:\/\/museumek.eu\/wp-content\/uploads\/2012\/06\/Museum-Europ\u00e4ischer-Keramikkunst-2407-188x300.jpg\" alt=\"\" title=\"Museum Europ\u00e4ischer Keramikkunst 2407\" width=\"188\" height=\"300\" class=\"alignnone size-medium wp-image-10576\" srcset=\"http:\/\/museumek.eu\/wp-content\/uploads\/2012\/06\/Museum-Europ\u00e4ischer-Keramikkunst-2407-188x300.jpg 188w, http:\/\/museumek.eu\/wp-content\/uploads\/2012\/06\/Museum-Europ\u00e4ischer-Keramikkunst-2407.jpg 642w\" sizes=\"(max-width: 188px) 100vw, 188px\" \/><\/a><\/p>\n<p><a href=\"http:\/\/museumek.eu\/wp-content\/uploads\/2012\/06\/Museum-Europ\u00e4ischer-Keramikkunst-2409.jpg\"><img loading=\"lazy\" src=\"http:\/\/museumek.eu\/wp-content\/uploads\/2012\/06\/Museum-Europ\u00e4ischer-Keramikkunst-2409-150x300.jpg\" alt=\"\" title=\"Museum Europ\u00e4ischer Keramikkunst 2409\" width=\"150\" height=\"300\" class=\"alignnone size-medium wp-image-10577\" srcset=\"http:\/\/museumek.eu\/wp-content\/uploads\/2012\/06\/Museum-Europ\u00e4ischer-Keramikkunst-2409-150x300.jpg 150w, http:\/\/museumek.eu\/wp-content\/uploads\/2012\/06\/Museum-Europ\u00e4ischer-Keramikkunst-2409.jpg 498w\" sizes=\"(max-width: 150px) 100vw, 150px\" \/><\/a><\/p>\n<p><a href=\"http:\/\/museumek.eu\/wp-content\/uploads\/2012\/06\/Museum-Europ\u00e4ischer-Keramikkunst-24111.jpg\"><img loading=\"lazy\" src=\"http:\/\/museumek.eu\/wp-content\/uploads\/2012\/06\/Museum-Europ\u00e4ischer-Keramikkunst-24111-293x300.jpg\" alt=\"\" title=\"Museum Europ\u00e4ischer Keramikkunst 2411\" width=\"293\" height=\"300\" class=\"alignnone size-medium wp-image-10579\" srcset=\"http:\/\/museumek.eu\/wp-content\/uploads\/2012\/06\/Museum-Europ\u00e4ischer-Keramikkunst-24111-293x300.jpg 293w, http:\/\/museumek.eu\/wp-content\/uploads\/2012\/06\/Museum-Europ\u00e4ischer-Keramikkunst-24111.jpg 700w\" sizes=\"(max-width: 293px) 100vw, 293px\" \/><\/a><\/p>\n<p><a href=\"http:\/\/museumek.eu\/wp-content\/uploads\/2012\/06\/Museum-Europ\u00e4ischer-Keramikkunst-2412.jpg\"><img loading=\"lazy\" src=\"http:\/\/museumek.eu\/wp-content\/uploads\/2012\/06\/Museum-Europ\u00e4ischer-Keramikkunst-2412-296x300.jpg\" alt=\"\" title=\"Museum Europ\u00e4ischer Keramikkunst 2412\" width=\"296\" height=\"300\" class=\"alignnone size-medium wp-image-10580\" srcset=\"http:\/\/museumek.eu\/wp-content\/uploads\/2012\/06\/Museum-Europ\u00e4ischer-Keramikkunst-2412-296x300.jpg 296w, http:\/\/museumek.eu\/wp-content\/uploads\/2012\/06\/Museum-Europ\u00e4ischer-Keramikkunst-2412.jpg 619w\" sizes=\"(max-width: 296px) 100vw, 296px\" \/><\/a><\/p>\n<p><a href=\"http:\/\/museumek.eu\/wp-content\/uploads\/2012\/06\/Museum-Europ\u00e4ischer-Keramikkunst-2413.jpg\"><img loading=\"lazy\" src=\"http:\/\/museumek.eu\/wp-content\/uploads\/2012\/06\/Museum-Europ\u00e4ischer-Keramikkunst-2413-300x205.jpg\" alt=\"\" title=\"Museum Europ\u00e4ischer Keramikkunst 2413\" width=\"300\" height=\"205\" class=\"alignnone size-medium wp-image-10581\" srcset=\"http:\/\/museumek.eu\/wp-content\/uploads\/2012\/06\/Museum-Europ\u00e4ischer-Keramikkunst-2413-300x205.jpg 300w, http:\/\/museumek.eu\/wp-content\/uploads\/2012\/06\/Museum-Europ\u00e4ischer-Keramikkunst-2413-437x300.jpg 437w, http:\/\/museumek.eu\/wp-content\/uploads\/2012\/06\/Museum-Europ\u00e4ischer-Keramikkunst-2413.jpg 837w\" sizes=\"(max-width: 300px) 100vw, 300px\" \/><\/a><\/p>\n","protected":false},"excerpt":{"rendered":"<p>\u00dcber den K\u00fcnstler Haniroff sind keine Lebensdaten bekannt. Im Goldscheider Werksverzeichnis wird Haniroff als Pseudonym gef\u00fchrt. Abteilung Austria\/Ungarn\/B\u00f6hmen, Keramik 1860 \u2013 1960, Inventarnummer A\/I\/74 Friedrich Goldscheider, Austria, Wien, um 1905, B\u00fcste Biedermeierdame mit Schutenhut, K\u00fcnstler Haniroff, Werks.-Nr. 2980\/Exemplar Nr. 39\/Modelleur &hellip; <a href=\"http:\/\/museumek.eu\/?page_id=9453\">Weiterlesen <span class=\"meta-nav\">&rarr;<\/span><\/a><\/p>\n","protected":false},"author":1,"featured_media":0,"parent":9450,"menu_order":1,"comment_status":"closed","ping_status":"closed","template":"","meta":[],"_links":{"self":[{"href":"http:\/\/museumek.eu\/index.php?rest_route=\/wp\/v2\/pages\/9453"}],"collection":[{"href":"http:\/\/museumek.eu\/index.php?rest_route=\/wp\/v2\/pages"}],"about":[{"href":"http:\/\/museumek.eu\/index.php?rest_route=\/wp\/v2\/types\/page"}],"author":[{"embeddable":true,"href":"http:\/\/museumek.eu\/index.php?rest_route=\/wp\/v2\/users\/1"}],"replies":[{"embeddable":true,"href":"http:\/\/museumek.eu\/index.php?rest_route=%2Fwp%2Fv2%2Fcomments&post=9453"}],"version-history":[{"count":5,"href":"http:\/\/museumek.eu\/index.php?rest_route=\/wp\/v2\/pages\/9453\/revisions"}],"predecessor-version":[{"id":20492,"href":"http:\/\/museumek.eu\/index.php?rest_route=\/wp\/v2\/pages\/9453\/revisions\/20492"}],"up":[{"embeddable":true,"href":"http:\/\/museumek.eu\/index.php?rest_route=\/wp\/v2\/pages\/9450"}],"wp:attachment":[{"href":"http:\/\/museumek.eu\/index.php?rest_route=%2Fwp%2Fv2%2Fmedia&parent=9453"}],"curies":[{"name":"wp","href":"https:\/\/api.w.org\/{rel}","templated":true}]}}