{"id":9548,"date":"2012-05-13T16:09:02","date_gmt":"2012-05-13T14:09:02","guid":{"rendered":"http:\/\/museumek.eu\/?page_id=9548"},"modified":"2013-07-19T18:33:02","modified_gmt":"2013-07-19T16:33:02","slug":"fotos-und-beschreibung","status":"publish","type":"page","link":"http:\/\/museumek.eu\/?page_id=9548","title":{"rendered":"Fotos und Beschreibung"},"content":{"rendered":"<p><strong>Abteilung Niederlande, Keramik 1860 \u2013 1960, Inventarnummer N\/III\/1<\/strong><\/p>\n<p>De Porceleyne Fles Thooft &#038; Labouchere, Niederlande, Delft, 1884 &#8211; 1890, Fu\u00dfschale mit Sang de Boeuff Glasur, K\u00fcnstler unbekannt, Werks.-Nr. ohne, Exemplar Nr. ohne, gemarkt Firmenmarke mit TL (f\u00fcr Thooft &#038; Labouchere) gepresst, Literatur: Edgar Pelichet, Jugendstilkeramik, Seite 187, Marke identisch sowie Literatur: Christel Mosel, Kunsthandwerk im Umbruch, Jugendstil und Zwanziger Jahre, Bildkatalog des Kestner-Museums Hannover, Seite 115, Marke und Fabrikbeschreibung mit Datierung,<br \/>\nH\u00f6he 5,7 cm, Breite 21,5 cm<\/p>\n<p><a href=\"http:\/\/museumek.eu\/wp-content\/uploads\/2012\/05\/Museum-Europ\u00e4ischer-Keramikkunst-1759.jpg\"><img loading=\"lazy\" src=\"http:\/\/museumek.eu\/wp-content\/uploads\/2012\/05\/Museum-Europ\u00e4ischer-Keramikkunst-1759-300x164.jpg\" alt=\"\" title=\"Museum Europ\u00e4ischer Keramikkunst 1759\" width=\"300\" height=\"164\" class=\"alignnone size-medium wp-image-9540\" srcset=\"http:\/\/museumek.eu\/wp-content\/uploads\/2012\/05\/Museum-Europ\u00e4ischer-Keramikkunst-1759-300x164.jpg 300w, http:\/\/museumek.eu\/wp-content\/uploads\/2012\/05\/Museum-Europ\u00e4ischer-Keramikkunst-1759-500x274.jpg 500w, http:\/\/museumek.eu\/wp-content\/uploads\/2012\/05\/Museum-Europ\u00e4ischer-Keramikkunst-1759.jpg 662w\" sizes=\"(max-width: 300px) 100vw, 300px\" \/><\/a><\/p>\n<p><a href=\"http:\/\/museumek.eu\/wp-content\/uploads\/2012\/05\/Museum-Europ\u00e4ischer-Keramikkunst-1760.jpg\"><img loading=\"lazy\" src=\"http:\/\/museumek.eu\/wp-content\/uploads\/2012\/05\/Museum-Europ\u00e4ischer-Keramikkunst-1760-300x248.jpg\" alt=\"\" title=\"Museum Europ\u00e4ischer Keramikkunst 1760\" width=\"300\" height=\"248\" class=\"alignnone size-medium wp-image-9541\" srcset=\"http:\/\/museumek.eu\/wp-content\/uploads\/2012\/05\/Museum-Europ\u00e4ischer-Keramikkunst-1760-300x248.jpg 300w, http:\/\/museumek.eu\/wp-content\/uploads\/2012\/05\/Museum-Europ\u00e4ischer-Keramikkunst-1760-361x300.jpg 361w, http:\/\/museumek.eu\/wp-content\/uploads\/2012\/05\/Museum-Europ\u00e4ischer-Keramikkunst-1760.jpg 811w\" sizes=\"(max-width: 300px) 100vw, 300px\" \/><\/a><\/p>\n<p><a href=\"http:\/\/museumek.eu\/wp-content\/uploads\/2012\/05\/Museum-Europ\u00e4ischer-Keramikkunst-1761.jpg\"><img loading=\"lazy\" src=\"http:\/\/museumek.eu\/wp-content\/uploads\/2012\/05\/Museum-Europ\u00e4ischer-Keramikkunst-1761-300x233.jpg\" alt=\"\" title=\"Museum Europ\u00e4ischer Keramikkunst 1761\" width=\"300\" height=\"233\" class=\"alignnone size-medium wp-image-9542\" srcset=\"http:\/\/museumek.eu\/wp-content\/uploads\/2012\/05\/Museum-Europ\u00e4ischer-Keramikkunst-1761-300x233.jpg 300w, http:\/\/museumek.eu\/wp-content\/uploads\/2012\/05\/Museum-Europ\u00e4ischer-Keramikkunst-1761-385x300.jpg 385w, http:\/\/museumek.eu\/wp-content\/uploads\/2012\/05\/Museum-Europ\u00e4ischer-Keramikkunst-1761.jpg 840w\" sizes=\"(max-width: 300px) 100vw, 300px\" \/><\/a><\/p>\n<p><a href=\"http:\/\/museumek.eu\/wp-content\/uploads\/2012\/05\/Museum-Europ\u00e4ischer-Keramikkunst-1762.jpg\"><img loading=\"lazy\" src=\"http:\/\/museumek.eu\/wp-content\/uploads\/2012\/05\/Museum-Europ\u00e4ischer-Keramikkunst-1762.jpg\" alt=\"\" title=\"Museum Europ\u00e4ischer Keramikkunst 1762\" width=\"297\" height=\"300\" class=\"alignnone size-full wp-image-9543\" \/><\/a><\/p>\n","protected":false},"excerpt":{"rendered":"<p>Abteilung Niederlande, Keramik 1860 \u2013 1960, Inventarnummer N\/III\/1 De Porceleyne Fles Thooft &#038; Labouchere, Niederlande, Delft, 1884 &#8211; 1890, Fu\u00dfschale mit Sang de Boeuff Glasur, K\u00fcnstler unbekannt, Werks.-Nr. ohne, Exemplar Nr. ohne, gemarkt Firmenmarke mit TL (f\u00fcr Thooft &#038; Labouchere) &hellip; <a href=\"http:\/\/museumek.eu\/?page_id=9548\">Weiterlesen <span class=\"meta-nav\">&rarr;<\/span><\/a><\/p>\n","protected":false},"author":1,"featured_media":0,"parent":9546,"menu_order":1,"comment_status":"closed","ping_status":"closed","template":"","meta":[],"_links":{"self":[{"href":"http:\/\/museumek.eu\/index.php?rest_route=\/wp\/v2\/pages\/9548"}],"collection":[{"href":"http:\/\/museumek.eu\/index.php?rest_route=\/wp\/v2\/pages"}],"about":[{"href":"http:\/\/museumek.eu\/index.php?rest_route=\/wp\/v2\/types\/page"}],"author":[{"embeddable":true,"href":"http:\/\/museumek.eu\/index.php?rest_route=\/wp\/v2\/users\/1"}],"replies":[{"embeddable":true,"href":"http:\/\/museumek.eu\/index.php?rest_route=%2Fwp%2Fv2%2Fcomments&post=9548"}],"version-history":[{"count":4,"href":"http:\/\/museumek.eu\/index.php?rest_route=\/wp\/v2\/pages\/9548\/revisions"}],"predecessor-version":[{"id":25329,"href":"http:\/\/museumek.eu\/index.php?rest_route=\/wp\/v2\/pages\/9548\/revisions\/25329"}],"up":[{"embeddable":true,"href":"http:\/\/museumek.eu\/index.php?rest_route=\/wp\/v2\/pages\/9546"}],"wp:attachment":[{"href":"http:\/\/museumek.eu\/index.php?rest_route=%2Fwp%2Fv2%2Fmedia&parent=9548"}],"curies":[{"name":"wp","href":"https:\/\/api.w.org\/{rel}","templated":true}]}}