{"id":9698,"date":"2012-05-17T20:42:42","date_gmt":"2012-05-17T18:42:42","guid":{"rendered":"http:\/\/museumek.eu\/?page_id=9698"},"modified":"2013-04-25T21:01:52","modified_gmt":"2013-04-25T19:01:52","slug":"kurzbiografie-und-inventar-zum-kunstler","status":"publish","type":"page","link":"http:\/\/museumek.eu\/?page_id=9698","title":{"rendered":"Kurzbiografie und Inventar zum K\u00fcnstler"},"content":{"rendered":"<p>\u00dcber den K\u00fcnstler Gambeauche konnten keine Lebensdaten recherchiert werden.<\/p>\n<p><strong>Abteilung Austria\/Ungarn\/B\u00f6hmen, Keramik 1860 \u2013 1960, Inventarnummer A\/I\/75<\/strong><\/p>\n<p>Friedrich Goldscheider, Austria, Wien, um 1903, B\u00fcste Lygia, K\u00fcnstler Gambeauche, Werks.-Nr. 2639\/Exemplar Nr. 51\/Modelleur Nr. 46, gemarkt Friedrich Goldscheider Wien Sculpture Marke, Reproduction Reservee sowie unbekanntes Zeichen gepresst, Z schwarz gemalt, innen unbekanntes Zeiche geritzt und + GS29. schwarz gemalt, signiert Gambeauche, Literatur: Robert E. Dechant\/Filipp Goldscheider, Firmengeschichte und Werkverzeichnis, Seite 364, dort noch ohne Foto erfasst,<br \/>\nH\u00f6he 26,5 cm, Breite 23 cm<\/p>\n<p><a href=\"http:\/\/museumek.eu\/wp-content\/uploads\/2012\/05\/Museum-Europ\u00e4ischer-Keramikkunst-20591.jpg\"><img loading=\"lazy\" src=\"http:\/\/museumek.eu\/wp-content\/uploads\/2012\/05\/Museum-Europ\u00e4ischer-Keramikkunst-20591-246x300.jpg\" alt=\"\" title=\"Museum Europ\u00e4ischer Keramikkunst 2059\" width=\"246\" height=\"300\" class=\"alignnone size-medium wp-image-9663\" srcset=\"http:\/\/museumek.eu\/wp-content\/uploads\/2012\/05\/Museum-Europ\u00e4ischer-Keramikkunst-20591-246x300.jpg 246w, http:\/\/museumek.eu\/wp-content\/uploads\/2012\/05\/Museum-Europ\u00e4ischer-Keramikkunst-20591.jpg 616w\" sizes=\"(max-width: 246px) 100vw, 246px\" \/><\/a><\/p>\n<p><a href=\"http:\/\/museumek.eu\/wp-content\/uploads\/2012\/05\/Museum-Europ\u00e4ischer-Keramikkunst-2060.jpg\"><img loading=\"lazy\" src=\"http:\/\/museumek.eu\/wp-content\/uploads\/2012\/05\/Museum-Europ\u00e4ischer-Keramikkunst-2060-225x300.jpg\" alt=\"\" title=\"Museum Europ\u00e4ischer Keramikkunst 2060\" width=\"225\" height=\"300\" class=\"alignnone size-medium wp-image-9664\" srcset=\"http:\/\/museumek.eu\/wp-content\/uploads\/2012\/05\/Museum-Europ\u00e4ischer-Keramikkunst-2060-225x300.jpg 225w, http:\/\/museumek.eu\/wp-content\/uploads\/2012\/05\/Museum-Europ\u00e4ischer-Keramikkunst-2060.jpg 768w\" sizes=\"(max-width: 225px) 100vw, 225px\" \/><\/a><\/p>\n<p><a href=\"http:\/\/museumek.eu\/wp-content\/uploads\/2012\/05\/Museum-Europ\u00e4ischer-Keramikkunst-2061.jpg\"><img loading=\"lazy\" src=\"http:\/\/museumek.eu\/wp-content\/uploads\/2012\/05\/Museum-Europ\u00e4ischer-Keramikkunst-2061-300x208.jpg\" alt=\"\" title=\"Museum Europ\u00e4ischer Keramikkunst 2061\" width=\"300\" height=\"208\" class=\"alignnone size-medium wp-image-9665\" srcset=\"http:\/\/museumek.eu\/wp-content\/uploads\/2012\/05\/Museum-Europ\u00e4ischer-Keramikkunst-2061-300x208.jpg 300w, http:\/\/museumek.eu\/wp-content\/uploads\/2012\/05\/Museum-Europ\u00e4ischer-Keramikkunst-2061-431x300.jpg 431w, http:\/\/museumek.eu\/wp-content\/uploads\/2012\/05\/Museum-Europ\u00e4ischer-Keramikkunst-2061.jpg 1003w\" sizes=\"(max-width: 300px) 100vw, 300px\" \/><\/a><\/p>\n<p><a href=\"http:\/\/museumek.eu\/wp-content\/uploads\/2012\/05\/Museum-Europ\u00e4ischer-Keramikkunst-2062.jpg\"><img loading=\"lazy\" src=\"http:\/\/museumek.eu\/wp-content\/uploads\/2012\/05\/Museum-Europ\u00e4ischer-Keramikkunst-2062-300x188.jpg\" alt=\"\" title=\"Museum Europ\u00e4ischer Keramikkunst 2062\" width=\"300\" height=\"188\" class=\"alignnone size-medium wp-image-9666\" srcset=\"http:\/\/museumek.eu\/wp-content\/uploads\/2012\/05\/Museum-Europ\u00e4ischer-Keramikkunst-2062-300x188.jpg 300w, http:\/\/museumek.eu\/wp-content\/uploads\/2012\/05\/Museum-Europ\u00e4ischer-Keramikkunst-2062-477x300.jpg 477w, http:\/\/museumek.eu\/wp-content\/uploads\/2012\/05\/Museum-Europ\u00e4ischer-Keramikkunst-2062.jpg 1024w\" sizes=\"(max-width: 300px) 100vw, 300px\" \/><\/a><\/p>\n<p><a href=\"http:\/\/museumek.eu\/wp-content\/uploads\/2012\/05\/Museum-Europ\u00e4ischer-Keramikkunst-2063.jpg\"><img loading=\"lazy\" src=\"http:\/\/museumek.eu\/wp-content\/uploads\/2012\/05\/Museum-Europ\u00e4ischer-Keramikkunst-2063-300x237.jpg\" alt=\"\" title=\"Museum Europ\u00e4ischer Keramikkunst 2063\" width=\"300\" height=\"237\" class=\"alignnone size-medium wp-image-9667\" srcset=\"http:\/\/museumek.eu\/wp-content\/uploads\/2012\/05\/Museum-Europ\u00e4ischer-Keramikkunst-2063-300x237.jpg 300w, http:\/\/museumek.eu\/wp-content\/uploads\/2012\/05\/Museum-Europ\u00e4ischer-Keramikkunst-2063-379x300.jpg 379w, http:\/\/museumek.eu\/wp-content\/uploads\/2012\/05\/Museum-Europ\u00e4ischer-Keramikkunst-2063.jpg 905w\" sizes=\"(max-width: 300px) 100vw, 300px\" \/><\/a><\/p>\n<p><a href=\"http:\/\/museumek.eu\/wp-content\/uploads\/2012\/05\/Museum-Europ\u00e4ischer-Keramikkunst-2064.jpg\"><img loading=\"lazy\" src=\"http:\/\/museumek.eu\/wp-content\/uploads\/2012\/05\/Museum-Europ\u00e4ischer-Keramikkunst-2064-300x203.jpg\" alt=\"\" title=\"Museum Europ\u00e4ischer Keramikkunst 2064\" width=\"300\" height=\"203\" class=\"alignnone size-medium wp-image-9668\" srcset=\"http:\/\/museumek.eu\/wp-content\/uploads\/2012\/05\/Museum-Europ\u00e4ischer-Keramikkunst-2064-300x203.jpg 300w, http:\/\/museumek.eu\/wp-content\/uploads\/2012\/05\/Museum-Europ\u00e4ischer-Keramikkunst-2064-442x300.jpg 442w, http:\/\/museumek.eu\/wp-content\/uploads\/2012\/05\/Museum-Europ\u00e4ischer-Keramikkunst-2064.jpg 1024w\" sizes=\"(max-width: 300px) 100vw, 300px\" \/><\/a><\/p>\n<p><a href=\"http:\/\/museumek.eu\/wp-content\/uploads\/2012\/05\/Museum-Europ\u00e4ischer-Keramikkunst-2065.jpg\"><img loading=\"lazy\" src=\"http:\/\/museumek.eu\/wp-content\/uploads\/2012\/05\/Museum-Europ\u00e4ischer-Keramikkunst-2065-300x243.jpg\" alt=\"\" title=\"Museum Europ\u00e4ischer Keramikkunst 2065\" width=\"300\" height=\"243\" class=\"alignnone size-medium wp-image-9669\" srcset=\"http:\/\/museumek.eu\/wp-content\/uploads\/2012\/05\/Museum-Europ\u00e4ischer-Keramikkunst-2065-300x243.jpg 300w, http:\/\/museumek.eu\/wp-content\/uploads\/2012\/05\/Museum-Europ\u00e4ischer-Keramikkunst-2065-369x300.jpg 369w, http:\/\/museumek.eu\/wp-content\/uploads\/2012\/05\/Museum-Europ\u00e4ischer-Keramikkunst-2065.jpg 911w\" sizes=\"(max-width: 300px) 100vw, 300px\" \/><\/a><\/p>\n<p><a href=\"http:\/\/museumek.eu\/wp-content\/uploads\/2012\/05\/Museum-Europ\u00e4ischer-Keramikkunst-2066.jpg\"><img loading=\"lazy\" src=\"http:\/\/museumek.eu\/wp-content\/uploads\/2012\/05\/Museum-Europ\u00e4ischer-Keramikkunst-2066-300x203.jpg\" alt=\"\" title=\"Museum Europ\u00e4ischer Keramikkunst 2066\" width=\"300\" height=\"203\" class=\"alignnone size-medium wp-image-9670\" srcset=\"http:\/\/museumek.eu\/wp-content\/uploads\/2012\/05\/Museum-Europ\u00e4ischer-Keramikkunst-2066-300x203.jpg 300w, http:\/\/museumek.eu\/wp-content\/uploads\/2012\/05\/Museum-Europ\u00e4ischer-Keramikkunst-2066-441x300.jpg 441w, http:\/\/museumek.eu\/wp-content\/uploads\/2012\/05\/Museum-Europ\u00e4ischer-Keramikkunst-2066.jpg 1022w\" sizes=\"(max-width: 300px) 100vw, 300px\" \/><\/a><\/p>\n<p><a href=\"http:\/\/museumek.eu\/wp-content\/uploads\/2012\/05\/Museum-Europ\u00e4ischer-Keramikkunst-2067.jpg\"><img loading=\"lazy\" src=\"http:\/\/museumek.eu\/wp-content\/uploads\/2012\/05\/Museum-Europ\u00e4ischer-Keramikkunst-2067-300x200.jpg\" alt=\"\" title=\"Museum Europ\u00e4ischer Keramikkunst 2067\" width=\"300\" height=\"200\" class=\"alignnone size-medium wp-image-9671\" srcset=\"http:\/\/museumek.eu\/wp-content\/uploads\/2012\/05\/Museum-Europ\u00e4ischer-Keramikkunst-2067-300x200.jpg 300w, http:\/\/museumek.eu\/wp-content\/uploads\/2012\/05\/Museum-Europ\u00e4ischer-Keramikkunst-2067-449x300.jpg 449w, http:\/\/museumek.eu\/wp-content\/uploads\/2012\/05\/Museum-Europ\u00e4ischer-Keramikkunst-2067.jpg 1024w\" sizes=\"(max-width: 300px) 100vw, 300px\" \/><\/a><\/p>\n","protected":false},"excerpt":{"rendered":"<p>\u00dcber den K\u00fcnstler Gambeauche konnten keine Lebensdaten recherchiert werden. Abteilung Austria\/Ungarn\/B\u00f6hmen, Keramik 1860 \u2013 1960, Inventarnummer A\/I\/75 Friedrich Goldscheider, Austria, Wien, um 1903, B\u00fcste Lygia, K\u00fcnstler Gambeauche, Werks.-Nr. 2639\/Exemplar Nr. 51\/Modelleur Nr. 46, gemarkt Friedrich Goldscheider Wien Sculpture Marke, Reproduction &hellip; <a href=\"http:\/\/museumek.eu\/?page_id=9698\">Weiterlesen <span class=\"meta-nav\">&rarr;<\/span><\/a><\/p>\n","protected":false},"author":1,"featured_media":0,"parent":9695,"menu_order":0,"comment_status":"closed","ping_status":"open","template":"","meta":[],"_links":{"self":[{"href":"http:\/\/museumek.eu\/index.php?rest_route=\/wp\/v2\/pages\/9698"}],"collection":[{"href":"http:\/\/museumek.eu\/index.php?rest_route=\/wp\/v2\/pages"}],"about":[{"href":"http:\/\/museumek.eu\/index.php?rest_route=\/wp\/v2\/types\/page"}],"author":[{"embeddable":true,"href":"http:\/\/museumek.eu\/index.php?rest_route=\/wp\/v2\/users\/1"}],"replies":[{"embeddable":true,"href":"http:\/\/museumek.eu\/index.php?rest_route=%2Fwp%2Fv2%2Fcomments&post=9698"}],"version-history":[{"count":3,"href":"http:\/\/museumek.eu\/index.php?rest_route=\/wp\/v2\/pages\/9698\/revisions"}],"predecessor-version":[{"id":20478,"href":"http:\/\/museumek.eu\/index.php?rest_route=\/wp\/v2\/pages\/9698\/revisions\/20478"}],"up":[{"embeddable":true,"href":"http:\/\/museumek.eu\/index.php?rest_route=\/wp\/v2\/pages\/9695"}],"wp:attachment":[{"href":"http:\/\/museumek.eu\/index.php?rest_route=%2Fwp%2Fv2%2Fmedia&parent=9698"}],"curies":[{"name":"wp","href":"https:\/\/api.w.org\/{rel}","templated":true}]}}