{"id":9765,"date":"2012-05-20T14:54:44","date_gmt":"2012-05-20T12:54:44","guid":{"rendered":"http:\/\/museumek.eu\/?page_id=9765"},"modified":"2013-07-21T11:20:36","modified_gmt":"2013-07-21T09:20:36","slug":"axxxii2","status":"publish","type":"page","link":"http:\/\/museumek.eu\/?page_id=9765","title":{"rendered":"A\/XXXII\/2"},"content":{"rendered":"<p><strong>Abteilung Austria\/Ungarn\/B\u00f6hmen, Keramik 1860 \u2013 1960, Inventarnummer A\/XXXII\/2<\/strong><\/p>\n<p>Gebr\u00fcder Sch\u00fctz (Handelsgesellschaft), Majolika-, Steingut- und Schamottefabrik Gebr. Sch\u00fctz (auch Thonwaarenfabrik L. R. Sch\u00fctz und Majolika- und Steingutfabrik L. R. Sch\u00fctz), B\u00f6hmen(M\u00e4hren)\/Austria, Olomutschan\/Olomucany (bei Blanz\/Blansko) und Petrowitsch\/Petrovce (bei Cilli\/Celje) jetzt Slowenien zugeh\u00f6rig sowie Kunstatelier Wien\/Austria, um 1885, Zierteller, K\u00fcnstler unbekannt, Werks.-Nr. ohne, Exemplar Nr. ohne, gemarkt Firmenmarke mit Sch\u00fctz Cilli gepresst, Wien in Gold gemalt, nicht lesbare Signatur sowie 35 braun gemalt, nicht signiert, Karl Sch\u00fctz, Inhaber einer Papierm\u00fchle, kaufte um 1852 eine von Peter Selb 1849 gegr\u00fcndete Hafnerei in Olomutschan, er baute diese zu einer Fabrik aus, deren Leitung 1859 seine S\u00f6hne Ludwig Richard Sch\u00fctz und Dr. Arnold Sch\u00fctz durch Gr\u00fcndung einer Handelsgesellschaft \u00fcbernahmen, die Fabrik firmierte als Gebr. Sch\u00fctz Handelsgesellschaft (es lie\u00df sich nicht recherchieren, welche Gesellschaftsform gew\u00e4hlt wurde), 1870\/1871 gr\u00fcndete die Handelsgesellschaft in Petrowitsch eine weitere Fabrik (Grund war die N\u00e4he zu Tonvorkommen in sehr hoher Qualit\u00e4t), au\u00dferdem war die Handelsgesellschaft Eigent\u00fcmer zweier Tonbergbaufirmen, eine in Liboje bei Cilli und eine in Fl\u00f6hau, Ludwig Richard Sch\u00fctz leitete die Fabrik in Petrowitsch und Arnold Sch\u00fctz leitete die Fabrik in Olomutschan, obwohl die Br\u00fcder ihr Eigentum erst 1890 teilten, scheint zumindest Ludwig Richard Sch\u00fctz bereits vor 1890 auch eigenst\u00e4ndig aufgetreten zu sein und auch eigenst\u00e4ndig firmiert zu haben, so findet sich im Internet ein Zeitungsartikel vom 22.08.1876, in dem eine Thonwaarenfabrik L. R. Sch\u00fctz aus Liboje benannt worden ist, vermutlich lautete aber die richtige Firmierung der Handelsgesellschaft ab 1870 bis 1890 Majolika-, Steingut- und Schamottefabrik Gebr. Sch\u00fctz, weil diese Firmierung sowohl den Status, als auch alle Fabriken umfa\u00dft, ab 1890 firmierte Ludwig Richard Sch\u00fctz vermutlich als Majolika- und Steingutfabrik L. R. Sch\u00fctz bis Fabrikverkauf 1917 oder 1922, (1917 wurde wohl eine Sparkasse oder ein Konsortium Eigent\u00fcmer oder eine Familie Abel, die als Majolika Celeja firmierte oder die Keramicna industrija d. d. Zagreb, genau konnte das nicht recherchiert werden), im Internet findet sich eine mit 22.09.1913 datierte Werbeanzeige von Ludwig Richard Sch\u00fctz mit der Firmierung Majolika- und Steingutfabrik L. R. Sch\u00fctz, au\u00dferdem unterhielt die Handelsgesellschaft in Wien ein k\u00fcnstlerisches Atelier, welches von beiden Fabriken genutzt wurde, dort erfolgte die Bemalung mit kr\u00e4ftigen Emailfarben (pate email), die Handelsgesellschaft hatte eine Lizenz daf\u00fcr, die Rezeptur wurde von Franz Kosch, dem letzten Chemiker der Wiener Manufaktur entwickelt, ob Dr. Arnold Sch\u00fctz ab 1890 ebenfalls die Firmierung seiner Fabrik in Olomutschan \u00e4nderte, konnte nicht recherchiert werden, nicht best\u00e4tigt ist der Verkauf dieser Fabrik um 1904 an Oscar Basch, hergestellt in Cilli, bemalt im eigenen Wiener Kunstatelier, Emailmalerei, Durchmesser 32,5 cm<\/p>\n<p><a href=\"http:\/\/museumek.eu\/wp-content\/uploads\/2012\/05\/Museum-Europ\u00e4ischer-Keramikkunst-25501.jpg\"><img loading=\"lazy\" src=\"http:\/\/museumek.eu\/wp-content\/uploads\/2012\/05\/Museum-Europ\u00e4ischer-Keramikkunst-25501-300x289.jpg\" alt=\"\" title=\"Museum Europ\u00e4ischer Keramikkunst 2550\" width=\"300\" height=\"289\" class=\"alignnone size-medium wp-image-11643\" srcset=\"http:\/\/museumek.eu\/wp-content\/uploads\/2012\/05\/Museum-Europ\u00e4ischer-Keramikkunst-25501-300x289.jpg 300w, http:\/\/museumek.eu\/wp-content\/uploads\/2012\/05\/Museum-Europ\u00e4ischer-Keramikkunst-25501-310x300.jpg 310w, http:\/\/museumek.eu\/wp-content\/uploads\/2012\/05\/Museum-Europ\u00e4ischer-Keramikkunst-25501.jpg 761w\" sizes=\"(max-width: 300px) 100vw, 300px\" \/><\/a><\/p>\n<p><a href=\"http:\/\/museumek.eu\/wp-content\/uploads\/2012\/05\/Museum-Europ\u00e4ischer-Keramikkunst-2052.jpg\"><img loading=\"lazy\" src=\"http:\/\/museumek.eu\/wp-content\/uploads\/2012\/05\/Museum-Europ\u00e4ischer-Keramikkunst-2052-300x250.jpg\" alt=\"\" title=\"Museum Europ\u00e4ischer Keramikkunst 2052\" width=\"300\" height=\"250\" class=\"alignnone size-medium wp-image-9767\" srcset=\"http:\/\/museumek.eu\/wp-content\/uploads\/2012\/05\/Museum-Europ\u00e4ischer-Keramikkunst-2052-300x250.jpg 300w, http:\/\/museumek.eu\/wp-content\/uploads\/2012\/05\/Museum-Europ\u00e4ischer-Keramikkunst-2052-358x300.jpg 358w, http:\/\/museumek.eu\/wp-content\/uploads\/2012\/05\/Museum-Europ\u00e4ischer-Keramikkunst-2052.jpg 836w\" sizes=\"(max-width: 300px) 100vw, 300px\" \/><\/a><\/p>\n<p><a href=\"http:\/\/museumek.eu\/wp-content\/uploads\/2012\/05\/Museum-Europ\u00e4ischer-Keramikkunst-2053.jpg\"><img loading=\"lazy\" src=\"http:\/\/museumek.eu\/wp-content\/uploads\/2012\/05\/Museum-Europ\u00e4ischer-Keramikkunst-2053-300x212.jpg\" alt=\"\" title=\"Museum Europ\u00e4ischer Keramikkunst 2053\" width=\"300\" height=\"212\" class=\"alignnone size-medium wp-image-9768\" srcset=\"http:\/\/museumek.eu\/wp-content\/uploads\/2012\/05\/Museum-Europ\u00e4ischer-Keramikkunst-2053-300x212.jpg 300w, http:\/\/museumek.eu\/wp-content\/uploads\/2012\/05\/Museum-Europ\u00e4ischer-Keramikkunst-2053-423x300.jpg 423w, http:\/\/museumek.eu\/wp-content\/uploads\/2012\/05\/Museum-Europ\u00e4ischer-Keramikkunst-2053.jpg 997w\" sizes=\"(max-width: 300px) 100vw, 300px\" \/><\/a><\/p>\n<p><a href=\"http:\/\/museumek.eu\/wp-content\/uploads\/2012\/05\/Museum-Europ\u00e4ischer-Keramikkunst-20561.jpg\"><img loading=\"lazy\" src=\"http:\/\/museumek.eu\/wp-content\/uploads\/2012\/05\/Museum-Europ\u00e4ischer-Keramikkunst-20561-300x198.jpg\" alt=\"\" title=\"Museum Europ\u00e4ischer Keramikkunst 2056\" width=\"300\" height=\"198\" class=\"alignnone size-medium wp-image-9770\" srcset=\"http:\/\/museumek.eu\/wp-content\/uploads\/2012\/05\/Museum-Europ\u00e4ischer-Keramikkunst-20561-300x198.jpg 300w, http:\/\/museumek.eu\/wp-content\/uploads\/2012\/05\/Museum-Europ\u00e4ischer-Keramikkunst-20561.jpg 311w\" sizes=\"(max-width: 300px) 100vw, 300px\" \/><\/a><\/p>\n<p><a href=\"http:\/\/museumek.eu\/wp-content\/uploads\/2012\/05\/Museum-Europ\u00e4ischer-Keramikkunst-2055.jpg\"><img loading=\"lazy\" src=\"http:\/\/museumek.eu\/wp-content\/uploads\/2012\/05\/Museum-Europ\u00e4ischer-Keramikkunst-2055-300x247.jpg\" alt=\"\" title=\"Museum Europ\u00e4ischer Keramikkunst 2055\" width=\"300\" height=\"247\" class=\"alignnone size-medium wp-image-9771\" srcset=\"http:\/\/museumek.eu\/wp-content\/uploads\/2012\/05\/Museum-Europ\u00e4ischer-Keramikkunst-2055-300x247.jpg 300w, http:\/\/museumek.eu\/wp-content\/uploads\/2012\/05\/Museum-Europ\u00e4ischer-Keramikkunst-2055.jpg 321w\" sizes=\"(max-width: 300px) 100vw, 300px\" \/><\/a><\/p>\n<p><a href=\"http:\/\/museumek.eu\/wp-content\/uploads\/2012\/05\/Museum-Europ\u00e4ischer-Keramikkunst-2057.jpg\"><img loading=\"lazy\" src=\"http:\/\/museumek.eu\/wp-content\/uploads\/2012\/05\/Museum-Europ\u00e4ischer-Keramikkunst-2057-300x152.jpg\" alt=\"\" title=\"Museum Europ\u00e4ischer Keramikkunst 2057\" width=\"300\" height=\"152\" class=\"alignnone size-medium wp-image-9772\" srcset=\"http:\/\/museumek.eu\/wp-content\/uploads\/2012\/05\/Museum-Europ\u00e4ischer-Keramikkunst-2057-300x152.jpg 300w, http:\/\/museumek.eu\/wp-content\/uploads\/2012\/05\/Museum-Europ\u00e4ischer-Keramikkunst-2057.jpg 461w\" sizes=\"(max-width: 300px) 100vw, 300px\" \/><\/a><\/p>\n","protected":false},"excerpt":{"rendered":"<p>Abteilung Austria\/Ungarn\/B\u00f6hmen, Keramik 1860 \u2013 1960, Inventarnummer A\/XXXII\/2 Gebr\u00fcder Sch\u00fctz (Handelsgesellschaft), Majolika-, Steingut- und Schamottefabrik Gebr. Sch\u00fctz (auch Thonwaarenfabrik L. R. Sch\u00fctz und Majolika- und Steingutfabrik L. R. Sch\u00fctz), B\u00f6hmen(M\u00e4hren)\/Austria, Olomutschan\/Olomucany (bei Blanz\/Blansko) und Petrowitsch\/Petrovce (bei Cilli\/Celje) jetzt Slowenien zugeh\u00f6rig &hellip; <a href=\"http:\/\/museumek.eu\/?page_id=9765\">Weiterlesen <span class=\"meta-nav\">&rarr;<\/span><\/a><\/p>\n","protected":false},"author":1,"featured_media":0,"parent":7029,"menu_order":2,"comment_status":"closed","ping_status":"open","template":"","meta":[],"_links":{"self":[{"href":"http:\/\/museumek.eu\/index.php?rest_route=\/wp\/v2\/pages\/9765"}],"collection":[{"href":"http:\/\/museumek.eu\/index.php?rest_route=\/wp\/v2\/pages"}],"about":[{"href":"http:\/\/museumek.eu\/index.php?rest_route=\/wp\/v2\/types\/page"}],"author":[{"embeddable":true,"href":"http:\/\/museumek.eu\/index.php?rest_route=\/wp\/v2\/users\/1"}],"replies":[{"embeddable":true,"href":"http:\/\/museumek.eu\/index.php?rest_route=%2Fwp%2Fv2%2Fcomments&post=9765"}],"version-history":[{"count":4,"href":"http:\/\/museumek.eu\/index.php?rest_route=\/wp\/v2\/pages\/9765\/revisions"}],"predecessor-version":[{"id":25369,"href":"http:\/\/museumek.eu\/index.php?rest_route=\/wp\/v2\/pages\/9765\/revisions\/25369"}],"up":[{"embeddable":true,"href":"http:\/\/museumek.eu\/index.php?rest_route=\/wp\/v2\/pages\/7029"}],"wp:attachment":[{"href":"http:\/\/museumek.eu\/index.php?rest_route=%2Fwp%2Fv2%2Fmedia&parent=9765"}],"curies":[{"name":"wp","href":"https:\/\/api.w.org\/{rel}","templated":true}]}}