{"id":9802,"date":"2012-05-20T21:10:28","date_gmt":"2012-05-20T19:10:28","guid":{"rendered":"http:\/\/museumek.eu\/?page_id=9802"},"modified":"2013-05-16T13:40:50","modified_gmt":"2013-05-16T11:40:50","slug":"dxl1","status":"publish","type":"page","link":"http:\/\/museumek.eu\/?page_id=9802","title":{"rendered":"D\/XL\/1"},"content":{"rendered":"<p><strong>Abteilung Deutschland, Keramik 1860 \u2013 1960, Inventarnummer D\/XL\/1<\/strong><\/p>\n<p>T\u00f6pferei Wilhelm Kagel, Deutschland, Garmisch-Partenkirchen, um 1930, Krug mit floralem Motiv, K\u00fcnstler unbekannt, Werks.-Nr. ohne, Exemplar Nr. ohne, gemarkt Werkstattmarke brauner Stempel mit WKP (f\u00fcr Wilhelm Kagel Partenkirchen), g\u00fcltig f\u00fcr die Zeit 1906 &#8211; 1930, Original Verkaufsaufkleber der T\u00f6pferei mit Werkstattmarke und handgearbeitet, handgemalt, nicht signiert, Literatur: Gisela Reineking von Bock, Meister der deutschen Keramik, Seite 164 ff., Werkstattbeschreibung, Seite 322, Marke Nr. 93 identisch, die Marke ist Wilhelm Kagel senior zuzuordnen,<br \/>\nH\u00f6he 15,5 cm, Breite 12 cm<\/p>\n<p><a href=\"http:\/\/museumek.eu\/wp-content\/uploads\/2012\/05\/Museum-Europ\u00e4ischer-Keramikkunst-1763.jpg\"><img loading=\"lazy\" src=\"http:\/\/museumek.eu\/wp-content\/uploads\/2012\/05\/Museum-Europ\u00e4ischer-Keramikkunst-1763-196x300.jpg\" alt=\"\" title=\"Museum Europ\u00e4ischer Keramikkunst 1763\" width=\"196\" height=\"300\" class=\"alignnone size-medium wp-image-9803\" srcset=\"http:\/\/museumek.eu\/wp-content\/uploads\/2012\/05\/Museum-Europ\u00e4ischer-Keramikkunst-1763-196x300.jpg 196w, http:\/\/museumek.eu\/wp-content\/uploads\/2012\/05\/Museum-Europ\u00e4ischer-Keramikkunst-1763.jpg 485w\" sizes=\"(max-width: 196px) 100vw, 196px\" \/><\/a><\/p>\n<p><a href=\"http:\/\/museumek.eu\/wp-content\/uploads\/2012\/05\/Museum-Europ\u00e4ischer-Keramikkunst-1764.jpg\"><img loading=\"lazy\" src=\"http:\/\/museumek.eu\/wp-content\/uploads\/2012\/05\/Museum-Europ\u00e4ischer-Keramikkunst-1764-300x231.jpg\" alt=\"\" title=\"Museum Europ\u00e4ischer Keramikkunst 1764\" width=\"300\" height=\"231\" class=\"alignnone size-medium wp-image-9804\" srcset=\"http:\/\/museumek.eu\/wp-content\/uploads\/2012\/05\/Museum-Europ\u00e4ischer-Keramikkunst-1764-300x231.jpg 300w, http:\/\/museumek.eu\/wp-content\/uploads\/2012\/05\/Museum-Europ\u00e4ischer-Keramikkunst-1764-389x300.jpg 389w, http:\/\/museumek.eu\/wp-content\/uploads\/2012\/05\/Museum-Europ\u00e4ischer-Keramikkunst-1764.jpg 463w\" sizes=\"(max-width: 300px) 100vw, 300px\" \/><\/a><\/p>\n","protected":false},"excerpt":{"rendered":"<p>Abteilung Deutschland, Keramik 1860 \u2013 1960, Inventarnummer D\/XL\/1 T\u00f6pferei Wilhelm Kagel, Deutschland, Garmisch-Partenkirchen, um 1930, Krug mit floralem Motiv, K\u00fcnstler unbekannt, Werks.-Nr. ohne, Exemplar Nr. ohne, gemarkt Werkstattmarke brauner Stempel mit WKP (f\u00fcr Wilhelm Kagel Partenkirchen), g\u00fcltig f\u00fcr die Zeit &hellip; <a href=\"http:\/\/museumek.eu\/?page_id=9802\">Weiterlesen <span class=\"meta-nav\">&rarr;<\/span><\/a><\/p>\n","protected":false},"author":1,"featured_media":0,"parent":9799,"menu_order":1,"comment_status":"closed","ping_status":"open","template":"","meta":[],"_links":{"self":[{"href":"http:\/\/museumek.eu\/index.php?rest_route=\/wp\/v2\/pages\/9802"}],"collection":[{"href":"http:\/\/museumek.eu\/index.php?rest_route=\/wp\/v2\/pages"}],"about":[{"href":"http:\/\/museumek.eu\/index.php?rest_route=\/wp\/v2\/types\/page"}],"author":[{"embeddable":true,"href":"http:\/\/museumek.eu\/index.php?rest_route=\/wp\/v2\/users\/1"}],"replies":[{"embeddable":true,"href":"http:\/\/museumek.eu\/index.php?rest_route=%2Fwp%2Fv2%2Fcomments&post=9802"}],"version-history":[{"count":5,"href":"http:\/\/museumek.eu\/index.php?rest_route=\/wp\/v2\/pages\/9802\/revisions"}],"predecessor-version":[{"id":21948,"href":"http:\/\/museumek.eu\/index.php?rest_route=\/wp\/v2\/pages\/9802\/revisions\/21948"}],"up":[{"embeddable":true,"href":"http:\/\/museumek.eu\/index.php?rest_route=\/wp\/v2\/pages\/9799"}],"wp:attachment":[{"href":"http:\/\/museumek.eu\/index.php?rest_route=%2Fwp%2Fv2%2Fmedia&parent=9802"}],"curies":[{"name":"wp","href":"https:\/\/api.w.org\/{rel}","templated":true}]}}