{"id":9811,"date":"2012-05-20T21:14:48","date_gmt":"2012-05-20T19:14:48","guid":{"rendered":"http:\/\/museumek.eu\/?page_id=9811"},"modified":"2013-05-16T14:09:58","modified_gmt":"2013-05-16T12:09:58","slug":"fotos-und-beschreibung","status":"publish","type":"page","link":"http:\/\/museumek.eu\/?page_id=9811","title":{"rendered":"Fotos und Beschreibung"},"content":{"rendered":"<p><strong>Abteilung Deutschland, Keramik 1860 \u2013 1960, Inventarnummer D\/XL\/1<\/strong><\/p>\n<p>T\u00f6pferei Wilhelm Kagel, Deutschland, Garmisch-Partenkirchen, um 1930, Krug mit floralem Motiv, K\u00fcnstler unbekannt, Werks.-Nr. ohne, Exemplar Nr. ohne, gemarkt Werkstattmarke brauner Stempel mit WKP (f\u00fcr Wilhelm Kagel Partenkirchen), g\u00fcltig f\u00fcr die Zeit 1906 &#8211; 1930, Original Verkaufsaufkleber der T\u00f6pferei mit Werkstattmarke und handgearbeitet, handgemalt, nicht signiert, Literatur: Gisela Reineking von Bock, Meister der deutschen Keramik, Seite 164 ff., Werkstattbeschreibung, Seite 322, Marke Nr. 93 identisch, die Marke ist Wilhelm Kagel senior zuzuordnen,<br \/>\nH\u00f6he 15,5 cm, Breite 12 cm<\/p>\n<p><a href=\"http:\/\/museumek.eu\/wp-content\/uploads\/2012\/05\/Museum-Europ\u00e4ischer-Keramikkunst-1763.jpg\"><img loading=\"lazy\" src=\"http:\/\/museumek.eu\/wp-content\/uploads\/2012\/05\/Museum-Europ\u00e4ischer-Keramikkunst-1763-196x300.jpg\" alt=\"\" title=\"Museum Europ\u00e4ischer Keramikkunst 1763\" width=\"196\" height=\"300\" class=\"alignnone size-medium wp-image-9803\" srcset=\"http:\/\/museumek.eu\/wp-content\/uploads\/2012\/05\/Museum-Europ\u00e4ischer-Keramikkunst-1763-196x300.jpg 196w, http:\/\/museumek.eu\/wp-content\/uploads\/2012\/05\/Museum-Europ\u00e4ischer-Keramikkunst-1763.jpg 485w\" sizes=\"(max-width: 196px) 100vw, 196px\" \/><\/a><\/p>\n<p><a href=\"http:\/\/museumek.eu\/wp-content\/uploads\/2012\/05\/Museum-Europ\u00e4ischer-Keramikkunst-1764.jpg\"><img loading=\"lazy\" src=\"http:\/\/museumek.eu\/wp-content\/uploads\/2012\/05\/Museum-Europ\u00e4ischer-Keramikkunst-1764-300x231.jpg\" alt=\"\" title=\"Museum Europ\u00e4ischer Keramikkunst 1764\" width=\"300\" height=\"231\" class=\"alignnone size-medium wp-image-9804\" srcset=\"http:\/\/museumek.eu\/wp-content\/uploads\/2012\/05\/Museum-Europ\u00e4ischer-Keramikkunst-1764-300x231.jpg 300w, http:\/\/museumek.eu\/wp-content\/uploads\/2012\/05\/Museum-Europ\u00e4ischer-Keramikkunst-1764-389x300.jpg 389w, http:\/\/museumek.eu\/wp-content\/uploads\/2012\/05\/Museum-Europ\u00e4ischer-Keramikkunst-1764.jpg 463w\" sizes=\"(max-width: 300px) 100vw, 300px\" \/><\/a><\/p>\n<p><strong>Abteilung Deutschland, Keramik 1860 \u2013 1960, Inventarnummer D\/XL\/2<\/strong><\/p>\n<p>T\u00f6pferei Wilhelm Kagel, Deutschland, Garmisch-Partenkirchen, vor 1950, K\u00e4nnchen, K\u00fcnstler Wilhelm Kagel jun., Werks.-Nr. 53\/1, Exemplar Nr. ohne, gemarkt Werkstattmarke ligiertes WK gepresst, g\u00fcltig f\u00fcr die Zeit vor 1950, Original Verkaufsaufkleber der T\u00f6pferei mit Werkstattmarke, Hand- gedreht, gemalt sowie 53\/1 geschrieben, signiert WK, Literatur: Gisela Reineking von Bock, Meister der deutschen Keramik, Seite 164 ff., Werkstattbeschreibung, Seite 165, Beschreibung, dass nicht alle Werkstattarbeiten mit dem ligierten WK gemarkt sind, sondern nur die handgedrehten Arbeiten, die Wilhelm Kagel jun. selbst dekoriert hat, Seite 322, Marke Nr. 94 identisch, die T\u00f6pferei wurde von Wilhelm Kagel sen. gegr\u00fcndet und nahm 1906 ihren Betrieb auf, die Marke des MEK Exemplares ist Wilhelm Kagel junior zuzuordnen, der ab 1935 die Leitung des v\u00e4terlichen Betriebes zusammen mit seinem Bruder Eugen Kagel (kaufm\u00e4nnischer Leiter) \u00fcbernommen hatte, H\u00f6he 9 cm, Breite 9 cm<\/p>\n<p><a href=\"http:\/\/museumek.eu\/?attachment_id=21935\" rel=\"attachment wp-att-21935\"><img loading=\"lazy\" src=\"http:\/\/museumek.eu\/wp-content\/uploads\/2013\/05\/Museum-Europ\u00e4ischer-Keramikkunst-3287-264x300.jpg\" alt=\"\" title=\"Museum Europ\u00e4ischer Keramikkunst 3287\" width=\"264\" height=\"300\" class=\"alignnone size-medium wp-image-21935\" srcset=\"http:\/\/museumek.eu\/wp-content\/uploads\/2013\/05\/Museum-Europ\u00e4ischer-Keramikkunst-3287-264x300.jpg 264w, http:\/\/museumek.eu\/wp-content\/uploads\/2013\/05\/Museum-Europ\u00e4ischer-Keramikkunst-3287-132x150.jpg 132w, http:\/\/museumek.eu\/wp-content\/uploads\/2013\/05\/Museum-Europ\u00e4ischer-Keramikkunst-3287.jpg 703w\" sizes=\"(max-width: 264px) 100vw, 264px\" \/><\/a><\/p>\n<p><a href=\"http:\/\/museumek.eu\/?attachment_id=21936\" rel=\"attachment wp-att-21936\"><img loading=\"lazy\" src=\"http:\/\/museumek.eu\/wp-content\/uploads\/2013\/05\/Museum-Europ\u00e4ischer-Keramikkunst-3295-248x300.jpg\" alt=\"\" title=\"Museum Europ\u00e4ischer Keramikkunst 3295\" width=\"248\" height=\"300\" class=\"alignnone size-medium wp-image-21936\" srcset=\"http:\/\/museumek.eu\/wp-content\/uploads\/2013\/05\/Museum-Europ\u00e4ischer-Keramikkunst-3295-248x300.jpg 248w, http:\/\/museumek.eu\/wp-content\/uploads\/2013\/05\/Museum-Europ\u00e4ischer-Keramikkunst-3295-124x150.jpg 124w, http:\/\/museumek.eu\/wp-content\/uploads\/2013\/05\/Museum-Europ\u00e4ischer-Keramikkunst-3295.jpg 361w\" sizes=\"(max-width: 248px) 100vw, 248px\" \/><\/a><\/p>\n<p><strong>Abteilung Deutschland, Keramik 1860 \u2013 1960, Inventarnummer D\/XL\/3<\/strong><\/p>\n<p>T\u00f6pferei Wilhelm Kagel, Deutschland, Garmisch-Partenkirchen, um 1955, Vase, K\u00fcnstler Wilhelm Kagel jun., Werks.-Nr. 110\/1, Exemplar Nr. ohne, gemarkt Werkstattmarke ligiertes WK geritzt, g\u00fcltig f\u00fcr die Zeit ab 1950, Original Verkaufsaufkleber der T\u00f6pferei mit Werkstattmarke, Hand- gedreht, gemalt sowie 110\/1 geschrieben, signiert WK, Literatur: Gisela Reineking von Bock, Meister der deutschen Keramik, Seite 164 ff., Werkstattbeschreibung, Seite 165, Beschreibung, dass nicht alle Werkstattarbeiten mit dem ligierten WK gemarkt sind, sondern nur die handgedrehten Arbeiten, die Wilhelm Kagel jun. selbst dekoriert hat, Seite 322, Marke Nr. 95 identisch, die T\u00f6pferei wurde von Wilhelm Kagel sen. gegr\u00fcndet und nahm 1906 ihren Betrieb auf, die Marke des MEK Exemplares ist Wilhelm Kagel junior zuzuordnen, der ab 1935 die Leitung des v\u00e4terlichen Betriebes zusammen mit seinem Bruder Eugen Kagel (kaufm\u00e4nnischer Leiter) \u00fcbernommen hatte, H\u00f6he 13,5 cm, Breite 10,5 cm<\/p>\n<p><a href=\"http:\/\/museumek.eu\/?attachment_id=21973\" rel=\"attachment wp-att-21973\"><img loading=\"lazy\" src=\"http:\/\/museumek.eu\/wp-content\/uploads\/2013\/05\/Museum-Europ\u00e4ischer-Keramikkunst-3289-224x300.jpg\" alt=\"\" title=\"Museum Europ\u00e4ischer Keramikkunst 3289\" width=\"224\" height=\"300\" class=\"alignnone size-medium wp-image-21973\" srcset=\"http:\/\/museumek.eu\/wp-content\/uploads\/2013\/05\/Museum-Europ\u00e4ischer-Keramikkunst-3289-224x300.jpg 224w, http:\/\/museumek.eu\/wp-content\/uploads\/2013\/05\/Museum-Europ\u00e4ischer-Keramikkunst-3289-112x150.jpg 112w, http:\/\/museumek.eu\/wp-content\/uploads\/2013\/05\/Museum-Europ\u00e4ischer-Keramikkunst-3289.jpg 574w\" sizes=\"(max-width: 224px) 100vw, 224px\" \/><\/a><\/p>\n<p><a href=\"http:\/\/museumek.eu\/?attachment_id=21974\" rel=\"attachment wp-att-21974\"><img loading=\"lazy\" src=\"http:\/\/museumek.eu\/wp-content\/uploads\/2013\/05\/Museum-Europ\u00e4ischer-Keramikkunst-3290-297x300.jpg\" alt=\"\" title=\"Museum Europ\u00e4ischer Keramikkunst 3290\" width=\"297\" height=\"300\" class=\"alignnone size-medium wp-image-21974\" srcset=\"http:\/\/museumek.eu\/wp-content\/uploads\/2013\/05\/Museum-Europ\u00e4ischer-Keramikkunst-3290-297x300.jpg 297w, http:\/\/museumek.eu\/wp-content\/uploads\/2013\/05\/Museum-Europ\u00e4ischer-Keramikkunst-3290-148x150.jpg 148w, http:\/\/museumek.eu\/wp-content\/uploads\/2013\/05\/Museum-Europ\u00e4ischer-Keramikkunst-3290.jpg 596w\" sizes=\"(max-width: 297px) 100vw, 297px\" \/><\/a><\/p>\n<p><a href=\"http:\/\/museumek.eu\/?attachment_id=21975\" rel=\"attachment wp-att-21975\"><img loading=\"lazy\" src=\"http:\/\/museumek.eu\/wp-content\/uploads\/2013\/05\/Museum-Europ\u00e4ischer-Keramikkunst-3291-300x144.jpg\" alt=\"\" title=\"Museum Europ\u00e4ischer Keramikkunst 3291\" width=\"300\" height=\"144\" class=\"alignnone size-medium wp-image-21975\" srcset=\"http:\/\/museumek.eu\/wp-content\/uploads\/2013\/05\/Museum-Europ\u00e4ischer-Keramikkunst-3291-300x144.jpg 300w, http:\/\/museumek.eu\/wp-content\/uploads\/2013\/05\/Museum-Europ\u00e4ischer-Keramikkunst-3291-150x72.jpg 150w, http:\/\/museumek.eu\/wp-content\/uploads\/2013\/05\/Museum-Europ\u00e4ischer-Keramikkunst-3291.jpg 606w, http:\/\/museumek.eu\/wp-content\/uploads\/2013\/05\/Museum-Europ\u00e4ischer-Keramikkunst-3291-500x240.jpg 500w\" sizes=\"(max-width: 300px) 100vw, 300px\" \/><\/a><\/p>\n","protected":false},"excerpt":{"rendered":"<p>Abteilung Deutschland, Keramik 1860 \u2013 1960, Inventarnummer D\/XL\/1 T\u00f6pferei Wilhelm Kagel, Deutschland, Garmisch-Partenkirchen, um 1930, Krug mit floralem Motiv, K\u00fcnstler unbekannt, Werks.-Nr. ohne, Exemplar Nr. ohne, gemarkt Werkstattmarke brauner Stempel mit WKP (f\u00fcr Wilhelm Kagel Partenkirchen), g\u00fcltig f\u00fcr die Zeit &hellip; <a href=\"http:\/\/museumek.eu\/?page_id=9811\">Weiterlesen <span class=\"meta-nav\">&rarr;<\/span><\/a><\/p>\n","protected":false},"author":1,"featured_media":0,"parent":9808,"menu_order":1,"comment_status":"closed","ping_status":"open","template":"","meta":[],"_links":{"self":[{"href":"http:\/\/museumek.eu\/index.php?rest_route=\/wp\/v2\/pages\/9811"}],"collection":[{"href":"http:\/\/museumek.eu\/index.php?rest_route=\/wp\/v2\/pages"}],"about":[{"href":"http:\/\/museumek.eu\/index.php?rest_route=\/wp\/v2\/types\/page"}],"author":[{"embeddable":true,"href":"http:\/\/museumek.eu\/index.php?rest_route=\/wp\/v2\/users\/1"}],"replies":[{"embeddable":true,"href":"http:\/\/museumek.eu\/index.php?rest_route=%2Fwp%2Fv2%2Fcomments&post=9811"}],"version-history":[{"count":11,"href":"http:\/\/museumek.eu\/index.php?rest_route=\/wp\/v2\/pages\/9811\/revisions"}],"predecessor-version":[{"id":21983,"href":"http:\/\/museumek.eu\/index.php?rest_route=\/wp\/v2\/pages\/9811\/revisions\/21983"}],"up":[{"embeddable":true,"href":"http:\/\/museumek.eu\/index.php?rest_route=\/wp\/v2\/pages\/9808"}],"wp:attachment":[{"href":"http:\/\/museumek.eu\/index.php?rest_route=%2Fwp%2Fv2%2Fmedia&parent=9811"}],"curies":[{"name":"wp","href":"https:\/\/api.w.org\/{rel}","templated":true}]}}