{"id":9820,"date":"2012-05-20T21:57:29","date_gmt":"2012-05-20T19:57:29","guid":{"rendered":"http:\/\/museumek.eu\/?page_id=9820"},"modified":"2013-04-16T21:08:02","modified_gmt":"2013-04-16T19:08:02","slug":"av4","status":"publish","type":"page","link":"http:\/\/museumek.eu\/?page_id=9820","title":{"rendered":"A\/V\/4"},"content":{"rendered":"<p><strong>Abteilung Austria\/Ungarn\/B\u00f6hmen, Keramik 1860 \u2013 1960, Inventarnummer A\/V\/4<\/strong><\/p>\n<p>Manufaktur Kunstkeramische Fabrik A. F\u00f6rster und Kunstkeramische Fabrik A. F\u00f6rster &#038; Co., Austria, Wien, um 1905, Figur Mandoline spielender Putto auf Marienk\u00e4fer sitzend, K\u00fcnstler unbekannt, Werks.-Nr. 9077, Exemplar Nr. ohne, gemarkt Firmenmarke Biene im Kreis dunkelbrauner Stempel, 9077 gepresst, nicht signiert, Literatur: Waltraud Neuwirth, Wiener Keramik, Seite 145, Manufakturbeschreibung sowie Seite 471, Marke Nr. 109 identisch, siehe auch die Auktionshaus von Zezschwitz, Auktion Nr. 46 Jugendstil undArt D\u00e9co, vom 21.10.2008, Lot Nr. 89, identische Figur, dort mit Werks.-Nr. 9074 beschrieben, vielleicht eine Ablesefehler, da die Werks.-Nr. eindeutig 9077 lautet, Ausf\u00fchrung als heller glasierter Steingutscherben, polychrome Bemalung, ovaler Sockel, die Kunstkeramische Fabrik A. F\u00f6rster wurde 1899 gegr\u00fcndet, Inhaber Alexander F\u00f6rster, sie wurde 1905 in Kunstkeramische Fabrik A. F\u00f6rster &#038; Co. umbenannt, Inhaber Alexander F\u00f6rster und Rudolf Schaller, 1908 wurde die Firma liquidiert und von der Wiener Kunstkeramische Werkst\u00e4tte Busch und Ludescher, WKKW (beide vorher Mitarbeiter bei F\u00f6rster, die 1908 die WKKW gr\u00fcndeten), \u00fcbernommen, H\u00f6he 16,5 cm, Breite 13 cm<\/p>\n<p><a href=\"http:\/\/museumek.eu\/wp-content\/uploads\/2012\/05\/Museum-Europ\u00e4ischer-Keramikkunst-17501.jpg\"><img loading=\"lazy\" src=\"http:\/\/museumek.eu\/wp-content\/uploads\/2012\/05\/Museum-Europ\u00e4ischer-Keramikkunst-17501-207x300.jpg\" alt=\"\" title=\"Museum Europ\u00e4ischer Keramikkunst 1750\" width=\"207\" height=\"300\" class=\"alignnone size-medium wp-image-9822\" srcset=\"http:\/\/museumek.eu\/wp-content\/uploads\/2012\/05\/Museum-Europ\u00e4ischer-Keramikkunst-17501-207x300.jpg 207w, http:\/\/museumek.eu\/wp-content\/uploads\/2012\/05\/Museum-Europ\u00e4ischer-Keramikkunst-17501.jpg 621w\" sizes=\"(max-width: 207px) 100vw, 207px\" \/><\/a><\/p>\n<p><a href=\"http:\/\/museumek.eu\/wp-content\/uploads\/2012\/05\/Museum-Europ\u00e4ischer-Keramikkunst-1751.jpg\"><img loading=\"lazy\" src=\"http:\/\/museumek.eu\/wp-content\/uploads\/2012\/05\/Museum-Europ\u00e4ischer-Keramikkunst-1751-161x300.jpg\" alt=\"\" title=\"Museum Europ\u00e4ischer Keramikkunst 1751\" width=\"161\" height=\"300\" class=\"alignnone size-medium wp-image-9823\" srcset=\"http:\/\/museumek.eu\/wp-content\/uploads\/2012\/05\/Museum-Europ\u00e4ischer-Keramikkunst-1751-161x300.jpg 161w, http:\/\/museumek.eu\/wp-content\/uploads\/2012\/05\/Museum-Europ\u00e4ischer-Keramikkunst-1751.jpg 348w\" sizes=\"(max-width: 161px) 100vw, 161px\" \/><\/a><\/p>\n<p><a href=\"http:\/\/museumek.eu\/wp-content\/uploads\/2012\/05\/F\u00f6rster-Co-Musizierender-Putto.jpg\"><img loading=\"lazy\" src=\"http:\/\/museumek.eu\/wp-content\/uploads\/2012\/05\/F\u00f6rster-Co-Musizierender-Putto-300x153.jpg\" alt=\"\" title=\"F\u00f6rster &amp; Co Musizierender Putto\" width=\"300\" height=\"153\" class=\"alignnone size-medium wp-image-19849\" srcset=\"http:\/\/museumek.eu\/wp-content\/uploads\/2012\/05\/F\u00f6rster-Co-Musizierender-Putto-300x153.jpg 300w, http:\/\/museumek.eu\/wp-content\/uploads\/2012\/05\/F\u00f6rster-Co-Musizierender-Putto-1024x525.jpg 1024w, http:\/\/museumek.eu\/wp-content\/uploads\/2012\/05\/F\u00f6rster-Co-Musizierender-Putto-500x256.jpg 500w, http:\/\/museumek.eu\/wp-content\/uploads\/2012\/05\/F\u00f6rster-Co-Musizierender-Putto.jpg 1249w\" sizes=\"(max-width: 300px) 100vw, 300px\" \/><\/a><\/p>\n","protected":false},"excerpt":{"rendered":"<p>Abteilung Austria\/Ungarn\/B\u00f6hmen, Keramik 1860 \u2013 1960, Inventarnummer A\/V\/4 Manufaktur Kunstkeramische Fabrik A. F\u00f6rster und Kunstkeramische Fabrik A. F\u00f6rster &#038; Co., Austria, Wien, um 1905, Figur Mandoline spielender Putto auf Marienk\u00e4fer sitzend, K\u00fcnstler unbekannt, Werks.-Nr. 9077, Exemplar Nr. ohne, gemarkt Firmenmarke &hellip; <a href=\"http:\/\/museumek.eu\/?page_id=9820\">Weiterlesen <span class=\"meta-nav\">&rarr;<\/span><\/a><\/p>\n","protected":false},"author":1,"featured_media":0,"parent":764,"menu_order":4,"comment_status":"closed","ping_status":"open","template":"","meta":[],"_links":{"self":[{"href":"http:\/\/museumek.eu\/index.php?rest_route=\/wp\/v2\/pages\/9820"}],"collection":[{"href":"http:\/\/museumek.eu\/index.php?rest_route=\/wp\/v2\/pages"}],"about":[{"href":"http:\/\/museumek.eu\/index.php?rest_route=\/wp\/v2\/types\/page"}],"author":[{"embeddable":true,"href":"http:\/\/museumek.eu\/index.php?rest_route=\/wp\/v2\/users\/1"}],"replies":[{"embeddable":true,"href":"http:\/\/museumek.eu\/index.php?rest_route=%2Fwp%2Fv2%2Fcomments&post=9820"}],"version-history":[{"count":4,"href":"http:\/\/museumek.eu\/index.php?rest_route=\/wp\/v2\/pages\/9820\/revisions"}],"predecessor-version":[{"id":19850,"href":"http:\/\/museumek.eu\/index.php?rest_route=\/wp\/v2\/pages\/9820\/revisions\/19850"}],"up":[{"embeddable":true,"href":"http:\/\/museumek.eu\/index.php?rest_route=\/wp\/v2\/pages\/764"}],"wp:attachment":[{"href":"http:\/\/museumek.eu\/index.php?rest_route=%2Fwp%2Fv2%2Fmedia&parent=9820"}],"curies":[{"name":"wp","href":"https:\/\/api.w.org\/{rel}","templated":true}]}}