{"id":9875,"date":"2012-05-22T22:12:49","date_gmt":"2012-05-22T20:12:49","guid":{"rendered":"http:\/\/museumek.eu\/?page_id=9875"},"modified":"2013-07-25T20:40:44","modified_gmt":"2013-07-25T18:40:44","slug":"dxli1","status":"publish","type":"page","link":"http:\/\/museumek.eu\/?page_id=9875","title":{"rendered":"D\/XLI\/1"},"content":{"rendered":"<p><strong>Abteilung Deutschland, Keramik 1860 \u2013 1960, Inventarnummer D\/XLI\/1<\/strong><\/p>\n<p>W\u00e4chtersbacher Steingutfabrik, Deutschland, Schlierbach, 1910, Figur Hessischer Knabe mit Gans, K\u00fcnstler Prof. Ernst Riegel, Werks.-Nr. 5382, Exemplar Nr. ohne, gemarkt Firmenmarke mit KAW (f\u00fcr Kunstabteilung W\u00e4chtersbach, Leitung Christian Neureuther) sowie C.N. (f\u00fcr Christian Neureuther) blauer Stempel unter Glasur, Schildmarke sowie 5382 (nur teilweise lesbar) gepresst, nicht signiert, Literatur: Sparkassen-Kulturstiftung Hessen-Th\u00fcringen, W\u00e4chtersbacher Steingut, Die Sammlung der Sparkassen-Kulturstiftung Hessen-Th\u00fcringen, Seite 56, dort Abbildung der Figur sowie Seite 103, Marke 29 identisch, weitere Literatur: Otto Pelka, Keramik der Neuzeit, Ausgabe Leipzig 1924, Seite 134, Beschreibung der Neureuther Kunstabteilung, Seite 136, Beschreibung der Figurenplastiken von Ernst Riegel, als zu dem Besten geh\u00f6rend, was die Steingutplastik in Deutschland zu bieten hat, Markentafel Nr. VIII, Marke in 125 identisch, Seite 212, Herstellerverzeichnis, Schlierbach, W\u00e4chtersbacher Steingutfabrik sowie Seite 222, Namenverzeichnis, W\u00e4chtersbacher Steingutfabrik, Schlierbach, M 125, weitere Literatur: Ludwig Rinn und Vonderau Museum Fulda, Markentafel W\u00e4chtersbacher Keramik, Seite 12, Marke Nr. 29 identisch, weitere Literatur: Heinz und Lilo Frensch, W\u00e4chtersbacher Steingut, Seite 17, Markentafel, identische abgebildete Marke, Seite 81, Bild Nr. 196 identische Figur sowie Seite 129 und Seite 130 Datierungssystem, weitere Literatur: Museums- und Geschichtsverein Brachttal e. V., W\u00e4chtersbacher Steingut, Figuren und Fig\u00fcrliches, Seite 42, Bild Nr. 70 identische Figur, Seite 106, Markentafel, identische abgebildete Marke sowie Seite 108, Datierungssystem, siehe auch Auktionshaus Quittenbaum M\u00fcnchen, Jugendstil \u2013 Art Deco, Jubil\u00e4umsauktion vom 29.04.2008, Lot Nr. 913, identische Figur, Ausf\u00fchrung in Hartsteingut, das MEK nimmt keine Fabrikbeschreibung vor und verweist auf die o. g. Literatur, H\u00f6he 15,5 cm, Breite 5,5 cm<\/p>\n<p><a href=\"http:\/\/museumek.eu\/wp-content\/uploads\/2012\/05\/Museum-Europ\u00e4ischer-Keramikkunst-19611.jpg\"><img loading=\"lazy\" src=\"http:\/\/museumek.eu\/wp-content\/uploads\/2012\/05\/Museum-Europ\u00e4ischer-Keramikkunst-19611-124x300.jpg\" alt=\"\" title=\"Museum Europ\u00e4ischer Keramikkunst 1961\" width=\"124\" height=\"300\" class=\"alignnone size-medium wp-image-9876\" srcset=\"http:\/\/museumek.eu\/wp-content\/uploads\/2012\/05\/Museum-Europ\u00e4ischer-Keramikkunst-19611-124x300.jpg 124w, http:\/\/museumek.eu\/wp-content\/uploads\/2012\/05\/Museum-Europ\u00e4ischer-Keramikkunst-19611.jpg 392w\" sizes=\"(max-width: 124px) 100vw, 124px\" \/><\/a><\/p>\n<p><a href=\"http:\/\/museumek.eu\/wp-content\/uploads\/2012\/05\/Museum-Europ\u00e4ischer-Keramikkunst-1962.jpg\"><img loading=\"lazy\" src=\"http:\/\/museumek.eu\/wp-content\/uploads\/2012\/05\/Museum-Europ\u00e4ischer-Keramikkunst-1962-126x300.jpg\" alt=\"\" title=\"Museum Europ\u00e4ischer Keramikkunst 1962\" width=\"126\" height=\"300\" class=\"alignnone size-medium wp-image-9877\" \/><\/a><\/p>\n<p><a href=\"http:\/\/museumek.eu\/wp-content\/uploads\/2012\/05\/Museum-Europ\u00e4ischer-Keramikkunst-1963.jpg\"><img loading=\"lazy\" src=\"http:\/\/museumek.eu\/wp-content\/uploads\/2012\/05\/Museum-Europ\u00e4ischer-Keramikkunst-1963-256x300.jpg\" alt=\"\" title=\"Museum Europ\u00e4ischer Keramikkunst 1963\" width=\"256\" height=\"300\" class=\"alignnone size-medium wp-image-9878\" srcset=\"http:\/\/museumek.eu\/wp-content\/uploads\/2012\/05\/Museum-Europ\u00e4ischer-Keramikkunst-1963-256x300.jpg 256w, http:\/\/museumek.eu\/wp-content\/uploads\/2012\/05\/Museum-Europ\u00e4ischer-Keramikkunst-1963.jpg 310w\" sizes=\"(max-width: 256px) 100vw, 256px\" \/><\/a><\/p>\n<p><a href=\"http:\/\/museumek.eu\/wp-content\/uploads\/2012\/05\/Museum-Europ\u00e4ischer-Keramikkunst-1964.jpg\"><img loading=\"lazy\" src=\"http:\/\/museumek.eu\/wp-content\/uploads\/2012\/05\/Museum-Europ\u00e4ischer-Keramikkunst-1964-239x300.jpg\" alt=\"\" title=\"Museum Europ\u00e4ischer Keramikkunst 1964\" width=\"239\" height=\"300\" class=\"alignnone size-medium wp-image-9879\" srcset=\"http:\/\/museumek.eu\/wp-content\/uploads\/2012\/05\/Museum-Europ\u00e4ischer-Keramikkunst-1964-239x300.jpg 239w, http:\/\/museumek.eu\/wp-content\/uploads\/2012\/05\/Museum-Europ\u00e4ischer-Keramikkunst-1964.jpg 481w\" sizes=\"(max-width: 239px) 100vw, 239px\" \/><\/a><\/p>\n<p><a href=\"http:\/\/museumek.eu\/wp-content\/uploads\/2012\/05\/Museum-Europ\u00e4ischer-Keramikkunst-2113.jpg\"><img loading=\"lazy\" src=\"http:\/\/museumek.eu\/wp-content\/uploads\/2012\/05\/Museum-Europ\u00e4ischer-Keramikkunst-2113-300x210.jpg\" alt=\"\" title=\"Museum Europ\u00e4ischer Keramikkunst 2113\" width=\"300\" height=\"210\" class=\"alignnone size-medium wp-image-9880\" srcset=\"http:\/\/museumek.eu\/wp-content\/uploads\/2012\/05\/Museum-Europ\u00e4ischer-Keramikkunst-2113-300x210.jpg 300w, http:\/\/museumek.eu\/wp-content\/uploads\/2012\/05\/Museum-Europ\u00e4ischer-Keramikkunst-2113-427x300.jpg 427w, http:\/\/museumek.eu\/wp-content\/uploads\/2012\/05\/Museum-Europ\u00e4ischer-Keramikkunst-2113.jpg 442w\" sizes=\"(max-width: 300px) 100vw, 300px\" \/><\/a><\/p>\n","protected":false},"excerpt":{"rendered":"<p>Abteilung Deutschland, Keramik 1860 \u2013 1960, Inventarnummer D\/XLI\/1 W\u00e4chtersbacher Steingutfabrik, Deutschland, Schlierbach, 1910, Figur Hessischer Knabe mit Gans, K\u00fcnstler Prof. Ernst Riegel, Werks.-Nr. 5382, Exemplar Nr. ohne, gemarkt Firmenmarke mit KAW (f\u00fcr Kunstabteilung W\u00e4chtersbach, Leitung Christian Neureuther) sowie C.N. (f\u00fcr &hellip; <a href=\"http:\/\/museumek.eu\/?page_id=9875\">Weiterlesen <span class=\"meta-nav\">&rarr;<\/span><\/a><\/p>\n","protected":false},"author":1,"featured_media":0,"parent":9872,"menu_order":1,"comment_status":"closed","ping_status":"open","template":"","meta":[],"_links":{"self":[{"href":"http:\/\/museumek.eu\/index.php?rest_route=\/wp\/v2\/pages\/9875"}],"collection":[{"href":"http:\/\/museumek.eu\/index.php?rest_route=\/wp\/v2\/pages"}],"about":[{"href":"http:\/\/museumek.eu\/index.php?rest_route=\/wp\/v2\/types\/page"}],"author":[{"embeddable":true,"href":"http:\/\/museumek.eu\/index.php?rest_route=\/wp\/v2\/users\/1"}],"replies":[{"embeddable":true,"href":"http:\/\/museumek.eu\/index.php?rest_route=%2Fwp%2Fv2%2Fcomments&post=9875"}],"version-history":[{"count":6,"href":"http:\/\/museumek.eu\/index.php?rest_route=\/wp\/v2\/pages\/9875\/revisions"}],"predecessor-version":[{"id":25558,"href":"http:\/\/museumek.eu\/index.php?rest_route=\/wp\/v2\/pages\/9875\/revisions\/25558"}],"up":[{"embeddable":true,"href":"http:\/\/museumek.eu\/index.php?rest_route=\/wp\/v2\/pages\/9872"}],"wp:attachment":[{"href":"http:\/\/museumek.eu\/index.php?rest_route=%2Fwp%2Fv2%2Fmedia&parent=9875"}],"curies":[{"name":"wp","href":"https:\/\/api.w.org\/{rel}","templated":true}]}}