{"id":998,"date":"2011-08-12T22:59:10","date_gmt":"2011-08-12T20:59:10","guid":{"rendered":"http:\/\/museumek.eu\/?page_id=998"},"modified":"2012-07-28T12:45:05","modified_gmt":"2012-07-28T10:45:05","slug":"axii1","status":"publish","type":"page","link":"http:\/\/museumek.eu\/?page_id=998","title":{"rendered":"A\/XII\/1"},"content":{"rendered":"<p><strong>Abteilung Austria\/Ungarn\/B\u00f6hmen, Keramik 1860 \u2013 1960, Inventarnummer A\/XII\/1<\/strong><\/p>\n<p>Manufaktur Eduard Klablena (attr.), Austria, Langenzersdorf, um 1915, Figur Sitzender Hase, K\u00fcnstler Eduard Klablena, Werksnummer 112, Exemplar Nr. ohne, gemarkt 112 gepresst, evtl. WW geritzt (schwer lesbar), nicht signiert, Literatur: Uta M. Matschiner, Wiener Kunstkeramik und Porzellanmanufaktur Keramos, Seite 206, Biografie des K\u00fcnstlers, unter den rund 200 Modellen, die Klablena an die Manufaktur Keramos zur Produktion weitergab, ist die MEK Figur nicht enthalten, evtl. wurde diese Figur \u00fcber die Wiener Werkst\u00e4tte (\u00fcber die WW wurden auch Modelle von Klablena verkauft) verkauft, eine weitere nachweisbare Figur konnte nicht recherchiert werden, auch nicht in der gro\u00dfen Klablena Sammlung der Wiener Galerie bei der Albertina, siehe dazu Literatur: Christa Zetter und Katharina Zetter-Karner, Kleine Preise vor gro\u00dfem Umbau, Galerie bei der Albertina, Jahr 2010, Seiten 70 bis 72, dort nicht aufgef\u00fchrt, H\u00f6he 7 cm, Breite 6,5 cm<\/p>\n<p><a href=\"http:\/\/museumek.eu\/wp-content\/uploads\/2011\/08\/Museum-Europ\u00e4ischer-Keramikkunst-Qualit\u00e4tsfotos-184.jpg\"><img loading=\"lazy\" src=\"http:\/\/museumek.eu\/wp-content\/uploads\/2011\/08\/Museum-Europ\u00e4ischer-Keramikkunst-Qualit\u00e4tsfotos-184-228x300.jpg\" alt=\"\" title=\"Museum Europ\u00e4ischer Keramikkunst Qualit\u00e4tsfotos 184\" width=\"228\" height=\"300\" class=\"alignnone size-medium wp-image-999\" srcset=\"http:\/\/museumek.eu\/wp-content\/uploads\/2011\/08\/Museum-Europ\u00e4ischer-Keramikkunst-Qualit\u00e4tsfotos-184-228x300.jpg 228w, http:\/\/museumek.eu\/wp-content\/uploads\/2011\/08\/Museum-Europ\u00e4ischer-Keramikkunst-Qualit\u00e4tsfotos-184.jpg 554w\" sizes=\"(max-width: 228px) 100vw, 228px\" \/><\/a><\/p>\n<p><a href=\"http:\/\/museumek.eu\/wp-content\/uploads\/2011\/08\/Museum-Europ\u00e4ischer-Keramikkunst-283.jpg\"><img loading=\"lazy\" src=\"http:\/\/museumek.eu\/wp-content\/uploads\/2011\/08\/Museum-Europ\u00e4ischer-Keramikkunst-283-300x261.jpg\" alt=\"\" title=\"Museum Europ\u00e4ischer Keramikkunst 283\" width=\"300\" height=\"261\" class=\"alignnone size-medium wp-image-1000\" srcset=\"http:\/\/museumek.eu\/wp-content\/uploads\/2011\/08\/Museum-Europ\u00e4ischer-Keramikkunst-283-300x261.jpg 300w, http:\/\/museumek.eu\/wp-content\/uploads\/2011\/08\/Museum-Europ\u00e4ischer-Keramikkunst-283-344x300.jpg 344w, http:\/\/museumek.eu\/wp-content\/uploads\/2011\/08\/Museum-Europ\u00e4ischer-Keramikkunst-283.jpg 633w\" sizes=\"(max-width: 300px) 100vw, 300px\" \/><\/a><\/p>\n","protected":false},"excerpt":{"rendered":"<p>Abteilung Austria\/Ungarn\/B\u00f6hmen, Keramik 1860 \u2013 1960, Inventarnummer A\/XII\/1 Manufaktur Eduard Klablena (attr.), Austria, Langenzersdorf, um 1915, Figur Sitzender Hase, K\u00fcnstler Eduard Klablena, Werksnummer 112, Exemplar Nr. ohne, gemarkt 112 gepresst, evtl. WW geritzt (schwer lesbar), nicht signiert, Literatur: Uta M. &hellip; <a href=\"http:\/\/museumek.eu\/?page_id=998\">Weiterlesen <span class=\"meta-nav\">&rarr;<\/span><\/a><\/p>\n","protected":false},"author":1,"featured_media":0,"parent":995,"menu_order":1,"comment_status":"open","ping_status":"open","template":"","meta":[],"_links":{"self":[{"href":"http:\/\/museumek.eu\/index.php?rest_route=\/wp\/v2\/pages\/998"}],"collection":[{"href":"http:\/\/museumek.eu\/index.php?rest_route=\/wp\/v2\/pages"}],"about":[{"href":"http:\/\/museumek.eu\/index.php?rest_route=\/wp\/v2\/types\/page"}],"author":[{"embeddable":true,"href":"http:\/\/museumek.eu\/index.php?rest_route=\/wp\/v2\/users\/1"}],"replies":[{"embeddable":true,"href":"http:\/\/museumek.eu\/index.php?rest_route=%2Fwp%2Fv2%2Fcomments&post=998"}],"version-history":[{"count":4,"href":"http:\/\/museumek.eu\/index.php?rest_route=\/wp\/v2\/pages\/998\/revisions"}],"predecessor-version":[{"id":12091,"href":"http:\/\/museumek.eu\/index.php?rest_route=\/wp\/v2\/pages\/998\/revisions\/12091"}],"up":[{"embeddable":true,"href":"http:\/\/museumek.eu\/index.php?rest_route=\/wp\/v2\/pages\/995"}],"wp:attachment":[{"href":"http:\/\/museumek.eu\/index.php?rest_route=%2Fwp%2Fv2%2Fmedia&parent=998"}],"curies":[{"name":"wp","href":"https:\/\/api.w.org\/{rel}","templated":true}]}}