{"id":10026,"date":"2012-05-27T11:26:08","date_gmt":"2012-05-27T09:26:08","guid":{"rendered":"http:\/\/museumek.eu\/?page_id=10026"},"modified":"2013-07-25T20:42:06","modified_gmt":"2013-07-25T18:42:06","slug":"dxli2","status":"publish","type":"page","link":"https:\/\/museumek.eu\/?page_id=10026","title":{"rendered":"D\/XLI\/2"},"content":{"rendered":"<p><strong>Abteilung Deutschland, Keramik 1860 \u2013 1960, Inventarnummer D\/XLI\/2<\/strong><\/p>\n<p>W\u00e4chtersbacher Steingutfabrik, Deutschland, Schlierbach, um 1911, Tablett aus dem Teeservice \u201eHamburg\u201c, K\u00fcnstler Hans Christiansen, Werks.-Nr. 1549 (Dekornummer), Exemplar Nr. 41 (?), gemarkt keine Firmenmarke aber 1549 sowie 41 blaue Stempel unter Glasur, evtl. signiert Hans Christiansen blauer Schriftzug, Literatur: Sparkassen-Kulturstiftung Hessen-Th\u00fcringen, W\u00e4chtersbacher Steingut, Die Sammlung der Sparkassen-Kulturstiftung Hessen-Th\u00fcringen, Seite 119, Nr. 178, dort Beschreibung Service Hamburg, graue Quadrate jeweils mit Rosenbl\u00fcte, Form und Dekor Hans Christiansen, weitere Literatur: Margret Zimmermannn-Degen, Hans Christiansen, Leben und Werk eines Jugendstilk\u00fcnstlers, Seite 99, dort Beschreibung sowie Abb. Tablett, weitere Literatur: Museum K\u00fcnstlerkolonie Darmstadt, Katalog, Seite 54, Abbildung und Beschreibung Nr. 67 identische Platte mit Dekor \u201eHamburg\u201c Entwurf Hans Christiansen, Dekornummer dito, siehe auch Auktionshaus Quittenbaum M\u00fcnchen, Jugendstil \u2013 Art Deco, 77. Auktion \u2013 Teil II vom 21.10.2008, Lot Nr. 623, Ausf\u00fchrung in Hartsteingut von der Kunstabteilung (KAW) W\u00e4chtersbach, Leitung Christian Neureuther, gerahmt in einem Holzrahmen, das MEK nimmt keine Fabrikbeschreibung vor und verweist auf die unter MEK D\/XLI\/1 genannte Literatur,<br \/>\nH\u00f6he 24 cm, Breite 38 cm (nur die Keramik)<\/p>\n<p><a href=\"http:\/\/museumek.eu\/wp-content\/uploads\/2012\/05\/Museum-Europ\u00e4ischer-Keramikkunst-18611.jpg\"><img loading=\"lazy\" src=\"http:\/\/museumek.eu\/wp-content\/uploads\/2012\/05\/Museum-Europ\u00e4ischer-Keramikkunst-18611-300x201.jpg\" alt=\"\" title=\"Museum Europ\u00e4ischer Keramikkunst 1861\" width=\"300\" height=\"201\" class=\"alignnone size-medium wp-image-10027\" srcset=\"https:\/\/museumek.eu\/wp-content\/uploads\/2012\/05\/Museum-Europ\u00e4ischer-Keramikkunst-18611-300x201.jpg 300w, https:\/\/museumek.eu\/wp-content\/uploads\/2012\/05\/Museum-Europ\u00e4ischer-Keramikkunst-18611-446x300.jpg 446w, https:\/\/museumek.eu\/wp-content\/uploads\/2012\/05\/Museum-Europ\u00e4ischer-Keramikkunst-18611.jpg 895w\" sizes=\"(max-width: 300px) 100vw, 300px\" \/><\/a><\/p>\n<p><a href=\"http:\/\/museumek.eu\/wp-content\/uploads\/2012\/05\/Museum-Europ\u00e4ischer-Keramikkunst-1867.jpg\"><img loading=\"lazy\" src=\"http:\/\/museumek.eu\/wp-content\/uploads\/2012\/05\/Museum-Europ\u00e4ischer-Keramikkunst-1867-300x153.jpg\" alt=\"\" title=\"Museum Europ\u00e4ischer Keramikkunst 1867\" width=\"300\" height=\"153\" class=\"alignnone size-medium wp-image-10028\" srcset=\"https:\/\/museumek.eu\/wp-content\/uploads\/2012\/05\/Museum-Europ\u00e4ischer-Keramikkunst-1867-300x153.jpg 300w, https:\/\/museumek.eu\/wp-content\/uploads\/2012\/05\/Museum-Europ\u00e4ischer-Keramikkunst-1867.jpg 441w\" sizes=\"(max-width: 300px) 100vw, 300px\" \/><\/a><\/p>\n<p><a href=\"http:\/\/museumek.eu\/wp-content\/uploads\/2012\/05\/Museum-Europ\u00e4ischer-Keramikkunst-1866.jpg\"><img loading=\"lazy\" src=\"http:\/\/museumek.eu\/wp-content\/uploads\/2012\/05\/Museum-Europ\u00e4ischer-Keramikkunst-1866-300x119.jpg\" alt=\"\" title=\"Museum Europ\u00e4ischer Keramikkunst 1866\" width=\"300\" height=\"119\" class=\"alignnone size-medium wp-image-10029\" srcset=\"https:\/\/museumek.eu\/wp-content\/uploads\/2012\/05\/Museum-Europ\u00e4ischer-Keramikkunst-1866-300x119.jpg 300w, https:\/\/museumek.eu\/wp-content\/uploads\/2012\/05\/Museum-Europ\u00e4ischer-Keramikkunst-1866-500x198.jpg 500w, https:\/\/museumek.eu\/wp-content\/uploads\/2012\/05\/Museum-Europ\u00e4ischer-Keramikkunst-1866.jpg 697w\" sizes=\"(max-width: 300px) 100vw, 300px\" \/><\/a><\/p>\n<p><a href=\"http:\/\/museumek.eu\/wp-content\/uploads\/2012\/05\/Museum-Europ\u00e4ischer-Keramikkunst-2209.jpg\"><img loading=\"lazy\" src=\"http:\/\/museumek.eu\/wp-content\/uploads\/2012\/05\/Museum-Europ\u00e4ischer-Keramikkunst-2209-300x187.jpg\" alt=\"\" title=\"Museum Europ\u00e4ischer Keramikkunst 2209\" width=\"300\" height=\"187\" class=\"alignnone size-medium wp-image-10030\" srcset=\"https:\/\/museumek.eu\/wp-content\/uploads\/2012\/05\/Museum-Europ\u00e4ischer-Keramikkunst-2209-300x187.jpg 300w, https:\/\/museumek.eu\/wp-content\/uploads\/2012\/05\/Museum-Europ\u00e4ischer-Keramikkunst-2209-481x300.jpg 481w, https:\/\/museumek.eu\/wp-content\/uploads\/2012\/05\/Museum-Europ\u00e4ischer-Keramikkunst-2209.jpg 635w\" sizes=\"(max-width: 300px) 100vw, 300px\" \/><\/a><\/p>\n<p><a href=\"http:\/\/museumek.eu\/wp-content\/uploads\/2012\/05\/Museum-Europ\u00e4ischer-Keramikkunst-2210.jpg\"><img loading=\"lazy\" src=\"http:\/\/museumek.eu\/wp-content\/uploads\/2012\/05\/Museum-Europ\u00e4ischer-Keramikkunst-2210-300x200.jpg\" alt=\"\" title=\"Museum Europ\u00e4ischer Keramikkunst 2210\" width=\"300\" height=\"200\" class=\"alignnone size-medium wp-image-10031\" srcset=\"https:\/\/museumek.eu\/wp-content\/uploads\/2012\/05\/Museum-Europ\u00e4ischer-Keramikkunst-2210-300x200.jpg 300w, https:\/\/museumek.eu\/wp-content\/uploads\/2012\/05\/Museum-Europ\u00e4ischer-Keramikkunst-2210-447x300.jpg 447w, https:\/\/museumek.eu\/wp-content\/uploads\/2012\/05\/Museum-Europ\u00e4ischer-Keramikkunst-2210.jpg 733w\" sizes=\"(max-width: 300px) 100vw, 300px\" \/><\/a> <\/p>\n","protected":false},"excerpt":{"rendered":"<p>Abteilung Deutschland, Keramik 1860 \u2013 1960, Inventarnummer D\/XLI\/2 W\u00e4chtersbacher Steingutfabrik, Deutschland, Schlierbach, um 1911, Tablett aus dem Teeservice \u201eHamburg\u201c, K\u00fcnstler Hans Christiansen, Werks.-Nr. 1549 (Dekornummer), Exemplar Nr. 41 (?), gemarkt keine Firmenmarke aber 1549 sowie 41 blaue Stempel unter Glasur, &hellip; <a href=\"https:\/\/museumek.eu\/?page_id=10026\">Weiterlesen <span class=\"meta-nav\">&rarr;<\/span><\/a><\/p>\n","protected":false},"author":1,"featured_media":0,"parent":9872,"menu_order":2,"comment_status":"closed","ping_status":"open","template":"","meta":[],"_links":{"self":[{"href":"https:\/\/museumek.eu\/index.php?rest_route=\/wp\/v2\/pages\/10026"}],"collection":[{"href":"https:\/\/museumek.eu\/index.php?rest_route=\/wp\/v2\/pages"}],"about":[{"href":"https:\/\/museumek.eu\/index.php?rest_route=\/wp\/v2\/types\/page"}],"author":[{"embeddable":true,"href":"https:\/\/museumek.eu\/index.php?rest_route=\/wp\/v2\/users\/1"}],"replies":[{"embeddable":true,"href":"https:\/\/museumek.eu\/index.php?rest_route=%2Fwp%2Fv2%2Fcomments&post=10026"}],"version-history":[{"count":6,"href":"https:\/\/museumek.eu\/index.php?rest_route=\/wp\/v2\/pages\/10026\/revisions"}],"predecessor-version":[{"id":25559,"href":"https:\/\/museumek.eu\/index.php?rest_route=\/wp\/v2\/pages\/10026\/revisions\/25559"}],"up":[{"embeddable":true,"href":"https:\/\/museumek.eu\/index.php?rest_route=\/wp\/v2\/pages\/9872"}],"wp:attachment":[{"href":"https:\/\/museumek.eu\/index.php?rest_route=%2Fwp%2Fv2%2Fmedia&parent=10026"}],"curies":[{"name":"wp","href":"https:\/\/api.w.org\/{rel}","templated":true}]}}