{"id":10215,"date":"2012-06-04T20:57:09","date_gmt":"2012-06-04T18:57:09","guid":{"rendered":"http:\/\/museumek.eu\/?page_id=10215"},"modified":"2013-04-14T17:55:23","modified_gmt":"2013-04-14T15:55:23","slug":"fotos-und-beschreibung","status":"publish","type":"page","link":"https:\/\/museumek.eu\/?page_id=10215","title":{"rendered":"Fotos und Beschreibung"},"content":{"rendered":"<p><strong>Abteilung Deutschland, Keramik 1860 \u2013 1960, Inventarnummer D\/XLIII\/1<\/strong><\/p>\n<p>Manufaktur Kunstt\u00f6pferei Friedrich Festersen, Deutschland, Berlin, um 1910, Milchk\u00e4nnchen mit Schw\u00e4mmeldekor nach Bunzlauer Art, K\u00fcnstler Friedrich Festersen, Werks.-Nr. ohne, Exemplar Nr. ohne, gemarkt ovaler Presstempel ohne weitere Einpressung, Festersen Farbstempel schwach lesbar, nicht signiert, Literatur: Keramik-Museum Berlin, Kunstt\u00f6pferei Friedrich Festersen (Berlin 1909 \u2013 1922), Seite 8, oben rechts, \u00e4hnliches K\u00e4nnchen aus Abbildung \u201eDekorative Kunst\u201c, Seite 20, Marke M 1, Festersen (hier als Presstempel), Marke M 3 Ovalstempel (hier als Farbstempel mit Festersen), Seite 21, Krug mit \u00e4hnlichem Schw\u00e4mmeldekor, Seite 27, Vase mit \u00e4hnlichem Schw\u00e4mmeldekor, weitere Literatur: Heidi M\u00fcller, Ekkehard und Inge Lippert, Regine Falkenberg, Bunzlauer Geschirr, Staatliche Museen Preu\u00dfischer Kulturbesitz, Schriften des Museums f\u00fcr Deutsche Volkskunde Berlin, Band 14, Seite 403, Markenverzeichnis, Marke 19, Festersen, weitere Literatur: Christel Mosel, Kunsthandwerk im Umbruch, Jugendstil und Zwanziger Jahre, Seite 12, Marke Festersen, weitere Literatur: Gisela Reineking von Bock, Meister der deutschen Keramik 1900 bis 1950, Seite 115, Beschreibung Manufaktur Festersen sowie Seite 320, Marke Festersen, H\u00f6he 6 cm, Breite 10 cm<\/p>\n<p><a href=\"http:\/\/museumek.eu\/wp-content\/uploads\/2012\/06\/Museum-Europ\u00e4ischer-Keramikkunst-2312.jpg\"><img loading=\"lazy\" src=\"http:\/\/museumek.eu\/wp-content\/uploads\/2012\/06\/Museum-Europ\u00e4ischer-Keramikkunst-2312-300x227.jpg\" alt=\"\" title=\"Museum Europ\u00e4ischer Keramikkunst 2312\" width=\"300\" height=\"227\" class=\"alignnone size-medium wp-image-10205\" srcset=\"https:\/\/museumek.eu\/wp-content\/uploads\/2012\/06\/Museum-Europ\u00e4ischer-Keramikkunst-2312-300x227.jpg 300w, https:\/\/museumek.eu\/wp-content\/uploads\/2012\/06\/Museum-Europ\u00e4ischer-Keramikkunst-2312-394x300.jpg 394w, https:\/\/museumek.eu\/wp-content\/uploads\/2012\/06\/Museum-Europ\u00e4ischer-Keramikkunst-2312.jpg 736w\" sizes=\"(max-width: 300px) 100vw, 300px\" \/><\/a><\/p>\n<p><a href=\"http:\/\/museumek.eu\/wp-content\/uploads\/2012\/06\/Museum-Europ\u00e4ischer-Keramikkunst-2313.jpg\"><img loading=\"lazy\" src=\"http:\/\/museumek.eu\/wp-content\/uploads\/2012\/06\/Museum-Europ\u00e4ischer-Keramikkunst-2313-256x300.jpg\" alt=\"\" title=\"Museum Europ\u00e4ischer Keramikkunst 2313\" width=\"256\" height=\"300\" class=\"alignnone size-medium wp-image-10206\" srcset=\"https:\/\/museumek.eu\/wp-content\/uploads\/2012\/06\/Museum-Europ\u00e4ischer-Keramikkunst-2313-256x300.jpg 256w, https:\/\/museumek.eu\/wp-content\/uploads\/2012\/06\/Museum-Europ\u00e4ischer-Keramikkunst-2313.jpg 540w\" sizes=\"(max-width: 256px) 100vw, 256px\" \/><\/a><\/p>\n<p><strong>Abteilung Deutschland, Keramik 1860 \u2013 1960, Inventarnummer D\/XLIII\/2<\/strong><\/p>\n<p>Manufaktur Kunstt\u00f6pferei Friedrich Festersen (attr.), Deutschland, Berlin, um 1910, Vase nach Bunzlauer Art, K\u00fcnstler Friedrich Festersen (attr.), Werks.-Nr. ohne, Exemplar Nr. ohne, nicht gemarkt, nicht signiert, Literatur: Keramik-Museum Berlin, Kunstt\u00f6pferei Friedrich Festersen (Berlin 1909 \u2013 1922), Seite 26, formgleiche, gr\u00f6\u00dfere Vase mit \u00e4hnlichem Bl\u00fctendekor, H\u00f6he 15 cm, Breite 12 cm<\/p>\n<p><a href=\"http:\/\/museumek.eu\/wp-content\/uploads\/2012\/08\/Museum-Europ\u00e4ischer-Keramikkunst-2444.jpg\"><img loading=\"lazy\" src=\"http:\/\/museumek.eu\/wp-content\/uploads\/2012\/08\/Museum-Europ\u00e4ischer-Keramikkunst-2444-215x300.jpg\" alt=\"\" title=\"Museum Europ\u00e4ischer Keramikkunst 2444\" width=\"215\" height=\"300\" class=\"alignnone size-medium wp-image-12513\" srcset=\"https:\/\/museumek.eu\/wp-content\/uploads\/2012\/08\/Museum-Europ\u00e4ischer-Keramikkunst-2444-215x300.jpg 215w, https:\/\/museumek.eu\/wp-content\/uploads\/2012\/08\/Museum-Europ\u00e4ischer-Keramikkunst-2444.jpg 607w\" sizes=\"(max-width: 215px) 100vw, 215px\" \/><\/a><\/p>\n<p><a href=\"http:\/\/museumek.eu\/wp-content\/uploads\/2012\/08\/Museum-Europ\u00e4ischer-Keramikkunst-2445.jpg\"><img loading=\"lazy\" src=\"http:\/\/museumek.eu\/wp-content\/uploads\/2012\/08\/Museum-Europ\u00e4ischer-Keramikkunst-2445-247x300.jpg\" alt=\"\" title=\"Museum Europ\u00e4ischer Keramikkunst 2445\" width=\"247\" height=\"300\" class=\"alignnone size-medium wp-image-12514\" srcset=\"https:\/\/museumek.eu\/wp-content\/uploads\/2012\/08\/Museum-Europ\u00e4ischer-Keramikkunst-2445-247x300.jpg 247w, https:\/\/museumek.eu\/wp-content\/uploads\/2012\/08\/Museum-Europ\u00e4ischer-Keramikkunst-2445.jpg 532w\" sizes=\"(max-width: 247px) 100vw, 247px\" \/><\/a><\/p>\n<p><a href=\"http:\/\/museumek.eu\/wp-content\/uploads\/2012\/08\/Museum-Europ\u00e4ischer-Keramikkunst-2446.jpg\"><img loading=\"lazy\" src=\"http:\/\/museumek.eu\/wp-content\/uploads\/2012\/08\/Museum-Europ\u00e4ischer-Keramikkunst-2446-300x298.jpg\" alt=\"\" title=\"Museum Europ\u00e4ischer Keramikkunst 2446\" width=\"300\" height=\"298\" class=\"alignnone size-medium wp-image-12515\" srcset=\"https:\/\/museumek.eu\/wp-content\/uploads\/2012\/08\/Museum-Europ\u00e4ischer-Keramikkunst-2446-300x298.jpg 300w, https:\/\/museumek.eu\/wp-content\/uploads\/2012\/08\/Museum-Europ\u00e4ischer-Keramikkunst-2446-150x150.jpg 150w, https:\/\/museumek.eu\/wp-content\/uploads\/2012\/08\/Museum-Europ\u00e4ischer-Keramikkunst-2446-301x300.jpg 301w, https:\/\/museumek.eu\/wp-content\/uploads\/2012\/08\/Museum-Europ\u00e4ischer-Keramikkunst-2446.jpg 456w\" sizes=\"(max-width: 300px) 100vw, 300px\" \/><\/a><\/p>\n<p><strong>Abteilung Deutschland, Keramik 1860 \u2013 1960, Inventarnummer D\/XLIII\/3<\/strong><\/p>\n<p>Manufaktur Kunstt\u00f6pferei Friedrich Festersen (attr.), Deutschland, Berlin, um 1910, Vase, K\u00fcnstler Friedrich Festersen (attr.), Werks.-Nr. ohne, Exemplar Nr. ohne, nicht gemarkt, nicht signiert, Literatur: Jugendstil Kunst um 1900, Kataloge des Hessischen Landesmuseums Nr. 12, herausgegeben von Wolfgang Beeh, Seite 104, Abbildung 104, Festersen Vase mit \u00e4hnlichen vom M\u00fcndungsrand nach unten gerichteten Dreiecken, schwer zu lesen einmal mit Bleistift Festersen und einmal geritzt Festersen,<br \/>\nH\u00f6he 14,5 cm, Breite 12 cm<\/p>\n<p><a href=\"http:\/\/museumek.eu\/wp-content\/uploads\/2013\/03\/Museum-Europ\u00e4ischer-Keramikkunst-39831.jpg\"><img loading=\"lazy\" src=\"http:\/\/museumek.eu\/wp-content\/uploads\/2013\/03\/Museum-Europ\u00e4ischer-Keramikkunst-39831-235x300.jpg\" alt=\"\" title=\"Museum Europ\u00e4ischer Keramikkunst 3983\" width=\"235\" height=\"300\" class=\"alignnone size-medium wp-image-18769\" srcset=\"https:\/\/museumek.eu\/wp-content\/uploads\/2013\/03\/Museum-Europ\u00e4ischer-Keramikkunst-39831-235x300.jpg 235w, https:\/\/museumek.eu\/wp-content\/uploads\/2013\/03\/Museum-Europ\u00e4ischer-Keramikkunst-39831.jpg 672w\" sizes=\"(max-width: 235px) 100vw, 235px\" \/><\/a><\/p>\n<p><a href=\"http:\/\/museumek.eu\/wp-content\/uploads\/2013\/03\/Museum-Europ\u00e4ischer-Keramikkunst-3984.jpg\"><img loading=\"lazy\" src=\"http:\/\/museumek.eu\/wp-content\/uploads\/2013\/03\/Museum-Europ\u00e4ischer-Keramikkunst-3984-300x280.jpg\" alt=\"\" title=\"Museum Europ\u00e4ischer Keramikkunst 3984\" width=\"300\" height=\"280\" class=\"alignnone size-medium wp-image-18770\" srcset=\"https:\/\/museumek.eu\/wp-content\/uploads\/2013\/03\/Museum-Europ\u00e4ischer-Keramikkunst-3984-300x280.jpg 300w, https:\/\/museumek.eu\/wp-content\/uploads\/2013\/03\/Museum-Europ\u00e4ischer-Keramikkunst-3984-320x300.jpg 320w, https:\/\/museumek.eu\/wp-content\/uploads\/2013\/03\/Museum-Europ\u00e4ischer-Keramikkunst-3984.jpg 802w\" sizes=\"(max-width: 300px) 100vw, 300px\" \/><\/a><\/p>\n<p><strong>Abteilung Deutschland, Keramik 1860 \u2013 1960, Inventarnummer D\/XLIII\/4<\/strong><\/p>\n<p>Manufaktur Kunstt\u00f6pferei Friedrich Festersen (attr.), Deutschland, Berlin, um 1910, Vase nach Bunzlauer Art, K\u00fcnstler Friedrich Festersen (attr.), Werks.-Nr. ohne, Exemplar Nr. ohne, gemarkt schwer lesbar Festersen geritzt, nicht signiert, Zuschreibung zu Festersen, gro\u00dfe \u00c4hnlichkeit der Dekorierung mit der Vase MEK D\/XLIII\/2 sowie Ritzung Festersen, H\u00f6he 12 cm, Breite 9 cm<\/p>\n<p><a href=\"http:\/\/museumek.eu\/wp-content\/uploads\/2013\/03\/Museum-Europ\u00e4ischer-Keramikkunst-4082.jpg\"><img loading=\"lazy\" src=\"http:\/\/museumek.eu\/wp-content\/uploads\/2013\/03\/Museum-Europ\u00e4ischer-Keramikkunst-4082-200x300.jpg\" alt=\"\" title=\"Museum Europ\u00e4ischer Keramikkunst 4082\" width=\"200\" height=\"300\" class=\"alignnone size-medium wp-image-18820\" srcset=\"https:\/\/museumek.eu\/wp-content\/uploads\/2013\/03\/Museum-Europ\u00e4ischer-Keramikkunst-4082-200x300.jpg 200w, https:\/\/museumek.eu\/wp-content\/uploads\/2013\/03\/Museum-Europ\u00e4ischer-Keramikkunst-4082.jpg 531w\" sizes=\"(max-width: 200px) 100vw, 200px\" \/><\/a><\/p>\n<p><a href=\"http:\/\/museumek.eu\/wp-content\/uploads\/2013\/03\/Museum-Europ\u00e4ischer-Keramikkunst-4083.jpg\"><img loading=\"lazy\" src=\"http:\/\/museumek.eu\/wp-content\/uploads\/2013\/03\/Museum-Europ\u00e4ischer-Keramikkunst-4083-276x300.jpg\" alt=\"\" title=\"Museum Europ\u00e4ischer Keramikkunst 4083\" width=\"276\" height=\"300\" class=\"alignnone size-medium wp-image-18821\" srcset=\"https:\/\/museumek.eu\/wp-content\/uploads\/2013\/03\/Museum-Europ\u00e4ischer-Keramikkunst-4083-276x300.jpg 276w, https:\/\/museumek.eu\/wp-content\/uploads\/2013\/03\/Museum-Europ\u00e4ischer-Keramikkunst-4083.jpg 500w\" sizes=\"(max-width: 276px) 100vw, 276px\" \/><\/a><\/p>\n<p><a href=\"http:\/\/museumek.eu\/wp-content\/uploads\/2013\/03\/Museum-Europ\u00e4ischer-Keramikkunst-4086.jpg\"><img loading=\"lazy\" src=\"http:\/\/museumek.eu\/wp-content\/uploads\/2013\/03\/Museum-Europ\u00e4ischer-Keramikkunst-4086-300x252.jpg\" alt=\"\" title=\"Museum Europ\u00e4ischer Keramikkunst 4086\" width=\"300\" height=\"252\" class=\"alignnone size-medium wp-image-18822\" srcset=\"https:\/\/museumek.eu\/wp-content\/uploads\/2013\/03\/Museum-Europ\u00e4ischer-Keramikkunst-4086-300x252.jpg 300w, https:\/\/museumek.eu\/wp-content\/uploads\/2013\/03\/Museum-Europ\u00e4ischer-Keramikkunst-4086-356x300.jpg 356w, https:\/\/museumek.eu\/wp-content\/uploads\/2013\/03\/Museum-Europ\u00e4ischer-Keramikkunst-4086.jpg 699w\" sizes=\"(max-width: 300px) 100vw, 300px\" \/><\/a><\/p>\n<p><a href=\"http:\/\/museumek.eu\/wp-content\/uploads\/2013\/03\/Museum-Europ\u00e4ischer-Keramikkunst-4088.jpg\"><img loading=\"lazy\" src=\"http:\/\/museumek.eu\/wp-content\/uploads\/2013\/03\/Museum-Europ\u00e4ischer-Keramikkunst-4088-300x223.jpg\" alt=\"\" title=\"Museum Europ\u00e4ischer Keramikkunst 4088\" width=\"300\" height=\"223\" class=\"alignnone size-medium wp-image-18823\" srcset=\"https:\/\/museumek.eu\/wp-content\/uploads\/2013\/03\/Museum-Europ\u00e4ischer-Keramikkunst-4088-300x223.jpg 300w, https:\/\/museumek.eu\/wp-content\/uploads\/2013\/03\/Museum-Europ\u00e4ischer-Keramikkunst-4088-401x300.jpg 401w, https:\/\/museumek.eu\/wp-content\/uploads\/2013\/03\/Museum-Europ\u00e4ischer-Keramikkunst-4088.jpg 682w\" sizes=\"(max-width: 300px) 100vw, 300px\" \/><\/a><\/p>\n<p><strong>Abteilung Deutschland, Keramik 1860 \u2013 1960, Inventarnummer D\/XLIII\/5<\/strong><\/p>\n<p>Manufaktur Kunstt\u00f6pferei Friedrich Festersen, Deutschland, Berlin, um 1910, Vase mit Pfauenaugendekor, K\u00fcnstler Friedrich Festersen, Werks.-Nr. ohne, Exemplar Nr. ohne, gemarkt Firmenmarke mit Festersen gepresst, signiert = gemarkt, Literatur: Keramik-Museum Berlin, Kunstt\u00f6pferei Friedrich Festersen (Berlin 1909 \u2013 1922), Seite 20, Marke M 1 (1,5 cm breit) identisch, weitere Literatur: Gisela Reineking von Bock, Kunstgewerbemuseum K\u00f6ln 1978, Meister der deutschen Keramik 1900 bis 1950, Seite 115, Beschreibung der Manufaktur sowie Seite 320, Marke Nr. 62 identisch, weitere Literatur: Heidi M\u00fcller, Ekkehard und Inge Lippert, Regine Falkenberg, Bunzlauer Geschirr, Staatliche Museen Preu\u00dfischer Kulturbesitz, Schriften des Museums f\u00fcr Deutsche Volkskunde Berlin, Band 14, Seite 403, Marke Nr. 19 identisch, weitere Literatur: Erika Gysling-Billeter, Museum Bellerive Z\u00fcrich, Objekte des Jugendstils, Seite 45, Abbildung Nr. 47, identische Marke, H\u00f6he 34 cm, Breite 20 cm<\/p>\n<p><a href=\"http:\/\/museumek.eu\/wp-content\/uploads\/2013\/03\/Museum-Europ\u00e4ischer-Keramikkunst-4319.jpg\"><img loading=\"lazy\" src=\"http:\/\/museumek.eu\/wp-content\/uploads\/2013\/03\/Museum-Europ\u00e4ischer-Keramikkunst-4319-199x300.jpg\" alt=\"\" title=\"Museum Europ\u00e4ischer Keramikkunst 4319\" width=\"199\" height=\"300\" class=\"alignnone size-medium wp-image-19139\" srcset=\"https:\/\/museumek.eu\/wp-content\/uploads\/2013\/03\/Museum-Europ\u00e4ischer-Keramikkunst-4319-199x300.jpg 199w, https:\/\/museumek.eu\/wp-content\/uploads\/2013\/03\/Museum-Europ\u00e4ischer-Keramikkunst-4319.jpg 531w\" sizes=\"(max-width: 199px) 100vw, 199px\" \/><\/a><\/p>\n<p><a href=\"http:\/\/museumek.eu\/wp-content\/uploads\/2013\/03\/Museum-Europ\u00e4ischer-Keramikkunst-4321.jpg\"><img loading=\"lazy\" src=\"http:\/\/museumek.eu\/wp-content\/uploads\/2013\/03\/Museum-Europ\u00e4ischer-Keramikkunst-4321-300x177.jpg\" alt=\"\" title=\"Museum Europ\u00e4ischer Keramikkunst 4321\" width=\"300\" height=\"177\" class=\"alignnone size-medium wp-image-19140\" srcset=\"https:\/\/museumek.eu\/wp-content\/uploads\/2013\/03\/Museum-Europ\u00e4ischer-Keramikkunst-4321-300x177.jpg 300w, https:\/\/museumek.eu\/wp-content\/uploads\/2013\/03\/Museum-Europ\u00e4ischer-Keramikkunst-4321-500x296.jpg 500w, https:\/\/museumek.eu\/wp-content\/uploads\/2013\/03\/Museum-Europ\u00e4ischer-Keramikkunst-4321.jpg 525w\" sizes=\"(max-width: 300px) 100vw, 300px\" \/><\/a><\/p>\n<p><strong>Abteilung Deutschland, Keramik 1860 \u2013 1960, Inventarnummer D\/XLIII\/6<\/strong><\/p>\n<p>Manufaktur Kunstt\u00f6pferei Friedrich Festersen, Deutschland, Berlin, um 1910, Vase mit Pfauenaugendekor, K\u00fcnstler Friedrich Festersen, Werks.-Nr. 10 (?), Exemplar Nr. ohne, gemarkt Firmenmarke mit Festersen sowie 10 gepresst, signiert = gemarkt, Literatur: Keramik-Museum Berlin, Kunstt\u00f6pferei Friedrich Festersen (Berlin 1909 \u2013 1922), Seite 20, Marke M 1 (1,5 cm breit) identisch, weitere Literatur: Gisela Reineking von Bock, Kunstgewerbemuseum K\u00f6ln 1978, Meister der deutschen Keramik 1900 bis 1950, Seite 115, Beschreibung der Manufaktur sowie Seite 320, Marke Nr. 62 identisch, weitere Literatur: Heidi M\u00fcller, Ekkehard und Inge Lippert, Regine Falkenberg, Bunzlauer Geschirr, Staatliche Museen Preu\u00dfischer Kulturbesitz, Schriften des Museums f\u00fcr Deutsche Volkskunde Berlin, Band 14, Seite 403, Marke Nr. 19 identisch, weitere Literatur: Erika Gysling-Billeter, Museum Bellerive Z\u00fcrich, Objekte des Jugendstils, Seite 45, Abbildung Nr. 47, \u00e4hnliche Vase und identische Marke,<br \/>\nH\u00f6he 21 cm, Breite 15 cm<\/p>\n<p><a href=\"http:\/\/museumek.eu\/wp-content\/uploads\/2013\/04\/0101.jpg\"><img loading=\"lazy\" src=\"http:\/\/museumek.eu\/wp-content\/uploads\/2013\/04\/0101-217x300.jpg\" alt=\"\" title=\"010\" width=\"217\" height=\"300\" class=\"alignnone size-medium wp-image-19761\" srcset=\"https:\/\/museumek.eu\/wp-content\/uploads\/2013\/04\/0101-217x300.jpg 217w, https:\/\/museumek.eu\/wp-content\/uploads\/2013\/04\/0101.jpg 539w\" sizes=\"(max-width: 217px) 100vw, 217px\" \/><\/a><\/p>\n<p><a href=\"http:\/\/museumek.eu\/wp-content\/uploads\/2013\/04\/0111.jpg\"><img loading=\"lazy\" src=\"http:\/\/museumek.eu\/wp-content\/uploads\/2013\/04\/0111-241x300.jpg\" alt=\"\" title=\"011\" width=\"241\" height=\"300\" class=\"alignnone size-medium wp-image-19762\" srcset=\"https:\/\/museumek.eu\/wp-content\/uploads\/2013\/04\/0111-241x300.jpg 241w, https:\/\/museumek.eu\/wp-content\/uploads\/2013\/04\/0111.jpg 600w\" sizes=\"(max-width: 241px) 100vw, 241px\" \/><\/a><\/p>\n<p><a href=\"http:\/\/museumek.eu\/wp-content\/uploads\/2013\/04\/0121.jpg\"><img loading=\"lazy\" src=\"http:\/\/museumek.eu\/wp-content\/uploads\/2013\/04\/0121-300x107.jpg\" alt=\"\" title=\"012\" width=\"300\" height=\"107\" class=\"alignnone size-medium wp-image-19763\" srcset=\"https:\/\/museumek.eu\/wp-content\/uploads\/2013\/04\/0121-300x107.jpg 300w, https:\/\/museumek.eu\/wp-content\/uploads\/2013\/04\/0121-500x179.jpg 500w, https:\/\/museumek.eu\/wp-content\/uploads\/2013\/04\/0121.jpg 800w\" sizes=\"(max-width: 300px) 100vw, 300px\" \/><\/a><\/p>\n","protected":false},"excerpt":{"rendered":"<p>Abteilung Deutschland, Keramik 1860 \u2013 1960, Inventarnummer D\/XLIII\/1 Manufaktur Kunstt\u00f6pferei Friedrich Festersen, Deutschland, Berlin, um 1910, Milchk\u00e4nnchen mit Schw\u00e4mmeldekor nach Bunzlauer Art, K\u00fcnstler Friedrich Festersen, Werks.-Nr. ohne, Exemplar Nr. ohne, gemarkt ovaler Presstempel ohne weitere Einpressung, Festersen Farbstempel schwach lesbar, &hellip; <a href=\"https:\/\/museumek.eu\/?page_id=10215\">Weiterlesen <span class=\"meta-nav\">&rarr;<\/span><\/a><\/p>\n","protected":false},"author":1,"featured_media":0,"parent":10212,"menu_order":1,"comment_status":"closed","ping_status":"open","template":"","meta":[],"_links":{"self":[{"href":"https:\/\/museumek.eu\/index.php?rest_route=\/wp\/v2\/pages\/10215"}],"collection":[{"href":"https:\/\/museumek.eu\/index.php?rest_route=\/wp\/v2\/pages"}],"about":[{"href":"https:\/\/museumek.eu\/index.php?rest_route=\/wp\/v2\/types\/page"}],"author":[{"embeddable":true,"href":"https:\/\/museumek.eu\/index.php?rest_route=\/wp\/v2\/users\/1"}],"replies":[{"embeddable":true,"href":"https:\/\/museumek.eu\/index.php?rest_route=%2Fwp%2Fv2%2Fcomments&post=10215"}],"version-history":[{"count":9,"href":"https:\/\/museumek.eu\/index.php?rest_route=\/wp\/v2\/pages\/10215\/revisions"}],"predecessor-version":[{"id":19770,"href":"https:\/\/museumek.eu\/index.php?rest_route=\/wp\/v2\/pages\/10215\/revisions\/19770"}],"up":[{"embeddable":true,"href":"https:\/\/museumek.eu\/index.php?rest_route=\/wp\/v2\/pages\/10212"}],"wp:attachment":[{"href":"https:\/\/museumek.eu\/index.php?rest_route=%2Fwp%2Fv2%2Fmedia&parent=10215"}],"curies":[{"name":"wp","href":"https:\/\/api.w.org\/{rel}","templated":true}]}}