{"id":10563,"date":"2012-06-13T00:26:33","date_gmt":"2012-06-12T22:26:33","guid":{"rendered":"http:\/\/museumek.eu\/?page_id=10563"},"modified":"2021-07-29T15:07:47","modified_gmt":"2021-07-29T13:07:47","slug":"ai84","status":"publish","type":"page","link":"https:\/\/museumek.eu\/?page_id=10563","title":{"rendered":"A\/I\/84"},"content":{"rendered":"<p><strong>Abteilung Austria\/Ungarn\/B\u00f6hmen, Keramik 1860 &#8211; 1960, Inventarnummer A\/I\/84<\/strong><\/p>\n<p>Manufaktur Friedrich Goldscheider, Austria, Wien, 1890\/92, Figur Fiaker, Wiener Type auf Holzsockel (wohl Kutscher), K\u00fcnstler unbekannt, Werks.-Nr. 337\/Exemplar Nr. ohne\/Modelleur Nr. ohne, gemarkt Firmenmarke mit F. GOLDSCHEIDER WIEN sowie AUSTRIA gepresst, 337 geritzt, nicht signiert, Literatur: Robert E. Dechant\/Filipp Goldscheider, Goldscheider Firmengeschichte und Werkverzeichnis, Seite 290, dort noch nicht erfasst, daf\u00fcr unter Werks.- Nr. 357 eine B\u00fcste Fiaker (Herr mit Schnauzbart und Zylinder auf Holzsockel, sog. Wiener Type ohne Foto erfasst, evtl. die gleiche B\u00fcste, die Urspr\u00fcnge der Firma gehen zur\u00fcck auf das Pilsener Handelsunternehmen Moritz Goldscheider der 1860\u2018 Jahre, nach dem Tode von Moritz Goldscheider werden die Br\u00fcder Eduard und Friedrich Goldscheider Eigent\u00fcmer und firmieren ab 1877 als M. Goldscheider\u2019s Erben, Thon-und Kunststeinmanufactur Werk Moldau und ab 1878 als Br\u00fcder Goldscheider, im Jahre 1878 wandert Friedrich Goldscheider nach Wien aus und Eduard f\u00fchrt die Firma in Pilsen bis zum Konkurs 1892 allein weiter, Friedrich Goldscheider firmiert in Wien ab 1880 als Goldscheider\u2019sche Porzellan-Manufaktur und Porzellanmalerei, neben Handelsgesch\u00e4ften betreibt die Firma vorwiegend die Porzellanmalerei, das Porzellan wird von b\u00f6hmischen Manufakturen bezogen und teilweise auch in B\u00f6hmen bemalt, ab 1885 \u00e4ndert sich die Firmierung in Goldscheider\u2019sche Porzellan-Manufaktur und Majolicafabrik, das Jahr 1885 gilt als das offizielle Gr\u00fcndungsjahr, ab 1887 bezeichnet Friedrich Goldscheider seine Fabrik als Erste Wiener Terracotta- und Majolika-Fabrik Friedrich Goldscheider oder als Erste Wiener Kunst-Terracotta-Fabrik und kunstgewerbliche Ateliers Friedrich Goldscheider und offiziell ab 1894 als Friedrich Goldscheider Erste Wiener Terrakottafabrik, Friedrich Goldscheider stirbt im Jahre 1897, seine Ehefrau Regine Goldscheider wird Alleineigent\u00fcmer und firmiert ab 1899 als Friedrich Goldscheider in Wien, Berlin und Leipzig, ab 1907 firmiert die Firma als Erste Wiener Terrakottafabrik und Atelier f\u00fcr k\u00fcnstlerische Fayencen Friedrich Goldscheider, im Jahre 1918 stirbt Regine und die S\u00f6hne Walter und Marcell Goldscheider werden Inhaber, ab 1921 \u00e4ndert sich die Firmierung in Wiener Manufaktur Friedrich Goldscheider, 1928 scheidet Marcell Goldscheider aus und gr\u00fcndet seine eigene Firma in Wien, 1939 wird die Firma arisiert und Josef Schuster wird Inhaber, Firmierung ab 1939, Wiener Manufaktur Friedrich Goldscheider Nachf., Inhaber Josef Schuster, ab 1941 lautet die Firmierung Wiener Manufaktur Josef Schuster, vorm. Friedrich Goldscheider, nach dem WK II erh\u00e4lt Friedrich Goldscheider seine Firma zur\u00fcck und firmiert ab 1950 wieder als Wiener Manufaktur Friedrich Goldscheider, in dieser Zeit verkauft er die Firma an die Majolikafabrik Carstens, in Fredelsloh, die in Fredelsloh Wiederauflagen alter Modelle in minderwertigem braunem Ton aber auch neue Modelle ebenfalls in dieser Tonart produziert, H\u00f6he 16,5 cm, Breite 14 cm (nur die Keramik)<\/p>\n<p><a href=\"http:\/\/museumek.eu\/wp-content\/uploads\/2012\/06\/Museum-Europ\u00e4ischer-Keramikkunst-2402.jpg\"><img loading=\"lazy\" src=\"http:\/\/museumek.eu\/wp-content\/uploads\/2012\/06\/Museum-Europ\u00e4ischer-Keramikkunst-2402-170x300.jpg\" alt=\"\" title=\"Museum Europ\u00e4ischer Keramikkunst 2402\" width=\"170\" height=\"300\" class=\"alignnone size-medium wp-image-10564\" \/><\/a><\/p>\n<p><a href=\"http:\/\/museumek.eu\/wp-content\/uploads\/2012\/06\/Museum-Europ\u00e4ischer-Keramikkunst-2403.jpg\"><img loading=\"lazy\" src=\"http:\/\/museumek.eu\/wp-content\/uploads\/2012\/06\/Museum-Europ\u00e4ischer-Keramikkunst-2403-196x300.jpg\" alt=\"\" title=\"Museum Europ\u00e4ischer Keramikkunst 2403\" width=\"196\" height=\"300\" class=\"alignnone size-medium wp-image-10565\" srcset=\"https:\/\/museumek.eu\/wp-content\/uploads\/2012\/06\/Museum-Europ\u00e4ischer-Keramikkunst-2403-196x300.jpg 196w, https:\/\/museumek.eu\/wp-content\/uploads\/2012\/06\/Museum-Europ\u00e4ischer-Keramikkunst-2403.jpg 603w\" sizes=\"(max-width: 196px) 100vw, 196px\" \/><\/a><br \/>\n<a href=\"http:\/\/museumek.eu\/wp-content\/uploads\/2012\/06\/Museum-Europ\u00e4ischer-Keramikkunst-2404.jpg\"><img loading=\"lazy\" src=\"http:\/\/museumek.eu\/wp-content\/uploads\/2012\/06\/Museum-Europ\u00e4ischer-Keramikkunst-2404-300x283.jpg\" alt=\"\" title=\"Museum Europ\u00e4ischer Keramikkunst 2404\" width=\"300\" height=\"283\" class=\"alignnone size-medium wp-image-10566\" srcset=\"https:\/\/museumek.eu\/wp-content\/uploads\/2012\/06\/Museum-Europ\u00e4ischer-Keramikkunst-2404-300x283.jpg 300w, https:\/\/museumek.eu\/wp-content\/uploads\/2012\/06\/Museum-Europ\u00e4ischer-Keramikkunst-2404-317x300.jpg 317w, https:\/\/museumek.eu\/wp-content\/uploads\/2012\/06\/Museum-Europ\u00e4ischer-Keramikkunst-2404.jpg 610w\" sizes=\"(max-width: 300px) 100vw, 300px\" \/><\/a><\/p>\n<p><a href=\"http:\/\/museumek.eu\/wp-content\/uploads\/2012\/06\/Museum-Europ\u00e4ischer-Keramikkunst-2405.jpg\"><img loading=\"lazy\" src=\"http:\/\/museumek.eu\/wp-content\/uploads\/2012\/06\/Museum-Europ\u00e4ischer-Keramikkunst-2405-300x166.jpg\" alt=\"\" title=\"Museum Europ\u00e4ischer Keramikkunst 2405\" width=\"300\" height=\"166\" class=\"alignnone size-medium wp-image-10567\" srcset=\"https:\/\/museumek.eu\/wp-content\/uploads\/2012\/06\/Museum-Europ\u00e4ischer-Keramikkunst-2405-300x166.jpg 300w, https:\/\/museumek.eu\/wp-content\/uploads\/2012\/06\/Museum-Europ\u00e4ischer-Keramikkunst-2405-500x277.jpg 500w, https:\/\/museumek.eu\/wp-content\/uploads\/2012\/06\/Museum-Europ\u00e4ischer-Keramikkunst-2405.jpg 716w\" sizes=\"(max-width: 300px) 100vw, 300px\" \/><\/a><\/p>\n","protected":false},"excerpt":{"rendered":"<p>Abteilung Austria\/Ungarn\/B\u00f6hmen, Keramik 1860 &#8211; 1960, Inventarnummer A\/I\/84 Manufaktur Friedrich Goldscheider, Austria, Wien, 1890\/92, Figur Fiaker, Wiener Type auf Holzsockel (wohl Kutscher), K\u00fcnstler unbekannt, Werks.-Nr. 337\/Exemplar Nr. ohne\/Modelleur Nr. ohne, gemarkt Firmenmarke mit F. GOLDSCHEIDER WIEN sowie AUSTRIA gepresst, 337 &hellip; <a href=\"https:\/\/museumek.eu\/?page_id=10563\">Weiterlesen <span class=\"meta-nav\">&rarr;<\/span><\/a><\/p>\n","protected":false},"author":1,"featured_media":0,"parent":10401,"menu_order":84,"comment_status":"closed","ping_status":"open","template":"","meta":[],"_links":{"self":[{"href":"https:\/\/museumek.eu\/index.php?rest_route=\/wp\/v2\/pages\/10563"}],"collection":[{"href":"https:\/\/museumek.eu\/index.php?rest_route=\/wp\/v2\/pages"}],"about":[{"href":"https:\/\/museumek.eu\/index.php?rest_route=\/wp\/v2\/types\/page"}],"author":[{"embeddable":true,"href":"https:\/\/museumek.eu\/index.php?rest_route=\/wp\/v2\/users\/1"}],"replies":[{"embeddable":true,"href":"https:\/\/museumek.eu\/index.php?rest_route=%2Fwp%2Fv2%2Fcomments&post=10563"}],"version-history":[{"count":8,"href":"https:\/\/museumek.eu\/index.php?rest_route=\/wp\/v2\/pages\/10563\/revisions"}],"predecessor-version":[{"id":59184,"href":"https:\/\/museumek.eu\/index.php?rest_route=\/wp\/v2\/pages\/10563\/revisions\/59184"}],"up":[{"embeddable":true,"href":"https:\/\/museumek.eu\/index.php?rest_route=\/wp\/v2\/pages\/10401"}],"wp:attachment":[{"href":"https:\/\/museumek.eu\/index.php?rest_route=%2Fwp%2Fv2%2Fmedia&parent=10563"}],"curies":[{"name":"wp","href":"https:\/\/api.w.org\/{rel}","templated":true}]}}