{"id":10790,"date":"2012-06-18T00:04:08","date_gmt":"2012-06-17T22:04:08","guid":{"rendered":"http:\/\/museumek.eu\/?page_id=10790"},"modified":"2013-02-03T16:54:28","modified_gmt":"2013-02-03T15:54:28","slug":"fotos-und-beschreibung","status":"publish","type":"page","link":"https:\/\/museumek.eu\/?page_id=10790","title":{"rendered":"Fotos und Beschreibung"},"content":{"rendered":"<p><strong>Abteilung Frankreich, Keramik 1860 \u2013 1960, Inventarnummer F\/XXI\/1<\/strong><\/p>\n<p>Manufaktur Pierre Adrien Dalpayrat, Frankreich, Bourg-la-Reine, Vase mit floraler Bemalung, 1905 &#8211; 1907, K\u00fcnstler Pierre-Adrien Dalpayrat, Werksnummer ohne, Exemplar Nr. <strong>Unikat<\/strong>, gemarkt Dalpayrat schwarzer Schriftzug unter Glasur, signiert = gemarkt, Literatur: Sammlung Heuser, Ausstellungen 1974 in K\u00f6ln, Hannover und Darmstadt, Franz\u00f6sische Keramik zwischen 1850 \u2013 1910, Seite 150 ff., Beschreibung der Manufaktur sowie Beschreibung, dass Keramiken, welche auschlie\u00dflich als Signum den Schriftzug Dalpayrat tragen, vermutlich Arbeiten von ihm selbst sind, dies betrifft insbesondere Arbeiten seiner letzten Schaffensperiode von 1905 \u2013 1910, weitere Literatur: Hessisches Landesmuseum Darmstadt, Sammlung Silzer, Europ\u00e4ische Keramik 1880 \u2013 1930, Seite 206, Marke Nr. 43 fast identisch, das MEK Exemplar zeigt, dass Dalpayrat in der Zeit von 1867 bis 1888, als er in Bordeaux, in Toulouse, in Monaco und in Limoges t\u00e4tig war, doch das Malen auf Keramik gelernt hat, siehe auch Auktionshaus von Zezschwitz, Auktion 62, Angewandte Kunst des 20. Jahrhunderts, vom 14.10.2010, Lot Nr. 119, eine 20 cm hohe bemalte Vase, Ausf\u00fchrung ebenfalls als Steinzeugscherben, H\u00f6he 21 cm, Breite 10 cm<\/p>\n<p><a href=\"http:\/\/museumek.eu\/wp-content\/uploads\/2012\/06\/Museum-Europ\u00e4ischer-Keramikkunst-1886.jpg\"><img loading=\"lazy\" src=\"http:\/\/museumek.eu\/wp-content\/uploads\/2012\/06\/Museum-Europ\u00e4ischer-Keramikkunst-1886-136x300.jpg\" alt=\"\" title=\"Museum Europ\u00e4ischer Keramikkunst 1886\" width=\"136\" height=\"300\" class=\"alignnone size-medium wp-image-10783\" srcset=\"https:\/\/museumek.eu\/wp-content\/uploads\/2012\/06\/Museum-Europ\u00e4ischer-Keramikkunst-1886-136x300.jpg 136w, https:\/\/museumek.eu\/wp-content\/uploads\/2012\/06\/Museum-Europ\u00e4ischer-Keramikkunst-1886.jpg 326w\" sizes=\"(max-width: 136px) 100vw, 136px\" \/><\/a><\/p>\n<p><a href=\"http:\/\/museumek.eu\/wp-content\/uploads\/2012\/06\/Museum-Europ\u00e4ischer-Keramikkunst-2555.jpg\"><img loading=\"lazy\" src=\"http:\/\/museumek.eu\/wp-content\/uploads\/2012\/06\/Museum-Europ\u00e4ischer-Keramikkunst-2555-171x300.jpg\" alt=\"\" title=\"Museum Europ\u00e4ischer Keramikkunst 2555\" width=\"171\" height=\"300\" class=\"alignnone size-medium wp-image-11602\" srcset=\"https:\/\/museumek.eu\/wp-content\/uploads\/2012\/06\/Museum-Europ\u00e4ischer-Keramikkunst-2555-171x300.jpg 171w, https:\/\/museumek.eu\/wp-content\/uploads\/2012\/06\/Museum-Europ\u00e4ischer-Keramikkunst-2555.jpg 487w\" sizes=\"(max-width: 171px) 100vw, 171px\" \/><\/a><\/p>\n<p><a href=\"http:\/\/museumek.eu\/wp-content\/uploads\/2012\/06\/Museum-Europ\u00e4ischer-Keramikkunst-1874.jpg\"><img loading=\"lazy\" src=\"http:\/\/museumek.eu\/wp-content\/uploads\/2012\/06\/Museum-Europ\u00e4ischer-Keramikkunst-1874-300x157.jpg\" alt=\"\" title=\"Museum Europ\u00e4ischer Keramikkunst 1874\" width=\"300\" height=\"157\" class=\"alignnone size-medium wp-image-10784\" srcset=\"https:\/\/museumek.eu\/wp-content\/uploads\/2012\/06\/Museum-Europ\u00e4ischer-Keramikkunst-1874-300x157.jpg 300w, https:\/\/museumek.eu\/wp-content\/uploads\/2012\/06\/Museum-Europ\u00e4ischer-Keramikkunst-1874-500x263.jpg 500w, https:\/\/museumek.eu\/wp-content\/uploads\/2012\/06\/Museum-Europ\u00e4ischer-Keramikkunst-1874.jpg 640w\" sizes=\"(max-width: 300px) 100vw, 300px\" \/><\/a><\/p>\n<p><a href=\"http:\/\/museumek.eu\/wp-content\/uploads\/2012\/06\/Zezschwitz-10.jpg\"><img loading=\"lazy\" src=\"http:\/\/museumek.eu\/wp-content\/uploads\/2012\/06\/Zezschwitz-10-300x167.jpg\" alt=\"\" title=\"Zezschwitz 10\" width=\"300\" height=\"167\" class=\"alignnone size-medium wp-image-17760\" srcset=\"https:\/\/museumek.eu\/wp-content\/uploads\/2012\/06\/Zezschwitz-10-300x167.jpg 300w, https:\/\/museumek.eu\/wp-content\/uploads\/2012\/06\/Zezschwitz-10-500x278.jpg 500w, https:\/\/museumek.eu\/wp-content\/uploads\/2012\/06\/Zezschwitz-10.jpg 588w\" sizes=\"(max-width: 300px) 100vw, 300px\" \/><\/a><\/p>\n<p><strong>Abteilung Frankreich, Keramik 1860 \u2013 1960, Inventarnummer F\/XXI\/2<\/strong><\/p>\n<p>Manufaktur Pierre Adrien Dalpayrat, Frankreich, Bourg-la-Reine, Vase gr\u00e9s flamm\u00e9, um 1900, K\u00fcnstler Pierre-Adrien Dalpayrat, Werksnummer 6 (?), Exemplar Nr. Unikat, gemarkt Dalpayrat geritzt, F (mit Bleistift, f\u00fcr France) gemalt, unbekannter Pressstempel f\u00fcr die gesch\u00fctzte Marke, signiert = gemarkt, Literatur: Sammlung Heuser, Ausstellungen 1974 in K\u00f6ln, Hannover und Darmstadt, Franz\u00f6sische Keramik zwischen 1850 \u2013 1910, Seite 150 ff., Beschreibung der Manufaktur sowie Beschreibung, dass Keramiken, welche auschlie\u00dflich als Signum den Schriftzug Dalpayrat tragen, vermutlich Arbeiten von ihm selbst sind sowie Seite 232, Marken Nr. 45 bis 48 fast identisch, weitere Literatur: Kunstgewerbemuseum der Stadt K\u00f6ln, Sammlung Gertrud u. Dr. Karl Funke-Kaiser, Keramik vom Historismus bis zur Gegenwart, Seite 393, Marke Nr. 17 fast identisch,weitere Literatur: Hessisches Landesmuseum Darmstadt, Sammlung Silzer, Europ\u00e4ische Keramik 1880 \u2013 1930, Seite 206, Marken Nr. 46 sowie 49 fast identisch, siehe auch Auktionshaus Quittenbaum, Jugendstil \u2013 Art D\u00e9co, 77. Auktion vom 21.10.2008, Lot 296, gleich hohe Vase in anderer Formgebung, Steinzeugscherben mit Sang de Boeuf Glasur in rot und blau, H\u00f6he 17,5 cm, Breite 6 cm<\/p>\n<p><a href=\"http:\/\/museumek.eu\/wp-content\/uploads\/2012\/06\/Museum-Europ\u00e4ischer-Keramikkunst-18871.jpg\"><img loading=\"lazy\" src=\"http:\/\/museumek.eu\/wp-content\/uploads\/2012\/06\/Museum-Europ\u00e4ischer-Keramikkunst-18871-107x300.jpg\" alt=\"\" title=\"Museum Europ\u00e4ischer Keramikkunst 1887\" width=\"107\" height=\"300\" class=\"alignnone size-medium wp-image-10807\" srcset=\"https:\/\/museumek.eu\/wp-content\/uploads\/2012\/06\/Museum-Europ\u00e4ischer-Keramikkunst-18871-107x300.jpg 107w, https:\/\/museumek.eu\/wp-content\/uploads\/2012\/06\/Museum-Europ\u00e4ischer-Keramikkunst-18871.jpg 334w\" sizes=\"(max-width: 107px) 100vw, 107px\" \/><\/a><\/p>\n<p><a href=\"http:\/\/museumek.eu\/wp-content\/uploads\/2012\/06\/Museum-Europ\u00e4ischer-Keramikkunst-1888.jpg\"><img loading=\"lazy\" src=\"http:\/\/museumek.eu\/wp-content\/uploads\/2012\/06\/Museum-Europ\u00e4ischer-Keramikkunst-1888-300x279.jpg\" alt=\"\" title=\"Museum Europ\u00e4ischer Keramikkunst 1888\" width=\"300\" height=\"279\" class=\"alignnone size-medium wp-image-10808\" srcset=\"https:\/\/museumek.eu\/wp-content\/uploads\/2012\/06\/Museum-Europ\u00e4ischer-Keramikkunst-1888-300x279.jpg 300w, https:\/\/museumek.eu\/wp-content\/uploads\/2012\/06\/Museum-Europ\u00e4ischer-Keramikkunst-1888-321x300.jpg 321w, https:\/\/museumek.eu\/wp-content\/uploads\/2012\/06\/Museum-Europ\u00e4ischer-Keramikkunst-1888.jpg 682w\" sizes=\"(max-width: 300px) 100vw, 300px\" \/><\/a><\/p>\n<p><a href=\"http:\/\/museumek.eu\/wp-content\/uploads\/2012\/06\/Museum-Europ\u00e4ischer-Keramikkunst-2886.jpg\"><img loading=\"lazy\" src=\"http:\/\/museumek.eu\/wp-content\/uploads\/2012\/06\/Museum-Europ\u00e4ischer-Keramikkunst-2886-181x300.jpg\" alt=\"\" title=\"Museum Europ\u00e4ischer Keramikkunst 2886\" width=\"181\" height=\"300\" class=\"alignnone size-medium wp-image-16747\" srcset=\"https:\/\/museumek.eu\/wp-content\/uploads\/2012\/06\/Museum-Europ\u00e4ischer-Keramikkunst-2886-181x300.jpg 181w, https:\/\/museumek.eu\/wp-content\/uploads\/2012\/06\/Museum-Europ\u00e4ischer-Keramikkunst-2886.jpg 549w\" sizes=\"(max-width: 181px) 100vw, 181px\" \/><\/a> <\/p>\n<p><strong>Abteilung Frankreich, Keramik 1860 \u2013 1960, Inventarnummer F\/XXI\/3<\/strong><\/p>\n<p>Manufaktur Pierre Adrien Dalpayrat, Frankreich, Bourg-la-Reine, Tintenf\u00e4sschen, um 1900, K\u00fcnstler Pierre-Adrien Dalpayrat, Werksnummer 71 (Formnummer), Exemplar Nr. ohne, gemarkt Dalpayrat geritzt, 71 gepresst, signiert = gemarkt, Literatur: Sammlung Heuser, Ausstellungen 1974 in K\u00f6ln, Hannover und Darmstadt, Franz\u00f6sische Keramik zwischen 1850 \u2013 1910, Seite 150 ff., Beschreibung der Manufaktur sowie Beschreibung, dass Keramiken, welche auschlie\u00dflich als Signum den Schriftzug Dalpayrat tragen, vermutlich Arbeiten von ihm selbst sind, Seite 151, Abbildung 87, \u00e4hnliches Tintenf\u00e4sschen sowie Seite 232, Marken Nr. 45 bis 48 fast identisch, weitere Literatur: Kunstgewerbemuseum der Stadt K\u00f6ln, Sammlung Gertrud u. Dr. Karl Funke-Kaiser, Keramik vom Historismus bis zur Gegenwart, Seite 393, Marke Nr. 17 fast identisch, weitere Literatur: Hessisches Landesmuseum Darmstadt, Sammlung Silzer, Europ\u00e4ische Keramik 1880 \u2013 1930, Seite 206, Marken Nr. 46 sowie 49 fast identisch, siehe auch Auktionshaus Quittenbaum, Jugendstil \u2013 Art D\u00e9co Moderne Kunst, Auktion vom 03.05.2011, Lot 343, identisches Tintenf\u00e4sschen mit minimal anderer Glasur, Steinzeugscherben, Sang de Boeuf Glasur auf wei\u00dfer Engobe, farbloser Glaseinsatz sowie Zinndeckel mit Chrysanthemenmotiv, H\u00f6he 4 cm, Breite 8,5 cm (nur die Keramik)<\/p>\n<p><a href=\"http:\/\/museumek.eu\/wp-content\/uploads\/2012\/11\/Museum-Europ\u00e4ischer-Keramikkunst-3516.jpg\"><img loading=\"lazy\" src=\"http:\/\/museumek.eu\/wp-content\/uploads\/2012\/11\/Museum-Europ\u00e4ischer-Keramikkunst-3516-300x217.jpg\" alt=\"\" title=\"Museum Europ\u00e4ischer Keramikkunst 3516\" width=\"300\" height=\"217\" class=\"alignnone size-medium wp-image-16737\" srcset=\"https:\/\/museumek.eu\/wp-content\/uploads\/2012\/11\/Museum-Europ\u00e4ischer-Keramikkunst-3516-300x217.jpg 300w, https:\/\/museumek.eu\/wp-content\/uploads\/2012\/11\/Museum-Europ\u00e4ischer-Keramikkunst-3516-413x300.jpg 413w, https:\/\/museumek.eu\/wp-content\/uploads\/2012\/11\/Museum-Europ\u00e4ischer-Keramikkunst-3516.jpg 632w\" sizes=\"(max-width: 300px) 100vw, 300px\" \/><\/a><\/p>\n<p><a href=\"http:\/\/museumek.eu\/wp-content\/uploads\/2012\/11\/Museum-Europ\u00e4ischer-Keramikkunst-3518.jpg\"><img loading=\"lazy\" src=\"http:\/\/museumek.eu\/wp-content\/uploads\/2012\/11\/Museum-Europ\u00e4ischer-Keramikkunst-3518-155x300.jpg\" alt=\"\" title=\"Museum Europ\u00e4ischer Keramikkunst 3518\" width=\"155\" height=\"300\" class=\"alignnone size-medium wp-image-16738\" srcset=\"https:\/\/museumek.eu\/wp-content\/uploads\/2012\/11\/Museum-Europ\u00e4ischer-Keramikkunst-3518-155x300.jpg 155w, https:\/\/museumek.eu\/wp-content\/uploads\/2012\/11\/Museum-Europ\u00e4ischer-Keramikkunst-3518.jpg 445w\" sizes=\"(max-width: 155px) 100vw, 155px\" \/><\/a><\/p>\n<p><a href=\"http:\/\/museumek.eu\/wp-content\/uploads\/2012\/11\/Museum-Europ\u00e4ischer-Keramikkunst-3519.jpg\"><img loading=\"lazy\" src=\"http:\/\/museumek.eu\/wp-content\/uploads\/2012\/11\/Museum-Europ\u00e4ischer-Keramikkunst-3519-300x294.jpg\" alt=\"\" title=\"Museum Europ\u00e4ischer Keramikkunst 3519\" width=\"300\" height=\"294\" class=\"alignnone size-medium wp-image-16739\" srcset=\"https:\/\/museumek.eu\/wp-content\/uploads\/2012\/11\/Museum-Europ\u00e4ischer-Keramikkunst-3519-300x294.jpg 300w, https:\/\/museumek.eu\/wp-content\/uploads\/2012\/11\/Museum-Europ\u00e4ischer-Keramikkunst-3519-305x300.jpg 305w, https:\/\/museumek.eu\/wp-content\/uploads\/2012\/11\/Museum-Europ\u00e4ischer-Keramikkunst-3519.jpg 663w\" sizes=\"(max-width: 300px) 100vw, 300px\" \/><\/a><\/p>\n<p><a href=\"http:\/\/museumek.eu\/wp-content\/uploads\/2012\/11\/Museum-Europ\u00e4ischer-Keramikkunst-35201.jpg\"><img loading=\"lazy\" src=\"http:\/\/museumek.eu\/wp-content\/uploads\/2012\/11\/Museum-Europ\u00e4ischer-Keramikkunst-35201-300x248.jpg\" alt=\"\" title=\"Museum Europ\u00e4ischer Keramikkunst 3520\" width=\"300\" height=\"248\" class=\"alignnone size-medium wp-image-16741\" srcset=\"https:\/\/museumek.eu\/wp-content\/uploads\/2012\/11\/Museum-Europ\u00e4ischer-Keramikkunst-35201-300x248.jpg 300w, https:\/\/museumek.eu\/wp-content\/uploads\/2012\/11\/Museum-Europ\u00e4ischer-Keramikkunst-35201-362x300.jpg 362w, https:\/\/museumek.eu\/wp-content\/uploads\/2012\/11\/Museum-Europ\u00e4ischer-Keramikkunst-35201.jpg 803w\" sizes=\"(max-width: 300px) 100vw, 300px\" \/><\/a><\/p>\n<p><a href=\"http:\/\/museumek.eu\/wp-content\/uploads\/2012\/11\/Museum-Europ\u00e4ischer-Keramikkunst-3370.jpg\"><img loading=\"lazy\" src=\"http:\/\/museumek.eu\/wp-content\/uploads\/2012\/11\/Museum-Europ\u00e4ischer-Keramikkunst-3370-271x300.jpg\" alt=\"\" title=\"Museum Europ\u00e4ischer Keramikkunst 3370\" width=\"271\" height=\"300\" class=\"alignnone size-medium wp-image-16742\" srcset=\"https:\/\/museumek.eu\/wp-content\/uploads\/2012\/11\/Museum-Europ\u00e4ischer-Keramikkunst-3370-271x300.jpg 271w, https:\/\/museumek.eu\/wp-content\/uploads\/2012\/11\/Museum-Europ\u00e4ischer-Keramikkunst-3370.jpg 611w\" sizes=\"(max-width: 271px) 100vw, 271px\" \/><\/a><\/p>\n","protected":false},"excerpt":{"rendered":"<p>Abteilung Frankreich, Keramik 1860 \u2013 1960, Inventarnummer F\/XXI\/1 Manufaktur Pierre Adrien Dalpayrat, Frankreich, Bourg-la-Reine, Vase mit floraler Bemalung, 1905 &#8211; 1907, K\u00fcnstler Pierre-Adrien Dalpayrat, Werksnummer ohne, Exemplar Nr. Unikat, gemarkt Dalpayrat schwarzer Schriftzug unter Glasur, signiert = gemarkt, Literatur: Sammlung &hellip; <a href=\"https:\/\/museumek.eu\/?page_id=10790\">Weiterlesen <span class=\"meta-nav\">&rarr;<\/span><\/a><\/p>\n","protected":false},"author":1,"featured_media":0,"parent":10787,"menu_order":1,"comment_status":"closed","ping_status":"open","template":"","meta":[],"_links":{"self":[{"href":"https:\/\/museumek.eu\/index.php?rest_route=\/wp\/v2\/pages\/10790"}],"collection":[{"href":"https:\/\/museumek.eu\/index.php?rest_route=\/wp\/v2\/pages"}],"about":[{"href":"https:\/\/museumek.eu\/index.php?rest_route=\/wp\/v2\/types\/page"}],"author":[{"embeddable":true,"href":"https:\/\/museumek.eu\/index.php?rest_route=\/wp\/v2\/users\/1"}],"replies":[{"embeddable":true,"href":"https:\/\/museumek.eu\/index.php?rest_route=%2Fwp%2Fv2%2Fcomments&post=10790"}],"version-history":[{"count":7,"href":"https:\/\/museumek.eu\/index.php?rest_route=\/wp\/v2\/pages\/10790\/revisions"}],"predecessor-version":[{"id":17762,"href":"https:\/\/museumek.eu\/index.php?rest_route=\/wp\/v2\/pages\/10790\/revisions\/17762"}],"up":[{"embeddable":true,"href":"https:\/\/museumek.eu\/index.php?rest_route=\/wp\/v2\/pages\/10787"}],"wp:attachment":[{"href":"https:\/\/museumek.eu\/index.php?rest_route=%2Fwp%2Fv2%2Fmedia&parent=10790"}],"curies":[{"name":"wp","href":"https:\/\/api.w.org\/{rel}","templated":true}]}}