{"id":10805,"date":"2012-06-18T00:33:31","date_gmt":"2012-06-17T22:33:31","guid":{"rendered":"http:\/\/museumek.eu\/?page_id=10805"},"modified":"2012-11-15T13:57:10","modified_gmt":"2012-11-15T12:57:10","slug":"fxxi2","status":"publish","type":"page","link":"https:\/\/museumek.eu\/?page_id=10805","title":{"rendered":"F\/XXI\/2"},"content":{"rendered":"<p><strong>Abteilung Frankreich, Keramik 1860 \u2013 1960, Inventarnummer F\/XXI\/2<\/strong><\/p>\n<p>Manufaktur Pierre Adrien Dalpayrat, Frankreich, Bourg-la-Reine, Vase gr\u00e9s flamm\u00e9, um 1900, K\u00fcnstler Pierre-Adrien Dalpayrat, Werksnummer 6 (?), Exemplar Nr. Unikat, gemarkt Dalpayrat geritzt, F (mit Bleistift, f\u00fcr France) gemalt, unbekannter Pressstempel f\u00fcr die gesch\u00fctzte Marke, signiert = gemarkt, Literatur: Sammlung Heuser, Ausstellungen 1974 in K\u00f6ln, Hannover und Darmstadt, Franz\u00f6sische Keramik zwischen 1850 \u2013 1910, Seite 150 ff., Beschreibung der Manufaktur sowie Beschreibung, dass Keramiken, welche auschlie\u00dflich als Signum den Schriftzug Dalpayrat tragen, vermutlich Arbeiten von ihm selbst sind sowie Seite 232, Marken Nr. 45 bis 48 fast identisch, weitere Literatur: Kunstgewerbemuseum der Stadt K\u00f6ln, Sammlung Gertrud u. Dr. Karl Funke-Kaiser, Keramik vom Historismus bis zur Gegenwart, Seite 393, Marke Nr. 17 fast identisch,weitere Literatur: Hessisches Landesmuseum Darmstadt, Sammlung Silzer, Europ\u00e4ische Keramik 1880 \u2013 1930, Seite 206, Marken Nr. 46 sowie 49 fast identisch, siehe auch Auktionshaus Quittenbaum, Jugendstil \u2013 Art D\u00e9co, 77. Auktion vom 21.10.2008, Lot 296, gleich hohe Vase in anderer Formgebung, Steinzeugscherben mit Sang de Boeuf Glasur in rot und blau, H\u00f6he 17,5 cm, Breite 6 cm<\/p>\n<p><a href=\"http:\/\/museumek.eu\/wp-content\/uploads\/2012\/06\/Museum-Europ\u00e4ischer-Keramikkunst-18871.jpg\"><img loading=\"lazy\" src=\"http:\/\/museumek.eu\/wp-content\/uploads\/2012\/06\/Museum-Europ\u00e4ischer-Keramikkunst-18871-107x300.jpg\" alt=\"\" title=\"Museum Europ\u00e4ischer Keramikkunst 1887\" width=\"107\" height=\"300\" class=\"alignnone size-medium wp-image-10807\" srcset=\"https:\/\/museumek.eu\/wp-content\/uploads\/2012\/06\/Museum-Europ\u00e4ischer-Keramikkunst-18871-107x300.jpg 107w, https:\/\/museumek.eu\/wp-content\/uploads\/2012\/06\/Museum-Europ\u00e4ischer-Keramikkunst-18871.jpg 334w\" sizes=\"(max-width: 107px) 100vw, 107px\" \/><\/a><\/p>\n<p><a href=\"http:\/\/museumek.eu\/wp-content\/uploads\/2012\/06\/Museum-Europ\u00e4ischer-Keramikkunst-1888.jpg\"><img loading=\"lazy\" src=\"http:\/\/museumek.eu\/wp-content\/uploads\/2012\/06\/Museum-Europ\u00e4ischer-Keramikkunst-1888-300x279.jpg\" alt=\"\" title=\"Museum Europ\u00e4ischer Keramikkunst 1888\" width=\"300\" height=\"279\" class=\"alignnone size-medium wp-image-10808\" srcset=\"https:\/\/museumek.eu\/wp-content\/uploads\/2012\/06\/Museum-Europ\u00e4ischer-Keramikkunst-1888-300x279.jpg 300w, https:\/\/museumek.eu\/wp-content\/uploads\/2012\/06\/Museum-Europ\u00e4ischer-Keramikkunst-1888-321x300.jpg 321w, https:\/\/museumek.eu\/wp-content\/uploads\/2012\/06\/Museum-Europ\u00e4ischer-Keramikkunst-1888.jpg 682w\" sizes=\"(max-width: 300px) 100vw, 300px\" \/><\/a><\/p>\n<p><a href=\"http:\/\/museumek.eu\/wp-content\/uploads\/2012\/06\/Museum-Europ\u00e4ischer-Keramikkunst-2886.jpg\"><img loading=\"lazy\" src=\"http:\/\/museumek.eu\/wp-content\/uploads\/2012\/06\/Museum-Europ\u00e4ischer-Keramikkunst-2886-181x300.jpg\" alt=\"\" title=\"Museum Europ\u00e4ischer Keramikkunst 2886\" width=\"181\" height=\"300\" class=\"alignnone size-medium wp-image-16747\" srcset=\"https:\/\/museumek.eu\/wp-content\/uploads\/2012\/06\/Museum-Europ\u00e4ischer-Keramikkunst-2886-181x300.jpg 181w, https:\/\/museumek.eu\/wp-content\/uploads\/2012\/06\/Museum-Europ\u00e4ischer-Keramikkunst-2886.jpg 549w\" sizes=\"(max-width: 181px) 100vw, 181px\" \/><\/a> <\/p>\n","protected":false},"excerpt":{"rendered":"<p>Abteilung Frankreich, Keramik 1860 \u2013 1960, Inventarnummer F\/XXI\/2 Manufaktur Pierre Adrien Dalpayrat, Frankreich, Bourg-la-Reine, Vase gr\u00e9s flamm\u00e9, um 1900, K\u00fcnstler Pierre-Adrien Dalpayrat, Werksnummer 6 (?), Exemplar Nr. Unikat, gemarkt Dalpayrat geritzt, F (mit Bleistift, f\u00fcr France) gemalt, unbekannter Pressstempel f\u00fcr &hellip; <a href=\"https:\/\/museumek.eu\/?page_id=10805\">Weiterlesen <span class=\"meta-nav\">&rarr;<\/span><\/a><\/p>\n","protected":false},"author":1,"featured_media":0,"parent":10779,"menu_order":2,"comment_status":"closed","ping_status":"open","template":"","meta":[],"_links":{"self":[{"href":"https:\/\/museumek.eu\/index.php?rest_route=\/wp\/v2\/pages\/10805"}],"collection":[{"href":"https:\/\/museumek.eu\/index.php?rest_route=\/wp\/v2\/pages"}],"about":[{"href":"https:\/\/museumek.eu\/index.php?rest_route=\/wp\/v2\/types\/page"}],"author":[{"embeddable":true,"href":"https:\/\/museumek.eu\/index.php?rest_route=\/wp\/v2\/users\/1"}],"replies":[{"embeddable":true,"href":"https:\/\/museumek.eu\/index.php?rest_route=%2Fwp%2Fv2%2Fcomments&post=10805"}],"version-history":[{"count":4,"href":"https:\/\/museumek.eu\/index.php?rest_route=\/wp\/v2\/pages\/10805\/revisions"}],"predecessor-version":[{"id":16751,"href":"https:\/\/museumek.eu\/index.php?rest_route=\/wp\/v2\/pages\/10805\/revisions\/16751"}],"up":[{"embeddable":true,"href":"https:\/\/museumek.eu\/index.php?rest_route=\/wp\/v2\/pages\/10779"}],"wp:attachment":[{"href":"https:\/\/museumek.eu\/index.php?rest_route=%2Fwp%2Fv2%2Fmedia&parent=10805"}],"curies":[{"name":"wp","href":"https:\/\/api.w.org\/{rel}","templated":true}]}}