{"id":10994,"date":"2012-06-25T23:26:15","date_gmt":"2012-06-25T21:26:15","guid":{"rendered":"http:\/\/museumek.eu\/?page_id=10994"},"modified":"2021-05-02T19:24:53","modified_gmt":"2021-05-02T17:24:53","slug":"kurzbiografie-und-inventar-zum-kunstler","status":"publish","type":"page","link":"https:\/\/museumek.eu\/?page_id=10994","title":{"rendered":"Kurzbiografie und Inventar zum K\u00fcnstler"},"content":{"rendered":"<p>Walter Stock war angestellter Mitarbeiter, k\u00fcnstlerische Entwurfst\u00e4tigkeit, f\u00fcr die Steingut-und Fayencefabrik Velten-Vordamm.<\/p>\n<p><strong>Abteilung Deutschland, Keramik 1860 \u2013 1960, Inventarnummer D\/XXXII\/1<\/strong><\/p>\n<p>Steingutfabriken Velten-Vordamm GmbH in Vordamm (Firmierung so ab 1913), vormals Steingutfarbik Vordamm GmbH, vormals M\u00e4rkische Steingutfabrik GmbH, vormals Neum\u00e4rkische Steingutfabrik, vormals Steingutfabrik A. Franke, vormals Steingutfabrik Mendheim &#038; Co., vormals Steingutfabrik Mendheim &#038; Eisenecker und Steingutfabriken Velten-Vordamm GmbH in Velten, Deutschland, Vordamm (Fabrik in Vordamm), um 1910, Vase mit parallelen Rippen, K\u00fcnstler Walter Stock (attr.), Werks.-Nr. ohne, Exemplar Nr. ohne, gemarkt Firmenmarke mit Vordamm im Rechteck gr\u00fcner Stempel unter Glasur, A\/0 gr\u00fcn unter Glasur gemalt, sowie drei nicht eindeutige lesbare braune Nummernstempel unter Glasur, nicht signiert, Literatur: Gisela Reineking von Bock, Meister der deutschen Keramik 1900 bis 1950, Seite 287 ff., Beschreibung der Fabrik, Seite 298, Abb. Nr. 615, eine sehr \u00e4hnliche Vase von Walter Stock sowie Seite 328, Marke Nr. 202 identisch, weitere Literatur: Otto Pelka, Keramik der Neuzeit, Markentafel X, Marke Nr. 161 a fast identisch, Seite 213, Herstellerverzeichnis, Vordamm, Steingutfabriken Velten-Vordamm 161 a sowie Seite 222, Velten-Vordamm, Steingutfabriken 144 ff., 174, M 161 a, 219, weitere Literatur: Dieter Z\u00fchlsdorff, Markenlexikon Band 1, Porzellan und Keramik Report 1885 &#8211; 1935, Seite 200, Werk-Teil 1., Gruppennummer des Werkteils 2., laufende Nummer innerhalb der Gruppe 1968, identische Marke (dort f\u00fcr die Zeit von 1902 &#8211; 1931) sowie Seite 637, Werk-Teil 3., laufende Nummer des Werkteils 1338, dort Beschreibung der Fabrik in Vordamm, die Fabrik wurde 1837 von den beiden Kaufleuten Eduard (? evtl. auch Georg) Mendheim und Eisenecker in Vordamm bei Driesen (heute Nowe Drezdenko, Polen) gegr\u00fcndet, Firmierung wohl Steingutfabrik Mendheim &#038; Eisenecker, um 1850 bis ca. 1866 ist Mendheim Alleineigent\u00fcmer der Fabrik, Firmierung ab da Steingutfabrik Mendheim &#038; Co., es ist nicht bekannt, wer der Eigent\u00fcmer in den Jahren 1866-1880 war, 1880 wird das Unternehmen von H. Hartung gef\u00fchrt, dazu ist aber nichts weiter bekannt, 1884 wird der Berliner Bankier A. Franke neuer Eigent\u00fcmer, Firmierung Steingutfabrik A. Franke, von 1897 bis 1902 ist A. Frankes Neffe Wilhelm Wolff Freiherr von Gudenberg Inhaber und firmiert Neum\u00e4rkische Steingutfabrik und ab 1900 M\u00e4rkische Steingutfabrik GmbH, ab 1902 ist Dr. Hermann Harkort (geb. 1881 in Hagen, gest.1930, wohl in Velten) Gesellschafter, Gesch\u00e4ftsf\u00fchrer und technischer Direktor, weiterer Gesellschafter ist Karl Ernst Osthaus aus Hagen, Firmierung Steingutfabrik Vordamm GmbH, ab 1908 ist Harkort Alleininhaber, die Firmierung bleibt, 1913 baut Harkort in Velten eine weitere Fabrik (oft als Schwesterfabrik bezeichnet), Firmierung ab da Steingutfabriken Velten-Vordamm GmbH (gilt f\u00fcr beide Fabriken), in der Veltener Fabrik wurden vorwiegend Hand gemalte Fayencen und in der Vordammer Fabrik vorwiegend Gebrauchsgeschirre und Kunstkeramiken hergestellt, k\u00fcnstlerische Mitarbeiter der Fabrik sind u. a. Walter Stock, Gerhard Marcks, Ursula Fesca, Gustav Partz, Importbeschr\u00e4nkungen f\u00fchrten den Betrieb 1931 in den Ruin,<br \/>\nH\u00f6he 12,5 cm, Breite 15 cm<\/p>\n<p><a href=\"http:\/\/museumek.eu\/wp-content\/uploads\/2012\/01\/Museum-Europ\u00e4ischer-Keramikkunst-15762.jpg\"><img loading=\"lazy\" src=\"http:\/\/museumek.eu\/wp-content\/uploads\/2012\/01\/Museum-Europ\u00e4ischer-Keramikkunst-15762-262x300.jpg\" alt=\"\" title=\"Museum Europ\u00e4ischer Keramikkunst 1576\" width=\"262\" height=\"300\" class=\"alignnone size-medium wp-image-8100\" srcset=\"https:\/\/museumek.eu\/wp-content\/uploads\/2012\/01\/Museum-Europ\u00e4ischer-Keramikkunst-15762-262x300.jpg 262w, https:\/\/museumek.eu\/wp-content\/uploads\/2012\/01\/Museum-Europ\u00e4ischer-Keramikkunst-15762.jpg 554w\" sizes=\"(max-width: 262px) 100vw, 262px\" \/><\/a><\/p>\n<p><a href=\"http:\/\/museumek.eu\/wp-content\/uploads\/2012\/01\/Museum-Europ\u00e4ischer-Keramikkunst-1577.jpg\"><img loading=\"lazy\" src=\"http:\/\/museumek.eu\/wp-content\/uploads\/2012\/01\/Museum-Europ\u00e4ischer-Keramikkunst-1577-213x300.jpg\" alt=\"\" title=\"Museum Europ\u00e4ischer Keramikkunst 1577\" width=\"213\" height=\"300\" class=\"alignnone size-medium wp-image-8101\" srcset=\"https:\/\/museumek.eu\/wp-content\/uploads\/2012\/01\/Museum-Europ\u00e4ischer-Keramikkunst-1577-213x300.jpg 213w, https:\/\/museumek.eu\/wp-content\/uploads\/2012\/01\/Museum-Europ\u00e4ischer-Keramikkunst-1577.jpg 414w\" sizes=\"(max-width: 213px) 100vw, 213px\" \/><\/a><\/p>\n<p><a href=\"http:\/\/museumek.eu\/wp-content\/uploads\/2012\/01\/Museum-Europ\u00e4ischer-Keramikkunst-1580.jpg\"><img loading=\"lazy\" src=\"http:\/\/museumek.eu\/wp-content\/uploads\/2012\/01\/Museum-Europ\u00e4ischer-Keramikkunst-1580-300x126.jpg\" alt=\"\" title=\"Museum Europ\u00e4ischer Keramikkunst 1580\" width=\"300\" height=\"126\" class=\"alignnone size-medium wp-image-8102\" srcset=\"https:\/\/museumek.eu\/wp-content\/uploads\/2012\/01\/Museum-Europ\u00e4ischer-Keramikkunst-1580-300x126.jpg 300w, https:\/\/museumek.eu\/wp-content\/uploads\/2012\/01\/Museum-Europ\u00e4ischer-Keramikkunst-1580-500x211.jpg 500w, https:\/\/museumek.eu\/wp-content\/uploads\/2012\/01\/Museum-Europ\u00e4ischer-Keramikkunst-1580.jpg 855w\" sizes=\"(max-width: 300px) 100vw, 300px\" \/><\/a><\/p>\n<p><strong>Abteilung Deutschland, Keramik 1860 \u2013 1960, Inventarnummer D\/XXXII\/2<\/strong><\/p>\n<p>Steingutfabriken Velten-Vordamm GmbH in Vordamm (Firmierung so ab 1913), vormals Steingutfarbik Vordamm GmbH, vormals M\u00e4rkische Steingutfabrik GmbH, vormals Neum\u00e4rkische Steingutfabrik, vormals Steingutfabrik A. Franke, vormals Steingutfabrik Mendheim &#038; Co., vormals Steingutfabrik Mendheim &#038; Eisenecker und Steingutfabriken Velten-Vordamm GmbH in Velten, Deutschland, Vordamm (Fabrik in Vordamm), um 1910, Vase, K\u00fcnstler Walter Stock (attr.), Werks.-Nr. ohne, Exemplar Nr. ohne, gemarkt Firmenmarke mit Vordamm im Rechteck sowie Germany wei\u00dfe Stempel unter Glasur, M\/5 wei\u00df unter Glasur gemalt, nicht signiert, Literatur: Gisela Reineking von Bock, Meister der deutschen Keramik 1900 bis 1950, Seite 287 ff., Beschreibung der Fabrik, Seite 298, Abbildung 618, Vase mit sehr \u00e4hnlichen schabloniertem Dekor sowie Seite 328, Marke Nr. 202 identisch, weitere Literatur: Otto Pelka, Keramik der Neuzeit, Seite 141, gleiche Vase abgebildet wie bei Reineking von Bock, siehe Text oben sowie Markentafel X, Marke Nr. 161 a fast identisch, Seite 213, Herstellerverzeichnis, Vordamm, Steingutfabriken Velten-Vordamm 161 a sowie Seite 222, Velten-Vordamm, Steingutfabriken 144 ff., 174, M 161 a, 219, weitere Literatur: Dr. Otto Pelka, Deutsche Keramik der Gegenwart, Seite 35, Abbildung Nr. 33, wieder Abbildung der o. g. Vase, weitere Literatur: Dieter Z\u00fchlsdorff, Markenlexikon Band 1, Porzellan und Keramik Report 1885 &#8211; 1935, Seite 200, Werk-Teil 1., Gruppennummer des Werkteils 2., laufende Nummer innerhalb der Gruppe 1968, identische Marke (dort f\u00fcr die Zeit von 1902 &#8211; 1931) sowie Seite 637, Werk-Teil 3., laufende Nummer des Werkteils 1338, dort Beschreibung der Fabrik in Vordamm, die Fabrik wurde 1837 von den beiden Kaufleuten Eduard (? evtl. auch Georg) Mendheim und Eisenecker in Vordamm bei Driesen (heute Nowe Drezdenko, Polen) gegr\u00fcndet, Firmierung wohl Steingutfabrik Mendheim &#038; Eisenecker, um 1850 bis ca. 1866 ist Mendheim Alleineigent\u00fcmer der Fabrik, Firmierung ab da Steingutfabrik Mendheim &#038; Co., es ist nicht bekannt, wer der Eigent\u00fcmer in den Jahren 1866-1880 war, 1880 wird das Unternehmen von H. Hartung gef\u00fchrt, dazu ist aber nichts weiter bekannt, 1884 wird der Berliner Bankier A. Franke neuer Eigent\u00fcmer, Firmierung Steingutfabrik A. Franke, von 1897 bis 1902 ist A. Frankes Neffe Wilhelm Wolff Freiherr von Gudenberg Inhaber und firmiert Neum\u00e4rkische Steingutfabrik und ab 1900 M\u00e4rkische Steingutfabrik GmbH, ab 1902 ist Dr. Hermann Harkort (geb. 1881 in Hagen, gest.1930, wohl in Velten) Gesellschafter, Gesch\u00e4ftsf\u00fchrer und technischer Direktor, weiterer Gesellschafter ist Karl Ernst Osthaus aus Hagen, Firmierung Steingutfabrik Vordamm GmbH, ab 1908 ist Harkort Alleininhaber, die Firmierung bleibt, 1913 baut Harkort in Velten eine weitere Fabrik (oft als Schwesterfabrik bezeichnet), Firmierung ab da Steingutfabriken Velten-Vordamm GmbH (gilt f\u00fcr beide Fabriken), in der Veltener Fabrik wurden vorwiegend Hand gemalte Fayencen und in der Vordammer Fabrik vorwiegend Gebrauchsgeschirre und Kunstkeramiken hergestellt, k\u00fcnstlerische Mitarbeiter der Fabrik sind u. a. Walter Stock, Gerhard Marcks, Ursula Fesca, Gustav Partz, Importbeschr\u00e4nkungen f\u00fchrten den Betrieb 1931 in den Ruin, H\u00f6he 10 cm, Breite 10 cm<\/p>\n<p><a href=\"http:\/\/museumek.eu\/wp-content\/uploads\/2012\/06\/Museum-Europ\u00e4ischer-Keramikkunst-2167.jpg\"><img loading=\"lazy\" src=\"http:\/\/museumek.eu\/wp-content\/uploads\/2012\/06\/Museum-Europ\u00e4ischer-Keramikkunst-2167-267x300.jpg\" alt=\"\" title=\"Museum Europ\u00e4ischer Keramikkunst 2167\" width=\"267\" height=\"300\" class=\"alignnone size-medium wp-image-11000\" srcset=\"https:\/\/museumek.eu\/wp-content\/uploads\/2012\/06\/Museum-Europ\u00e4ischer-Keramikkunst-2167-267x300.jpg 267w, https:\/\/museumek.eu\/wp-content\/uploads\/2012\/06\/Museum-Europ\u00e4ischer-Keramikkunst-2167.jpg 571w\" sizes=\"(max-width: 267px) 100vw, 267px\" \/><\/a><\/p>\n<p><a href=\"http:\/\/museumek.eu\/wp-content\/uploads\/2012\/06\/Museum-Europ\u00e4ischer-Keramikkunst-2168.jpg\"><img loading=\"lazy\" src=\"http:\/\/museumek.eu\/wp-content\/uploads\/2012\/06\/Museum-Europ\u00e4ischer-Keramikkunst-2168-255x300.jpg\" alt=\"\" title=\"Museum Europ\u00e4ischer Keramikkunst 2168\" width=\"255\" height=\"300\" class=\"alignnone size-medium wp-image-11001\" srcset=\"https:\/\/museumek.eu\/wp-content\/uploads\/2012\/06\/Museum-Europ\u00e4ischer-Keramikkunst-2168-255x300.jpg 255w, https:\/\/museumek.eu\/wp-content\/uploads\/2012\/06\/Museum-Europ\u00e4ischer-Keramikkunst-2168.jpg 556w\" sizes=\"(max-width: 255px) 100vw, 255px\" \/><\/a><\/p>\n<p><strong>Abteilung Deutschland, Keramik 1860 \u2013 1960, Inventarnummer D\/XXXII\/4<\/strong><\/p>\n<p>Steingutfabriken Velten-Vordamm GmbH in Vordamm (Firmierung so ab 1913), vormals Steingutfarbik Vordamm GmbH, vormals M\u00e4rkische Steingutfabrik GmbH, vormals Neum\u00e4rkische Steingutfabrik, vormals Steingutfabrik A. Franke, vormals Steingutfabrik Mendheim &#038; Co., vormals Steingutfabrik Mendheim &#038; Eisenecker und Steingutfabriken Velten-Vordamm GmbH in Velten, Deutschland, Vordamm (Fabrik in Vordamm), um 1910, Vase, K\u00fcnstler Walter Stock, Werks.-Nr. ohne, Exemplar Nr. ohne, gemarkt Firmenmarke mit Vordamm im Rechteck wei\u00dfer Stempel unter Glasur, S wei\u00df unter Glasur gemalt, signiert S (f\u00fcr Stock ?), Literatur: Gisela Reineking von Bock, Meister der deutschen Keramik 1900 bis 1950, Seite 287 ff., Beschreibung der Fabrik, Seite 298, Abbildung 618, formgleiche Vase mit \u00e4hnlichem Dekorstil sowie Seite 328, Marke Nr. 202 identisch, weitere Literatur: Otto Pelka, Keramik der Neuzeit, Seite 141, gleiche Vase abgebildet wie bei Reineking von Bock, siehe Text oben sowie Markentafel X, Marke Nr. 161 a fast identisch, Seite 213, Herstellerverzeichnis, Vordamm, Steingutfabriken Velten-Vordamm 161 a sowie Seite 222, Velten-Vordamm, Steingutfabriken 144 ff., 174, M 161 a, 219, weitere Literatur: Dr. Otto Pelka, Deutsche Keramik der Gegenwart, Seite 35, Abbildung Nr. 33, wieder Abbildung der o. g. Vase, weitere Literatur: Dieter Z\u00fchlsdorff, Markenlexikon Band 1, Porzellan und Keramik Report 1885 &#8211; 1935, Seite 200, Werk-Teil 1., Gruppennummer des Werkteils 2., laufende Nummer innerhalb der Gruppe 1968, identische Marke (dort f\u00fcr die Zeit von 1902 &#8211; 1931) sowie Seite 637, Werk-Teil 3., laufende Nummer des Werkteils 1338, dort Beschreibung der Fabrik in Vordamm, die Fabrik wurde 1837 von den beiden Kaufleuten Eduard (? evtl. auch Georg) Mendheim und Eisenecker in Vordamm bei Driesen (heute Nowe Drezdenko, Polen) gegr\u00fcndet, Firmierung wohl Steingutfabrik Mendheim &#038; Eisenecker, um 1850 bis ca. 1866 ist Mendheim Alleineigent\u00fcmer der Fabrik, Firmierung ab da Steingutfabrik Mendheim &#038; Co., es ist nicht bekannt, wer der Eigent\u00fcmer in den Jahren 1866-1880 war, 1880 wird das Unternehmen von H. Hartung gef\u00fchrt, dazu ist aber nichts weiter bekannt, 1884 wird der Berliner Bankier A. Franke neuer Eigent\u00fcmer, Firmierung Steingutfabrik A. Franke, von 1897 bis 1902 ist A. Frankes Neffe Wilhelm Wolff Freiherr von Gudenberg Inhaber und firmiert Neum\u00e4rkische Steingutfabrik und ab 1900 M\u00e4rkische Steingutfabrik GmbH, ab 1902 ist Dr. Hermann Harkort (geb. 1881 in Hagen, gest.1930, wohl in Velten) Gesellschafter, Gesch\u00e4ftsf\u00fchrer und technischer Direktor, weiterer Gesellschafter ist Karl Ernst Osthaus aus Hagen, Firmierung Steingutfabrik Vordamm GmbH, ab 1908 ist Harkort Alleininhaber, die Firmierung bleibt, 1913 baut Harkort in Velten eine weitere Fabrik (oft als Schwesterfabrik bezeichnet), Firmierung ab da Steingutfabriken Velten-Vordamm GmbH (gilt f\u00fcr beide Fabriken), in der Veltener Fabrik wurden vorwiegend Hand gemalte Fayencen und in der Vordammer Fabrik vorwiegend Gebrauchsgeschirre und Kunstkeramiken hergestellt, k\u00fcnstlerische Mitarbeiter der Fabrik sind u. a. Walter Stock, Gerhard Marcks, Ursula Fesca, Gustav Partz, Importbeschr\u00e4nkungen f\u00fchrten den Betrieb 1931 in den Ruin, H\u00f6he 14,5 cm, Breite 14,5 cm<\/p>\n<p><a href=\"http:\/\/museumek.eu\/wp-content\/uploads\/2012\/06\/Museum-Europ\u00e4ischer-Keramikkunst-1826.jpg\"><img loading=\"lazy\" src=\"http:\/\/museumek.eu\/wp-content\/uploads\/2012\/06\/Museum-Europ\u00e4ischer-Keramikkunst-1826-237x300.jpg\" alt=\"\" title=\"Museum Europ\u00e4ischer Keramikkunst 1826\" width=\"237\" height=\"300\" class=\"alignnone size-medium wp-image-11015\" srcset=\"https:\/\/museumek.eu\/wp-content\/uploads\/2012\/06\/Museum-Europ\u00e4ischer-Keramikkunst-1826-237x300.jpg 237w, https:\/\/museumek.eu\/wp-content\/uploads\/2012\/06\/Museum-Europ\u00e4ischer-Keramikkunst-1826.jpg 585w\" sizes=\"(max-width: 237px) 100vw, 237px\" \/><\/a><\/p>\n<p><a href=\"http:\/\/museumek.eu\/wp-content\/uploads\/2012\/06\/Museum-Europ\u00e4ischer-Keramikkunst-1827.jpg\"><img loading=\"lazy\" src=\"http:\/\/museumek.eu\/wp-content\/uploads\/2012\/06\/Museum-Europ\u00e4ischer-Keramikkunst-1827-198x300.jpg\" alt=\"\" title=\"Museum Europ\u00e4ischer Keramikkunst 1827\" width=\"198\" height=\"300\" class=\"alignnone size-medium wp-image-11016\" srcset=\"https:\/\/museumek.eu\/wp-content\/uploads\/2012\/06\/Museum-Europ\u00e4ischer-Keramikkunst-1827-198x300.jpg 198w, https:\/\/museumek.eu\/wp-content\/uploads\/2012\/06\/Museum-Europ\u00e4ischer-Keramikkunst-1827.jpg 318w\" sizes=\"(max-width: 198px) 100vw, 198px\" \/><\/a><\/p>\n","protected":false},"excerpt":{"rendered":"<p>Walter Stock war angestellter Mitarbeiter, k\u00fcnstlerische Entwurfst\u00e4tigkeit, f\u00fcr die Steingut-und Fayencefabrik Velten-Vordamm. Abteilung Deutschland, Keramik 1860 \u2013 1960, Inventarnummer D\/XXXII\/1 Steingutfabriken Velten-Vordamm GmbH in Vordamm (Firmierung so ab 1913), vormals Steingutfarbik Vordamm GmbH, vormals M\u00e4rkische Steingutfabrik GmbH, vormals Neum\u00e4rkische Steingutfabrik, &hellip; <a href=\"https:\/\/museumek.eu\/?page_id=10994\">Weiterlesen <span class=\"meta-nav\">&rarr;<\/span><\/a><\/p>\n","protected":false},"author":1,"featured_media":0,"parent":8111,"menu_order":1,"comment_status":"closed","ping_status":"open","template":"","meta":[],"_links":{"self":[{"href":"https:\/\/museumek.eu\/index.php?rest_route=\/wp\/v2\/pages\/10994"}],"collection":[{"href":"https:\/\/museumek.eu\/index.php?rest_route=\/wp\/v2\/pages"}],"about":[{"href":"https:\/\/museumek.eu\/index.php?rest_route=\/wp\/v2\/types\/page"}],"author":[{"embeddable":true,"href":"https:\/\/museumek.eu\/index.php?rest_route=\/wp\/v2\/users\/1"}],"replies":[{"embeddable":true,"href":"https:\/\/museumek.eu\/index.php?rest_route=%2Fwp%2Fv2%2Fcomments&post=10994"}],"version-history":[{"count":14,"href":"https:\/\/museumek.eu\/index.php?rest_route=\/wp\/v2\/pages\/10994\/revisions"}],"predecessor-version":[{"id":56431,"href":"https:\/\/museumek.eu\/index.php?rest_route=\/wp\/v2\/pages\/10994\/revisions\/56431"}],"up":[{"embeddable":true,"href":"https:\/\/museumek.eu\/index.php?rest_route=\/wp\/v2\/pages\/8111"}],"wp:attachment":[{"href":"https:\/\/museumek.eu\/index.php?rest_route=%2Fwp%2Fv2%2Fmedia&parent=10994"}],"curies":[{"name":"wp","href":"https:\/\/api.w.org\/{rel}","templated":true}]}}