{"id":1116,"date":"2011-08-15T00:04:18","date_gmt":"2011-08-14T22:04:18","guid":{"rendered":"http:\/\/museumek.eu\/?page_id=1116"},"modified":"2013-05-07T00:39:59","modified_gmt":"2013-05-06T22:39:59","slug":"axv4","status":"publish","type":"page","link":"https:\/\/museumek.eu\/?page_id=1116","title":{"rendered":"A\/XV\/4"},"content":{"rendered":"<p><strong>Abteilung Austria\/Ungarn\/B\u00f6hmen, Keramik 1860 \u2013 1960, Inventarnummer A\/XV\/4<\/strong><\/p>\n<p>Joh. Maresch Thon- und Steingutwaaren oder Nachf. (ab 1891) Ferdinand Maresch Kunstterracotten- Siderolith- und Majolikafabrik, B\u00f6hmen\/Austria, Aussig\/\u00dasti nad Labem, um 1870, Zierteller florale Motive, K\u00fcnstler unbekannt, Werks.-Nr. 424, Exemplar Nr. ohne, gemarkt Firmenmarke mit JM (f\u00fcr Johann Maresch), ungedeuter Kreis sowie 424 gepresst, nicht signiert, Literatur: Volker M\u00f6lle Riessner, Amphora, Die Porzellan- und Keramikmanufaktur in Nord-B\u00f6hmen, Seite 190, Beschreibung der Maresch\u2018schen Fabriken sowie Seite 196, Marke Nr. 56 identisch, Adolph B\u00e4r gr\u00fcndete um 1841 eine Keramikfabrik und firmierte als Adolph B\u00e4r, Terralith, 1851 \u00dcbergang in B\u00e4r &#038; Maresch mit den Inhabern Wilhelmine B\u00e4r und Johann Maresch, 1863 \u00dcbergang auf Johann Maresch und Firmierung als Joh. Maresch Thon- und Steingutwaaren, 1891 \u00dcbergang auf Ferdinand Maresch und Firmierung als Ferdinand Maresch Kunstterracotten- Siderolith- und Majolikafabrik, 1942 \u00dcbergang auf eine Kommanditgesellschaft und Firmierung als Ferd. Maresch Kommanditgesellschaft, um 1951 wohl Betriebsschlie\u00dfung oder Enteignung, die Kreismarke neben dem JM tritt mal ohne Inhalt und mal mit einer nicht gedeuteten Einpressung auf, manchmal fehlt sie oder wird durch eine Blumenst\u00f6ckl \u00e4hnliche Pressung ersetzt, im MEK Inventar gibt es alle 3 Varianten, siehe Porzellanmarken \u2013 Keramikmarken Verzeichnis, es ist davon auszugehen, dass die bereits von Johann Maresch benutzte Firmenmarke JM, nach dem Fabrik\u00fcbergang auf Ferdinand Maresch, von diesem weiter verwendet worden ist, auf Grund der fr\u00fchen Werks.-Nr. ordnet das MEK den Zierteller auf ca. 1870 ein, Durchmesser 17 cm<\/p>\n<p><a href=\"http:\/\/museumek.eu\/wp-content\/uploads\/2011\/08\/Museum-Europ\u00e4ischer-Keramikkunst-Qualit\u00e4tsfotos-202.jpg\"><img loading=\"lazy\" src=\"http:\/\/museumek.eu\/wp-content\/uploads\/2011\/08\/Museum-Europ\u00e4ischer-Keramikkunst-Qualit\u00e4tsfotos-202-300x295.jpg\" alt=\"\" title=\"Museum Europ\u00e4ischer Keramikkunst Qualit\u00e4tsfotos 202\" width=\"300\" height=\"295\" class=\"alignnone size-medium wp-image-1117\" srcset=\"https:\/\/museumek.eu\/wp-content\/uploads\/2011\/08\/Museum-Europ\u00e4ischer-Keramikkunst-Qualit\u00e4tsfotos-202-300x295.jpg 300w, https:\/\/museumek.eu\/wp-content\/uploads\/2011\/08\/Museum-Europ\u00e4ischer-Keramikkunst-Qualit\u00e4tsfotos-202-304x300.jpg 304w, https:\/\/museumek.eu\/wp-content\/uploads\/2011\/08\/Museum-Europ\u00e4ischer-Keramikkunst-Qualit\u00e4tsfotos-202.jpg 727w\" sizes=\"(max-width: 300px) 100vw, 300px\" \/><\/a><\/p>\n<p><a href=\"http:\/\/museumek.eu\/wp-content\/uploads\/2011\/08\/Museum-Europ\u00e4ischer-Keramikkunst-361.jpg\"><img loading=\"lazy\" src=\"http:\/\/museumek.eu\/wp-content\/uploads\/2011\/08\/Museum-Europ\u00e4ischer-Keramikkunst-361-300x250.jpg\" alt=\"\" title=\"Museum Europ\u00e4ischer Keramikkunst 361\" width=\"300\" height=\"250\" class=\"alignnone size-medium wp-image-1118\" srcset=\"https:\/\/museumek.eu\/wp-content\/uploads\/2011\/08\/Museum-Europ\u00e4ischer-Keramikkunst-361-300x250.jpg 300w, https:\/\/museumek.eu\/wp-content\/uploads\/2011\/08\/Museum-Europ\u00e4ischer-Keramikkunst-361-360x300.jpg 360w, https:\/\/museumek.eu\/wp-content\/uploads\/2011\/08\/Museum-Europ\u00e4ischer-Keramikkunst-361.jpg 486w\" sizes=\"(max-width: 300px) 100vw, 300px\" \/><\/a><\/p>\n","protected":false},"excerpt":{"rendered":"<p>Abteilung Austria\/Ungarn\/B\u00f6hmen, Keramik 1860 \u2013 1960, Inventarnummer A\/XV\/4 Joh. Maresch Thon- und Steingutwaaren oder Nachf. (ab 1891) Ferdinand Maresch Kunstterracotten- Siderolith- und Majolikafabrik, B\u00f6hmen\/Austria, Aussig\/\u00dasti nad Labem, um 1870, Zierteller florale Motive, K\u00fcnstler unbekannt, Werks.-Nr. 424, Exemplar Nr. ohne, gemarkt &hellip; <a href=\"https:\/\/museumek.eu\/?page_id=1116\">Weiterlesen <span class=\"meta-nav\">&rarr;<\/span><\/a><\/p>\n","protected":false},"author":1,"featured_media":0,"parent":1097,"menu_order":4,"comment_status":"closed","ping_status":"closed","template":"","meta":[],"_links":{"self":[{"href":"https:\/\/museumek.eu\/index.php?rest_route=\/wp\/v2\/pages\/1116"}],"collection":[{"href":"https:\/\/museumek.eu\/index.php?rest_route=\/wp\/v2\/pages"}],"about":[{"href":"https:\/\/museumek.eu\/index.php?rest_route=\/wp\/v2\/types\/page"}],"author":[{"embeddable":true,"href":"https:\/\/museumek.eu\/index.php?rest_route=\/wp\/v2\/users\/1"}],"replies":[{"embeddable":true,"href":"https:\/\/museumek.eu\/index.php?rest_route=%2Fwp%2Fv2%2Fcomments&post=1116"}],"version-history":[{"count":4,"href":"https:\/\/museumek.eu\/index.php?rest_route=\/wp\/v2\/pages\/1116\/revisions"}],"predecessor-version":[{"id":21489,"href":"https:\/\/museumek.eu\/index.php?rest_route=\/wp\/v2\/pages\/1116\/revisions\/21489"}],"up":[{"embeddable":true,"href":"https:\/\/museumek.eu\/index.php?rest_route=\/wp\/v2\/pages\/1097"}],"wp:attachment":[{"href":"https:\/\/museumek.eu\/index.php?rest_route=%2Fwp%2Fv2%2Fmedia&parent=1116"}],"curies":[{"name":"wp","href":"https:\/\/api.w.org\/{rel}","templated":true}]}}