{"id":11194,"date":"2012-07-02T14:01:56","date_gmt":"2012-07-02T12:01:56","guid":{"rendered":"http:\/\/museumek.eu\/?page_id=11194"},"modified":"2014-08-17T22:40:22","modified_gmt":"2014-08-17T20:40:22","slug":"dxlv2","status":"publish","type":"page","link":"https:\/\/museumek.eu\/?page_id=11194","title":{"rendered":"D\/XLV\/2"},"content":{"rendered":"<p><strong>Abteilung Deutschland, Keramik 1860 \u2013 1960, Inventarnummer D\/XLV\/2<\/strong><\/p>\n<p>Steinzeug- &#038; Thonwaarenfabrik, Zinngiesserei &#038; Malerei Reinhold Merkelbach und Nachfolger Steinzeug- und Hartsteingutfabrik, Zinngie\u00dfereien und Malereien Reinhold Merkelbach, Deutschland, Grenzhausen, vor 1900, Seidel, K\u00fcnstler unbekannt, Werks.-Nr. 991, Exemplar Nr. ohne, gemarkt Firmenmarke mit RM mittig in einem Hexagramm, links und rechts neben dem Hexagramm je ein Punkt, 991, G sowie 0,3 L \u00fcber Eichstrich gepresst, 991 unter dem Henkel geritzt, unbekanntes Zeichen geritzt, nicht signiert, Literatur: Gisela Reineking von Bock, Meister der deutschen Keramik, Seite 221 ff., Fabrikbeschreibung, Seite 325, Marke Nr. 148 identisch, weitere Literatur: Beate Dry-v. Zezschwitz, Westerw\u00e4lder Steinzeug des Jugendstils I, R. Merkelbach Grenzhausen und M\u00fcnchen, Nachdruck der Spezialpreisliste 1905, Seite 31, Marke Nr. 18 identisch, weitere Literatur: J\u00fcrgen Schimanski, Braun geflammt und grau gesalzen, Seite 209, Beschreibung, dass die dreistelligen Modellnummern vor 1900 verwendet worden sind, 1845 gr\u00fcndete Wilhelm Merkelbach (1817 \u2013 1859) in Grenzhausen eine Kannenb\u00e4ckerei, wann sich diese zur Steinzeugfabrik weiterentwickelte und wie diese Fabrik firmierte konnte nicht recherchiert werden, nach dem fr\u00fchen Tod von Wilhelm Merkelbach \u00fcbernahm dessen Sohn Wilhelm Reinhold Merkelbach (1847 \u2013 1891) die Fabrik, wie Reinhold Merkelbach direkt nach der \u00dcbernahme firmierte konnte nicht recherchiert werden, sp\u00e4testens ab 1892 firmierte die Fabrik als Steinzeug- &#038; Thonwaarenfabrik, Zinngiesserei &#038; Malerei Reinhold Merkelbach, dies ergibt sich aus dem Preis-Courant des Jahres 1892, seit 1878 hatte die Fabrik ein Fabriklager in M\u00fcnchen, welches ab 1891 als Bierkrugfabrikniederlage, Inh. Tosca Merkelbach, Grenzhausen bezeichnet wurde, nach Reinhold Merkelbachs Tod 1891 f\u00fchrte seine Witwe Tosca Merkelbach die Fabrik weiter, bis die S\u00f6hne Paul Merkelbach (1882 \u2013 1917) und Reinhold Merkelbach (1885 \u2013 1918) am 23.05.1907 die Fabrik \u00fcbernahmen, ab 1905 firmierte die Fabrik als Steinzeug- und Hartsteingutfabrik, Zinngie\u00dfereien und Malereien Reinhold Merkelbach, dies ergibt sich aus der Spezialpreisliste des Jahres 1905, im Zuge der Fabrik\u00fcbergabe an die S\u00f6hne wurde die Niederlage in M\u00fcnchen gel\u00f6scht und daf\u00fcr als selbstst\u00e4ndiges Unternehmen neu gegr\u00fcndet, nach dem beide S\u00f6hne im WK I gefallen waren, \u00fcbernahm wieder Tosca Merkelbach die Leitung der Fabrik, 1911 gr\u00fcndete die Fabrik zusammen mit den Fabriken M\u00fcller, Hanke und Gerz die Steinzeugwerke H\u00f6hr-Grenzhausen GmbH, um sich gegenseitig im Vertrieb und in der Produktion zu bef\u00f6rdern, bis zum Jahre 1918 stiegen die Fabriken M\u00fcller, Hanke und Gerz wieder aus der GmbH aus, Merkelbach \u00fcbernahm viele der Formen der anderen Fabriken und die GmbH ging im Laufe der n\u00e4chsten Jahre in die Steinzeugfabrik Reinhold Merkelbach auf, w\u00e4hrend des Bestehens der GmbH stellten die Fabriken jeweils auch Steinzeuge nach den Formen der anderen Fabriken her, die GmbH hatte keinen eigenen Markenstempel, die Produkte, auch die nach den Formen der anderen Fabriken hergestellten, wurden mit der jeweils eigenen Marke gekennzeichnet soweit \u00fcberhaupt gemarkt worden ist, nach Tosca Merkelbachs Tod f\u00fchrte die Schwiegertochter Gertrud Merkelbach, wohl zusammen mit anderen Verwandten und nicht verwandten Gesch\u00e4ftsf\u00fchrern die Fabrik weiter, 1957 \u00fcbernahm Prof. Reinhold Paul Bernhard Merkelbach (1918 \u2013 2006), ein Enkel von Reinhold Merkelbach, die Leitung der Fabrik, ab 1970 \u00e4nderte die Fabrik mehrmals ihre Firmierung und ab 1971 stieg die Goebel\u2019sche Porzellanfabrik erst mit 50 % sp\u00e4ter dann mit 100 % in die Eigentumsverh\u00e4ltnisse der Fabrik ein, 1988 kauften Familienangeh\u00f6rige der Merkelbachs zusammen mit Investoren die Fabrik zur\u00fcck, ab 1995 bis 2007 leitete die Familienangeh\u00f6rige Judith Engelmann, geb. Merkelbach die Fabrik, 2007 wurde die Produktion aufgegeben und die Steinzeugfabrik Matthias Girmscheid \u00fcbernahm viele der Formen, sowohl Goebel als auch Girmscheid produzierten viele Jugendstilentw\u00fcrfe als Neuauflagen, siehe auch MEK D\/XLV\/3, identischer Seidel, H\u00f6he 12 cm, Breite 11 cm (nur die Keramik)<\/p>\n<p><a href=\"http:\/\/museumek.eu\/?attachment_id=32819\" rel=\"attachment wp-att-32819\"><img loading=\"lazy\" src=\"http:\/\/museumek.eu\/wp-content\/uploads\/2012\/07\/1394-148x300.jpg\" alt=\"\" title=\"1394\" width=\"148\" height=\"300\" class=\"alignnone size-medium wp-image-32819\" srcset=\"https:\/\/museumek.eu\/wp-content\/uploads\/2012\/07\/1394-148x300.jpg 148w, https:\/\/museumek.eu\/wp-content\/uploads\/2012\/07\/1394-74x150.jpg 74w, https:\/\/museumek.eu\/wp-content\/uploads\/2012\/07\/1394.jpg 367w\" sizes=\"(max-width: 148px) 100vw, 148px\" \/><\/a><\/p>\n<p><a href=\"http:\/\/museumek.eu\/wp-content\/uploads\/2012\/07\/Museum-Europ\u00e4ischer-Keramikkunst-2069.jpg\"><img loading=\"lazy\" src=\"http:\/\/museumek.eu\/wp-content\/uploads\/2012\/07\/Museum-Europ\u00e4ischer-Keramikkunst-2069-158x300.jpg\" alt=\"\" title=\"Museum Europ\u00e4ischer Keramikkunst 2069\" width=\"158\" height=\"300\" class=\"alignnone size-medium wp-image-11195\" srcset=\"https:\/\/museumek.eu\/wp-content\/uploads\/2012\/07\/Museum-Europ\u00e4ischer-Keramikkunst-2069-158x300.jpg 158w, https:\/\/museumek.eu\/wp-content\/uploads\/2012\/07\/Museum-Europ\u00e4ischer-Keramikkunst-2069.jpg 451w\" sizes=\"(max-width: 158px) 100vw, 158px\" \/><\/a><\/p>\n<p><a href=\"http:\/\/museumek.eu\/wp-content\/uploads\/2012\/07\/Museum-Europ\u00e4ischer-Keramikkunst-2070.jpg\"><img loading=\"lazy\" src=\"http:\/\/museumek.eu\/wp-content\/uploads\/2012\/07\/Museum-Europ\u00e4ischer-Keramikkunst-2070-191x300.jpg\" alt=\"\" title=\"Museum Europ\u00e4ischer Keramikkunst 2070\" width=\"191\" height=\"300\" class=\"alignnone size-medium wp-image-11196\" srcset=\"https:\/\/museumek.eu\/wp-content\/uploads\/2012\/07\/Museum-Europ\u00e4ischer-Keramikkunst-2070-191x300.jpg 191w, https:\/\/museumek.eu\/wp-content\/uploads\/2012\/07\/Museum-Europ\u00e4ischer-Keramikkunst-2070.jpg 613w\" sizes=\"(max-width: 191px) 100vw, 191px\" \/><\/a><\/p>\n<p><a href=\"http:\/\/museumek.eu\/?attachment_id=32820\" rel=\"attachment wp-att-32820\"><img loading=\"lazy\" src=\"http:\/\/museumek.eu\/wp-content\/uploads\/2012\/07\/1395-186x300.jpg\" alt=\"\" title=\"1395\" width=\"186\" height=\"300\" class=\"alignnone size-medium wp-image-32820\" srcset=\"https:\/\/museumek.eu\/wp-content\/uploads\/2012\/07\/1395-186x300.jpg 186w, https:\/\/museumek.eu\/wp-content\/uploads\/2012\/07\/1395-93x150.jpg 93w, https:\/\/museumek.eu\/wp-content\/uploads\/2012\/07\/1395.jpg 498w\" sizes=\"(max-width: 186px) 100vw, 186px\" \/><\/a><\/p>\n<p><a href=\"http:\/\/museumek.eu\/?attachment_id=32821\" rel=\"attachment wp-att-32821\"><img loading=\"lazy\" src=\"http:\/\/museumek.eu\/wp-content\/uploads\/2012\/07\/1396-280x300.jpg\" alt=\"\" title=\"1396\" width=\"280\" height=\"300\" class=\"alignnone size-medium wp-image-32821\" srcset=\"https:\/\/museumek.eu\/wp-content\/uploads\/2012\/07\/1396-280x300.jpg 280w, https:\/\/museumek.eu\/wp-content\/uploads\/2012\/07\/1396-140x150.jpg 140w, https:\/\/museumek.eu\/wp-content\/uploads\/2012\/07\/1396.jpg 600w\" sizes=\"(max-width: 280px) 100vw, 280px\" \/><\/a><\/p>\n<p><a href=\"http:\/\/museumek.eu\/?attachment_id=32822\" rel=\"attachment wp-att-32822\"><img loading=\"lazy\" src=\"http:\/\/museumek.eu\/wp-content\/uploads\/2012\/07\/1397-154x300.jpg\" alt=\"\" title=\"1397\" width=\"154\" height=\"300\" class=\"alignnone size-medium wp-image-32822\" srcset=\"https:\/\/museumek.eu\/wp-content\/uploads\/2012\/07\/1397-154x300.jpg 154w, https:\/\/museumek.eu\/wp-content\/uploads\/2012\/07\/1397-77x150.jpg 77w, https:\/\/museumek.eu\/wp-content\/uploads\/2012\/07\/1397.jpg 355w\" sizes=\"(max-width: 154px) 100vw, 154px\" \/><\/a><\/p>\n","protected":false},"excerpt":{"rendered":"<p>Abteilung Deutschland, Keramik 1860 \u2013 1960, Inventarnummer D\/XLV\/2 Steinzeug- &#038; Thonwaarenfabrik, Zinngiesserei &#038; Malerei Reinhold Merkelbach und Nachfolger Steinzeug- und Hartsteingutfabrik, Zinngie\u00dfereien und Malereien Reinhold Merkelbach, Deutschland, Grenzhausen, vor 1900, Seidel, K\u00fcnstler unbekannt, Werks.-Nr. 991, Exemplar Nr. ohne, gemarkt Firmenmarke &hellip; <a href=\"https:\/\/museumek.eu\/?page_id=11194\">Weiterlesen <span class=\"meta-nav\">&rarr;<\/span><\/a><\/p>\n","protected":false},"author":1,"featured_media":0,"parent":11172,"menu_order":2,"comment_status":"closed","ping_status":"open","template":"","meta":[],"_links":{"self":[{"href":"https:\/\/museumek.eu\/index.php?rest_route=\/wp\/v2\/pages\/11194"}],"collection":[{"href":"https:\/\/museumek.eu\/index.php?rest_route=\/wp\/v2\/pages"}],"about":[{"href":"https:\/\/museumek.eu\/index.php?rest_route=\/wp\/v2\/types\/page"}],"author":[{"embeddable":true,"href":"https:\/\/museumek.eu\/index.php?rest_route=\/wp\/v2\/users\/1"}],"replies":[{"embeddable":true,"href":"https:\/\/museumek.eu\/index.php?rest_route=%2Fwp%2Fv2%2Fcomments&post=11194"}],"version-history":[{"count":14,"href":"https:\/\/museumek.eu\/index.php?rest_route=\/wp\/v2\/pages\/11194\/revisions"}],"predecessor-version":[{"id":32826,"href":"https:\/\/museumek.eu\/index.php?rest_route=\/wp\/v2\/pages\/11194\/revisions\/32826"}],"up":[{"embeddable":true,"href":"https:\/\/museumek.eu\/index.php?rest_route=\/wp\/v2\/pages\/11172"}],"wp:attachment":[{"href":"https:\/\/museumek.eu\/index.php?rest_route=%2Fwp%2Fv2%2Fmedia&parent=11194"}],"curies":[{"name":"wp","href":"https:\/\/api.w.org\/{rel}","templated":true}]}}