{"id":11309,"date":"2012-07-05T13:41:33","date_gmt":"2012-07-05T11:41:33","guid":{"rendered":"http:\/\/museumek.eu\/?page_id=11309"},"modified":"2021-02-27T20:01:49","modified_gmt":"2021-02-27T19:01:49","slug":"dxlvi1","status":"publish","type":"page","link":"https:\/\/museumek.eu\/?page_id=11309","title":{"rendered":"D\/XLVI\/1"},"content":{"rendered":"<p><strong>Abteilung Deutschland, Keramik 1860 \u2013 1960, Inventarnummer D\/XLVI\/1<\/strong><\/p>\n<p>Tonwerke Kandern AG, Abt. Kunstt\u00f6pferei (KTK), vormals Tonwerke Kandern AG Prof. Laeuger&#8217;sche Kunstt\u00f6pferei, Deutschland, Kandern, 1895 bis 1930, Vase, K\u00fcnstler unbekannt, Werks.-Nr. 748, Exemplar Nr. ohne, gemarkt Firmenmarke im Rechteck KTK (f\u00fcr Kunstt\u00f6pferei Kandern) sowie 748 geritzt, nicht signiert, Literatur: Gisela Reineking von Bock, Meister der deutschen Keramik, Seite 184 ff., Beschreibung der Fabrik sowie Seite 322, Markennachweis: Marke Nr. 99 identisch, weitere Literatur: Otto Pelka, Keramik der Neuzeit, Markentafel 12, Marke Nr. 199 identisch, weitere Literatur: Edgar Pelichet, Jugendstilkeramik, Seite 182, Marke identisch, die Tonwarenfabrik wird 1835 gegr\u00fcndet, Firmierung nicht bekannt (evtl. Tonwaarenfabrik Kandern), 1887 wird die Fabrik in eine AG umgewandelt, Firmierung Tonwerke Kandern AG, die Fabrik hat haupts\u00e4chlich ein technisches Produktionsprogramm, z. B. feuerfeste Steine Schamotteplatten und \u00e4hnliches, 1895 richtet die Fabrik eine Kunstabteilung ein, deren Leitung Prof. Max Laeuger \u00fcbernimmt, Firmierung der Kunstt\u00f6pferei unter Leitung von Laeuger: Tonwerke Kandern AG, Prof. Laeuger&#8217;sche Kunstt\u00f6pferei, Exemplare, die Laeuger selbst entwirft und herstellt, haben einen eigenen Stempel (in einem Viereck die Buchstaben MLK ineinander ligiert und ein kleines Wappen f\u00fcr Max Laeuger Kunstt\u00f6pferei, oft mit dem Zusatz GESETZL GESCHZT, wobei gesch\u00fctzt immer ohne \u00fc gestempelt wurde, siehe MEK D\/XLVI\/2, manche St\u00fccke haben auch die handschriftliche Signatur ML in verschiedenen Schreibweisen) alle anderen Produkte, haben die Ritzung oder den Stempel KTK (f\u00fcr Kunstt\u00f6pferei Kandern) in einem Rechteck, manchmal auch ohne die rechteckige Umrahmung, diese Produkte sind oft im Stil von Laeuger, wobei das MEK nicht recherchieren konnte, ab wann genau KTK als Fabriksignatur f\u00fcr die Kunstt\u00f6pferei verwendet wurde, somit ist unklar, ob ab 1895 (Gr\u00fcndung der Kunstt\u00f6pferei) oder ab ca. 1913 (nachdem Laeuger die Fabrik verlie\u00df), die Kunstt\u00f6pferei gewinnt 1900 zur Weltausstellung in Paris eine Goldmedaille, gleichfalls 1904 zur Weltausstellung in St. Louis, ab 1904 erfolgt der Generalvertrieb der Produkte der Kunstabteilung durch C. F. Otto M\u00fcller, Karlsruhe, 1913 verl\u00e4sst Laeuger die Fabrik, Hermann Hakenjos sen. \u00fcbernimmt die k\u00fcnstlerische Leitung, 1915 wird die Kunstabteilung als selbstst\u00e4ndiges Unternehmen ins Handelsregister eingetragen, Firmierung wohl ab da Tonwerke Kandern AG (Abt. Kunstt\u00f6pferei), 1927 verl\u00e4sst Hakenjos sen. die Fabrik und gr\u00fcndet mit Richard Bampi die Fayence-Manufaktur Kandern GmbH, 1930 wird die Kunstt\u00f6pferei aufgel\u00f6st,<br \/>\nH\u00f6he 23 cm, Breite 20 cm<\/p>\n<p><a href=\"http:\/\/museumek.eu\/wp-content\/uploads\/2012\/07\/Museum-Europ\u00e4ischer-Keramikkunst-2251.jpg\"><img loading=\"lazy\" src=\"http:\/\/museumek.eu\/wp-content\/uploads\/2012\/07\/Museum-Europ\u00e4ischer-Keramikkunst-2251-238x300.jpg\" alt=\"\" title=\"Museum Europ\u00e4ischer Keramikkunst 2251\" width=\"238\" height=\"300\" class=\"alignnone size-medium wp-image-11310\" srcset=\"https:\/\/museumek.eu\/wp-content\/uploads\/2012\/07\/Museum-Europ\u00e4ischer-Keramikkunst-2251-238x300.jpg 238w, https:\/\/museumek.eu\/wp-content\/uploads\/2012\/07\/Museum-Europ\u00e4ischer-Keramikkunst-2251.jpg 501w\" sizes=\"(max-width: 238px) 100vw, 238px\" \/><\/a><\/p>\n<p><a href=\"http:\/\/museumek.eu\/wp-content\/uploads\/2012\/07\/Museum-Europ\u00e4ischer-Keramikkunst-2254.jpg\"><img loading=\"lazy\" src=\"http:\/\/museumek.eu\/wp-content\/uploads\/2012\/07\/Museum-Europ\u00e4ischer-Keramikkunst-2254-300x284.jpg\" alt=\"\" title=\"Museum Europ\u00e4ischer Keramikkunst 2254\" width=\"300\" height=\"284\" class=\"alignnone size-medium wp-image-11311\" srcset=\"https:\/\/museumek.eu\/wp-content\/uploads\/2012\/07\/Museum-Europ\u00e4ischer-Keramikkunst-2254-300x284.jpg 300w, https:\/\/museumek.eu\/wp-content\/uploads\/2012\/07\/Museum-Europ\u00e4ischer-Keramikkunst-2254-316x300.jpg 316w, https:\/\/museumek.eu\/wp-content\/uploads\/2012\/07\/Museum-Europ\u00e4ischer-Keramikkunst-2254.jpg 582w\" sizes=\"(max-width: 300px) 100vw, 300px\" \/><\/a><\/p>\n","protected":false},"excerpt":{"rendered":"<p>Abteilung Deutschland, Keramik 1860 \u2013 1960, Inventarnummer D\/XLVI\/1 Tonwerke Kandern AG, Abt. Kunstt\u00f6pferei (KTK), vormals Tonwerke Kandern AG Prof. Laeuger&#8217;sche Kunstt\u00f6pferei, Deutschland, Kandern, 1895 bis 1930, Vase, K\u00fcnstler unbekannt, Werks.-Nr. 748, Exemplar Nr. ohne, gemarkt Firmenmarke im Rechteck KTK (f\u00fcr &hellip; <a href=\"https:\/\/museumek.eu\/?page_id=11309\">Weiterlesen <span class=\"meta-nav\">&rarr;<\/span><\/a><\/p>\n","protected":false},"author":1,"featured_media":0,"parent":11306,"menu_order":1,"comment_status":"closed","ping_status":"open","template":"","meta":[],"_links":{"self":[{"href":"https:\/\/museumek.eu\/index.php?rest_route=\/wp\/v2\/pages\/11309"}],"collection":[{"href":"https:\/\/museumek.eu\/index.php?rest_route=\/wp\/v2\/pages"}],"about":[{"href":"https:\/\/museumek.eu\/index.php?rest_route=\/wp\/v2\/types\/page"}],"author":[{"embeddable":true,"href":"https:\/\/museumek.eu\/index.php?rest_route=\/wp\/v2\/users\/1"}],"replies":[{"embeddable":true,"href":"https:\/\/museumek.eu\/index.php?rest_route=%2Fwp%2Fv2%2Fcomments&post=11309"}],"version-history":[{"count":6,"href":"https:\/\/museumek.eu\/index.php?rest_route=\/wp\/v2\/pages\/11309\/revisions"}],"predecessor-version":[{"id":53723,"href":"https:\/\/museumek.eu\/index.php?rest_route=\/wp\/v2\/pages\/11309\/revisions\/53723"}],"up":[{"embeddable":true,"href":"https:\/\/museumek.eu\/index.php?rest_route=\/wp\/v2\/pages\/11306"}],"wp:attachment":[{"href":"https:\/\/museumek.eu\/index.php?rest_route=%2Fwp%2Fv2%2Fmedia&parent=11309"}],"curies":[{"name":"wp","href":"https:\/\/api.w.org\/{rel}","templated":true}]}}