{"id":11713,"date":"2012-07-13T23:04:59","date_gmt":"2012-07-13T21:04:59","guid":{"rendered":"http:\/\/museumek.eu\/?page_id=11713"},"modified":"2012-07-13T23:05:32","modified_gmt":"2012-07-13T21:05:32","slug":"fxxiv2","status":"publish","type":"page","link":"https:\/\/museumek.eu\/?page_id=11713","title":{"rendered":"F\/XXIV\/2"},"content":{"rendered":"<p><strong>Abteilung Frankreich, Keramik 1860 \u2013 1960, Inventarnummer F\/XXIV\/2<\/strong><\/p>\n<p>Manufaktur Eug\u00e8ne Lion, Frankreich, Saint-Amand-en-Puisaye, Krug mit Rillendekor und Laufglasur, um 1900, K\u00fcnstler Eug\u00e8ne Lion, Werksnummer ohne, Exemplar Nr. Unikat, gemarkt Lion geritzt, signiert = gemarkt, Literatur: Edgar Pelichet, Jugendstilkeramik, Seite 96, Beschreibung der Manufaktur, weitere Literatur: Kunstgewerbemuseum der Stadt K\u00f6ln, Sammlung Gertrud u. Dr. Karl Funke-Kaiser, Keramik vom Historismus bis zur Gegenwart, Seite 396, Marke Nr. 40 identisch, weitere Literatur: Hessisches Landesmuseum Darmstadt, Sammlung Silzer, Europ\u00e4ische Keramik 1880 \u2013 1930, Seite 124, Beschreibung der Manufaktur, Seite 211, Marke Nr. 135 identisch,<br \/>\nH\u00f6he 18 cm, Breite 16,5 cm<\/p>\n<p><a href=\"http:\/\/museumek.eu\/wp-content\/uploads\/2012\/07\/Museum-Europ\u00e4ischer-Keramikkunst-2216.jpg\"><img loading=\"lazy\" src=\"http:\/\/museumek.eu\/wp-content\/uploads\/2012\/07\/Museum-Europ\u00e4ischer-Keramikkunst-2216-256x300.jpg\" alt=\"\" title=\"Museum Europ\u00e4ischer Keramikkunst 2216\" width=\"256\" height=\"300\" class=\"alignnone size-medium wp-image-11714\" srcset=\"https:\/\/museumek.eu\/wp-content\/uploads\/2012\/07\/Museum-Europ\u00e4ischer-Keramikkunst-2216-256x300.jpg 256w, https:\/\/museumek.eu\/wp-content\/uploads\/2012\/07\/Museum-Europ\u00e4ischer-Keramikkunst-2216.jpg 699w\" sizes=\"(max-width: 256px) 100vw, 256px\" \/><\/a><\/p>\n<p><a href=\"http:\/\/museumek.eu\/wp-content\/uploads\/2012\/07\/Museum-Europ\u00e4ischer-Keramikkunst-2217.jpg\"><img loading=\"lazy\" src=\"http:\/\/museumek.eu\/wp-content\/uploads\/2012\/07\/Museum-Europ\u00e4ischer-Keramikkunst-2217-300x183.jpg\" alt=\"\" title=\"Museum Europ\u00e4ischer Keramikkunst 2217\" width=\"300\" height=\"183\" class=\"alignnone size-medium wp-image-11715\" srcset=\"https:\/\/museumek.eu\/wp-content\/uploads\/2012\/07\/Museum-Europ\u00e4ischer-Keramikkunst-2217-300x183.jpg 300w, https:\/\/museumek.eu\/wp-content\/uploads\/2012\/07\/Museum-Europ\u00e4ischer-Keramikkunst-2217-490x300.jpg 490w, https:\/\/museumek.eu\/wp-content\/uploads\/2012\/07\/Museum-Europ\u00e4ischer-Keramikkunst-2217.jpg 563w\" sizes=\"(max-width: 300px) 100vw, 300px\" \/><\/a><\/p>\n","protected":false},"excerpt":{"rendered":"<p>Abteilung Frankreich, Keramik 1860 \u2013 1960, Inventarnummer F\/XXIV\/2 Manufaktur Eug\u00e8ne Lion, Frankreich, Saint-Amand-en-Puisaye, Krug mit Rillendekor und Laufglasur, um 1900, K\u00fcnstler Eug\u00e8ne Lion, Werksnummer ohne, Exemplar Nr. Unikat, gemarkt Lion geritzt, signiert = gemarkt, Literatur: Edgar Pelichet, Jugendstilkeramik, Seite 96, &hellip; <a href=\"https:\/\/museumek.eu\/?page_id=11713\">Weiterlesen <span class=\"meta-nav\">&rarr;<\/span><\/a><\/p>\n","protected":false},"author":1,"featured_media":0,"parent":11689,"menu_order":2,"comment_status":"closed","ping_status":"open","template":"","meta":[],"_links":{"self":[{"href":"https:\/\/museumek.eu\/index.php?rest_route=\/wp\/v2\/pages\/11713"}],"collection":[{"href":"https:\/\/museumek.eu\/index.php?rest_route=\/wp\/v2\/pages"}],"about":[{"href":"https:\/\/museumek.eu\/index.php?rest_route=\/wp\/v2\/types\/page"}],"author":[{"embeddable":true,"href":"https:\/\/museumek.eu\/index.php?rest_route=\/wp\/v2\/users\/1"}],"replies":[{"embeddable":true,"href":"https:\/\/museumek.eu\/index.php?rest_route=%2Fwp%2Fv2%2Fcomments&post=11713"}],"version-history":[{"count":3,"href":"https:\/\/museumek.eu\/index.php?rest_route=\/wp\/v2\/pages\/11713\/revisions"}],"predecessor-version":[{"id":11718,"href":"https:\/\/museumek.eu\/index.php?rest_route=\/wp\/v2\/pages\/11713\/revisions\/11718"}],"up":[{"embeddable":true,"href":"https:\/\/museumek.eu\/index.php?rest_route=\/wp\/v2\/pages\/11689"}],"wp:attachment":[{"href":"https:\/\/museumek.eu\/index.php?rest_route=%2Fwp%2Fv2%2Fmedia&parent=11713"}],"curies":[{"name":"wp","href":"https:\/\/api.w.org\/{rel}","templated":true}]}}