{"id":11915,"date":"2012-07-19T14:00:29","date_gmt":"2012-07-19T12:00:29","guid":{"rendered":"http:\/\/museumek.eu\/?page_id=11915"},"modified":"2012-07-19T14:02:56","modified_gmt":"2012-07-19T12:02:56","slug":"fv24","status":"publish","type":"page","link":"https:\/\/museumek.eu\/?page_id=11915","title":{"rendered":"F\/V\/24"},"content":{"rendered":"<p><strong>Abteilung Frankreich, Keramik 1860 \u2013 1960, Inventarnummer F\/V\/24<\/strong><\/p>\n<p>Manufaktur Massier, Frankreich, Vallauris, um 1900, Schale Cygne (Schwan), K\u00fcnstler Delphin Massier, Werks.-Nr. ohne, Exemplar Nr. ohne, gemarkt Delphin Massier sowie Vallauris (A M) gemalt, signiert = gemarkt, Literatur: Dieter Z\u00fchlsdorf, Keramik-Marken-Lexikon, Nr. 1303, siehe auch Auktionshaus Quittenbaum, Auktion 95, Teil 1, Jugendstil \u2013 Art D\u00e9co, Moderne Kunst, vom 03.05.2011, Lot 383, dito Schwanenschale in etwas kleinerer Ausf\u00fchrung, H\u00f6he 20 cm, Breite 23 cm<\/p>\n<p><a href=\"http:\/\/museumek.eu\/wp-content\/uploads\/2012\/07\/Museum-Europ\u00e4ischer-Keramikkunst-2632.jpg\"><img loading=\"lazy\" src=\"http:\/\/museumek.eu\/wp-content\/uploads\/2012\/07\/Museum-Europ\u00e4ischer-Keramikkunst-2632-257x300.jpg\" alt=\"\" title=\"Museum Europ\u00e4ischer Keramikkunst 2632\" width=\"257\" height=\"300\" class=\"alignnone size-medium wp-image-11916\" srcset=\"https:\/\/museumek.eu\/wp-content\/uploads\/2012\/07\/Museum-Europ\u00e4ischer-Keramikkunst-2632-257x300.jpg 257w, https:\/\/museumek.eu\/wp-content\/uploads\/2012\/07\/Museum-Europ\u00e4ischer-Keramikkunst-2632.jpg 615w\" sizes=\"(max-width: 257px) 100vw, 257px\" \/><\/a><\/p>\n<p><a href=\"http:\/\/museumek.eu\/wp-content\/uploads\/2012\/07\/Museum-Europ\u00e4ischer-Keramikkunst-2635.jpg\"><img loading=\"lazy\" src=\"http:\/\/museumek.eu\/wp-content\/uploads\/2012\/07\/Museum-Europ\u00e4ischer-Keramikkunst-2635-300x128.jpg\" alt=\"\" title=\"Museum Europ\u00e4ischer Keramikkunst 2635\" width=\"300\" height=\"128\" class=\"alignnone size-medium wp-image-11917\" srcset=\"https:\/\/museumek.eu\/wp-content\/uploads\/2012\/07\/Museum-Europ\u00e4ischer-Keramikkunst-2635-300x128.jpg 300w, https:\/\/museumek.eu\/wp-content\/uploads\/2012\/07\/Museum-Europ\u00e4ischer-Keramikkunst-2635-500x214.jpg 500w, https:\/\/museumek.eu\/wp-content\/uploads\/2012\/07\/Museum-Europ\u00e4ischer-Keramikkunst-2635.jpg 559w\" sizes=\"(max-width: 300px) 100vw, 300px\" \/><\/a><\/p>\n<p><a href=\"http:\/\/museumek.eu\/wp-content\/uploads\/2012\/07\/Z-Delphin-Massier-Schwanenschale.jpg\"><img loading=\"lazy\" src=\"http:\/\/museumek.eu\/wp-content\/uploads\/2012\/07\/Z-Delphin-Massier-Schwanenschale-300x155.jpg\" alt=\"\" title=\"Z Delphin Massier Schwanenschale\" width=\"300\" height=\"155\" class=\"alignnone size-medium wp-image-11918\" srcset=\"https:\/\/museumek.eu\/wp-content\/uploads\/2012\/07\/Z-Delphin-Massier-Schwanenschale-300x155.jpg 300w, https:\/\/museumek.eu\/wp-content\/uploads\/2012\/07\/Z-Delphin-Massier-Schwanenschale-500x258.jpg 500w, https:\/\/museumek.eu\/wp-content\/uploads\/2012\/07\/Z-Delphin-Massier-Schwanenschale.jpg 543w\" sizes=\"(max-width: 300px) 100vw, 300px\" \/><\/a><\/p>\n","protected":false},"excerpt":{"rendered":"<p>Abteilung Frankreich, Keramik 1860 \u2013 1960, Inventarnummer F\/V\/24 Manufaktur Massier, Frankreich, Vallauris, um 1900, Schale Cygne (Schwan), K\u00fcnstler Delphin Massier, Werks.-Nr. ohne, Exemplar Nr. ohne, gemarkt Delphin Massier sowie Vallauris (A M) gemalt, signiert = gemarkt, Literatur: Dieter Z\u00fchlsdorf, Keramik-Marken-Lexikon, &hellip; <a href=\"https:\/\/museumek.eu\/?page_id=11915\">Weiterlesen <span class=\"meta-nav\">&rarr;<\/span><\/a><\/p>\n","protected":false},"author":1,"featured_media":0,"parent":9554,"menu_order":24,"comment_status":"closed","ping_status":"open","template":"","meta":[],"_links":{"self":[{"href":"https:\/\/museumek.eu\/index.php?rest_route=\/wp\/v2\/pages\/11915"}],"collection":[{"href":"https:\/\/museumek.eu\/index.php?rest_route=\/wp\/v2\/pages"}],"about":[{"href":"https:\/\/museumek.eu\/index.php?rest_route=\/wp\/v2\/types\/page"}],"author":[{"embeddable":true,"href":"https:\/\/museumek.eu\/index.php?rest_route=\/wp\/v2\/users\/1"}],"replies":[{"embeddable":true,"href":"https:\/\/museumek.eu\/index.php?rest_route=%2Fwp%2Fv2%2Fcomments&post=11915"}],"version-history":[{"count":3,"href":"https:\/\/museumek.eu\/index.php?rest_route=\/wp\/v2\/pages\/11915\/revisions"}],"predecessor-version":[{"id":11921,"href":"https:\/\/museumek.eu\/index.php?rest_route=\/wp\/v2\/pages\/11915\/revisions\/11921"}],"up":[{"embeddable":true,"href":"https:\/\/museumek.eu\/index.php?rest_route=\/wp\/v2\/pages\/9554"}],"wp:attachment":[{"href":"https:\/\/museumek.eu\/index.php?rest_route=%2Fwp%2Fv2%2Fmedia&parent=11915"}],"curies":[{"name":"wp","href":"https:\/\/api.w.org\/{rel}","templated":true}]}}