{"id":12126,"date":"2012-07-29T17:53:55","date_gmt":"2012-07-29T15:53:55","guid":{"rendered":"http:\/\/museumek.eu\/?page_id=12126"},"modified":"2013-07-25T20:43:05","modified_gmt":"2013-07-25T18:43:05","slug":"dxli3","status":"publish","type":"page","link":"https:\/\/museumek.eu\/?page_id=12126","title":{"rendered":"D\/XLI\/3"},"content":{"rendered":"<p><strong>Abteilung Deutschland, Keramik 1860 \u2013 1960, Inventarnummer D\/XLI\/3<\/strong><\/p>\n<p>W\u00e4chtersbacher Steingutfabrik, Deutschland, Schlierbach, um 1875, Zierteller, K\u00fcnstler unbekannt, Werks.-Nr. ohne, Exemplar Nr. ohne, gemarkt Firmenmarke mit WBach blauer Stempel unter Glasur, 1S sowie V gepresst, nicht signiert, Literatur: Sparkassen-Kulturstiftung Hessen-Th\u00fcringen, W\u00e4chtersbacher Steingut, Die Sammlung der Sparkassen-Kulturstiftung Hessen-Th\u00fcringen, Seite 101, Marke Nr. 19 identisch, weitere Literatur: Ludwig Rinn und Vonderau Museum Fulda, Markentafel W\u00e4chtersbacher Keramik, Seite 10, Marke Nr. 19 identisch, weitere Literatur: Heinz und Lilo Frensch, W\u00e4chtersbacher Steingut, Seite 17, Markentafel, fast identische abgebildete Marke, siehe auch MEK D\/XLI\/4 identischer Teller, Fahne sowie Darstellung im Spiegel vergoldet, das MEK nimmt keine Fabrikbeschreibung vor und verweist auf die o. g. Literatur, Durchmesser 20 cm<\/p>\n<p><a href=\"http:\/\/museumek.eu\/wp-content\/uploads\/2012\/07\/Museum-Europ\u00e4ischer-Keramikkunst-2028.jpg\"><img loading=\"lazy\" src=\"http:\/\/museumek.eu\/wp-content\/uploads\/2012\/07\/Museum-Europ\u00e4ischer-Keramikkunst-2028-300x288.jpg\" alt=\"\" title=\"Museum Europ\u00e4ischer Keramikkunst 2028\" width=\"300\" height=\"288\" class=\"alignnone size-medium wp-image-12127\" srcset=\"https:\/\/museumek.eu\/wp-content\/uploads\/2012\/07\/Museum-Europ\u00e4ischer-Keramikkunst-2028-300x288.jpg 300w, https:\/\/museumek.eu\/wp-content\/uploads\/2012\/07\/Museum-Europ\u00e4ischer-Keramikkunst-2028-312x300.jpg 312w, https:\/\/museumek.eu\/wp-content\/uploads\/2012\/07\/Museum-Europ\u00e4ischer-Keramikkunst-2028.jpg 740w\" sizes=\"(max-width: 300px) 100vw, 300px\" \/><\/a><\/p>\n<p><a href=\"http:\/\/museumek.eu\/wp-content\/uploads\/2012\/07\/Museum-Europ\u00e4ischer-Keramikkunst-2029.jpg\"><img loading=\"lazy\" src=\"http:\/\/museumek.eu\/wp-content\/uploads\/2012\/07\/Museum-Europ\u00e4ischer-Keramikkunst-2029-300x281.jpg\" alt=\"\" title=\"Museum Europ\u00e4ischer Keramikkunst 2029\" width=\"300\" height=\"281\" class=\"alignnone size-medium wp-image-12128\" srcset=\"https:\/\/museumek.eu\/wp-content\/uploads\/2012\/07\/Museum-Europ\u00e4ischer-Keramikkunst-2029-300x281.jpg 300w, https:\/\/museumek.eu\/wp-content\/uploads\/2012\/07\/Museum-Europ\u00e4ischer-Keramikkunst-2029-319x300.jpg 319w, https:\/\/museumek.eu\/wp-content\/uploads\/2012\/07\/Museum-Europ\u00e4ischer-Keramikkunst-2029.jpg 483w\" sizes=\"(max-width: 300px) 100vw, 300px\" \/><\/a><\/p>\n","protected":false},"excerpt":{"rendered":"<p>Abteilung Deutschland, Keramik 1860 \u2013 1960, Inventarnummer D\/XLI\/3 W\u00e4chtersbacher Steingutfabrik, Deutschland, Schlierbach, um 1875, Zierteller, K\u00fcnstler unbekannt, Werks.-Nr. ohne, Exemplar Nr. ohne, gemarkt Firmenmarke mit WBach blauer Stempel unter Glasur, 1S sowie V gepresst, nicht signiert, Literatur: Sparkassen-Kulturstiftung Hessen-Th\u00fcringen, W\u00e4chtersbacher &hellip; <a href=\"https:\/\/museumek.eu\/?page_id=12126\">Weiterlesen <span class=\"meta-nav\">&rarr;<\/span><\/a><\/p>\n","protected":false},"author":1,"featured_media":0,"parent":9872,"menu_order":3,"comment_status":"closed","ping_status":"open","template":"","meta":[],"_links":{"self":[{"href":"https:\/\/museumek.eu\/index.php?rest_route=\/wp\/v2\/pages\/12126"}],"collection":[{"href":"https:\/\/museumek.eu\/index.php?rest_route=\/wp\/v2\/pages"}],"about":[{"href":"https:\/\/museumek.eu\/index.php?rest_route=\/wp\/v2\/types\/page"}],"author":[{"embeddable":true,"href":"https:\/\/museumek.eu\/index.php?rest_route=\/wp\/v2\/users\/1"}],"replies":[{"embeddable":true,"href":"https:\/\/museumek.eu\/index.php?rest_route=%2Fwp%2Fv2%2Fcomments&post=12126"}],"version-history":[{"count":4,"href":"https:\/\/museumek.eu\/index.php?rest_route=\/wp\/v2\/pages\/12126\/revisions"}],"predecessor-version":[{"id":25560,"href":"https:\/\/museumek.eu\/index.php?rest_route=\/wp\/v2\/pages\/12126\/revisions\/25560"}],"up":[{"embeddable":true,"href":"https:\/\/museumek.eu\/index.php?rest_route=\/wp\/v2\/pages\/9872"}],"wp:attachment":[{"href":"https:\/\/museumek.eu\/index.php?rest_route=%2Fwp%2Fv2%2Fmedia&parent=12126"}],"curies":[{"name":"wp","href":"https:\/\/api.w.org\/{rel}","templated":true}]}}