{"id":12259,"date":"2012-08-05T14:10:32","date_gmt":"2012-08-05T12:10:32","guid":{"rendered":"http:\/\/museumek.eu\/?page_id=12259"},"modified":"2013-04-20T01:13:37","modified_gmt":"2013-04-19T23:13:37","slug":"dviii17","status":"publish","type":"page","link":"https:\/\/museumek.eu\/?page_id=12259","title":{"rendered":"D\/VIII\/17"},"content":{"rendered":"<p><strong>Abteilung Deutschland, Keramik 1860 \u2013 1960, Inventarnummer D\/VIII\/17<\/strong><\/p>\n<p>Manufaktur Villeroy &#038; Boch, Deutschland, Dresden, 1901, Teller aus dem Service \u201ePommern\u201c, K\u00fcnstler Joseph Maria Olbrich (attr.), Werks.-Nr. ohne, Exemplar Nr. ohne, gemarkt Firmenmarke mit Merkur, Villeroy &#038; Boch sowie Dresden brauner Stempel unter Glasur, Pressstempel mit nicht gedeuteten Buchstaben und Zahlen, nicht gedeutete Zeichen blau gemalt, nicht signiert, Ausf\u00fchrung als Steingutscherben mit ornamental verschlungenem Bandmotiv, Literatur: Jana Kybalov\u00e1, Keramik-Marken aus aller Welt, Marke Nr. 1671 identisch, weitere Literatur: Brigitte Reuter, Museum f\u00fcr Kunst und Gewerbe, Die Jugendstilsammlung, Band 4: K\u00fcnstler S \u2013 Z, Seite 319, Beschreibung der Manufaktur sowie Seite 320, Abbildung 2242 identischer Teller Inv. Nr. 1988.235.a-b. (dort mit Literaturverweis: Mettlach 1992, Nr. 83, Entwurf m\u00f6glichweise Olbrich), siehe auch Auktionshaus von Zezschitz, M\u00fcnchen, Auktion vom 14.11.2003, weitere Teile des Service, siehe auch MEK D\/VII\/18 und MEK\/VIII\/19, weitere Teller des Service, Durchmesser 24,5 cm<\/p>\n<p><a href=\"http:\/\/museumek.eu\/wp-content\/uploads\/2012\/08\/Museum-Europ\u00e4ischer-Keramikkunst-2683.jpg\"><img loading=\"lazy\" src=\"http:\/\/museumek.eu\/wp-content\/uploads\/2012\/08\/Museum-Europ\u00e4ischer-Keramikkunst-2683-300x291.jpg\" alt=\"\" title=\"Museum Europ\u00e4ischer Keramikkunst 2683\" width=\"300\" height=\"291\" class=\"alignnone size-medium wp-image-12260\" srcset=\"https:\/\/museumek.eu\/wp-content\/uploads\/2012\/08\/Museum-Europ\u00e4ischer-Keramikkunst-2683-300x291.jpg 300w, https:\/\/museumek.eu\/wp-content\/uploads\/2012\/08\/Museum-Europ\u00e4ischer-Keramikkunst-2683-308x300.jpg 308w, https:\/\/museumek.eu\/wp-content\/uploads\/2012\/08\/Museum-Europ\u00e4ischer-Keramikkunst-2683.jpg 761w\" sizes=\"(max-width: 300px) 100vw, 300px\" \/><\/a><\/p>\n<p><a href=\"http:\/\/museumek.eu\/wp-content\/uploads\/2012\/08\/Museum-Europ\u00e4ischer-Keramikkunst-2684.jpg\"><img loading=\"lazy\" src=\"http:\/\/museumek.eu\/wp-content\/uploads\/2012\/08\/Museum-Europ\u00e4ischer-Keramikkunst-2684-300x279.jpg\" alt=\"\" title=\"Museum Europ\u00e4ischer Keramikkunst 2684\" width=\"300\" height=\"279\" class=\"alignnone size-medium wp-image-12261\" srcset=\"https:\/\/museumek.eu\/wp-content\/uploads\/2012\/08\/Museum-Europ\u00e4ischer-Keramikkunst-2684-300x279.jpg 300w, https:\/\/museumek.eu\/wp-content\/uploads\/2012\/08\/Museum-Europ\u00e4ischer-Keramikkunst-2684-322x300.jpg 322w, https:\/\/museumek.eu\/wp-content\/uploads\/2012\/08\/Museum-Europ\u00e4ischer-Keramikkunst-2684.jpg 511w\" sizes=\"(max-width: 300px) 100vw, 300px\" \/><\/a><\/p>\n<p><a href=\"http:\/\/museumek.eu\/wp-content\/uploads\/2012\/08\/Museum-Europ\u00e4ischer-Keramikkunst-2685.jpg\"><img loading=\"lazy\" src=\"http:\/\/museumek.eu\/wp-content\/uploads\/2012\/08\/Museum-Europ\u00e4ischer-Keramikkunst-2685-300x276.jpg\" alt=\"\" title=\"Museum Europ\u00e4ischer Keramikkunst 2685\" width=\"300\" height=\"276\" class=\"alignnone size-medium wp-image-12262\" srcset=\"https:\/\/museumek.eu\/wp-content\/uploads\/2012\/08\/Museum-Europ\u00e4ischer-Keramikkunst-2685-300x276.jpg 300w, https:\/\/museumek.eu\/wp-content\/uploads\/2012\/08\/Museum-Europ\u00e4ischer-Keramikkunst-2685-326x300.jpg 326w, https:\/\/museumek.eu\/wp-content\/uploads\/2012\/08\/Museum-Europ\u00e4ischer-Keramikkunst-2685.jpg 713w\" sizes=\"(max-width: 300px) 100vw, 300px\" \/><\/a><\/p>\n<p><a href=\"http:\/\/museumek.eu\/wp-content\/uploads\/2012\/08\/Museum-Europ\u00e4ischer-Keramikkunst-2700.jpg\"><img loading=\"lazy\" src=\"http:\/\/museumek.eu\/wp-content\/uploads\/2012\/08\/Museum-Europ\u00e4ischer-Keramikkunst-2700-174x300.jpg\" alt=\"\" title=\"Museum Europ\u00e4ischer Keramikkunst 2700\" width=\"174\" height=\"300\" class=\"alignnone size-medium wp-image-12263\" srcset=\"https:\/\/museumek.eu\/wp-content\/uploads\/2012\/08\/Museum-Europ\u00e4ischer-Keramikkunst-2700-174x300.jpg 174w, https:\/\/museumek.eu\/wp-content\/uploads\/2012\/08\/Museum-Europ\u00e4ischer-Keramikkunst-2700.jpg 359w\" sizes=\"(max-width: 174px) 100vw, 174px\" \/><\/a><\/p>\n","protected":false},"excerpt":{"rendered":"<p>Abteilung Deutschland, Keramik 1860 \u2013 1960, Inventarnummer D\/VIII\/17 Manufaktur Villeroy &#038; Boch, Deutschland, Dresden, 1901, Teller aus dem Service \u201ePommern\u201c, K\u00fcnstler Joseph Maria Olbrich (attr.), Werks.-Nr. ohne, Exemplar Nr. ohne, gemarkt Firmenmarke mit Merkur, Villeroy &#038; Boch sowie Dresden brauner &hellip; <a href=\"https:\/\/museumek.eu\/?page_id=12259\">Weiterlesen <span class=\"meta-nav\">&rarr;<\/span><\/a><\/p>\n","protected":false},"author":1,"featured_media":0,"parent":11771,"menu_order":17,"comment_status":"closed","ping_status":"open","template":"","meta":[],"_links":{"self":[{"href":"https:\/\/museumek.eu\/index.php?rest_route=\/wp\/v2\/pages\/12259"}],"collection":[{"href":"https:\/\/museumek.eu\/index.php?rest_route=\/wp\/v2\/pages"}],"about":[{"href":"https:\/\/museumek.eu\/index.php?rest_route=\/wp\/v2\/types\/page"}],"author":[{"embeddable":true,"href":"https:\/\/museumek.eu\/index.php?rest_route=\/wp\/v2\/users\/1"}],"replies":[{"embeddable":true,"href":"https:\/\/museumek.eu\/index.php?rest_route=%2Fwp%2Fv2%2Fcomments&post=12259"}],"version-history":[{"count":6,"href":"https:\/\/museumek.eu\/index.php?rest_route=\/wp\/v2\/pages\/12259\/revisions"}],"predecessor-version":[{"id":20030,"href":"https:\/\/museumek.eu\/index.php?rest_route=\/wp\/v2\/pages\/12259\/revisions\/20030"}],"up":[{"embeddable":true,"href":"https:\/\/museumek.eu\/index.php?rest_route=\/wp\/v2\/pages\/11771"}],"wp:attachment":[{"href":"https:\/\/museumek.eu\/index.php?rest_route=%2Fwp%2Fv2%2Fmedia&parent=12259"}],"curies":[{"name":"wp","href":"https:\/\/api.w.org\/{rel}","templated":true}]}}