{"id":12443,"date":"2012-08-15T14:00:29","date_gmt":"2012-08-15T12:00:29","guid":{"rendered":"http:\/\/museumek.eu\/?page_id=12443"},"modified":"2013-07-25T20:45:50","modified_gmt":"2013-07-25T18:45:50","slug":"dxli5","status":"publish","type":"page","link":"https:\/\/museumek.eu\/?page_id=12443","title":{"rendered":"D\/XLI\/5"},"content":{"rendered":"<p><strong>Abteilung Deutschland, Keramik 1860 \u2013 1960, Inventarnummer D\/XLI\/5<\/strong><\/p>\n<p>W\u00e4chtersbacher Steingutfabrik, Deutschland, Schlierbach, 1899, Zierteller mit L\u00f6wenzahndekor, K\u00fcnstler unbekannt, Werks.-Nr. ohne, Exemplar Nr. ohne, gemarkt Firmenmarke mit W\u00e4chtersbach mittig in einem Band, dessen beiden Enden wie Schwanenk\u00f6pfe ausgeformt sind (sog. Schwanenmarke, verwendet in der Zeit von 1896 bis 1903), zwischen den Schwanenk\u00f6pfen das Wappenschild, darunter eine Pflanze schwarzer Stempel unter Glasur, Schildmarke dar\u00fcber I (f\u00fcr die Gr\u00f6\u00dfe), rechts daneben U (f\u00fcr das Jahr 1899), darunter N (f\u00fcr Name des Formers) sowie links daneben nicht lesbarer Buchstabe (f\u00fcr den Monat) alles gepresst, nicht signiert, Literatur: Sparkassen-Kulturstiftung Hessen-Th\u00fcringen, W\u00e4chtersbacher Steingut, Die Sammlung der Sparkassen-Kulturstiftung Hessen-Th\u00fcringen, Seite 102, Marke 24 identisch, weitere Literatur: Ludwig Rinn und Vonderau Museum Fulda, Markentafel W\u00e4chtersbacher Keramik, Seite 11, Marke Nr. 24 identisch, weitere Literatur: Heinz und Lilo Frensch, W\u00e4chtersbacher Steingut, Seite 17, Markentafel, Marke identisch sowie Seite 129, Erkl\u00e4rung der Buchstaben um die Schildmarke, weitere Literatur: Museums- und Geschichtsverein Brachttal e. V., W\u00e4chtersbacher Steingut, Figuren und Fig\u00fcrliches, Seite 106, Marke identisch sowie Seite 108, Datierungssystem, das MEK nimmt keine Fabrikbeschreibung vor und verweist auf die o. g. Literatur,<br \/>\nDurchmesser 19,5 cm<\/p>\n<p><a href=\"http:\/\/museumek.eu\/wp-content\/uploads\/2012\/08\/Museum-Europ\u00e4ischer-Keramikkunst-2672.jpg\"><img loading=\"lazy\" src=\"http:\/\/museumek.eu\/wp-content\/uploads\/2012\/08\/Museum-Europ\u00e4ischer-Keramikkunst-2672-300x295.jpg\" alt=\"\" title=\"Museum Europ\u00e4ischer Keramikkunst 2672\" width=\"300\" height=\"295\" class=\"alignnone size-medium wp-image-12444\" srcset=\"https:\/\/museumek.eu\/wp-content\/uploads\/2012\/08\/Museum-Europ\u00e4ischer-Keramikkunst-2672-300x295.jpg 300w, https:\/\/museumek.eu\/wp-content\/uploads\/2012\/08\/Museum-Europ\u00e4ischer-Keramikkunst-2672-304x300.jpg 304w, https:\/\/museumek.eu\/wp-content\/uploads\/2012\/08\/Museum-Europ\u00e4ischer-Keramikkunst-2672.jpg 741w\" sizes=\"(max-width: 300px) 100vw, 300px\" \/><\/a><\/p>\n<p><a href=\"http:\/\/museumek.eu\/wp-content\/uploads\/2012\/08\/Museum-Europ\u00e4ischer-Keramikkunst-2673.jpg\"><img loading=\"lazy\" src=\"http:\/\/museumek.eu\/wp-content\/uploads\/2012\/08\/Museum-Europ\u00e4ischer-Keramikkunst-2673-196x300.jpg\" alt=\"\" title=\"Museum Europ\u00e4ischer Keramikkunst 2673\" width=\"196\" height=\"300\" class=\"alignnone size-medium wp-image-12445\" srcset=\"https:\/\/museumek.eu\/wp-content\/uploads\/2012\/08\/Museum-Europ\u00e4ischer-Keramikkunst-2673-196x300.jpg 196w, https:\/\/museumek.eu\/wp-content\/uploads\/2012\/08\/Museum-Europ\u00e4ischer-Keramikkunst-2673.jpg 319w\" sizes=\"(max-width: 196px) 100vw, 196px\" \/><\/a><\/p>\n<p><a href=\"http:\/\/museumek.eu\/wp-content\/uploads\/2012\/08\/Museum-Europ\u00e4ischer-Keramikkunst-2674.jpg\"><img loading=\"lazy\" src=\"http:\/\/museumek.eu\/wp-content\/uploads\/2012\/08\/Museum-Europ\u00e4ischer-Keramikkunst-2674-225x300.jpg\" alt=\"\" title=\"Museum Europ\u00e4ischer Keramikkunst 2674\" width=\"225\" height=\"300\" class=\"alignnone size-medium wp-image-12446\" srcset=\"https:\/\/museumek.eu\/wp-content\/uploads\/2012\/08\/Museum-Europ\u00e4ischer-Keramikkunst-2674-225x300.jpg 225w, https:\/\/museumek.eu\/wp-content\/uploads\/2012\/08\/Museum-Europ\u00e4ischer-Keramikkunst-2674.jpg 517w\" sizes=\"(max-width: 225px) 100vw, 225px\" \/><\/a><\/p>\n<p><a href=\"http:\/\/museumek.eu\/wp-content\/uploads\/2012\/08\/Museum-Europ\u00e4ischer-Keramikkunst-2675.jpg\"><img loading=\"lazy\" src=\"http:\/\/museumek.eu\/wp-content\/uploads\/2012\/08\/Museum-Europ\u00e4ischer-Keramikkunst-2675-198x300.jpg\" alt=\"\" title=\"Museum Europ\u00e4ischer Keramikkunst 2675\" width=\"198\" height=\"300\" class=\"alignnone size-medium wp-image-12447\" srcset=\"https:\/\/museumek.eu\/wp-content\/uploads\/2012\/08\/Museum-Europ\u00e4ischer-Keramikkunst-2675-198x300.jpg 198w, https:\/\/museumek.eu\/wp-content\/uploads\/2012\/08\/Museum-Europ\u00e4ischer-Keramikkunst-2675.jpg 398w\" sizes=\"(max-width: 198px) 100vw, 198px\" \/><\/a><\/p>\n","protected":false},"excerpt":{"rendered":"<p>Abteilung Deutschland, Keramik 1860 \u2013 1960, Inventarnummer D\/XLI\/5 W\u00e4chtersbacher Steingutfabrik, Deutschland, Schlierbach, 1899, Zierteller mit L\u00f6wenzahndekor, K\u00fcnstler unbekannt, Werks.-Nr. ohne, Exemplar Nr. ohne, gemarkt Firmenmarke mit W\u00e4chtersbach mittig in einem Band, dessen beiden Enden wie Schwanenk\u00f6pfe ausgeformt sind (sog. Schwanenmarke, &hellip; <a href=\"https:\/\/museumek.eu\/?page_id=12443\">Weiterlesen <span class=\"meta-nav\">&rarr;<\/span><\/a><\/p>\n","protected":false},"author":1,"featured_media":0,"parent":9872,"menu_order":5,"comment_status":"closed","ping_status":"open","template":"","meta":[],"_links":{"self":[{"href":"https:\/\/museumek.eu\/index.php?rest_route=\/wp\/v2\/pages\/12443"}],"collection":[{"href":"https:\/\/museumek.eu\/index.php?rest_route=\/wp\/v2\/pages"}],"about":[{"href":"https:\/\/museumek.eu\/index.php?rest_route=\/wp\/v2\/types\/page"}],"author":[{"embeddable":true,"href":"https:\/\/museumek.eu\/index.php?rest_route=\/wp\/v2\/users\/1"}],"replies":[{"embeddable":true,"href":"https:\/\/museumek.eu\/index.php?rest_route=%2Fwp%2Fv2%2Fcomments&post=12443"}],"version-history":[{"count":6,"href":"https:\/\/museumek.eu\/index.php?rest_route=\/wp\/v2\/pages\/12443\/revisions"}],"predecessor-version":[{"id":25563,"href":"https:\/\/museumek.eu\/index.php?rest_route=\/wp\/v2\/pages\/12443\/revisions\/25563"}],"up":[{"embeddable":true,"href":"https:\/\/museumek.eu\/index.php?rest_route=\/wp\/v2\/pages\/9872"}],"wp:attachment":[{"href":"https:\/\/museumek.eu\/index.php?rest_route=%2Fwp%2Fv2%2Fmedia&parent=12443"}],"curies":[{"name":"wp","href":"https:\/\/api.w.org\/{rel}","templated":true}]}}