{"id":12706,"date":"2012-08-25T00:14:13","date_gmt":"2012-08-24T22:14:13","guid":{"rendered":"http:\/\/museumek.eu\/?page_id=12706"},"modified":"2013-07-25T20:46:53","modified_gmt":"2013-07-25T18:46:53","slug":"dxli6","status":"publish","type":"page","link":"https:\/\/museumek.eu\/?page_id=12706","title":{"rendered":"D\/XLI\/6"},"content":{"rendered":"<p><strong>Abteilung Deutschland\/B\u00f6hmen, Keramik 1860 \u2013 1960, Inventarnummer D\/XLI\/6<\/strong><\/p>\n<p>W\u00e4chtersbacher Steingutfabrik, Deutschland, Schlierbach, ca. 1915, Saftkanne, K\u00fcnstler Christian Neureuther, Werks.-Nr. 6020 (Dekornummer), Exemplar Nr. ohne, gemarkt Firmenmarke mit KAW (f\u00fcr Kunstabteilung W\u00e4chtersbach, Leitung Christian Neureuther) sowie C.N. (f\u00fcr Christian Neureuther) blauer Stempel unter Glasur sowie 6020 blauer Stempel unter Glasur, Markung des Deckels 3399\/8 (schwer lesbar) gepresst, nicht signiert, Literatur: Heinz und Lilo Frensch, W\u00e4chtersbacher Steingut, Seite 95, Beschreibung einer fast identischen Saftkanne mit Dekornummer 6002, Jahr 1914, Entwurf Christian Neureuther, Seite 96, Abbildung dieser Saftkanne sowie Seite 17, Marke der Kunstabteilung identisch, weitere Literatur: Sparkassen-Kulturstiftung Hessen-Th\u00fcringen, W\u00e4chtersbacher Steingut, Die Sammlung der Sparkassen-Kulturstiftung Hessen-Th\u00fcringen, Seite 103, Marke Nr. 25 identisch, weitere Literatur: Ludwig Rinn und Vonderau Museum Fulda, Markentafel W\u00e4chtersbacher Keramik, Seite 12, Marke Nr. 29 identisch, weitere Literatur: Museums- und Geschichtsverein Brachttal e. V., W\u00e4chtersbacher Steingut, Figuren und Fig\u00fcrliches, Seite 106, Markentafel, identische abgebildete Marke, weitere Literatur: Otto Pelka, Keramik der Neuzeit, Markentafel VIII, Marke in 125 identisch, Seite 212, Herstellerverzeichnis, Schlierbach, W\u00e4chtersbacher Steingutfabrik sowie Seite 222, Namenverzeichnis, W\u00e4chtersbacher Steingutfabrik, Schlierbach, M 125, siehe auch Auktionshaus Quittenbaum, 77. Auktion \u2013 Teil II, Jugendstil \u2013 Art D\u00e9co vom 21.10.2008, Lot 619, Neureuther Kanne, Deckel mit Sieb und Messingknauf, das MEK nimmt keine Fabrikbeschreibung vor und verweist auf die o. g. Literatur, H\u00f6he 21 cm, Breite 16 cm (nur die Keramik mit Deckel)<\/p>\n<p><a href=\"http:\/\/museumek.eu\/wp-content\/uploads\/2012\/08\/Museum-Europ\u00e4ischer-Keramikkunst-1969.jpg\"><img loading=\"lazy\" src=\"http:\/\/museumek.eu\/wp-content\/uploads\/2012\/08\/Museum-Europ\u00e4ischer-Keramikkunst-1969-212x300.jpg\" alt=\"\" title=\"Museum Europ\u00e4ischer Keramikkunst 1969\" width=\"212\" height=\"300\" class=\"alignnone size-medium wp-image-12707\" srcset=\"https:\/\/museumek.eu\/wp-content\/uploads\/2012\/08\/Museum-Europ\u00e4ischer-Keramikkunst-1969-212x300.jpg 212w, https:\/\/museumek.eu\/wp-content\/uploads\/2012\/08\/Museum-Europ\u00e4ischer-Keramikkunst-1969.jpg 463w\" sizes=\"(max-width: 212px) 100vw, 212px\" \/><\/a><\/p>\n<p><a href=\"http:\/\/museumek.eu\/wp-content\/uploads\/2012\/08\/Museum-Europ\u00e4ischer-Keramikkunst-1971.jpg\"><img loading=\"lazy\" src=\"http:\/\/museumek.eu\/wp-content\/uploads\/2012\/08\/Museum-Europ\u00e4ischer-Keramikkunst-1971-300x277.jpg\" alt=\"\" title=\"Museum Europ\u00e4ischer Keramikkunst 1971\" width=\"300\" height=\"277\" class=\"alignnone size-medium wp-image-12708\" srcset=\"https:\/\/museumek.eu\/wp-content\/uploads\/2012\/08\/Museum-Europ\u00e4ischer-Keramikkunst-1971-300x277.jpg 300w, https:\/\/museumek.eu\/wp-content\/uploads\/2012\/08\/Museum-Europ\u00e4ischer-Keramikkunst-1971-324x300.jpg 324w, https:\/\/museumek.eu\/wp-content\/uploads\/2012\/08\/Museum-Europ\u00e4ischer-Keramikkunst-1971.jpg 726w\" sizes=\"(max-width: 300px) 100vw, 300px\" \/><\/a><\/p>\n<p><a href=\"http:\/\/museumek.eu\/wp-content\/uploads\/2012\/08\/Museum-Europ\u00e4ischer-Keramikkunst-1975.jpg\"><img loading=\"lazy\" src=\"http:\/\/museumek.eu\/wp-content\/uploads\/2012\/08\/Museum-Europ\u00e4ischer-Keramikkunst-1975-258x300.jpg\" alt=\"\" title=\"Museum Europ\u00e4ischer Keramikkunst 1975\" width=\"258\" height=\"300\" class=\"alignnone size-medium wp-image-12709\" srcset=\"https:\/\/museumek.eu\/wp-content\/uploads\/2012\/08\/Museum-Europ\u00e4ischer-Keramikkunst-1975-258x300.jpg 258w, https:\/\/museumek.eu\/wp-content\/uploads\/2012\/08\/Museum-Europ\u00e4ischer-Keramikkunst-1975.jpg 355w\" sizes=\"(max-width: 258px) 100vw, 258px\" \/><\/a><\/p>\n<p><a href=\"http:\/\/museumek.eu\/wp-content\/uploads\/2012\/08\/Museum-Europ\u00e4ischer-Keramikkunst-1973.jpg\"><img loading=\"lazy\" src=\"http:\/\/museumek.eu\/wp-content\/uploads\/2012\/08\/Museum-Europ\u00e4ischer-Keramikkunst-1973-300x219.jpg\" alt=\"\" title=\"Museum Europ\u00e4ischer Keramikkunst 1973\" width=\"300\" height=\"219\" class=\"alignnone size-medium wp-image-12710\" srcset=\"https:\/\/museumek.eu\/wp-content\/uploads\/2012\/08\/Museum-Europ\u00e4ischer-Keramikkunst-1973-300x219.jpg 300w, https:\/\/museumek.eu\/wp-content\/uploads\/2012\/08\/Museum-Europ\u00e4ischer-Keramikkunst-1973-409x300.jpg 409w, https:\/\/museumek.eu\/wp-content\/uploads\/2012\/08\/Museum-Europ\u00e4ischer-Keramikkunst-1973.jpg 416w\" sizes=\"(max-width: 300px) 100vw, 300px\" \/><\/a><\/p>\n<p><a href=\"http:\/\/museumek.eu\/wp-content\/uploads\/2012\/08\/Museum-Europ\u00e4ischer-Keramikkunst-2885.jpg\"><img loading=\"lazy\" src=\"http:\/\/museumek.eu\/wp-content\/uploads\/2012\/08\/Museum-Europ\u00e4ischer-Keramikkunst-2885-300x175.jpg\" alt=\"\" title=\"Museum Europ\u00e4ischer Keramikkunst 2885\" width=\"300\" height=\"175\" class=\"alignnone size-medium wp-image-13396\" srcset=\"https:\/\/museumek.eu\/wp-content\/uploads\/2012\/08\/Museum-Europ\u00e4ischer-Keramikkunst-2885-300x175.jpg 300w, https:\/\/museumek.eu\/wp-content\/uploads\/2012\/08\/Museum-Europ\u00e4ischer-Keramikkunst-2885-500x292.jpg 500w, https:\/\/museumek.eu\/wp-content\/uploads\/2012\/08\/Museum-Europ\u00e4ischer-Keramikkunst-2885.jpg 883w\" sizes=\"(max-width: 300px) 100vw, 300px\" \/><\/a><\/p>\n","protected":false},"excerpt":{"rendered":"<p>Abteilung Deutschland\/B\u00f6hmen, Keramik 1860 \u2013 1960, Inventarnummer D\/XLI\/6 W\u00e4chtersbacher Steingutfabrik, Deutschland, Schlierbach, ca. 1915, Saftkanne, K\u00fcnstler Christian Neureuther, Werks.-Nr. 6020 (Dekornummer), Exemplar Nr. ohne, gemarkt Firmenmarke mit KAW (f\u00fcr Kunstabteilung W\u00e4chtersbach, Leitung Christian Neureuther) sowie C.N. (f\u00fcr Christian Neureuther) blauer &hellip; <a href=\"https:\/\/museumek.eu\/?page_id=12706\">Weiterlesen <span class=\"meta-nav\">&rarr;<\/span><\/a><\/p>\n","protected":false},"author":1,"featured_media":0,"parent":9872,"menu_order":6,"comment_status":"closed","ping_status":"open","template":"","meta":[],"_links":{"self":[{"href":"https:\/\/museumek.eu\/index.php?rest_route=\/wp\/v2\/pages\/12706"}],"collection":[{"href":"https:\/\/museumek.eu\/index.php?rest_route=\/wp\/v2\/pages"}],"about":[{"href":"https:\/\/museumek.eu\/index.php?rest_route=\/wp\/v2\/types\/page"}],"author":[{"embeddable":true,"href":"https:\/\/museumek.eu\/index.php?rest_route=\/wp\/v2\/users\/1"}],"replies":[{"embeddable":true,"href":"https:\/\/museumek.eu\/index.php?rest_route=%2Fwp%2Fv2%2Fcomments&post=12706"}],"version-history":[{"count":5,"href":"https:\/\/museumek.eu\/index.php?rest_route=\/wp\/v2\/pages\/12706\/revisions"}],"predecessor-version":[{"id":25564,"href":"https:\/\/museumek.eu\/index.php?rest_route=\/wp\/v2\/pages\/12706\/revisions\/25564"}],"up":[{"embeddable":true,"href":"https:\/\/museumek.eu\/index.php?rest_route=\/wp\/v2\/pages\/9872"}],"wp:attachment":[{"href":"https:\/\/museumek.eu\/index.php?rest_route=%2Fwp%2Fv2%2Fmedia&parent=12706"}],"curies":[{"name":"wp","href":"https:\/\/api.w.org\/{rel}","templated":true}]}}