{"id":12767,"date":"2012-08-25T21:16:15","date_gmt":"2012-08-25T19:16:15","guid":{"rendered":"http:\/\/museumek.eu\/?page_id=12767"},"modified":"2013-05-25T15:23:42","modified_gmt":"2013-05-25T13:23:42","slug":"fxii3","status":"publish","type":"page","link":"https:\/\/museumek.eu\/?page_id=12767","title":{"rendered":"F\/XII\/3"},"content":{"rendered":"<p><strong>Abteilung Frankreich, Keramik 1860 \u2013 1960, Inventarnummer F\/XII\/3<\/strong><\/p>\n<p>ohne Zuordnung Frankreich, Frankreich, Krug, um 1900, K\u00fcnstler unbekannt, Werks.-Nr. ohne, Exemplar Nr. ohne, gemarkt F (f\u00fcr France) gepresst, unbekanntes Zeichen geritzt, nicht signiert, mit Resten einer floralen Metallauflage,<br \/>\nH\u00f6he 10 cm, Breite 8 cm<\/p>\n<p><a href=\"http:\/\/museumek.eu\/wp-content\/uploads\/2012\/08\/Museum-Europ\u00e4ischer-Keramikkunst-17551.jpg\"><img loading=\"lazy\" src=\"http:\/\/museumek.eu\/wp-content\/uploads\/2012\/08\/Museum-Europ\u00e4ischer-Keramikkunst-17551-250x300.jpg\" alt=\"\" title=\"Museum Europ\u00e4ischer Keramikkunst 1755\" width=\"250\" height=\"300\" class=\"alignnone size-medium wp-image-12769\" srcset=\"https:\/\/museumek.eu\/wp-content\/uploads\/2012\/08\/Museum-Europ\u00e4ischer-Keramikkunst-17551-250x300.jpg 250w, https:\/\/museumek.eu\/wp-content\/uploads\/2012\/08\/Museum-Europ\u00e4ischer-Keramikkunst-17551.jpg 519w\" sizes=\"(max-width: 250px) 100vw, 250px\" \/><\/a><\/p>\n<p><a href=\"http:\/\/museumek.eu\/wp-content\/uploads\/2012\/08\/Museum-Europ\u00e4ischer-Keramikkunst-1756.jpg\"><img loading=\"lazy\" src=\"http:\/\/museumek.eu\/wp-content\/uploads\/2012\/08\/Museum-Europ\u00e4ischer-Keramikkunst-1756-253x300.jpg\" alt=\"\" title=\"Museum Europ\u00e4ischer Keramikkunst 1756\" width=\"253\" height=\"300\" class=\"alignnone size-medium wp-image-12770\" srcset=\"https:\/\/museumek.eu\/wp-content\/uploads\/2012\/08\/Museum-Europ\u00e4ischer-Keramikkunst-1756-253x300.jpg 253w, https:\/\/museumek.eu\/wp-content\/uploads\/2012\/08\/Museum-Europ\u00e4ischer-Keramikkunst-1756.jpg 544w\" sizes=\"(max-width: 253px) 100vw, 253px\" \/><\/a><\/p>\n<p><a href=\"http:\/\/museumek.eu\/wp-content\/uploads\/2012\/08\/Museum-Europ\u00e4ischer-Keramikkunst-1758.jpg\"><img loading=\"lazy\" src=\"http:\/\/museumek.eu\/wp-content\/uploads\/2012\/08\/Museum-Europ\u00e4ischer-Keramikkunst-1758-231x300.jpg\" alt=\"\" title=\"Museum Europ\u00e4ischer Keramikkunst 1758\" width=\"231\" height=\"300\" class=\"alignnone size-medium wp-image-12771\" srcset=\"https:\/\/museumek.eu\/wp-content\/uploads\/2012\/08\/Museum-Europ\u00e4ischer-Keramikkunst-1758-231x300.jpg 231w, https:\/\/museumek.eu\/wp-content\/uploads\/2012\/08\/Museum-Europ\u00e4ischer-Keramikkunst-1758.jpg 430w\" sizes=\"(max-width: 231px) 100vw, 231px\" \/><\/a><\/p>\n","protected":false},"excerpt":{"rendered":"<p>Abteilung Frankreich, Keramik 1860 \u2013 1960, Inventarnummer F\/XII\/3 ohne Zuordnung Frankreich, Frankreich, Krug, um 1900, K\u00fcnstler unbekannt, Werks.-Nr. ohne, Exemplar Nr. ohne, gemarkt F (f\u00fcr France) gepresst, unbekanntes Zeichen geritzt, nicht signiert, mit Resten einer floralen Metallauflage, H\u00f6he 10 cm, &hellip; <a href=\"https:\/\/museumek.eu\/?page_id=12767\">Weiterlesen <span class=\"meta-nav\">&rarr;<\/span><\/a><\/p>\n","protected":false},"author":1,"featured_media":0,"parent":3100,"menu_order":3,"comment_status":"closed","ping_status":"open","template":"","meta":[],"_links":{"self":[{"href":"https:\/\/museumek.eu\/index.php?rest_route=\/wp\/v2\/pages\/12767"}],"collection":[{"href":"https:\/\/museumek.eu\/index.php?rest_route=\/wp\/v2\/pages"}],"about":[{"href":"https:\/\/museumek.eu\/index.php?rest_route=\/wp\/v2\/types\/page"}],"author":[{"embeddable":true,"href":"https:\/\/museumek.eu\/index.php?rest_route=\/wp\/v2\/users\/1"}],"replies":[{"embeddable":true,"href":"https:\/\/museumek.eu\/index.php?rest_route=%2Fwp%2Fv2%2Fcomments&post=12767"}],"version-history":[{"count":4,"href":"https:\/\/museumek.eu\/index.php?rest_route=\/wp\/v2\/pages\/12767\/revisions"}],"predecessor-version":[{"id":22617,"href":"https:\/\/museumek.eu\/index.php?rest_route=\/wp\/v2\/pages\/12767\/revisions\/22617"}],"up":[{"embeddable":true,"href":"https:\/\/museumek.eu\/index.php?rest_route=\/wp\/v2\/pages\/3100"}],"wp:attachment":[{"href":"https:\/\/museumek.eu\/index.php?rest_route=%2Fwp%2Fv2%2Fmedia&parent=12767"}],"curies":[{"name":"wp","href":"https:\/\/api.w.org\/{rel}","templated":true}]}}