{"id":13461,"date":"2012-09-08T12:43:18","date_gmt":"2012-09-08T10:43:18","guid":{"rendered":"http:\/\/museumek.eu\/?page_id=13461"},"modified":"2021-07-17T19:11:07","modified_gmt":"2021-07-17T17:11:07","slug":"si3","status":"publish","type":"page","link":"https:\/\/museumek.eu\/?page_id=13461","title":{"rendered":"S\/I\/3"},"content":{"rendered":"<p><strong>Abteilung Schweden, Keramik 1860 \u2013 1960, Inventarnummer S\/I\/3<\/strong><\/p>\n<p>R\u00f6rstrands Porslinsfabriker A.B., Schweden, R\u00f6rstrand, dann G\u00f6teborg, dann Lidk\u00f6ping, vor 1900, Vase, K\u00fcnstler Alf Wallander, Werks.-Nr. ohne, Exemplar Nr. ohne, gemarkt Firmenmarke mit R\u00f6rstrand sowie 3 Kronen dunkelblauer Stempel unter Glasur, Dessin Alf. Wallander. sowie unbekanntes Zeichen blau gemalt, schwer lesbare Pressungen R?, XR sowie 1GY oder IGY, signiert = gemarkt, Literatur: Porzellan, Kunst und Design 1889 bis 1939, Vom Jugendstil zum Funktionalismus, Br\u00f6han Museum Berlin 1996, Zweiter Band, Seite 207, Marke abgebildet, weitere Literatur: Dieter Z\u00fchlsdorff, Markenlexikon, Porzellan und Keramikreport 1885 &#8211; 1935, Band 1, Seite 186, Werk-Teil 1., Gruppennummer des Werkteils 2., laufende Nummer innerhalb der Gruppe 1611 identische Marke (dort f\u00fcr die Zeit vor 1900), die Geschichte der Fabrik beginnt mit Johann Wolff, der zuvor als Maler in einer Steingutfabrik in N\u00fcrnberg gearbeitet hatte, Wolff  wurde 1722 als erster Vorarbeiter bei den Store Kongensgadefabriken in Kopenhagen, D\u00e4nemark angestellt, dies geschah mit dem Versprechen, echtes Porzellan herstellen zu k\u00f6nnen, als er nicht halten konnte, was er versprochen hatte, floh er 1725 mit dem Angestellten Andreas Nicolaus Ferdinand nach Schweden, wo es ihm gelang, ein Konsortium von zwanzig wohlhabenden Adligen und Kaufleuten f\u00fcr die Finanzierung des Baus einer schwedischen Porzellanfabrik auf Schloss R\u00f6rstrands zu gewinnen, 1726 wurde der Assoziationsvertrag zwischen allen Beteiligten unterzeichnet, die Fabrik wurde an den Karlbergskanalen auf der Insel Kungsholmen in Stockholm erbaut, das Gebiet wurde &#8222;R\u00f6rstrand&#8220; genannt, weil die Ufer des Klarasees mit Schilf bewachsen waren, Arbeiter wurden eingestellt und im August 1727 fand der erste Probebrand im Beisein von Fredrik I. statt, schon bald stellte sich heraus, dass Wolff zwar ein recht geschickter Porzellanmaler war, aber nicht in der Lage war, die Produktion zu leiten und bereits 1728 wurde er entlassen, stattdessen wurde Christoffer Conrad Hunger eingestellt, der sowohl in Mei\u00dfen als auch in der Wiener Porzellanmanufaktur gearbeitet hatte, aber auch Hunger, hielt seine Versprechen nicht und 1734 wurde er entlassen, stattdessen wurde Andreas Nicolaus Ferdinand, der mit Wolff eintrat, Gesch\u00e4ftsf\u00fchrer der Fabrik, es wurde kein echtes Porzellan hergestellt, sondern nur Fayencen , es dauerte bis ins 19. Jahrhundert, bis in R\u00f6rstrand Feldspatporzellan hergestellt wurde, 1741 \u00fcbernahm Anders Fahlstr\u00f6m, erster geb\u00fcrtiger Schwede, die Leitung der Fabrik, er hatte in der Fabrik als Malerbegleiter angefangen und sich hochgearbeitet, unter Fahlstr\u00f6m begann f\u00fcr R\u00f6rstrand eine stabile Zeit, sp\u00e4ter drohte die Schlie\u00dfung der Fabrik, welche durch ausl\u00e4ndische Konkurrenz unter Druck geraten war, deshalb wurde die Fabrik in eine Aktiengesellschaft umgewandelt, 1753 war Elias Magnus Ingman Hauptinhaber der Fabrik, die \u00e4ltesten Objekte der Fabrik sind meist in kr\u00e4ftigen Feuerfarben bemalt, haupts\u00e4chlich Kobaltblau und Mangan , manchmal auch andere Metalloxidfarben wie Antimongelb und Kupfergr\u00fcn, 1758 wurden Muffel\u00f6fen eingef\u00fchrt , wodurch eine viel reichere Farbskala eingef\u00fchrt werden konnte, die Gr\u00fcndung der Porzellanfabrik Marieberg im Jahr 1758 bedeutete f\u00fcr R\u00f6rstand einen Verlust von Marktanteilen, doch schon bald geriet Marieberg in finanzielle Schwierigkeiten und 1782 konnte R\u00f6rstrand Marieberg aufkaufen, 1788 wurde die Produktion in Marieberg eingestellt, in den 1770\u2018er Jahren begann die Fabrik mit der eigenen Produktion von englischen Steinwaren, es dauerte jedoch, bis es R\u00f6rstrand gelang, seine Technologie weiter zu entwickeln, nach der Schlie\u00dfung von Marieberg, war R\u00f6rstrand die einzige gro\u00dfe schwedische Porzellanfabrik und die technische Entwicklung hatte keine Priorit\u00e4t, erst nach der Gr\u00fcndung der Porzellanfabrik Gustavsberg im Jahr 1825 nahm die Produktion von modern bedrucktem Geschirr Fahrt auf, auch wenn es zuvor gelegentlich Versuche gegeben hatte; das \u00e4lteste Beispiel ist ein Geschirr, das zwischen 1809 und 1818 f\u00fcr die Haga und das Schloss Rosersberg hergestellt wurde, in der Zeit von den 1830er bis in die 1850er Jahre nahm die Zahl der Dekorationen und Servicemodelle zu, R\u00f6rstrand begann mit der Herausgabe gedruckter Preislisten und begann 1857 neben Steinwaren nach englischem Vorbild nun auch mit der Herstellung von Bone China und in den 1870er Jahren mit der Herstellung von Feldspatporzellan, 1869 R\u00f6strand beginnt mit der Herstellung moderner Majolika, in den 1860er Jahren war die Porzellanfabrik R\u00f6rstrand eine der gr\u00f6\u00dften Industrien des Landes, die finnische Porzellanmanufaktur Arabia in Helsingfors wurde 1874 als Filiale von R\u00f6rstrand gegr\u00fcndet und ging 1916 in finnischen Besitz \u00fcber, 1895 bis bis 1915 war Alf Wallander k\u00fcnstlerischer Leiter der Fabrik, neben Wennerberg in Gustafsberg war Wallander etwa ein Jahrzehnt lang der dominierende K\u00fcnstler des schwedischen Jugendstils, die Produkte der Fabrik hatten Weltruf und die Fabrik nahm erfolgreich an verschiedenen Kunst- und Industrieausstellungen teil, R\u00f6rstrands beteiligte sich 1900 mit Jugendstil-inspirierter Kunst an der Weltausstellung in Paris, 1900 waren rund 1.100 Mitarbeiter besch\u00e4ftigt, 1914 wurde die Porzellanfabrik G\u00f6teborg gekauft und 1916 Arabien verkauft, in den 1920er Jahren geriet die Branche in eine tiefe Krise, als der Import billigerer Porzellane begann, was zu einer Umstrukturierung der schwedischen Porzellanindustrie f\u00fchrte, gleichzeitig bedeutete die Expansion Stockholms, dass das Land f\u00fcr den Wohnungsbau ben\u00f6tigt wurde, R\u00f6rstrand hat die Liegenschaften ver\u00e4u\u00dfert, die Fabrik in Stockholm wurde 1926 geschlossen und abgerissen, die ehemalige Porzellanhalde der Fabrik, ist heute als Nationaldenkmal erhalten, die Produktion wurde zun\u00e4chst nach G\u00f6teborg verlagert, wo die Aktiebolaget G\u00f6teborgs Porslinsfabrik gekauft wurde, 1922 begann eine Zusammenarbeit mit AB Lidk\u00f6pings Porslinsfabrik (ALP), die 1923 von Sk\u00e5nska Cementgjuteriet gekauft wurde, die Porzellanfabrik von Lidk\u00f6ping hatte 1912 die Produktion aufgenommen, 1929 kaufte die Sk\u00e5nska Cementgjuteriet R\u00f6rstrand, 1931 waren R\u00f6rstrand und die Porzellanfabrik von Lidk\u00f6ping allein im Besitz von Sk\u00e5nska Cementgjuteriet, 1932 wurde Fredrik Wehtje aus der Inhaberfamilie Wehtje neuer Gesch\u00e4ftsf\u00fchrer von R\u00f6rstrand, ab 1936 verlagerte das Unternehmen schrittweise die Produktion nach Lidk\u00f6ping, H\u00f6he 24 cm, Breite 15 cm<\/p>\n<p><a href=\"http:\/\/museumek.eu\/wp-content\/uploads\/2012\/09\/Museum-Europ\u00e4ischer-Keramikkunst-2001.jpg\"><img loading=\"lazy\" src=\"http:\/\/museumek.eu\/wp-content\/uploads\/2012\/09\/Museum-Europ\u00e4ischer-Keramikkunst-2001-160x300.jpg\" alt=\"\" title=\"Museum Europ\u00e4ischer Keramikkunst 2001\" width=\"160\" height=\"300\" class=\"alignnone size-medium wp-image-13462\" srcset=\"https:\/\/museumek.eu\/wp-content\/uploads\/2012\/09\/Museum-Europ\u00e4ischer-Keramikkunst-2001-160x300.jpg 160w, https:\/\/museumek.eu\/wp-content\/uploads\/2012\/09\/Museum-Europ\u00e4ischer-Keramikkunst-2001.jpg 472w\" sizes=\"(max-width: 160px) 100vw, 160px\" \/><\/a><\/p>\n<p><a href=\"http:\/\/museumek.eu\/wp-content\/uploads\/2012\/09\/Museum-Europ\u00e4ischer-Keramikkunst-2002.jpg\"><img loading=\"lazy\" src=\"http:\/\/museumek.eu\/wp-content\/uploads\/2012\/09\/Museum-Europ\u00e4ischer-Keramikkunst-2002-300x160.jpg\" alt=\"\" title=\"Museum Europ\u00e4ischer Keramikkunst 2002\" width=\"300\" height=\"160\" class=\"alignnone size-medium wp-image-13463\" srcset=\"https:\/\/museumek.eu\/wp-content\/uploads\/2012\/09\/Museum-Europ\u00e4ischer-Keramikkunst-2002-300x160.jpg 300w, https:\/\/museumek.eu\/wp-content\/uploads\/2012\/09\/Museum-Europ\u00e4ischer-Keramikkunst-2002-500x267.jpg 500w, https:\/\/museumek.eu\/wp-content\/uploads\/2012\/09\/Museum-Europ\u00e4ischer-Keramikkunst-2002.jpg 760w\" sizes=\"(max-width: 300px) 100vw, 300px\" \/><\/a><\/p>\n<p><a href=\"http:\/\/museumek.eu\/wp-content\/uploads\/2012\/09\/Museum-Europ\u00e4ischer-Keramikkunst-2885.jpg\"><img loading=\"lazy\" src=\"http:\/\/museumek.eu\/wp-content\/uploads\/2012\/09\/Museum-Europ\u00e4ischer-Keramikkunst-2885-300x118.jpg\" alt=\"\" title=\"Museum Europ\u00e4ischer Keramikkunst 2885\" width=\"300\" height=\"118\" class=\"alignnone size-medium wp-image-13464\" srcset=\"https:\/\/museumek.eu\/wp-content\/uploads\/2012\/09\/Museum-Europ\u00e4ischer-Keramikkunst-2885-300x118.jpg 300w, https:\/\/museumek.eu\/wp-content\/uploads\/2012\/09\/Museum-Europ\u00e4ischer-Keramikkunst-2885-500x198.jpg 500w, https:\/\/museumek.eu\/wp-content\/uploads\/2012\/09\/Museum-Europ\u00e4ischer-Keramikkunst-2885.jpg 805w\" sizes=\"(max-width: 300px) 100vw, 300px\" \/><\/a><\/p>\n<p><a href=\"http:\/\/museumek.eu\/wp-content\/uploads\/2012\/09\/Museum-Europ\u00e4ischer-Keramikkunst-2886.jpg\"><img loading=\"lazy\" src=\"http:\/\/museumek.eu\/wp-content\/uploads\/2012\/09\/Museum-Europ\u00e4ischer-Keramikkunst-2886-300x164.jpg\" alt=\"\" title=\"Museum Europ\u00e4ischer Keramikkunst 2886\" width=\"300\" height=\"164\" class=\"alignnone size-medium wp-image-13465\" srcset=\"https:\/\/museumek.eu\/wp-content\/uploads\/2012\/09\/Museum-Europ\u00e4ischer-Keramikkunst-2886-300x164.jpg 300w, https:\/\/museumek.eu\/wp-content\/uploads\/2012\/09\/Museum-Europ\u00e4ischer-Keramikkunst-2886-500x273.jpg 500w, https:\/\/museumek.eu\/wp-content\/uploads\/2012\/09\/Museum-Europ\u00e4ischer-Keramikkunst-2886.jpg 646w\" sizes=\"(max-width: 300px) 100vw, 300px\" \/><\/a><\/p>\n","protected":false},"excerpt":{"rendered":"<p>Abteilung Schweden, Keramik 1860 \u2013 1960, Inventarnummer S\/I\/3 R\u00f6rstrands Porslinsfabriker A.B., Schweden, R\u00f6rstrand, dann G\u00f6teborg, dann Lidk\u00f6ping, vor 1900, Vase, K\u00fcnstler Alf Wallander, Werks.-Nr. ohne, Exemplar Nr. ohne, gemarkt Firmenmarke mit R\u00f6rstrand sowie 3 Kronen dunkelblauer Stempel unter Glasur, Dessin &hellip; <a href=\"https:\/\/museumek.eu\/?page_id=13461\">Weiterlesen <span class=\"meta-nav\">&rarr;<\/span><\/a><\/p>\n","protected":false},"author":1,"featured_media":0,"parent":3061,"menu_order":3,"comment_status":"closed","ping_status":"open","template":"","meta":[],"_links":{"self":[{"href":"https:\/\/museumek.eu\/index.php?rest_route=\/wp\/v2\/pages\/13461"}],"collection":[{"href":"https:\/\/museumek.eu\/index.php?rest_route=\/wp\/v2\/pages"}],"about":[{"href":"https:\/\/museumek.eu\/index.php?rest_route=\/wp\/v2\/types\/page"}],"author":[{"embeddable":true,"href":"https:\/\/museumek.eu\/index.php?rest_route=\/wp\/v2\/users\/1"}],"replies":[{"embeddable":true,"href":"https:\/\/museumek.eu\/index.php?rest_route=%2Fwp%2Fv2%2Fcomments&post=13461"}],"version-history":[{"count":6,"href":"https:\/\/museumek.eu\/index.php?rest_route=\/wp\/v2\/pages\/13461\/revisions"}],"predecessor-version":[{"id":58437,"href":"https:\/\/museumek.eu\/index.php?rest_route=\/wp\/v2\/pages\/13461\/revisions\/58437"}],"up":[{"embeddable":true,"href":"https:\/\/museumek.eu\/index.php?rest_route=\/wp\/v2\/pages\/3061"}],"wp:attachment":[{"href":"https:\/\/museumek.eu\/index.php?rest_route=%2Fwp%2Fv2%2Fmedia&parent=13461"}],"curies":[{"name":"wp","href":"https:\/\/api.w.org\/{rel}","templated":true}]}}