{"id":14149,"date":"2012-09-22T16:35:08","date_gmt":"2012-09-22T14:35:08","guid":{"rendered":"http:\/\/museumek.eu\/?page_id=14149"},"modified":"2012-09-22T16:42:40","modified_gmt":"2012-09-22T14:42:40","slug":"fxxxii1","status":"publish","type":"page","link":"https:\/\/museumek.eu\/?page_id=14149","title":{"rendered":"F\/XXXII\/1"},"content":{"rendered":"<p><strong>Abteilung Frankreich, Keramik 1860 \u2013 1960, Inventarnummer F\/XXXII\/1<\/strong><\/p>\n<p>Manufaktur Mougin Fr\u00e8res, Frankreich, Nancy, Schale mit Kristallglasur, 1906 &#8211; 1923, K\u00fcnstler Joseph Mougin (attr.), Werksnummer 333. J, Exemplar Nr. Unikat, gemarkt Mougin Nancy sowie 333. J gepresst, nicht signiert, Literatur: Edgar Pelichet, Jugendstilkeramik, Seite 102, Nr. 7. Manufakturbeschreibung, weitere Literatur: Horst Makus, Keramik aus Historismus und Jugendstil, Seite 144, Manufakturbeschreibung, weitere Literatur: J. A. Schmoll genannt Eisenwerth und Helga Schmoll genannt Eisenwerth, Nancy 1900, Jugendstil in Lothringen, Zwischen Historismus und Art D\u00e9co, Ausstellung im M\u00fcnchner Stadtmuseum vom 28.08. bis 23.11. 1980, Seite 441, Beschreibung der Manufaktur, Nachweis Glasuren mit Kristalll\u00fcster, weitere Literatur: Jacques G. Peiffer, Les Fr\u00e8res Mougin, Sorciers du grand feu, Gr\u00e8s et Porcelaine 1898 \u2013 1950, Seite 216, Marke identisch (Zusatzvermerk J oder S Markung f\u00fcr die o. g. Zeit, ab 1924 erweitert um die Markung L f\u00fcr das Atelier Luneville) sowie Seite 232, Werksverzeichnis Nr. 333.J, dort gelistet, bezeichnet mit Mougin (dort noch nicht beschrieben und ohne Foto, nur die Werksnummer ist erfasst, insofern ist der K\u00fcnstler nicht zu identifizieren, Louis Majorelle hat vorwiegend Schalen f\u00fcr Mougin Freres entworfen, siehe auch Auktionshaus Quittenbaum, Jubil\u00e4umsauktion 1998 \u2013 2008, Jugendstil \u2013 Art D\u00e9co, Lot 247, dort eine Schale mit Kristallglasur von Louis Majorelle, allerdings haben alle Majorelle Entw\u00fcrfe dessen Signum und in der Werksbezeichnung ein k, insofern erfolgt die Zuschreibung zu Joseph Mougin (vielleicht nach Vorlage oder inspiriert von Majorelle, vielleicht auch mit diesem zusammen, siehe auch Jacques Peiffer, Les Fr\u00e8res Mougin, Sorciers du grand feu, Gr\u00e8s et Porcelaine, Seite Seite 200, Abbildungen von blauen Kristallglasuren von Joseph Mougin sowie von Louis Majorelle, H\u00f6he 8 cm, Breite 27,5 cm<\/p>\n<p><a href=\"http:\/\/museumek.eu\/wp-content\/uploads\/2012\/09\/Museum-Europ\u00e4ischer-Keramikkunst-23791.jpg\"><img loading=\"lazy\" src=\"http:\/\/museumek.eu\/wp-content\/uploads\/2012\/09\/Museum-Europ\u00e4ischer-Keramikkunst-23791-300x220.jpg\" alt=\"\" title=\"Museum Europ\u00e4ischer Keramikkunst 2379\" width=\"300\" height=\"220\" class=\"alignnone size-medium wp-image-14157\" srcset=\"https:\/\/museumek.eu\/wp-content\/uploads\/2012\/09\/Museum-Europ\u00e4ischer-Keramikkunst-23791-300x220.jpg 300w, https:\/\/museumek.eu\/wp-content\/uploads\/2012\/09\/Museum-Europ\u00e4ischer-Keramikkunst-23791-407x300.jpg 407w, https:\/\/museumek.eu\/wp-content\/uploads\/2012\/09\/Museum-Europ\u00e4ischer-Keramikkunst-23791.jpg 919w\" sizes=\"(max-width: 300px) 100vw, 300px\" \/><\/a><\/p>\n<p><a href=\"http:\/\/museumek.eu\/wp-content\/uploads\/2012\/09\/Museum-Europ\u00e4ischer-Keramikkunst-23811.jpg\"><img loading=\"lazy\" src=\"http:\/\/museumek.eu\/wp-content\/uploads\/2012\/09\/Museum-Europ\u00e4ischer-Keramikkunst-23811-300x289.jpg\" alt=\"\" title=\"Museum Europ\u00e4ischer Keramikkunst 2381\" width=\"300\" height=\"289\" class=\"alignnone size-medium wp-image-14158\" srcset=\"https:\/\/museumek.eu\/wp-content\/uploads\/2012\/09\/Museum-Europ\u00e4ischer-Keramikkunst-23811-300x289.jpg 300w, https:\/\/museumek.eu\/wp-content\/uploads\/2012\/09\/Museum-Europ\u00e4ischer-Keramikkunst-23811-311x300.jpg 311w, https:\/\/museumek.eu\/wp-content\/uploads\/2012\/09\/Museum-Europ\u00e4ischer-Keramikkunst-23811.jpg 797w\" sizes=\"(max-width: 300px) 100vw, 300px\" \/><\/a><\/p>\n<p><a href=\"http:\/\/museumek.eu\/wp-content\/uploads\/2012\/09\/Museum-Europ\u00e4ischer-Keramikkunst-2380.jpg\"><img loading=\"lazy\" src=\"http:\/\/museumek.eu\/wp-content\/uploads\/2012\/09\/Museum-Europ\u00e4ischer-Keramikkunst-2380-300x162.jpg\" alt=\"\" title=\"Museum Europ\u00e4ischer Keramikkunst 2380\" width=\"300\" height=\"162\" class=\"alignnone size-medium wp-image-14159\" srcset=\"https:\/\/museumek.eu\/wp-content\/uploads\/2012\/09\/Museum-Europ\u00e4ischer-Keramikkunst-2380-300x162.jpg 300w, https:\/\/museumek.eu\/wp-content\/uploads\/2012\/09\/Museum-Europ\u00e4ischer-Keramikkunst-2380-500x270.jpg 500w, https:\/\/museumek.eu\/wp-content\/uploads\/2012\/09\/Museum-Europ\u00e4ischer-Keramikkunst-2380.jpg 974w\" sizes=\"(max-width: 300px) 100vw, 300px\" \/><\/a><\/p>\n<p><a href=\"http:\/\/museumek.eu\/wp-content\/uploads\/2012\/09\/Museum-Europ\u00e4ischer-Keramikkunst-2384.jpg\"><img loading=\"lazy\" src=\"http:\/\/museumek.eu\/wp-content\/uploads\/2012\/09\/Museum-Europ\u00e4ischer-Keramikkunst-2384-300x184.jpg\" alt=\"\" title=\"Museum Europ\u00e4ischer Keramikkunst 2384\" width=\"300\" height=\"184\" class=\"alignnone size-medium wp-image-14160\" srcset=\"https:\/\/museumek.eu\/wp-content\/uploads\/2012\/09\/Museum-Europ\u00e4ischer-Keramikkunst-2384-300x184.jpg 300w, https:\/\/museumek.eu\/wp-content\/uploads\/2012\/09\/Museum-Europ\u00e4ischer-Keramikkunst-2384-486x300.jpg 486w, https:\/\/museumek.eu\/wp-content\/uploads\/2012\/09\/Museum-Europ\u00e4ischer-Keramikkunst-2384.jpg 892w\" sizes=\"(max-width: 300px) 100vw, 300px\" \/><\/a><\/p>\n<p><a href=\"http:\/\/museumek.eu\/wp-content\/uploads\/2012\/09\/Museum-Europ\u00e4ischer-Keramikkunst-30161.jpg\"><img loading=\"lazy\" src=\"http:\/\/museumek.eu\/wp-content\/uploads\/2012\/09\/Museum-Europ\u00e4ischer-Keramikkunst-30161-231x300.jpg\" alt=\"\" title=\"Museum Europ\u00e4ischer Keramikkunst 3016\" width=\"231\" height=\"300\" class=\"alignnone size-medium wp-image-14163\" srcset=\"https:\/\/museumek.eu\/wp-content\/uploads\/2012\/09\/Museum-Europ\u00e4ischer-Keramikkunst-30161-231x300.jpg 231w, https:\/\/museumek.eu\/wp-content\/uploads\/2012\/09\/Museum-Europ\u00e4ischer-Keramikkunst-30161.jpg 648w\" sizes=\"(max-width: 231px) 100vw, 231px\" \/><\/a><\/p>\n<p><a href=\"http:\/\/museumek.eu\/wp-content\/uploads\/2012\/09\/Museum-Europ\u00e4ischer-Keramikkunst-30171.jpg\"><img loading=\"lazy\" src=\"http:\/\/museumek.eu\/wp-content\/uploads\/2012\/09\/Museum-Europ\u00e4ischer-Keramikkunst-30171-300x150.jpg\" alt=\"\" title=\"Museum Europ\u00e4ischer Keramikkunst 3017\" width=\"300\" height=\"150\" class=\"alignnone size-medium wp-image-14164\" srcset=\"https:\/\/museumek.eu\/wp-content\/uploads\/2012\/09\/Museum-Europ\u00e4ischer-Keramikkunst-30171-300x150.jpg 300w, https:\/\/museumek.eu\/wp-content\/uploads\/2012\/09\/Museum-Europ\u00e4ischer-Keramikkunst-30171-500x251.jpg 500w, https:\/\/museumek.eu\/wp-content\/uploads\/2012\/09\/Museum-Europ\u00e4ischer-Keramikkunst-30171.jpg 927w\" sizes=\"(max-width: 300px) 100vw, 300px\" \/><\/a><\/p>\n","protected":false},"excerpt":{"rendered":"<p>Abteilung Frankreich, Keramik 1860 \u2013 1960, Inventarnummer F\/XXXII\/1 Manufaktur Mougin Fr\u00e8res, Frankreich, Nancy, Schale mit Kristallglasur, 1906 &#8211; 1923, K\u00fcnstler Joseph Mougin (attr.), Werksnummer 333. J, Exemplar Nr. Unikat, gemarkt Mougin Nancy sowie 333. J gepresst, nicht signiert, Literatur: Edgar &hellip; <a href=\"https:\/\/museumek.eu\/?page_id=14149\">Weiterlesen <span class=\"meta-nav\">&rarr;<\/span><\/a><\/p>\n","protected":false},"author":1,"featured_media":0,"parent":14146,"menu_order":1,"comment_status":"closed","ping_status":"closed","template":"","meta":[],"_links":{"self":[{"href":"https:\/\/museumek.eu\/index.php?rest_route=\/wp\/v2\/pages\/14149"}],"collection":[{"href":"https:\/\/museumek.eu\/index.php?rest_route=\/wp\/v2\/pages"}],"about":[{"href":"https:\/\/museumek.eu\/index.php?rest_route=\/wp\/v2\/types\/page"}],"author":[{"embeddable":true,"href":"https:\/\/museumek.eu\/index.php?rest_route=\/wp\/v2\/users\/1"}],"replies":[{"embeddable":true,"href":"https:\/\/museumek.eu\/index.php?rest_route=%2Fwp%2Fv2%2Fcomments&post=14149"}],"version-history":[{"count":5,"href":"https:\/\/museumek.eu\/index.php?rest_route=\/wp\/v2\/pages\/14149\/revisions"}],"predecessor-version":[{"id":14165,"href":"https:\/\/museumek.eu\/index.php?rest_route=\/wp\/v2\/pages\/14149\/revisions\/14165"}],"up":[{"embeddable":true,"href":"https:\/\/museumek.eu\/index.php?rest_route=\/wp\/v2\/pages\/14146"}],"wp:attachment":[{"href":"https:\/\/museumek.eu\/index.php?rest_route=%2Fwp%2Fv2%2Fmedia&parent=14149"}],"curies":[{"name":"wp","href":"https:\/\/api.w.org\/{rel}","templated":true}]}}