{"id":14216,"date":"2012-09-23T15:52:42","date_gmt":"2012-09-23T13:52:42","guid":{"rendered":"http:\/\/museumek.eu\/?page_id=14216"},"modified":"2021-01-31T22:03:52","modified_gmt":"2021-01-31T21:03:52","slug":"fxviii5","status":"publish","type":"page","link":"https:\/\/museumek.eu\/?page_id=14216","title":{"rendered":"F\/XVIII\/5"},"content":{"rendered":"<p><strong>Abteilung Frankreich, Keramik 1860 \u2013 1960, Inventarnummer F\/XVIII\/5<\/strong><\/p>\n<p>Manufacture de Faiences d\u2019Art de Saint Clement, Frankreich, Saint Clement, um 1935, Figur Asiatisches B\u00fcffelpaar, K\u00fcnstler Charles Lemanceau, Werks.-Nr. ohne, Exemplar Nr. ohne, gemarkt LEMANCEAU mit gegossen, signiert = gemarkt, von 1863 bis 1892 stand die Faiencerie St. Clement im Eigentum der Familie Thomas, ab 1892 im Eigentum der Firma Keller &#038; Gu\u00e9rin und ab 1922 im Eigentum von Edouard Fenal der auch Eigent\u00fcmer der Steingutfabrik in Badonviller war und ab 1979 im Eigentum der Sarreguemines Gruppe, H\u00f6he 21 cm, Breite 35 cm<\/p>\n<p><a href=\"http:\/\/museumek.eu\/wp-content\/uploads\/2011\/08\/Museum-Europ\u00e4ischer-Keramikkunst-Qualit\u00e4tsfotos-324.jpg\"><img loading=\"lazy\" src=\"http:\/\/museumek.eu\/wp-content\/uploads\/2011\/08\/Museum-Europ\u00e4ischer-Keramikkunst-Qualit\u00e4tsfotos-324-300x267.jpg\" alt=\"\" title=\"Museum Europ\u00e4ischer Keramikkunst Qualit\u00e4tsfotos 324\" width=\"300\" height=\"267\" class=\"alignnone size-medium wp-image-2222\" srcset=\"https:\/\/museumek.eu\/wp-content\/uploads\/2011\/08\/Museum-Europ\u00e4ischer-Keramikkunst-Qualit\u00e4tsfotos-324-300x267.jpg 300w, https:\/\/museumek.eu\/wp-content\/uploads\/2011\/08\/Museum-Europ\u00e4ischer-Keramikkunst-Qualit\u00e4tsfotos-324-336x300.jpg 336w, https:\/\/museumek.eu\/wp-content\/uploads\/2011\/08\/Museum-Europ\u00e4ischer-Keramikkunst-Qualit\u00e4tsfotos-324.jpg 771w\" sizes=\"(max-width: 300px) 100vw, 300px\" \/><\/a><\/p>\n<p><a href=\"http:\/\/museumek.eu\/wp-content\/uploads\/2011\/08\/Museum-Europ\u00e4ischer-Keramikkunst-306.jpg\"><img loading=\"lazy\" src=\"http:\/\/museumek.eu\/wp-content\/uploads\/2011\/08\/Museum-Europ\u00e4ischer-Keramikkunst-306-300x66.jpg\" alt=\"\" title=\"Museum Europ\u00e4ischer Keramikkunst 306\" width=\"300\" height=\"66\" class=\"alignnone size-medium wp-image-2223\" srcset=\"https:\/\/museumek.eu\/wp-content\/uploads\/2011\/08\/Museum-Europ\u00e4ischer-Keramikkunst-306-300x66.jpg 300w, https:\/\/museumek.eu\/wp-content\/uploads\/2011\/08\/Museum-Europ\u00e4ischer-Keramikkunst-306-500x111.jpg 500w, https:\/\/museumek.eu\/wp-content\/uploads\/2011\/08\/Museum-Europ\u00e4ischer-Keramikkunst-306.jpg 875w\" sizes=\"(max-width: 300px) 100vw, 300px\" \/><\/a><\/p>\n","protected":false},"excerpt":{"rendered":"<p>Abteilung Frankreich, Keramik 1860 \u2013 1960, Inventarnummer F\/XVIII\/5 Manufacture de Faiences d\u2019Art de Saint Clement, Frankreich, Saint Clement, um 1935, Figur Asiatisches B\u00fcffelpaar, K\u00fcnstler Charles Lemanceau, Werks.-Nr. ohne, Exemplar Nr. ohne, gemarkt LEMANCEAU mit gegossen, signiert = gemarkt, von 1863 &hellip; <a href=\"https:\/\/museumek.eu\/?page_id=14216\">Weiterlesen <span class=\"meta-nav\">&rarr;<\/span><\/a><\/p>\n","protected":false},"author":1,"featured_media":0,"parent":8535,"menu_order":5,"comment_status":"closed","ping_status":"open","template":"","meta":[],"_links":{"self":[{"href":"https:\/\/museumek.eu\/index.php?rest_route=\/wp\/v2\/pages\/14216"}],"collection":[{"href":"https:\/\/museumek.eu\/index.php?rest_route=\/wp\/v2\/pages"}],"about":[{"href":"https:\/\/museumek.eu\/index.php?rest_route=\/wp\/v2\/types\/page"}],"author":[{"embeddable":true,"href":"https:\/\/museumek.eu\/index.php?rest_route=\/wp\/v2\/users\/1"}],"replies":[{"embeddable":true,"href":"https:\/\/museumek.eu\/index.php?rest_route=%2Fwp%2Fv2%2Fcomments&post=14216"}],"version-history":[{"count":3,"href":"https:\/\/museumek.eu\/index.php?rest_route=\/wp\/v2\/pages\/14216\/revisions"}],"predecessor-version":[{"id":52950,"href":"https:\/\/museumek.eu\/index.php?rest_route=\/wp\/v2\/pages\/14216\/revisions\/52950"}],"up":[{"embeddable":true,"href":"https:\/\/museumek.eu\/index.php?rest_route=\/wp\/v2\/pages\/8535"}],"wp:attachment":[{"href":"https:\/\/museumek.eu\/index.php?rest_route=%2Fwp%2Fv2%2Fmedia&parent=14216"}],"curies":[{"name":"wp","href":"https:\/\/api.w.org\/{rel}","templated":true}]}}