{"id":14259,"date":"2012-09-25T22:40:18","date_gmt":"2012-09-25T20:40:18","guid":{"rendered":"http:\/\/museumek.eu\/?page_id=14259"},"modified":"2021-02-13T22:41:20","modified_gmt":"2021-02-13T21:41:20","slug":"dlviii1","status":"publish","type":"page","link":"https:\/\/museumek.eu\/?page_id=14259","title":{"rendered":"D\/LVIII\/1"},"content":{"rendered":"<p><strong>Abteilung Deutschland, Keramik 1860 \u2013 1960, Inventarnummer D\/LVIII\/1<\/strong><\/p>\n<p>Porzellanmanufaktur F\u00fcrstenberg AG, vormals Herzoglich Braunschweigische Porzellanmanufaktur, Deutschland, F\u00fcrstenberg, vor 1940, Milchgie\u00dfer mit rotem Dekor, K\u00fcnstler Wilhelm Wagenfeld, Werks.-Nr. 639, Exemplar Nr. ohne, gemarkt 639\/7 gepresst, nicht signiert, Literatur: Beate Manske und Gudrun Scholz, T\u00e4glich in der Hand, Industrieformen von Wilhelm Wagenfeld aus sechs Jahrzehnten, Seite 307, Werksverzeichnis, Porzellanmanufaktur F\u00fcrstenberg, Nr. 78, Service 639, Abbildung c, Milchgie\u00dfer in 5 Gr\u00f6\u00dfen identisch, Entwurf 1934 ohne Dekore, sp\u00e4tere Ausf\u00fchrungen mit Dekoren, weitere Literatur: Beatrix Freifrau von Wolff Metternich, F\u00fcrstenberg Porzellan, Seite 94, dort beschrieben, dass Wilhelm Wagenfeld 1934 die Serviceform 639 modellierte, die http:\/\/museumek.eu\/?attachment_id=53343Manufaktur wurde 1747 unter Herzog Karl I. von Braunschweig gegr\u00fcndet, Firmierung Herzoglich Braunschweigische Porzellanmanufaktur, die Bl\u00fctezeit der Manufaktur war 1770 bis 1790, in dieser Zeit vorz\u00fcgliche Malerei, haupts\u00e4chlich Produktion von Vasen, ab 1859 wurde die Manufaktur an st\u00e4ndig wechselnde P\u00e4chter verpachtet, ab 1876 geht die Manufaktur in privates Eigentum des Herrn Bartlingck \u00fcber, die Firmierung darf wohl beibehalten werden, 1888 wird die Manufaktur AG, Firmierung wohl ab da Porzellanmanufaktur F\u00fcrstenberg AG, Bartlingck bleibt einer der Direktoren bis 1895, nach 1904 ist der bekannte K\u00fcnstler Hermann Gradl k\u00fcnstlerischer Mitarbeiter, 1934 entwirft Wilhelm Wagenfeld die Form 633 (siehe MEK D\/LVIII\/1 und D\/LVIII\/2) und 1938 Hubert Griemert die Form 644, H\u00f6he 17,5 cm, Breite 14 cm<\/p>\n<p><a href=\"http:\/\/museumek.eu\/wp-content\/uploads\/2012\/09\/Museum-Europ\u00e4ischer-Keramikkunst-3023.jpg\"><img loading=\"lazy\" src=\"http:\/\/museumek.eu\/wp-content\/uploads\/2012\/09\/Museum-Europ\u00e4ischer-Keramikkunst-3023-262x300.jpg\" alt=\"\" title=\"Museum Europ\u00e4ischer Keramikkunst 3023\" width=\"262\" height=\"300\" class=\"alignnone size-medium wp-image-14260\" srcset=\"https:\/\/museumek.eu\/wp-content\/uploads\/2012\/09\/Museum-Europ\u00e4ischer-Keramikkunst-3023-262x300.jpg 262w, https:\/\/museumek.eu\/wp-content\/uploads\/2012\/09\/Museum-Europ\u00e4ischer-Keramikkunst-3023.jpg 652w\" sizes=\"(max-width: 262px) 100vw, 262px\" \/><\/a><\/p>\n<p><a href=\"http:\/\/museumek.eu\/wp-content\/uploads\/2012\/09\/Museum-Europ\u00e4ischer-Keramikkunst-3024.jpg\"><img loading=\"lazy\" src=\"http:\/\/museumek.eu\/wp-content\/uploads\/2012\/09\/Museum-Europ\u00e4ischer-Keramikkunst-3024-300x177.jpg\" alt=\"\" title=\"Museum Europ\u00e4ischer Keramikkunst 3024\" width=\"300\" height=\"177\" class=\"alignnone size-medium wp-image-14261\" srcset=\"https:\/\/museumek.eu\/wp-content\/uploads\/2012\/09\/Museum-Europ\u00e4ischer-Keramikkunst-3024-300x177.jpg 300w, https:\/\/museumek.eu\/wp-content\/uploads\/2012\/09\/Museum-Europ\u00e4ischer-Keramikkunst-3024.jpg 337w\" sizes=\"(max-width: 300px) 100vw, 300px\" \/><\/a><\/p>\n<p><a href=\"http:\/\/museumek.eu\/wp-content\/uploads\/2012\/09\/Museum-Europ\u00e4ischer-Keramikkunst-3026.jpg\"><img loading=\"lazy\" src=\"http:\/\/museumek.eu\/wp-content\/uploads\/2012\/09\/Museum-Europ\u00e4ischer-Keramikkunst-3026-300x159.jpg\" alt=\"\" title=\"Museum Europ\u00e4ischer Keramikkunst 3026\" width=\"300\" height=\"159\" class=\"alignnone size-medium wp-image-14262\" srcset=\"https:\/\/museumek.eu\/wp-content\/uploads\/2012\/09\/Museum-Europ\u00e4ischer-Keramikkunst-3026-300x159.jpg 300w, https:\/\/museumek.eu\/wp-content\/uploads\/2012\/09\/Museum-Europ\u00e4ischer-Keramikkunst-3026.jpg 408w\" sizes=\"(max-width: 300px) 100vw, 300px\" \/><\/a><\/p>\n","protected":false},"excerpt":{"rendered":"<p>Abteilung Deutschland, Keramik 1860 \u2013 1960, Inventarnummer D\/LVIII\/1 Porzellanmanufaktur F\u00fcrstenberg AG, vormals Herzoglich Braunschweigische Porzellanmanufaktur, Deutschland, F\u00fcrstenberg, vor 1940, Milchgie\u00dfer mit rotem Dekor, K\u00fcnstler Wilhelm Wagenfeld, Werks.-Nr. 639, Exemplar Nr. ohne, gemarkt 639\/7 gepresst, nicht signiert, Literatur: Beate Manske und &hellip; <a href=\"https:\/\/museumek.eu\/?page_id=14259\">Weiterlesen <span class=\"meta-nav\">&rarr;<\/span><\/a><\/p>\n","protected":false},"author":1,"featured_media":0,"parent":14256,"menu_order":1,"comment_status":"closed","ping_status":"open","template":"","meta":[],"_links":{"self":[{"href":"https:\/\/museumek.eu\/index.php?rest_route=\/wp\/v2\/pages\/14259"}],"collection":[{"href":"https:\/\/museumek.eu\/index.php?rest_route=\/wp\/v2\/pages"}],"about":[{"href":"https:\/\/museumek.eu\/index.php?rest_route=\/wp\/v2\/types\/page"}],"author":[{"embeddable":true,"href":"https:\/\/museumek.eu\/index.php?rest_route=\/wp\/v2\/users\/1"}],"replies":[{"embeddable":true,"href":"https:\/\/museumek.eu\/index.php?rest_route=%2Fwp%2Fv2%2Fcomments&post=14259"}],"version-history":[{"count":8,"href":"https:\/\/museumek.eu\/index.php?rest_route=\/wp\/v2\/pages\/14259\/revisions"}],"predecessor-version":[{"id":53407,"href":"https:\/\/museumek.eu\/index.php?rest_route=\/wp\/v2\/pages\/14259\/revisions\/53407"}],"up":[{"embeddable":true,"href":"https:\/\/museumek.eu\/index.php?rest_route=\/wp\/v2\/pages\/14256"}],"wp:attachment":[{"href":"https:\/\/museumek.eu\/index.php?rest_route=%2Fwp%2Fv2%2Fmedia&parent=14259"}],"curies":[{"name":"wp","href":"https:\/\/api.w.org\/{rel}","templated":true}]}}