{"id":15754,"date":"2012-10-26T20:39:44","date_gmt":"2012-10-26T18:39:44","guid":{"rendered":"http:\/\/museumek.eu\/?page_id=15754"},"modified":"2013-05-31T21:28:40","modified_gmt":"2013-05-31T19:28:40","slug":"axxxiii13","status":"publish","type":"page","link":"https:\/\/museumek.eu\/?page_id=15754","title":{"rendered":"A\/XXXIII\/13"},"content":{"rendered":"<p><strong>Abteilung Austria\/Ungarn\/B\u00f6hmen, Keramik 1860 \u2013 1960, Inventarnummer A\/XXXIII\/13<\/strong><\/p>\n<p>Haas &#038; Czjzek K.K. privilegierte Porzellanfabrik und Nachf. Porzellanfabrik Haas &#038; Czjzek AG, B\u00f6hmen\/Austria, Schlaggenwald\/Horni Slavkov und Chodau\/Chodov, um 1890, Teller, K\u00fcnstler unbekannt, Werks.-Nr. ohne, Exemplar Nr. ohne, gemarkt Firmenmarke mit zwei gekreuzten Degen, die Degenspitzen als Tannen, dazwischen S (f\u00fcr Schlaggenwald) blaugr\u00fcn auf Glasur, 62 gepresst, nicht signiert, Literatur: J. G. Th. Graesse und E. Jaennicke, F\u00fchrer f\u00fcr Sammler von Porzellan und Fayence, Steinzeug, Steingut usw., Seite 420, Marke Nr. 23 identisch (Marke f\u00fcr die Zeit von 1888 \u2013 1896 angegeben), weitere Literatur: Gustav Wei\u00df, Ullstein Porzellanbuch, Seite 301, Marke Nr. 10 identisch, Johann Georg Paulus gr\u00fcndete 1792 eine Porzellanfabrik, welche als Paulus Porzellan firmierte, nach kurzer Zeit wird, wohl noch vor Ende 1800, Luise Sophie Greiner Eigent\u00fcmerin, Ihr Schwiegersohn der Arzt Johann Georg Lippert tritt in die Fabrik ein und holt sich Wenzel Haas aus Prag als Partner, Firmierung sp\u00e4testens 1836 als Haas &#038; Lippert, Wenzel Haas Sohn August Eusebius Haas war Grundbesitzer und trat zu Wenzel Haas Tod in die Fabrik ein, 1843 Tod von Johann Georg Lippert, dessen Tochter Emilie und deren Ehemann Johann M\u00f6hring erben die Anteile der Fabrik und verkaufen sie an Haas, der nun Alleineigent\u00fcmer ist, 1867 \u00fcbergibt August Eusebius Haas seine Fabrik an seinen Sohn Georg Haas (ab 1908 Freiherr von Hasenfels) und seinen Neffen Johann Czjzek (sp\u00e4ter Edler von Smidaich), Firmierung ab 1867 Haas &#038; Czjzek K.K. Porzellanfabrik, 1871 kauft die Fabrik von der Familie Porges von Portheim die Porzellanfabrik in Chodau, Firmierung wohl identisch, lediglich Ortunterscheidung in den Stempeln, Georg Haas stirbt 1914 und seine Witwe Olga tritt in die Fabrik ein, 1923 \u00fcbergibt Johann Czjzek seine Anteile an seinen Sohn Felix. 1930 wird eine Aktiengesellschaft gegr\u00fcndet und 1945 wird die Fabrik enteignet, in Schlaggenwald wird feinstes Porzellan f\u00fcr die Kaiserh\u00e4user, den Papst und F\u00fcrstenh\u00e4user produziert, in Chodau vorwiegend einfaches Gebrauchsgeschirr, der Teller ist Teil eines Service, weitere Teile MEK A\/XXXIII\/11, MEK A\/XXXIII\/12 sowie MEK A\/XXXIII\/14 sowie MEK A\/XXXIII\/15, Herstellungsort Schlaggenwald, Durchmesser 25 cm<\/p>\n<p><a href=\"http:\/\/museumek.eu\/wp-content\/uploads\/2012\/10\/Museum-Europ\u00e4ischer-Keramikkunst-3249.jpg\"><img loading=\"lazy\" src=\"http:\/\/museumek.eu\/wp-content\/uploads\/2012\/10\/Museum-Europ\u00e4ischer-Keramikkunst-3249-300x289.jpg\" alt=\"\" title=\"Museum Europ\u00e4ischer Keramikkunst 3249\" width=\"300\" height=\"289\" class=\"alignnone size-medium wp-image-15755\" srcset=\"https:\/\/museumek.eu\/wp-content\/uploads\/2012\/10\/Museum-Europ\u00e4ischer-Keramikkunst-3249-300x289.jpg 300w, https:\/\/museumek.eu\/wp-content\/uploads\/2012\/10\/Museum-Europ\u00e4ischer-Keramikkunst-3249-311x300.jpg 311w, https:\/\/museumek.eu\/wp-content\/uploads\/2012\/10\/Museum-Europ\u00e4ischer-Keramikkunst-3249.jpg 757w\" sizes=\"(max-width: 300px) 100vw, 300px\" \/><\/a><\/p>\n<p><a href=\"http:\/\/museumek.eu\/wp-content\/uploads\/2012\/10\/Museum-Europ\u00e4ischer-Keramikkunst-3250.jpg\"><img loading=\"lazy\" src=\"http:\/\/museumek.eu\/wp-content\/uploads\/2012\/10\/Museum-Europ\u00e4ischer-Keramikkunst-3250.jpg\" alt=\"\" title=\"Museum Europ\u00e4ischer Keramikkunst 3250\" width=\"140\" height=\"198\" class=\"alignnone size-full wp-image-15756\" \/><\/a><\/p>\n<p><a href=\"http:\/\/museumek.eu\/wp-content\/uploads\/2012\/10\/Museum-Europ\u00e4ischer-Keramikkunst-3251.jpg\"><img loading=\"lazy\" src=\"http:\/\/museumek.eu\/wp-content\/uploads\/2012\/10\/Museum-Europ\u00e4ischer-Keramikkunst-3251.jpg\" alt=\"\" title=\"Museum Europ\u00e4ischer Keramikkunst 3251\" width=\"147\" height=\"159\" class=\"alignnone size-full wp-image-15757\" \/><\/a><\/p>\n","protected":false},"excerpt":{"rendered":"<p>Abteilung Austria\/Ungarn\/B\u00f6hmen, Keramik 1860 \u2013 1960, Inventarnummer A\/XXXIII\/13 Haas &#038; Czjzek K.K. privilegierte Porzellanfabrik und Nachf. Porzellanfabrik Haas &#038; Czjzek AG, B\u00f6hmen\/Austria, Schlaggenwald\/Horni Slavkov und Chodau\/Chodov, um 1890, Teller, K\u00fcnstler unbekannt, Werks.-Nr. ohne, Exemplar Nr. ohne, gemarkt Firmenmarke mit zwei &hellip; <a href=\"https:\/\/museumek.eu\/?page_id=15754\">Weiterlesen <span class=\"meta-nav\">&rarr;<\/span><\/a><\/p>\n","protected":false},"author":1,"featured_media":0,"parent":15737,"menu_order":13,"comment_status":"closed","ping_status":"open","template":"","meta":[],"_links":{"self":[{"href":"https:\/\/museumek.eu\/index.php?rest_route=\/wp\/v2\/pages\/15754"}],"collection":[{"href":"https:\/\/museumek.eu\/index.php?rest_route=\/wp\/v2\/pages"}],"about":[{"href":"https:\/\/museumek.eu\/index.php?rest_route=\/wp\/v2\/types\/page"}],"author":[{"embeddable":true,"href":"https:\/\/museumek.eu\/index.php?rest_route=\/wp\/v2\/users\/1"}],"replies":[{"embeddable":true,"href":"https:\/\/museumek.eu\/index.php?rest_route=%2Fwp%2Fv2%2Fcomments&post=15754"}],"version-history":[{"count":3,"href":"https:\/\/museumek.eu\/index.php?rest_route=\/wp\/v2\/pages\/15754\/revisions"}],"predecessor-version":[{"id":23034,"href":"https:\/\/museumek.eu\/index.php?rest_route=\/wp\/v2\/pages\/15754\/revisions\/23034"}],"up":[{"embeddable":true,"href":"https:\/\/museumek.eu\/index.php?rest_route=\/wp\/v2\/pages\/15737"}],"wp:attachment":[{"href":"https:\/\/museumek.eu\/index.php?rest_route=%2Fwp%2Fv2%2Fmedia&parent=15754"}],"curies":[{"name":"wp","href":"https:\/\/api.w.org\/{rel}","templated":true}]}}