{"id":15769,"date":"2012-10-26T20:54:46","date_gmt":"2012-10-26T18:54:46","guid":{"rendered":"http:\/\/museumek.eu\/?page_id=15769"},"modified":"2013-05-31T21:26:17","modified_gmt":"2013-05-31T19:26:17","slug":"axxxiii15","status":"publish","type":"page","link":"https:\/\/museumek.eu\/?page_id=15769","title":{"rendered":"A\/XXXIII\/15"},"content":{"rendered":"<p><strong>Abteilung Austria\/Ungarn\/B\u00f6hmen, Keramik 1860 \u2013 1960, Inventarnummer A\/XXXIII\/15<\/strong><\/p>\n<p>Haas &#038; Czjzek K.K. privilegierte Porzellanfabrik und Nachf. Porzellanfabrik Haas &#038; Czjzek AG, B\u00f6hmen\/Austria, Schlaggenwald\/Horni Slavkov und Chodau\/Chodov, um 1890, Teller, K\u00fcnstler unbekannt, Werks.-Nr. ohne, Exemplar Nr. ohne, gemarkt keine Firmenmarke aber 36 (?) gepresst, nicht signiert, Johann Georg Paulus gr\u00fcndete 1792 eine Porzellanfabrik, welche als Paulus Porzellan firmierte, nach kurzer Zeit wird, wohl noch vor Ende 1800, Luise Sophie Greiner Eigent\u00fcmerin, Ihr Schwiegersohn der Arzt Johann Georg Lippert tritt in die Fabrik ein und holt sich Wenzel Haas aus Prag als Partner, Firmierung sp\u00e4testens 1836 als Haas &#038; Lippert, Wenzel Haas Sohn August Eusebius Haas war Grundbesitzer und trat zu Wenzel Haas Tod in die Fabrik ein, 1843 Tod von Johann Georg Lippert, dessen Tochter Emilie und deren Ehemann Johann M\u00f6hring erben die Anteile der Fabrik und verkaufen sie an Haas, der nun Alleineigent\u00fcmer ist, 1867 \u00fcbergibt August Eusebius Haas seine Fabrik an seinen Sohn Georg Haas (ab 1908 Freiherr von Hasenfels) und seinen Neffen Johann Czjzek (sp\u00e4ter Edler von Smidaich), Firmierung ab 1867 Haas &#038; Czjzek K.K. Porzellanfabrik, 1871 kauft die Fabrik von der Familie Porges von Portheim die Porzellanfabrik in Chodau, Firmierung wohl identisch, lediglich Ortunterscheidung in den Stempeln, Georg Haas stirbt 1914 und seine Witwe Olga tritt in die Fabrik ein, 1923 \u00fcbergibt Johann Czjzek seine Anteile an seinen Sohn Felix. 1930 wird eine Aktiengesellschaft gegr\u00fcndet und 1945 wird die Fabrik enteignet, in Schlaggenwald wird feinstes Porzellan f\u00fcr die Kaiserh\u00e4user, den Papst und F\u00fcrstenh\u00e4user produziert, in Chodau vorwiegend einfaches Gebrauchsgeschirr, der Teller ist Teil eines Service, weitere Teile MEK A\/XXXIII\/11 bis MEK A\/XXXIII\/14, hier andere farbliche Ausf\u00fchrung, Herstellungsort Schlaggenwald, Durchmesser 25 cm<\/p>\n<p><a href=\"http:\/\/museumek.eu\/wp-content\/uploads\/2012\/10\/Museum-Europ\u00e4ischer-Keramikkunst-3254.jpg\"><img loading=\"lazy\" src=\"http:\/\/museumek.eu\/wp-content\/uploads\/2012\/10\/Museum-Europ\u00e4ischer-Keramikkunst-3254-300x288.jpg\" alt=\"\" title=\"Museum Europ\u00e4ischer Keramikkunst 3254\" width=\"300\" height=\"288\" class=\"alignnone size-medium wp-image-15770\" srcset=\"https:\/\/museumek.eu\/wp-content\/uploads\/2012\/10\/Museum-Europ\u00e4ischer-Keramikkunst-3254-300x288.jpg 300w, https:\/\/museumek.eu\/wp-content\/uploads\/2012\/10\/Museum-Europ\u00e4ischer-Keramikkunst-3254-311x300.jpg 311w, https:\/\/museumek.eu\/wp-content\/uploads\/2012\/10\/Museum-Europ\u00e4ischer-Keramikkunst-3254.jpg 744w\" sizes=\"(max-width: 300px) 100vw, 300px\" \/><\/a><\/p>\n<p><a href=\"http:\/\/museumek.eu\/wp-content\/uploads\/2012\/10\/Museum-Europ\u00e4ischer-Keramikkunst-3255.jpg\"><img loading=\"lazy\" src=\"http:\/\/museumek.eu\/wp-content\/uploads\/2012\/10\/Museum-Europ\u00e4ischer-Keramikkunst-3255.jpg\" alt=\"\" title=\"Museum Europ\u00e4ischer Keramikkunst 3255\" width=\"135\" height=\"132\" class=\"alignnone size-full wp-image-15771\" \/><\/a><\/p>\n","protected":false},"excerpt":{"rendered":"<p>Abteilung Austria\/Ungarn\/B\u00f6hmen, Keramik 1860 \u2013 1960, Inventarnummer A\/XXXIII\/15 Haas &#038; Czjzek K.K. privilegierte Porzellanfabrik und Nachf. Porzellanfabrik Haas &#038; Czjzek AG, B\u00f6hmen\/Austria, Schlaggenwald\/Horni Slavkov und Chodau\/Chodov, um 1890, Teller, K\u00fcnstler unbekannt, Werks.-Nr. ohne, Exemplar Nr. ohne, gemarkt keine Firmenmarke aber &hellip; <a href=\"https:\/\/museumek.eu\/?page_id=15769\">Weiterlesen <span class=\"meta-nav\">&rarr;<\/span><\/a><\/p>\n","protected":false},"author":1,"featured_media":0,"parent":15737,"menu_order":15,"comment_status":"closed","ping_status":"open","template":"","meta":[],"_links":{"self":[{"href":"https:\/\/museumek.eu\/index.php?rest_route=\/wp\/v2\/pages\/15769"}],"collection":[{"href":"https:\/\/museumek.eu\/index.php?rest_route=\/wp\/v2\/pages"}],"about":[{"href":"https:\/\/museumek.eu\/index.php?rest_route=\/wp\/v2\/types\/page"}],"author":[{"embeddable":true,"href":"https:\/\/museumek.eu\/index.php?rest_route=\/wp\/v2\/users\/1"}],"replies":[{"embeddable":true,"href":"https:\/\/museumek.eu\/index.php?rest_route=%2Fwp%2Fv2%2Fcomments&post=15769"}],"version-history":[{"count":4,"href":"https:\/\/museumek.eu\/index.php?rest_route=\/wp\/v2\/pages\/15769\/revisions"}],"predecessor-version":[{"id":23032,"href":"https:\/\/museumek.eu\/index.php?rest_route=\/wp\/v2\/pages\/15769\/revisions\/23032"}],"up":[{"embeddable":true,"href":"https:\/\/museumek.eu\/index.php?rest_route=\/wp\/v2\/pages\/15737"}],"wp:attachment":[{"href":"https:\/\/museumek.eu\/index.php?rest_route=%2Fwp%2Fv2%2Fmedia&parent=15769"}],"curies":[{"name":"wp","href":"https:\/\/api.w.org\/{rel}","templated":true}]}}