{"id":15808,"date":"2012-10-27T12:15:19","date_gmt":"2012-10-27T10:15:19","guid":{"rendered":"http:\/\/museumek.eu\/?page_id=15808"},"modified":"2012-10-27T12:15:19","modified_gmt":"2012-10-27T10:15:19","slug":"fotos-und-beschreibung","status":"publish","type":"page","link":"https:\/\/museumek.eu\/?page_id=15808","title":{"rendered":"Fotos und Beschreibung"},"content":{"rendered":"<p><strong>Abteilung Frankreich, Keramik 1860 \u2013 1960, Inventarnummer F\/XXXVIII\/1<\/strong><\/p>\n<p>Manufaktur L. &#038; E. Coiffe, Frankreich, Limoges, Zierteller, um 1920, K\u00fcnstler I. Golse, Werksnummer ohne, Exemplar Nr. ohne, gemarkt Firmenmarke mit Limoges sowie France gr\u00fcn unter Glasur, weitere Firmenmarke mit S &#038; M Limoges sowie France gr\u00fcn auf Glasur, I. Golse rot auf Glasur gemalt, signiert I. Golse, Literatur: Mary Frank Gaston, Collector\u2019s Encyclopedia of Limoges Porcelain, Third Edition, Seite 89 ff., Beschreibung der Manufaktur sowie Seite 90, Marke Nr. 3 identisch, L. &#038; E. Coiffe stellte meistens nur das Wei\u00dfporzellan her, welches dann wie beim MEK Exemplar von anderen Firmen dekoriert wurde (die dekorierende Firma konnte an Hand der Marke nicht ermittelt werden), siehe auch Abbildung von \u00e4hnlichen Tellern weiter unten, Durchmesser 22,3 cm<\/p>\n<p><a href=\"http:\/\/museumek.eu\/wp-content\/uploads\/2012\/10\/Museum-Europ\u00e4ischer-Keramikkunst-3236.jpg\"><img loading=\"lazy\" src=\"http:\/\/museumek.eu\/wp-content\/uploads\/2012\/10\/Museum-Europ\u00e4ischer-Keramikkunst-3236-300x289.jpg\" alt=\"\" title=\"Museum Europ\u00e4ischer Keramikkunst 3236\" width=\"300\" height=\"289\" class=\"alignnone size-medium wp-image-15797\" srcset=\"https:\/\/museumek.eu\/wp-content\/uploads\/2012\/10\/Museum-Europ\u00e4ischer-Keramikkunst-3236-300x289.jpg 300w, https:\/\/museumek.eu\/wp-content\/uploads\/2012\/10\/Museum-Europ\u00e4ischer-Keramikkunst-3236-311x300.jpg 311w, https:\/\/museumek.eu\/wp-content\/uploads\/2012\/10\/Museum-Europ\u00e4ischer-Keramikkunst-3236.jpg 767w\" sizes=\"(max-width: 300px) 100vw, 300px\" \/><\/a><\/p>\n<p><a href=\"http:\/\/museumek.eu\/wp-content\/uploads\/2012\/10\/Museum-Europ\u00e4ischer-Keramikkunst-3237.jpg\"><img loading=\"lazy\" src=\"http:\/\/museumek.eu\/wp-content\/uploads\/2012\/10\/Museum-Europ\u00e4ischer-Keramikkunst-3237-300x225.jpg\" alt=\"\" title=\"Museum Europ\u00e4ischer Keramikkunst 3237\" width=\"300\" height=\"225\" class=\"alignnone size-medium wp-image-15798\" srcset=\"https:\/\/museumek.eu\/wp-content\/uploads\/2012\/10\/Museum-Europ\u00e4ischer-Keramikkunst-3237-300x225.jpg 300w, https:\/\/museumek.eu\/wp-content\/uploads\/2012\/10\/Museum-Europ\u00e4ischer-Keramikkunst-3237-400x300.jpg 400w, https:\/\/museumek.eu\/wp-content\/uploads\/2012\/10\/Museum-Europ\u00e4ischer-Keramikkunst-3237.jpg 1024w\" sizes=\"(max-width: 300px) 100vw, 300px\" \/><\/a><\/p>\n<p><a href=\"http:\/\/museumek.eu\/wp-content\/uploads\/2012\/10\/Museum-Europ\u00e4ischer-Keramikkunst-3238.jpg\"><img loading=\"lazy\" src=\"http:\/\/museumek.eu\/wp-content\/uploads\/2012\/10\/Museum-Europ\u00e4ischer-Keramikkunst-3238-193x300.jpg\" alt=\"\" title=\"Museum Europ\u00e4ischer Keramikkunst 3238\" width=\"193\" height=\"300\" class=\"alignnone size-medium wp-image-15799\" srcset=\"https:\/\/museumek.eu\/wp-content\/uploads\/2012\/10\/Museum-Europ\u00e4ischer-Keramikkunst-3238-193x300.jpg 193w, https:\/\/museumek.eu\/wp-content\/uploads\/2012\/10\/Museum-Europ\u00e4ischer-Keramikkunst-3238.jpg 274w\" sizes=\"(max-width: 193px) 100vw, 193px\" \/><\/a><\/p>\n<p><a href=\"http:\/\/museumek.eu\/wp-content\/uploads\/2012\/10\/Museum-Europ\u00e4ischer-Keramikkunst-3240.jpg\"><img loading=\"lazy\" src=\"http:\/\/museumek.eu\/wp-content\/uploads\/2012\/10\/Museum-Europ\u00e4ischer-Keramikkunst-3240-298x300.jpg\" alt=\"\" title=\"Museum Europ\u00e4ischer Keramikkunst 3240\" width=\"298\" height=\"300\" class=\"alignnone size-medium wp-image-15801\" srcset=\"https:\/\/museumek.eu\/wp-content\/uploads\/2012\/10\/Museum-Europ\u00e4ischer-Keramikkunst-3240-298x300.jpg 298w, https:\/\/museumek.eu\/wp-content\/uploads\/2012\/10\/Museum-Europ\u00e4ischer-Keramikkunst-3240-150x150.jpg 150w, https:\/\/museumek.eu\/wp-content\/uploads\/2012\/10\/Museum-Europ\u00e4ischer-Keramikkunst-3240.jpg 382w\" sizes=\"(max-width: 298px) 100vw, 298px\" \/><\/a><\/p>\n<p><a href=\"http:\/\/museumek.eu\/wp-content\/uploads\/2012\/10\/Museum-Europ\u00e4ischer-Keramikkunst-32701.jpg\"><img loading=\"lazy\" src=\"http:\/\/museumek.eu\/wp-content\/uploads\/2012\/10\/Museum-Europ\u00e4ischer-Keramikkunst-32701-300x177.jpg\" alt=\"\" title=\"Museum Europ\u00e4ischer Keramikkunst 3270\" width=\"300\" height=\"177\" class=\"alignnone size-medium wp-image-15802\" srcset=\"https:\/\/museumek.eu\/wp-content\/uploads\/2012\/10\/Museum-Europ\u00e4ischer-Keramikkunst-32701-300x177.jpg 300w, https:\/\/museumek.eu\/wp-content\/uploads\/2012\/10\/Museum-Europ\u00e4ischer-Keramikkunst-32701-500x296.jpg 500w, https:\/\/museumek.eu\/wp-content\/uploads\/2012\/10\/Museum-Europ\u00e4ischer-Keramikkunst-32701.jpg 942w\" sizes=\"(max-width: 300px) 100vw, 300px\" \/><\/a><\/p>\n","protected":false},"excerpt":{"rendered":"<p>Abteilung Frankreich, Keramik 1860 \u2013 1960, Inventarnummer F\/XXXVIII\/1 Manufaktur L. &#038; E. Coiffe, Frankreich, Limoges, Zierteller, um 1920, K\u00fcnstler I. Golse, Werksnummer ohne, Exemplar Nr. ohne, gemarkt Firmenmarke mit Limoges sowie France gr\u00fcn unter Glasur, weitere Firmenmarke mit S &#038; &hellip; <a href=\"https:\/\/museumek.eu\/?page_id=15808\">Weiterlesen <span class=\"meta-nav\">&rarr;<\/span><\/a><\/p>\n","protected":false},"author":1,"featured_media":0,"parent":15805,"menu_order":1,"comment_status":"closed","ping_status":"open","template":"","meta":[],"_links":{"self":[{"href":"https:\/\/museumek.eu\/index.php?rest_route=\/wp\/v2\/pages\/15808"}],"collection":[{"href":"https:\/\/museumek.eu\/index.php?rest_route=\/wp\/v2\/pages"}],"about":[{"href":"https:\/\/museumek.eu\/index.php?rest_route=\/wp\/v2\/types\/page"}],"author":[{"embeddable":true,"href":"https:\/\/museumek.eu\/index.php?rest_route=\/wp\/v2\/users\/1"}],"replies":[{"embeddable":true,"href":"https:\/\/museumek.eu\/index.php?rest_route=%2Fwp%2Fv2%2Fcomments&post=15808"}],"version-history":[{"count":2,"href":"https:\/\/museumek.eu\/index.php?rest_route=\/wp\/v2\/pages\/15808\/revisions"}],"predecessor-version":[{"id":15810,"href":"https:\/\/museumek.eu\/index.php?rest_route=\/wp\/v2\/pages\/15808\/revisions\/15810"}],"up":[{"embeddable":true,"href":"https:\/\/museumek.eu\/index.php?rest_route=\/wp\/v2\/pages\/15805"}],"wp:attachment":[{"href":"https:\/\/museumek.eu\/index.php?rest_route=%2Fwp%2Fv2%2Fmedia&parent=15808"}],"curies":[{"name":"wp","href":"https:\/\/api.w.org\/{rel}","templated":true}]}}