{"id":16541,"date":"2012-11-12T00:16:52","date_gmt":"2012-11-11T23:16:52","guid":{"rendered":"http:\/\/museumek.eu\/?page_id=16541"},"modified":"2021-02-12T18:39:33","modified_gmt":"2021-02-12T17:39:33","slug":"fotos-und-beschreibung","status":"publish","type":"page","link":"https:\/\/museumek.eu\/?page_id=16541","title":{"rendered":"Fotos und Beschreibung"},"content":{"rendered":"<p><strong>Abteilung Deutschland, Keramik 1860 \u2013 1960, Inventarnummer D\/LXIX\/1<\/strong><\/p>\n<p>Oberlausitzer Keramische Werkst\u00e4tten Paul J\u00fcrgel, Deutschland, Niederbielau (Schlesien), 1918 &#8211; 1926, Vase mit Schlickerdekor, K\u00fcnstler unbekannt, Werks.-Nr. ohne, Exemplar Nr. ohne, gemarkt Firmenmarke mit OKW (f\u00fcr Oberlausitzer Keramische Werkst\u00e4tten) ineinander ligiert dunkelgr\u00fcn auf den unglasierten Vasenboden gemalt sowie eine \u00fcbergro\u00dfe Zahl 4 (?) in schwarz gestempelt, nicht signiert, Literatur: Gisela Reineking von Bock, Meister der Deutschen Keramik 1900 bis 1950, Seite 245, sehr kurze und unvollst\u00e4ndige Beschreibung der Fabrik (dort auch Verweis auf Otto Pelka, Keramik der Neuzeit, dort Marke 106 angegeben, das ist falsch, richtig ist Marke 206) sowie Seite 326, Marke Nr. 163 OKW als Ritzmarke, weitere Literatur: Otto Pelka, Keramik der Neuzeit, Markentafel XII, Marke Nr. 206, OKW als Ritzmarke, weitere Literatur: Heidi M\u00fcller, Ekkehard und Inge Lippert und Staatliche Museen Preu\u00dfischer Kulturbesitz sowie Schriften des Museums f\u00fcr Deutsche Volkskunde Berlin, Band 14, Bunzlauer Geschirr, Seite 405, Marke Nr. 33 OKW als Ritzmarke, weitere Literatur: Dieter Z\u00fchlsdorf, Markenlexikon Band 1, Porzellan und Keramik Report 1885 &#8211; 1935, Seite 83, Werk-Teil 1., Gruppennummer des Werkteils 1., laufende Nummer innerhalb der Gruppe 1652 identische Marke (dort g\u00fcltig f\u00fcr die Zeit 1918 &#8211; 1925) sowie Seite 574, Werk-Teil 3. laufende Nummer des Werkteils 922, dort kurze Beschreibung der Werkstatt, siehe auch Auktionshaus von Zezschwitz, M\u00fcnchen, Auktion 34 vom 19.04.2007, Katalognummer 238, eine Paul J\u00fcrgel Vase mit gemaltem Schlickerdekor, 1918 gr\u00fcndete Paul J\u00fcrgel in Niederbielau eine keramische Werkstatt, Firmierung Oberlausitzer Keramische Werkst\u00e4tten Paul J\u00fcrgel, die Werkstatt wurde Anfang der 1920&#8242; Jahre zur AG, Firmierung nicht bekannt, die AG wird bereits um 1926 wieder aufgel\u00f6st und die Werkstatt wahrscheinlich geschlossen, Paul J\u00fcrgel gr\u00fcndet in Pulsnitz\/Sachsen eine neue Werkstatt \u00fcber die nichts weiter bekannt ist,<br \/>\nH\u00f6he 7,2 cm, Breite 11 cm<\/p>\n<p><a href=\"http:\/\/museumek.eu\/?attachment_id=53291\" rel=\"attachment wp-att-53291\"><img loading=\"lazy\" src=\"http:\/\/museumek.eu\/wp-content\/uploads\/2012\/11\/OKW-Paul-J\u00fcrgel-Vase-1-300x218.jpg\" alt=\"\" title=\"OKW Paul J\u00fcrgel Vase 1\" width=\"300\" height=\"218\" class=\"alignnone size-medium wp-image-53291\" srcset=\"https:\/\/museumek.eu\/wp-content\/uploads\/2012\/11\/OKW-Paul-J\u00fcrgel-Vase-1-300x218.jpg 300w, https:\/\/museumek.eu\/wp-content\/uploads\/2012\/11\/OKW-Paul-J\u00fcrgel-Vase-1-150x109.jpg 150w, https:\/\/museumek.eu\/wp-content\/uploads\/2012\/11\/OKW-Paul-J\u00fcrgel-Vase-1-412x300.jpg 412w, https:\/\/museumek.eu\/wp-content\/uploads\/2012\/11\/OKW-Paul-J\u00fcrgel-Vase-1.jpg 640w\" sizes=\"(max-width: 300px) 100vw, 300px\" \/><\/a><\/p>\n<p><a href=\"http:\/\/museumek.eu\/?attachment_id=53292\" rel=\"attachment wp-att-53292\"><img loading=\"lazy\" src=\"http:\/\/museumek.eu\/wp-content\/uploads\/2012\/11\/OKW-Paul-J\u00fcrgel-Vase-2-300x269.jpg\" alt=\"\" title=\"OKW Paul J\u00fcrgel Vase 2\" width=\"300\" height=\"269\" class=\"alignnone size-medium wp-image-53292\" srcset=\"https:\/\/museumek.eu\/wp-content\/uploads\/2012\/11\/OKW-Paul-J\u00fcrgel-Vase-2-300x269.jpg 300w, https:\/\/museumek.eu\/wp-content\/uploads\/2012\/11\/OKW-Paul-J\u00fcrgel-Vase-2-150x134.jpg 150w, https:\/\/museumek.eu\/wp-content\/uploads\/2012\/11\/OKW-Paul-J\u00fcrgel-Vase-2-334x300.jpg 334w, https:\/\/museumek.eu\/wp-content\/uploads\/2012\/11\/OKW-Paul-J\u00fcrgel-Vase-2.jpg 535w\" sizes=\"(max-width: 300px) 100vw, 300px\" \/><\/a><\/p>\n<p><a href=\"http:\/\/museumek.eu\/?attachment_id=53293\" rel=\"attachment wp-att-53293\"><img loading=\"lazy\" src=\"http:\/\/museumek.eu\/wp-content\/uploads\/2012\/11\/OKW-Paul-J\u00fcrgel-Vase-3-300x235.jpg\" alt=\"\" title=\"OKW Paul J\u00fcrgel Vase 3\" width=\"300\" height=\"235\" class=\"alignnone size-medium wp-image-53293\" srcset=\"https:\/\/museumek.eu\/wp-content\/uploads\/2012\/11\/OKW-Paul-J\u00fcrgel-Vase-3-300x235.jpg 300w, https:\/\/museumek.eu\/wp-content\/uploads\/2012\/11\/OKW-Paul-J\u00fcrgel-Vase-3-150x117.jpg 150w, https:\/\/museumek.eu\/wp-content\/uploads\/2012\/11\/OKW-Paul-J\u00fcrgel-Vase-3-382x300.jpg 382w, https:\/\/museumek.eu\/wp-content\/uploads\/2012\/11\/OKW-Paul-J\u00fcrgel-Vase-3.jpg 612w\" sizes=\"(max-width: 300px) 100vw, 300px\" \/><\/a><\/p>\n<p><a href=\"http:\/\/museumek.eu\/?attachment_id=53294\" rel=\"attachment wp-att-53294\"><img loading=\"lazy\" src=\"http:\/\/museumek.eu\/wp-content\/uploads\/2012\/11\/OKW-Paul-J\u00fcrgel-Vase-4-300x292.jpg\" alt=\"\" title=\"OKW Paul J\u00fcrgel Vase 4\" width=\"300\" height=\"292\" class=\"alignnone size-medium wp-image-53294\" srcset=\"https:\/\/museumek.eu\/wp-content\/uploads\/2012\/11\/OKW-Paul-J\u00fcrgel-Vase-4-300x292.jpg 300w, https:\/\/museumek.eu\/wp-content\/uploads\/2012\/11\/OKW-Paul-J\u00fcrgel-Vase-4-150x146.jpg 150w, https:\/\/museumek.eu\/wp-content\/uploads\/2012\/11\/OKW-Paul-J\u00fcrgel-Vase-4-308x300.jpg 308w, https:\/\/museumek.eu\/wp-content\/uploads\/2012\/11\/OKW-Paul-J\u00fcrgel-Vase-4.jpg 493w\" sizes=\"(max-width: 300px) 100vw, 300px\" \/><\/a><\/p>\n<p><a href=\"http:\/\/museumek.eu\/?attachment_id=53295\" rel=\"attachment wp-att-53295\"><img loading=\"lazy\" src=\"http:\/\/museumek.eu\/wp-content\/uploads\/2012\/11\/OKW-Paul-J\u00fcrgel-Vase-5-300x226.jpg\" alt=\"\" title=\"OKW Paul J\u00fcrgel Vase 5\" width=\"300\" height=\"226\" class=\"alignnone size-medium wp-image-53295\" srcset=\"https:\/\/museumek.eu\/wp-content\/uploads\/2012\/11\/OKW-Paul-J\u00fcrgel-Vase-5-300x226.jpg 300w, https:\/\/museumek.eu\/wp-content\/uploads\/2012\/11\/OKW-Paul-J\u00fcrgel-Vase-5-150x113.jpg 150w, https:\/\/museumek.eu\/wp-content\/uploads\/2012\/11\/OKW-Paul-J\u00fcrgel-Vase-5-398x300.jpg 398w, https:\/\/museumek.eu\/wp-content\/uploads\/2012\/11\/OKW-Paul-J\u00fcrgel-Vase-5.jpg 637w\" sizes=\"(max-width: 300px) 100vw, 300px\" \/><\/a><\/p>\n<p><a href=\"http:\/\/museumek.eu\/?attachment_id=53296\" rel=\"attachment wp-att-53296\"><img loading=\"lazy\" src=\"http:\/\/museumek.eu\/wp-content\/uploads\/2012\/11\/OKW-Paul-J\u00fcrgel-Vase-6-300x250.jpg\" alt=\"\" title=\"OKW Paul J\u00fcrgel Vase 6\" width=\"300\" height=\"250\" class=\"alignnone size-medium wp-image-53296\" srcset=\"https:\/\/museumek.eu\/wp-content\/uploads\/2012\/11\/OKW-Paul-J\u00fcrgel-Vase-6-300x250.jpg 300w, https:\/\/museumek.eu\/wp-content\/uploads\/2012\/11\/OKW-Paul-J\u00fcrgel-Vase-6-150x125.jpg 150w, https:\/\/museumek.eu\/wp-content\/uploads\/2012\/11\/OKW-Paul-J\u00fcrgel-Vase-6-359x300.jpg 359w, https:\/\/museumek.eu\/wp-content\/uploads\/2012\/11\/OKW-Paul-J\u00fcrgel-Vase-6.jpg 575w\" sizes=\"(max-width: 300px) 100vw, 300px\" \/><\/a><\/p>\n<p><a href=\"http:\/\/museumek.eu\/wp-content\/uploads\/2012\/11\/Paul-J\u00fcrgel-Vase.jpg\"><img loading=\"lazy\" src=\"http:\/\/museumek.eu\/wp-content\/uploads\/2012\/11\/Paul-J\u00fcrgel-Vase-300x203.jpg\" alt=\"\" title=\"Paul J\u00fcrgel Vase\" width=\"300\" height=\"203\" class=\"alignnone size-medium wp-image-16535\" srcset=\"https:\/\/museumek.eu\/wp-content\/uploads\/2012\/11\/Paul-J\u00fcrgel-Vase-300x203.jpg 300w, https:\/\/museumek.eu\/wp-content\/uploads\/2012\/11\/Paul-J\u00fcrgel-Vase-442x300.jpg 442w, https:\/\/museumek.eu\/wp-content\/uploads\/2012\/11\/Paul-J\u00fcrgel-Vase.jpg 996w\" sizes=\"(max-width: 300px) 100vw, 300px\" \/><\/a><\/p>\n<p><strong>Abteilung Deutschland, Keramik 1860 \u2013 1960, Inventarnummer D\/LXIX\/2<\/strong><\/p>\n<p>Oberlausitzer Keramische Werkst\u00e4tten Paul J\u00fcrgel (attr.), Deutschland, Niederbielau (Schlesien), 1918 &#8211; 1926, Schale mit Schlickerdekor, K\u00fcnstler unbekannt, Werks.-Nr. M 27 (Jahr ?) f., Exemplar Nr. ohne, gemarkt Firmenmarke mit OKW in einem Dreieck darunter N (?) B (f\u00fcr Niederbielau ?) gepresst, M 27 f. geritzt, nicht signiert, die auf den Boden der MEK Schale gepresste Firmenmarke, die in keiner Literatur verzeichnet ist (verzeichnet ist nur OKW als Ritzmarke), wurde wegen der Buchstaben OKW, der Gruppierung der Buchstaben oben O, links K und rechts W sowie der Bemalung mit dunkelgr\u00fcnem und gelblichem Schlickerdekor (wie MEK D\/XIX\/1), vorl\u00e4ufig den Oberlausitzer Keramischen Werkst\u00e4tten Paul J\u00fcrgel zugeschrieben,<br \/>\nH\u00f6he 7 cm, Breite 26 cm<\/p>\n<p><a href=\"http:\/\/museumek.eu\/wp-content\/uploads\/2012\/11\/Museum-Europ\u00e4ischer-Keramikkunst-33581.jpg\"><img loading=\"lazy\" src=\"http:\/\/museumek.eu\/wp-content\/uploads\/2012\/11\/Museum-Europ\u00e4ischer-Keramikkunst-33581-300x284.jpg\" alt=\"\" title=\"Museum Europ\u00e4ischer Keramikkunst 3358\" width=\"300\" height=\"284\" class=\"alignnone size-medium wp-image-16530\" srcset=\"https:\/\/museumek.eu\/wp-content\/uploads\/2012\/11\/Museum-Europ\u00e4ischer-Keramikkunst-33581-300x284.jpg 300w, https:\/\/museumek.eu\/wp-content\/uploads\/2012\/11\/Museum-Europ\u00e4ischer-Keramikkunst-33581-316x300.jpg 316w, https:\/\/museumek.eu\/wp-content\/uploads\/2012\/11\/Museum-Europ\u00e4ischer-Keramikkunst-33581.jpg 761w\" sizes=\"(max-width: 300px) 100vw, 300px\" \/><\/a><\/p>\n<p><a href=\"http:\/\/museumek.eu\/wp-content\/uploads\/2012\/11\/Museum-Europ\u00e4ischer-Keramikkunst-3361.jpg\"><img loading=\"lazy\" src=\"http:\/\/museumek.eu\/wp-content\/uploads\/2012\/11\/Museum-Europ\u00e4ischer-Keramikkunst-3361-300x137.jpg\" alt=\"\" title=\"Museum Europ\u00e4ischer Keramikkunst 3361\" width=\"300\" height=\"137\" class=\"alignnone size-medium wp-image-16531\" srcset=\"https:\/\/museumek.eu\/wp-content\/uploads\/2012\/11\/Museum-Europ\u00e4ischer-Keramikkunst-3361-300x137.jpg 300w, https:\/\/museumek.eu\/wp-content\/uploads\/2012\/11\/Museum-Europ\u00e4ischer-Keramikkunst-3361-500x229.jpg 500w, https:\/\/museumek.eu\/wp-content\/uploads\/2012\/11\/Museum-Europ\u00e4ischer-Keramikkunst-3361.jpg 743w\" sizes=\"(max-width: 300px) 100vw, 300px\" \/><\/a><\/p>\n<p><a href=\"http:\/\/museumek.eu\/wp-content\/uploads\/2012\/11\/Museum-Europ\u00e4ischer-Keramikkunst-3363.jpg\"><img loading=\"lazy\" src=\"http:\/\/museumek.eu\/wp-content\/uploads\/2012\/11\/Museum-Europ\u00e4ischer-Keramikkunst-3363-300x298.jpg\" alt=\"\" title=\"Museum Europ\u00e4ischer Keramikkunst 3363\" width=\"300\" height=\"298\" class=\"alignnone size-medium wp-image-16532\" srcset=\"https:\/\/museumek.eu\/wp-content\/uploads\/2012\/11\/Museum-Europ\u00e4ischer-Keramikkunst-3363-300x298.jpg 300w, https:\/\/museumek.eu\/wp-content\/uploads\/2012\/11\/Museum-Europ\u00e4ischer-Keramikkunst-3363-150x150.jpg 150w, https:\/\/museumek.eu\/wp-content\/uploads\/2012\/11\/Museum-Europ\u00e4ischer-Keramikkunst-3363-301x300.jpg 301w, https:\/\/museumek.eu\/wp-content\/uploads\/2012\/11\/Museum-Europ\u00e4ischer-Keramikkunst-3363.jpg 747w\" sizes=\"(max-width: 300px) 100vw, 300px\" \/><\/a><\/p>\n<p><a href=\"http:\/\/museumek.eu\/wp-content\/uploads\/2012\/11\/Museum-Europ\u00e4ischer-Keramikkunst-3359.jpg\"><img loading=\"lazy\" src=\"http:\/\/museumek.eu\/wp-content\/uploads\/2012\/11\/Museum-Europ\u00e4ischer-Keramikkunst-3359-300x238.jpg\" alt=\"\" title=\"Museum Europ\u00e4ischer Keramikkunst 3359\" width=\"300\" height=\"238\" class=\"alignnone size-medium wp-image-16533\" srcset=\"https:\/\/museumek.eu\/wp-content\/uploads\/2012\/11\/Museum-Europ\u00e4ischer-Keramikkunst-3359-300x238.jpg 300w, https:\/\/museumek.eu\/wp-content\/uploads\/2012\/11\/Museum-Europ\u00e4ischer-Keramikkunst-3359-377x300.jpg 377w, https:\/\/museumek.eu\/wp-content\/uploads\/2012\/11\/Museum-Europ\u00e4ischer-Keramikkunst-3359.jpg 609w\" sizes=\"(max-width: 300px) 100vw, 300px\" \/><\/a><\/p>\n<p><a href=\"http:\/\/museumek.eu\/wp-content\/uploads\/2012\/11\/Museum-Europ\u00e4ischer-Keramikkunst-3360.jpg\"><img loading=\"lazy\" src=\"http:\/\/museumek.eu\/wp-content\/uploads\/2012\/11\/Museum-Europ\u00e4ischer-Keramikkunst-3360-300x138.jpg\" alt=\"\" title=\"Museum Europ\u00e4ischer Keramikkunst 3360\" width=\"300\" height=\"138\" class=\"alignnone size-medium wp-image-16534\" srcset=\"https:\/\/museumek.eu\/wp-content\/uploads\/2012\/11\/Museum-Europ\u00e4ischer-Keramikkunst-3360-300x138.jpg 300w, https:\/\/museumek.eu\/wp-content\/uploads\/2012\/11\/Museum-Europ\u00e4ischer-Keramikkunst-3360-500x230.jpg 500w, https:\/\/museumek.eu\/wp-content\/uploads\/2012\/11\/Museum-Europ\u00e4ischer-Keramikkunst-3360.jpg 531w\" sizes=\"(max-width: 300px) 100vw, 300px\" \/><\/a><\/p>\n<p><a href=\"http:\/\/museumek.eu\/wp-content\/uploads\/2012\/11\/Paul-J\u00fcrgel-Vase.jpg\"><img loading=\"lazy\" src=\"http:\/\/museumek.eu\/wp-content\/uploads\/2012\/11\/Paul-J\u00fcrgel-Vase-300x203.jpg\" alt=\"\" title=\"Paul J\u00fcrgel Vase\" width=\"300\" height=\"203\" class=\"alignnone size-medium wp-image-16535\" srcset=\"https:\/\/museumek.eu\/wp-content\/uploads\/2012\/11\/Paul-J\u00fcrgel-Vase-300x203.jpg 300w, https:\/\/museumek.eu\/wp-content\/uploads\/2012\/11\/Paul-J\u00fcrgel-Vase-442x300.jpg 442w, https:\/\/museumek.eu\/wp-content\/uploads\/2012\/11\/Paul-J\u00fcrgel-Vase.jpg 996w\" sizes=\"(max-width: 300px) 100vw, 300px\" \/><\/a><\/p>\n","protected":false},"excerpt":{"rendered":"<p>Abteilung Deutschland, Keramik 1860 \u2013 1960, Inventarnummer D\/LXIX\/1 Oberlausitzer Keramische Werkst\u00e4tten Paul J\u00fcrgel, Deutschland, Niederbielau (Schlesien), 1918 &#8211; 1926, Vase mit Schlickerdekor, K\u00fcnstler unbekannt, Werks.-Nr. ohne, Exemplar Nr. ohne, gemarkt Firmenmarke mit OKW (f\u00fcr Oberlausitzer Keramische Werkst\u00e4tten) ineinander ligiert dunkelgr\u00fcn &hellip; <a href=\"https:\/\/museumek.eu\/?page_id=16541\">Weiterlesen <span class=\"meta-nav\">&rarr;<\/span><\/a><\/p>\n","protected":false},"author":1,"featured_media":0,"parent":16538,"menu_order":1,"comment_status":"closed","ping_status":"open","template":"","meta":[],"_links":{"self":[{"href":"https:\/\/museumek.eu\/index.php?rest_route=\/wp\/v2\/pages\/16541"}],"collection":[{"href":"https:\/\/museumek.eu\/index.php?rest_route=\/wp\/v2\/pages"}],"about":[{"href":"https:\/\/museumek.eu\/index.php?rest_route=\/wp\/v2\/types\/page"}],"author":[{"embeddable":true,"href":"https:\/\/museumek.eu\/index.php?rest_route=\/wp\/v2\/users\/1"}],"replies":[{"embeddable":true,"href":"https:\/\/museumek.eu\/index.php?rest_route=%2Fwp%2Fv2%2Fcomments&post=16541"}],"version-history":[{"count":16,"href":"https:\/\/museumek.eu\/index.php?rest_route=\/wp\/v2\/pages\/16541\/revisions"}],"predecessor-version":[{"id":53317,"href":"https:\/\/museumek.eu\/index.php?rest_route=\/wp\/v2\/pages\/16541\/revisions\/53317"}],"up":[{"embeddable":true,"href":"https:\/\/museumek.eu\/index.php?rest_route=\/wp\/v2\/pages\/16538"}],"wp:attachment":[{"href":"https:\/\/museumek.eu\/index.php?rest_route=%2Fwp%2Fv2%2Fmedia&parent=16541"}],"curies":[{"name":"wp","href":"https:\/\/api.w.org\/{rel}","templated":true}]}}