{"id":16814,"date":"2012-11-18T17:36:06","date_gmt":"2012-11-18T16:36:06","guid":{"rendered":"http:\/\/museumek.eu\/?page_id=16814"},"modified":"2015-01-03T19:28:52","modified_gmt":"2015-01-03T18:28:52","slug":"dxlviii2","status":"publish","type":"page","link":"https:\/\/museumek.eu\/?page_id=16814","title":{"rendered":"D\/XLVIII\/2"},"content":{"rendered":"<p><strong>Abteilung Deutschland, Keramik 1860 \u2013 1960, Inventarnummer D\/XLVIII\/2<\/strong><\/p>\n<p>Albert Jacob Thewalt, Fabrik fein verzierter Steinzeugwaren, Deutschland, H\u00f6hr, 1909, Seidel, K\u00fcnstler Wilhelm Anton Kamp (attr.), Werks.-Nr. 518, Exemplar Nr. ohne, gemarkt Firmenmarke mit A T und \u00fcber dem T ein Punkt, dieser besagt folgendes: im alten Schreibduktus wurde I und J oft gleich gesetzt, um den Buchstaben I bzw. J kenntlich zu machen, wurde dar\u00fcber ein Punkt gesetzt, Beispiel: ein senkrechter Strich mit einem Punkt dar\u00fcber bedeutet Buchstabe I oder bei Gleichsetzung auch J, insofern versteckt sich in der Marke beim Buchstabe T auch das J, soweit ist der Sinn des Punktes ermittelt, so dass die Marke als AJT f\u00fcr Albert Jacob Thewalt zu lesen ist sowie E gepresst, 518 mit gegossen oder aufgelegt, nicht signiert, Literatur: J\u00fcrgen Schimanski, Braun geflammt und grau gesalzen, Seite 226, Beschreibung der Fabrik, Beschreibung, dass fast alle Entw\u00fcrfe von Wilhelm Anton Kamp stammen sowie Marke Nr. 43 identisch, die Signatur K oder WK verweist auf den Hauptentwerfer der Fabrik Wilhelm Anton Kamp, der zweite Sohn von Joahnn Peter Thewalt jr., Albert Jacob Thewalt (1857 \u2013 1939) gr\u00fcndete 1882 zusammen mit seinem Schwager Jean Paulus die keramische Fabrik Paulus und Thewalt, trennt sich dann von Jean Paulus und gr\u00fcndet 1894 seine eigene Fabrik, die als Albert Jacob Thewalt, Fabrik fein verzierter Steinzeugwaren firmiert, nach Albert Jacobs\u2019s Tod f\u00fchren sein Sohn Albert Johann Thewalt und danach sein Enkel Albert Jakob Thewalt die Fabrik fort, K\u00fcnstlerzuschreibung: Wilhelm Anton Kamp trat 1897 in die Fabrik ein und schuf rund 800 Entw\u00fcrfe, Datierung des Seidels und Datierung der Marke; die Frankfurter Festhalle wurde am 19.05.1909 fertiggestellt und er\u00f6ffnet, insofern kann der Seidel nicht vor dieser Zeit hergestellt worden sein, es ist sehr wahrscheinlich, dass dieser Seidel anl\u00e4\u00dflich der Er\u00f6ffnung der Festhalle entworfen worden ist, da es f\u00fcr Thewalt somit eine gute Absatzchance gab, durch die Seideldatierung steht fest, dass die Fabrikmarke des MEK Exemplares auch um diese Zeit verwendet worden ist, in o. g. Literatur wurde bei zwei Abbildungen mit 500\u2018 Werks.-Nr. jeweils<br \/>\ndas Jahr 1910 angesetzt, H\u00f6he 16 cm, Breite 10 cm (nur die Keramik)<\/p>\n<p><a href=\"http:\/\/museumek.eu\/wp-content\/uploads\/2012\/11\/Museum-Europ\u00e4ischer-Keramikkunst-3375.jpg\"><img loading=\"lazy\" src=\"http:\/\/museumek.eu\/wp-content\/uploads\/2012\/11\/Museum-Europ\u00e4ischer-Keramikkunst-3375-143x300.jpg\" alt=\"\" title=\"Museum Europ\u00e4ischer Keramikkunst 3375\" width=\"143\" height=\"300\" class=\"alignnone size-medium wp-image-16815\" \/><\/a><\/p>\n<p><a href=\"http:\/\/museumek.eu\/wp-content\/uploads\/2012\/11\/Museum-Europ\u00e4ischer-Keramikkunst-3376.jpg\"><img loading=\"lazy\" src=\"http:\/\/museumek.eu\/wp-content\/uploads\/2012\/11\/Museum-Europ\u00e4ischer-Keramikkunst-3376-183x300.jpg\" alt=\"\" title=\"Museum Europ\u00e4ischer Keramikkunst 3376\" width=\"183\" height=\"300\" class=\"alignnone size-medium wp-image-16816\" srcset=\"https:\/\/museumek.eu\/wp-content\/uploads\/2012\/11\/Museum-Europ\u00e4ischer-Keramikkunst-3376-183x300.jpg 183w, https:\/\/museumek.eu\/wp-content\/uploads\/2012\/11\/Museum-Europ\u00e4ischer-Keramikkunst-3376.jpg 573w\" sizes=\"(max-width: 183px) 100vw, 183px\" \/><\/a><\/p>\n<p><a href=\"http:\/\/museumek.eu\/wp-content\/uploads\/2012\/11\/Museum-Europ\u00e4ischer-Keramikkunst-3377.jpg\"><img loading=\"lazy\" src=\"http:\/\/museumek.eu\/wp-content\/uploads\/2012\/11\/Museum-Europ\u00e4ischer-Keramikkunst-3377-166x300.jpg\" alt=\"\" title=\"Museum Europ\u00e4ischer Keramikkunst 3377\" width=\"166\" height=\"300\" class=\"alignnone size-medium wp-image-16817\" srcset=\"https:\/\/museumek.eu\/wp-content\/uploads\/2012\/11\/Museum-Europ\u00e4ischer-Keramikkunst-3377-166x300.jpg 166w, https:\/\/museumek.eu\/wp-content\/uploads\/2012\/11\/Museum-Europ\u00e4ischer-Keramikkunst-3377.jpg 517w\" sizes=\"(max-width: 166px) 100vw, 166px\" \/><\/a><\/p>\n<p><a href=\"http:\/\/museumek.eu\/wp-content\/uploads\/2012\/11\/Museum-Europ\u00e4ischer-Keramikkunst-3378.jpg\"><img loading=\"lazy\" src=\"http:\/\/museumek.eu\/wp-content\/uploads\/2012\/11\/Museum-Europ\u00e4ischer-Keramikkunst-3378-300x279.jpg\" alt=\"\" title=\"Museum Europ\u00e4ischer Keramikkunst 3378\" width=\"300\" height=\"279\" class=\"alignnone size-medium wp-image-16819\" srcset=\"https:\/\/museumek.eu\/wp-content\/uploads\/2012\/11\/Museum-Europ\u00e4ischer-Keramikkunst-3378-300x279.jpg 300w, https:\/\/museumek.eu\/wp-content\/uploads\/2012\/11\/Museum-Europ\u00e4ischer-Keramikkunst-3378.jpg 316w\" sizes=\"(max-width: 300px) 100vw, 300px\" \/><\/a><\/p>\n<p><a href=\"http:\/\/museumek.eu\/?attachment_id=30308\" rel=\"attachment wp-att-30308\"><img loading=\"lazy\" src=\"http:\/\/museumek.eu\/wp-content\/uploads\/2012\/11\/530-300x150.jpg\" alt=\"\" title=\"530\" width=\"300\" height=\"150\" class=\"alignnone size-medium wp-image-30308\" srcset=\"https:\/\/museumek.eu\/wp-content\/uploads\/2012\/11\/530-300x150.jpg 300w, https:\/\/museumek.eu\/wp-content\/uploads\/2012\/11\/530-150x75.jpg 150w, https:\/\/museumek.eu\/wp-content\/uploads\/2012\/11\/530-500x251.jpg 500w, https:\/\/museumek.eu\/wp-content\/uploads\/2012\/11\/530.jpg 684w\" sizes=\"(max-width: 300px) 100vw, 300px\" \/><\/a><\/p>\n<p><a href=\"http:\/\/museumek.eu\/wp-content\/uploads\/2012\/11\/Museum-Europ\u00e4ischer-Keramikkunst-3379.jpg\"><img loading=\"lazy\" src=\"http:\/\/museumek.eu\/wp-content\/uploads\/2012\/11\/Museum-Europ\u00e4ischer-Keramikkunst-3379-300x171.jpg\" alt=\"\" title=\"Museum Europ\u00e4ischer Keramikkunst 3379\" width=\"300\" height=\"171\" class=\"alignnone size-medium wp-image-16818\" srcset=\"https:\/\/museumek.eu\/wp-content\/uploads\/2012\/11\/Museum-Europ\u00e4ischer-Keramikkunst-3379-300x171.jpg 300w, https:\/\/museumek.eu\/wp-content\/uploads\/2012\/11\/Museum-Europ\u00e4ischer-Keramikkunst-3379.jpg 499w\" sizes=\"(max-width: 300px) 100vw, 300px\" \/><\/a><\/p>\n","protected":false},"excerpt":{"rendered":"<p>Abteilung Deutschland, Keramik 1860 \u2013 1960, Inventarnummer D\/XLVIII\/2 Albert Jacob Thewalt, Fabrik fein verzierter Steinzeugwaren, Deutschland, H\u00f6hr, 1909, Seidel, K\u00fcnstler Wilhelm Anton Kamp (attr.), Werks.-Nr. 518, Exemplar Nr. ohne, gemarkt Firmenmarke mit A T und \u00fcber dem T ein Punkt, &hellip; <a href=\"https:\/\/museumek.eu\/?page_id=16814\">Weiterlesen <span class=\"meta-nav\">&rarr;<\/span><\/a><\/p>\n","protected":false},"author":1,"featured_media":0,"parent":11506,"menu_order":2,"comment_status":"closed","ping_status":"open","template":"","meta":[],"_links":{"self":[{"href":"https:\/\/museumek.eu\/index.php?rest_route=\/wp\/v2\/pages\/16814"}],"collection":[{"href":"https:\/\/museumek.eu\/index.php?rest_route=\/wp\/v2\/pages"}],"about":[{"href":"https:\/\/museumek.eu\/index.php?rest_route=\/wp\/v2\/types\/page"}],"author":[{"embeddable":true,"href":"https:\/\/museumek.eu\/index.php?rest_route=\/wp\/v2\/users\/1"}],"replies":[{"embeddable":true,"href":"https:\/\/museumek.eu\/index.php?rest_route=%2Fwp%2Fv2%2Fcomments&post=16814"}],"version-history":[{"count":19,"href":"https:\/\/museumek.eu\/index.php?rest_route=\/wp\/v2\/pages\/16814\/revisions"}],"predecessor-version":[{"id":35733,"href":"https:\/\/museumek.eu\/index.php?rest_route=\/wp\/v2\/pages\/16814\/revisions\/35733"}],"up":[{"embeddable":true,"href":"https:\/\/museumek.eu\/index.php?rest_route=\/wp\/v2\/pages\/11506"}],"wp:attachment":[{"href":"https:\/\/museumek.eu\/index.php?rest_route=%2Fwp%2Fv2%2Fmedia&parent=16814"}],"curies":[{"name":"wp","href":"https:\/\/api.w.org\/{rel}","templated":true}]}}