{"id":16985,"date":"2012-11-23T16:21:20","date_gmt":"2012-11-23T15:21:20","guid":{"rendered":"http:\/\/museumek.eu\/?page_id=16985"},"modified":"2012-11-23T21:39:35","modified_gmt":"2012-11-23T20:39:35","slug":"fxl3","status":"publish","type":"page","link":"https:\/\/museumek.eu\/?page_id=16985","title":{"rendered":"F\/XLIII\/3"},"content":{"rendered":"<p><strong>Abteilung Frankreich, Keramik 1860 \u2013 1960, Inventarnummer F\/XLIII\/3<\/strong><\/p>\n<p>Manufaktur Edouard Cazaux, Frankreich, Paris, Vase, um 1930, K\u00fcnstler Edouard Cazaux, Werks.-Nr. ohne, Exemplar Nr. Unikat, gemarkt gro\u00dfes X geritzt, nicht mehr lesbare gemalte Buchstaben, signiert = gemarkt, Literatur: Robert E. Dechant\/Filipp Goldscheider, Goldscheider Firmengeschichte und Werksverzeichnis, Seite 242, dort beschrieben, dass Cazaux alle Arbeiten, vom Entwurf bis zur Ausf\u00fchrung, selbst durchf\u00fchrt hat sowie, dass er ein Verfahren erfunden hat rote Farbt\u00f6nungen in Kupfer zu fixieren, Ausf\u00fchrung rote Sang de Boeuf Glasur und kupferne L\u00fcsterglasur, Cazaux hat verschieden gemarkt, das MEK Inventar zu Cazaux wurde in drei verschiedenen Varianten gemarkt, ausgeschriebener gemalter Nachname Cazaux (wie MEK F\/XLIII\/1), C &#8211; X geritzt (wie MEK F\/XLIII\/2) sowie X geritzt, H\u00f6he 15,5 cm, Breite 11,5 cm<\/p>\n<p><a href=\"http:\/\/museumek.eu\/wp-content\/uploads\/2012\/10\/Museum-Europ\u00e4ischer-Keramikkunst-3260.jpg\"><img loading=\"lazy\" src=\"http:\/\/museumek.eu\/wp-content\/uploads\/2012\/10\/Museum-Europ\u00e4ischer-Keramikkunst-3260-238x300.jpg\" alt=\"\" title=\"Museum Europ\u00e4ischer Keramikkunst 3260\" width=\"238\" height=\"300\" class=\"alignnone size-medium wp-image-15777\" srcset=\"https:\/\/museumek.eu\/wp-content\/uploads\/2012\/10\/Museum-Europ\u00e4ischer-Keramikkunst-3260-238x300.jpg 238w, https:\/\/museumek.eu\/wp-content\/uploads\/2012\/10\/Museum-Europ\u00e4ischer-Keramikkunst-3260.jpg 566w\" sizes=\"(max-width: 238px) 100vw, 238px\" \/><\/a><\/p>\n<p><a href=\"http:\/\/museumek.eu\/wp-content\/uploads\/2012\/10\/Museum-Europ\u00e4ischer-Keramikkunst-3261.jpg\"><img loading=\"lazy\" src=\"http:\/\/museumek.eu\/wp-content\/uploads\/2012\/10\/Museum-Europ\u00e4ischer-Keramikkunst-3261-227x300.jpg\" alt=\"\" title=\"Museum Europ\u00e4ischer Keramikkunst 3261\" width=\"227\" height=\"300\" class=\"alignnone size-medium wp-image-15778\" srcset=\"https:\/\/museumek.eu\/wp-content\/uploads\/2012\/10\/Museum-Europ\u00e4ischer-Keramikkunst-3261-227x300.jpg 227w, https:\/\/museumek.eu\/wp-content\/uploads\/2012\/10\/Museum-Europ\u00e4ischer-Keramikkunst-3261.jpg 573w\" sizes=\"(max-width: 227px) 100vw, 227px\" \/><\/a><\/p>\n<p><a href=\"http:\/\/museumek.eu\/wp-content\/uploads\/2012\/10\/Museum-Europ\u00e4ischer-Keramikkunst-3269.jpg\"><img loading=\"lazy\" src=\"http:\/\/museumek.eu\/wp-content\/uploads\/2012\/10\/Museum-Europ\u00e4ischer-Keramikkunst-3269-286x300.jpg\" alt=\"\" title=\"Museum Europ\u00e4ischer Keramikkunst 3269\" width=\"286\" height=\"300\" class=\"alignnone size-medium wp-image-15779\" srcset=\"https:\/\/museumek.eu\/wp-content\/uploads\/2012\/10\/Museum-Europ\u00e4ischer-Keramikkunst-3269-286x300.jpg 286w, https:\/\/museumek.eu\/wp-content\/uploads\/2012\/10\/Museum-Europ\u00e4ischer-Keramikkunst-3269.jpg 522w\" sizes=\"(max-width: 286px) 100vw, 286px\" \/><\/a><\/p>\n<p><a href=\"http:\/\/museumek.eu\/wp-content\/uploads\/2012\/10\/Museum-Europ\u00e4ischer-Keramikkunst-3263.jpg\"><img loading=\"lazy\" src=\"http:\/\/museumek.eu\/wp-content\/uploads\/2012\/10\/Museum-Europ\u00e4ischer-Keramikkunst-3263-269x300.jpg\" alt=\"\" title=\"Museum Europ\u00e4ischer Keramikkunst 3263\" width=\"269\" height=\"300\" class=\"alignnone size-medium wp-image-15780\" srcset=\"https:\/\/museumek.eu\/wp-content\/uploads\/2012\/10\/Museum-Europ\u00e4ischer-Keramikkunst-3263-269x300.jpg 269w, https:\/\/museumek.eu\/wp-content\/uploads\/2012\/10\/Museum-Europ\u00e4ischer-Keramikkunst-3263.jpg 362w\" sizes=\"(max-width: 269px) 100vw, 269px\" \/><\/a><\/p>\n<p><a href=\"http:\/\/museumek.eu\/wp-content\/uploads\/2012\/10\/Museum-Europ\u00e4ischer-Keramikkunst-3264.jpg\"><img loading=\"lazy\" src=\"http:\/\/museumek.eu\/wp-content\/uploads\/2012\/10\/Museum-Europ\u00e4ischer-Keramikkunst-3264-300x257.jpg\" alt=\"\" title=\"Museum Europ\u00e4ischer Keramikkunst 3264\" width=\"300\" height=\"257\" class=\"alignnone size-medium wp-image-15782\" srcset=\"https:\/\/museumek.eu\/wp-content\/uploads\/2012\/10\/Museum-Europ\u00e4ischer-Keramikkunst-3264-300x257.jpg 300w, https:\/\/museumek.eu\/wp-content\/uploads\/2012\/10\/Museum-Europ\u00e4ischer-Keramikkunst-3264.jpg 348w\" sizes=\"(max-width: 300px) 100vw, 300px\" \/><\/a><\/p>\n<p><a href=\"http:\/\/museumek.eu\/wp-content\/uploads\/2012\/10\/Museum-Europ\u00e4ischer-Keramikkunst-3266.jpg\"><img loading=\"lazy\" src=\"http:\/\/museumek.eu\/wp-content\/uploads\/2012\/10\/Museum-Europ\u00e4ischer-Keramikkunst-3266-204x300.jpg\" alt=\"\" title=\"Museum Europ\u00e4ischer Keramikkunst 3266\" width=\"204\" height=\"300\" class=\"alignnone size-medium wp-image-15783\" srcset=\"https:\/\/museumek.eu\/wp-content\/uploads\/2012\/10\/Museum-Europ\u00e4ischer-Keramikkunst-3266-204x300.jpg 204w, https:\/\/museumek.eu\/wp-content\/uploads\/2012\/10\/Museum-Europ\u00e4ischer-Keramikkunst-3266.jpg 327w\" sizes=\"(max-width: 204px) 100vw, 204px\" \/><\/a><\/p>\n<p><a href=\"http:\/\/museumek.eu\/wp-content\/uploads\/2012\/10\/Museum-Europ\u00e4ischer-Keramikkunst-3267.jpg\"><img loading=\"lazy\" src=\"http:\/\/museumek.eu\/wp-content\/uploads\/2012\/10\/Museum-Europ\u00e4ischer-Keramikkunst-3267-300x222.jpg\" alt=\"\" title=\"Museum Europ\u00e4ischer Keramikkunst 3267\" width=\"300\" height=\"222\" class=\"alignnone size-medium wp-image-15784\" srcset=\"https:\/\/museumek.eu\/wp-content\/uploads\/2012\/10\/Museum-Europ\u00e4ischer-Keramikkunst-3267-300x222.jpg 300w, https:\/\/museumek.eu\/wp-content\/uploads\/2012\/10\/Museum-Europ\u00e4ischer-Keramikkunst-3267.jpg 349w\" sizes=\"(max-width: 300px) 100vw, 300px\" \/><\/a><\/p>\n<p><a href=\"http:\/\/museumek.eu\/wp-content\/uploads\/2012\/10\/Museum-Europ\u00e4ischer-Keramikkunst-3268.jpg\"><img loading=\"lazy\" src=\"http:\/\/museumek.eu\/wp-content\/uploads\/2012\/10\/Museum-Europ\u00e4ischer-Keramikkunst-3268-300x292.jpg\" alt=\"\" title=\"Museum Europ\u00e4ischer Keramikkunst 3268\" width=\"300\" height=\"292\" class=\"alignnone size-medium wp-image-15785\" srcset=\"https:\/\/museumek.eu\/wp-content\/uploads\/2012\/10\/Museum-Europ\u00e4ischer-Keramikkunst-3268-300x292.jpg 300w, https:\/\/museumek.eu\/wp-content\/uploads\/2012\/10\/Museum-Europ\u00e4ischer-Keramikkunst-3268-307x300.jpg 307w, https:\/\/museumek.eu\/wp-content\/uploads\/2012\/10\/Museum-Europ\u00e4ischer-Keramikkunst-3268.jpg 552w\" sizes=\"(max-width: 300px) 100vw, 300px\" \/><\/a><\/p>\n","protected":false},"excerpt":{"rendered":"<p>Abteilung Frankreich, Keramik 1860 \u2013 1960, Inventarnummer F\/XLIII\/3 Manufaktur Edouard Cazaux, Frankreich, Paris, Vase, um 1930, K\u00fcnstler Edouard Cazaux, Werks.-Nr. ohne, Exemplar Nr. Unikat, gemarkt gro\u00dfes X geritzt, nicht mehr lesbare gemalte Buchstaben, signiert = gemarkt, Literatur: Robert E. Dechant\/Filipp &hellip; <a href=\"https:\/\/museumek.eu\/?page_id=16985\">Weiterlesen <span class=\"meta-nav\">&rarr;<\/span><\/a><\/p>\n","protected":false},"author":1,"featured_media":0,"parent":16982,"menu_order":3,"comment_status":"closed","ping_status":"open","template":"","meta":[],"_links":{"self":[{"href":"https:\/\/museumek.eu\/index.php?rest_route=\/wp\/v2\/pages\/16985"}],"collection":[{"href":"https:\/\/museumek.eu\/index.php?rest_route=\/wp\/v2\/pages"}],"about":[{"href":"https:\/\/museumek.eu\/index.php?rest_route=\/wp\/v2\/types\/page"}],"author":[{"embeddable":true,"href":"https:\/\/museumek.eu\/index.php?rest_route=\/wp\/v2\/users\/1"}],"replies":[{"embeddable":true,"href":"https:\/\/museumek.eu\/index.php?rest_route=%2Fwp%2Fv2%2Fcomments&post=16985"}],"version-history":[{"count":7,"href":"https:\/\/museumek.eu\/index.php?rest_route=\/wp\/v2\/pages\/16985\/revisions"}],"predecessor-version":[{"id":17017,"href":"https:\/\/museumek.eu\/index.php?rest_route=\/wp\/v2\/pages\/16985\/revisions\/17017"}],"up":[{"embeddable":true,"href":"https:\/\/museumek.eu\/index.php?rest_route=\/wp\/v2\/pages\/16982"}],"wp:attachment":[{"href":"https:\/\/museumek.eu\/index.php?rest_route=%2Fwp%2Fv2%2Fmedia&parent=16985"}],"curies":[{"name":"wp","href":"https:\/\/api.w.org\/{rel}","templated":true}]}}