{"id":17469,"date":"2013-01-19T22:28:29","date_gmt":"2013-01-19T21:28:29","guid":{"rendered":"http:\/\/museumek.eu\/?page_id=17469"},"modified":"2013-05-10T20:01:26","modified_gmt":"2013-05-10T18:01:26","slug":"kurzbiografie-und-inventar-zum-kunstler","status":"publish","type":"page","link":"https:\/\/museumek.eu\/?page_id=17469","title":{"rendered":"Kurzbiografie und Inventar zum K\u00fcnstler"},"content":{"rendered":"<p><strong>Abteilung Austria\/Ungarn\/B\u00f6hmen, Keramik 1860 \u2013 1960, Inventarnummer A\/X\/1<\/strong><\/p>\n<p>Gmundner Keramik GES.M.B.H., Austria, Gmunden, um 1930, Wandspiegel, K\u00fcnstler Franz Schlei\u00df, Werks.-Nr. 2140, Exemplar Nr. ohne, gemarkt keine Firmenmarke, 2140 sowie J gepresst, nicht signiert, roter Keramikscherben, gr\u00fcn glasiert, Gold geh\u00f6ht, siehe auch Auktionshaus von Zezschwitz, M\u00fcnchen, Auktion vom 14.11.2003,<br \/>\nH\u00f6he 36 cm, Breite 30 cm<\/p>\n<p><a href=\"http:\/\/museumek.eu\/wp-content\/uploads\/2011\/08\/Museum-Europ\u00e4ischer-Keramikkunst-Qualit\u00e4tsfotos-1631.jpg\"><img loading=\"lazy\" src=\"http:\/\/museumek.eu\/wp-content\/uploads\/2011\/08\/Museum-Europ\u00e4ischer-Keramikkunst-Qualit\u00e4tsfotos-1631-252x300.jpg\" alt=\"\" title=\"Museum Europ\u00e4ischer Keramikkunst Qualit\u00e4tsfotos 163\" width=\"252\" height=\"300\" class=\"alignnone size-medium wp-image-959\" srcset=\"https:\/\/museumek.eu\/wp-content\/uploads\/2011\/08\/Museum-Europ\u00e4ischer-Keramikkunst-Qualit\u00e4tsfotos-1631-252x300.jpg 252w, https:\/\/museumek.eu\/wp-content\/uploads\/2011\/08\/Museum-Europ\u00e4ischer-Keramikkunst-Qualit\u00e4tsfotos-1631.jpg 584w\" sizes=\"(max-width: 252px) 100vw, 252px\" \/><\/a><\/p>\n<p><a href=\"http:\/\/museumek.eu\/wp-content\/uploads\/2011\/08\/Museum-Europ\u00e4ischer-Keramikkunst-2551.jpg\"><img loading=\"lazy\" src=\"http:\/\/museumek.eu\/wp-content\/uploads\/2011\/08\/Museum-Europ\u00e4ischer-Keramikkunst-2551-251x300.jpg\" alt=\"\" title=\"Museum Europ\u00e4ischer Keramikkunst 255\" width=\"251\" height=\"300\" class=\"alignnone size-medium wp-image-892\" srcset=\"https:\/\/museumek.eu\/wp-content\/uploads\/2011\/08\/Museum-Europ\u00e4ischer-Keramikkunst-2551-251x300.jpg 251w, https:\/\/museumek.eu\/wp-content\/uploads\/2011\/08\/Museum-Europ\u00e4ischer-Keramikkunst-2551.jpg 761w\" sizes=\"(max-width: 251px) 100vw, 251px\" \/><\/a><\/p>\n<p><a href=\"http:\/\/museumek.eu\/wp-content\/uploads\/2011\/08\/Museum-Europ\u00e4ischer-Keramikkunst-257.jpg\"><img loading=\"lazy\" src=\"http:\/\/museumek.eu\/wp-content\/uploads\/2011\/08\/Museum-Europ\u00e4ischer-Keramikkunst-257-300x224.jpg\" alt=\"\" title=\"Museum Europ\u00e4ischer Keramikkunst 257\" width=\"300\" height=\"224\" class=\"alignnone size-medium wp-image-893\" srcset=\"https:\/\/museumek.eu\/wp-content\/uploads\/2011\/08\/Museum-Europ\u00e4ischer-Keramikkunst-257-300x224.jpg 300w, https:\/\/museumek.eu\/wp-content\/uploads\/2011\/08\/Museum-Europ\u00e4ischer-Keramikkunst-257-400x300.jpg 400w, https:\/\/museumek.eu\/wp-content\/uploads\/2011\/08\/Museum-Europ\u00e4ischer-Keramikkunst-257.jpg 749w\" sizes=\"(max-width: 300px) 100vw, 300px\" \/><\/a><\/p>\n<p><a href=\"http:\/\/museumek.eu\/wp-content\/uploads\/2011\/08\/Museum-Europ\u00e4ischer-Keramikkunst-258.jpg\"><img loading=\"lazy\" src=\"http:\/\/museumek.eu\/wp-content\/uploads\/2011\/08\/Museum-Europ\u00e4ischer-Keramikkunst-258-246x300.jpg\" alt=\"\" title=\"Museum Europ\u00e4ischer Keramikkunst 258\" width=\"246\" height=\"300\" class=\"alignnone size-medium wp-image-894\" srcset=\"https:\/\/museumek.eu\/wp-content\/uploads\/2011\/08\/Museum-Europ\u00e4ischer-Keramikkunst-258-246x300.jpg 246w, https:\/\/museumek.eu\/wp-content\/uploads\/2011\/08\/Museum-Europ\u00e4ischer-Keramikkunst-258.jpg 766w\" sizes=\"(max-width: 246px) 100vw, 246px\" \/><\/a><\/p>\n<p><a href=\"http:\/\/museumek.eu\/wp-content\/uploads\/2011\/08\/Museum-Europ\u00e4ischer-Keramikkunst-401.jpg\"><img loading=\"lazy\" src=\"http:\/\/museumek.eu\/wp-content\/uploads\/2011\/08\/Museum-Europ\u00e4ischer-Keramikkunst-401-190x300.jpg\" alt=\"\" title=\"Museum Europ\u00e4ischer Keramikkunst 401\" width=\"190\" height=\"300\" class=\"alignnone size-medium wp-image-895\" \/><\/a><\/p>\n","protected":false},"excerpt":{"rendered":"<p>Abteilung Austria\/Ungarn\/B\u00f6hmen, Keramik 1860 \u2013 1960, Inventarnummer A\/X\/1 Gmundner Keramik GES.M.B.H., Austria, Gmunden, um 1930, Wandspiegel, K\u00fcnstler Franz Schlei\u00df, Werks.-Nr. 2140, Exemplar Nr. ohne, gemarkt keine Firmenmarke, 2140 sowie J gepresst, nicht signiert, roter Keramikscherben, gr\u00fcn glasiert, Gold geh\u00f6ht, siehe &hellip; <a href=\"https:\/\/museumek.eu\/?page_id=17469\">Weiterlesen <span class=\"meta-nav\">&rarr;<\/span><\/a><\/p>\n","protected":false},"author":1,"featured_media":0,"parent":1638,"menu_order":1,"comment_status":"closed","ping_status":"open","template":"","meta":[],"_links":{"self":[{"href":"https:\/\/museumek.eu\/index.php?rest_route=\/wp\/v2\/pages\/17469"}],"collection":[{"href":"https:\/\/museumek.eu\/index.php?rest_route=\/wp\/v2\/pages"}],"about":[{"href":"https:\/\/museumek.eu\/index.php?rest_route=\/wp\/v2\/types\/page"}],"author":[{"embeddable":true,"href":"https:\/\/museumek.eu\/index.php?rest_route=\/wp\/v2\/users\/1"}],"replies":[{"embeddable":true,"href":"https:\/\/museumek.eu\/index.php?rest_route=%2Fwp%2Fv2%2Fcomments&post=17469"}],"version-history":[{"count":6,"href":"https:\/\/museumek.eu\/index.php?rest_route=\/wp\/v2\/pages\/17469\/revisions"}],"predecessor-version":[{"id":21650,"href":"https:\/\/museumek.eu\/index.php?rest_route=\/wp\/v2\/pages\/17469\/revisions\/21650"}],"up":[{"embeddable":true,"href":"https:\/\/museumek.eu\/index.php?rest_route=\/wp\/v2\/pages\/1638"}],"wp:attachment":[{"href":"https:\/\/museumek.eu\/index.php?rest_route=%2Fwp%2Fv2%2Fmedia&parent=17469"}],"curies":[{"name":"wp","href":"https:\/\/api.w.org\/{rel}","templated":true}]}}