{"id":2005,"date":"2011-08-20T14:51:39","date_gmt":"2011-08-20T12:51:39","guid":{"rendered":"http:\/\/museumek.eu\/?page_id=2005"},"modified":"2021-04-04T12:28:01","modified_gmt":"2021-04-04T10:28:01","slug":"dix1","status":"publish","type":"page","link":"https:\/\/museumek.eu\/?page_id=2005","title":{"rendered":"D\/IX\/1"},"content":{"rendered":"<p><strong>Abteilung Deutschland, Keramik 1860 \u2013 1960, Inventarnummer D\/IX\/1<\/strong><\/p>\n<p>Porzellanfabrik Johann Seltmann und Nachf. Porzellanfabrik Johann Seltmann GmbH, Deutschland, Vohenstrau\u00df, 1949 &#8211; 1955, Teller, K\u00fcnstler unbekannt, Werks.-Nr. ohne, Exemplar Nr. ohne, gemarkt Firmenmarke mit Krone, darunter BAVARIA, darunter Johann Seltmann, darunter Vohenstrau\u00df sowie 2 gr\u00fcne Stempel unter Glasur, nicht signiert, Literatur: Robert E. R\u00f6ntgen, Deutsche Porzellanmarken von 1710 bis heute, Seite 349, dort sehr kurze und unvollst\u00e4ndige Beschreibung der Fabrik sowie Seite 350, Marke 2766 identisch (dort f\u00fcr die Zeit nach 1945), weitere Literatur: Ludwig Danckert, Handbuch des Europ\u00e4ischen Porzellans, 7. Auflage, Seite 734, dort Beschreibung der Fabrik sowie identische Marke abgebildet, die Fabrik wurde 1901 von Johann Seltmann gegr\u00fcndet, Seltmanns Bruder Christian Seltmann wird Direktor der Fabrik, 1910 schied Christian aus und gr\u00fcndete in Weiden eine eigene Porzellanfabrik, 1921 starb Johann Seltmann und seine S\u00f6hne Robert und Christian f\u00fchrten die Fabrik weiter, 1941 wird die Fabrik GmbH, die Fabrik blieb bis 1993 in Familienbesitz, Durchmesser 11,7 cm<\/p>\n<p><a href=\"http:\/\/museumek.eu\/?attachment_id=26470\" rel=\"attachment wp-att-26470\"><img loading=\"lazy\" src=\"http:\/\/museumek.eu\/wp-content\/uploads\/2011\/08\/33-300x294.jpg\" alt=\"\" title=\"33\" width=\"300\" height=\"294\" class=\"alignnone size-medium wp-image-26470\" srcset=\"https:\/\/museumek.eu\/wp-content\/uploads\/2011\/08\/33-300x294.jpg 300w, https:\/\/museumek.eu\/wp-content\/uploads\/2011\/08\/33-150x147.jpg 150w, https:\/\/museumek.eu\/wp-content\/uploads\/2011\/08\/33-305x300.jpg 305w, https:\/\/museumek.eu\/wp-content\/uploads\/2011\/08\/33.jpg 534w\" sizes=\"(max-width: 300px) 100vw, 300px\" \/><\/a><\/p>\n<p><a href=\"http:\/\/museumek.eu\/?attachment_id=26471\" rel=\"attachment wp-att-26471\"><img loading=\"lazy\" src=\"http:\/\/museumek.eu\/wp-content\/uploads\/2011\/08\/34.jpg\" alt=\"\" title=\"34\" width=\"248\" height=\"226\" class=\"alignnone size-full wp-image-26471\" srcset=\"https:\/\/museumek.eu\/wp-content\/uploads\/2011\/08\/34.jpg 248w, https:\/\/museumek.eu\/wp-content\/uploads\/2011\/08\/34-150x136.jpg 150w\" sizes=\"(max-width: 248px) 100vw, 248px\" \/><\/a><\/p>\n","protected":false},"excerpt":{"rendered":"<p>Abteilung Deutschland, Keramik 1860 \u2013 1960, Inventarnummer D\/IX\/1 Porzellanfabrik Johann Seltmann und Nachf. Porzellanfabrik Johann Seltmann GmbH, Deutschland, Vohenstrau\u00df, 1949 &#8211; 1955, Teller, K\u00fcnstler unbekannt, Werks.-Nr. ohne, Exemplar Nr. ohne, gemarkt Firmenmarke mit Krone, darunter BAVARIA, darunter Johann Seltmann, darunter &hellip; <a href=\"https:\/\/museumek.eu\/?page_id=2005\">Weiterlesen <span class=\"meta-nav\">&rarr;<\/span><\/a><\/p>\n","protected":false},"author":1,"featured_media":0,"parent":2002,"menu_order":1,"comment_status":"closed","ping_status":"closed","template":"","meta":[],"_links":{"self":[{"href":"https:\/\/museumek.eu\/index.php?rest_route=\/wp\/v2\/pages\/2005"}],"collection":[{"href":"https:\/\/museumek.eu\/index.php?rest_route=\/wp\/v2\/pages"}],"about":[{"href":"https:\/\/museumek.eu\/index.php?rest_route=\/wp\/v2\/types\/page"}],"author":[{"embeddable":true,"href":"https:\/\/museumek.eu\/index.php?rest_route=\/wp\/v2\/users\/1"}],"replies":[{"embeddable":true,"href":"https:\/\/museumek.eu\/index.php?rest_route=%2Fwp%2Fv2%2Fcomments&post=2005"}],"version-history":[{"count":12,"href":"https:\/\/museumek.eu\/index.php?rest_route=\/wp\/v2\/pages\/2005\/revisions"}],"predecessor-version":[{"id":55363,"href":"https:\/\/museumek.eu\/index.php?rest_route=\/wp\/v2\/pages\/2005\/revisions\/55363"}],"up":[{"embeddable":true,"href":"https:\/\/museumek.eu\/index.php?rest_route=\/wp\/v2\/pages\/2002"}],"wp:attachment":[{"href":"https:\/\/museumek.eu\/index.php?rest_route=%2Fwp%2Fv2%2Fmedia&parent=2005"}],"curies":[{"name":"wp","href":"https:\/\/api.w.org\/{rel}","templated":true}]}}