{"id":20051,"date":"2013-04-20T13:33:33","date_gmt":"2013-04-20T11:33:33","guid":{"rendered":"http:\/\/museumek.eu\/?page_id=20051"},"modified":"2013-05-09T15:59:36","modified_gmt":"2013-05-09T13:59:36","slug":"dlxxiii1","status":"publish","type":"page","link":"https:\/\/museumek.eu\/?page_id=20051","title":{"rendered":"D\/LXXIV\/1"},"content":{"rendered":"<p><strong>Abteilung Deutschland, Keramik 1860 \u2013 1960, Inventarnummer D\/LXXIV\/1<\/strong><\/p>\n<p>Porzellanfabrik William Goebel, Deutschland, Oeslau, um 1917, Vase, K\u00fcnstler unbekannt, Werks.-Nr. 115, Exemplar Nr. 12 (?), gemarkt Firmenmarke mit Krone (ab 1905), W (f\u00fcr William oder Wilhelmsfeld), G (f\u00fcr Goebel), Depos\u00e9 (wohl f\u00fcr den Export in den frankophonen Raum), 115 sowie 12 gepresst, noch mal Firmenmarke mit Krone, W sowie G schwarzer Stempel, nicht signiert, Literatur: Gustav Wei\u00df, Ullstein Porzellanbuch, Seite 289, Beschreibung der Fabrik sowie Seite 290, Marke Nr. 1 identisch, weitere Literatur: Otto Pelka, Keramik der Neuzeit, Markentafel VII, im Markenkasten 108 identische Marke, Seite 211, Herstellerverzeichnis Nr. 108, dort Oeslau und Wm Goebel sowie Seite 218, Namensverzeichnis Nr. 108, dort Wilhelm (steht f\u00fcr William) Goebel, weitere Literatur: Emanuel Poche, Porzellan-Marken aus aller Welt, Marke Nr. 1706 identisch, weitere Literatur: J. G. Th. Graesse und E. Jaennicke, F\u00fchrer f\u00fcr Sammler von Porzellan und Fayence, Steinzeug, Steingut usw., Seite 497, Marke Nr. 1 (f\u00fcr 1917) identisch, die Fabrik wurde 1871 von Franz (Vater) und William (Sohn) Goebel gegr\u00fcndet und firmierte unter F. &#038; W. Goebel, ab 1893 f\u00fchrte William die Fabrik allein unter dem Namen Porzellanfabrik William Goebel weiter, abschlie\u00dfend bleibt offen, warum und \u00fcber welchen Zeitraum, die Fabrik auch Wilhelmsfeld genannt wurde, verschiedene dunkelfarbige Laufglasuren mit eingeschmolzenen Goldkristallen, H\u00f6he 19,5 cm, Breite 12,5 cm<\/p>\n<p><a href=\"http:\/\/museumek.eu\/wp-content\/uploads\/2013\/04\/Museum-Europ\u00e4ischer-Keramikkunst-3953.jpg\"><img loading=\"lazy\" src=\"http:\/\/museumek.eu\/wp-content\/uploads\/2013\/04\/Museum-Europ\u00e4ischer-Keramikkunst-3953-168x300.jpg\" alt=\"\" title=\"Museum Europ\u00e4ischer Keramikkunst 3953\" width=\"168\" height=\"300\" class=\"alignnone size-medium wp-image-20052\" srcset=\"https:\/\/museumek.eu\/wp-content\/uploads\/2013\/04\/Museum-Europ\u00e4ischer-Keramikkunst-3953-168x300.jpg 168w, https:\/\/museumek.eu\/wp-content\/uploads\/2013\/04\/Museum-Europ\u00e4ischer-Keramikkunst-3953.jpg 448w\" sizes=\"(max-width: 168px) 100vw, 168px\" \/><\/a><\/p>\n<p><a href=\"http:\/\/museumek.eu\/wp-content\/uploads\/2013\/04\/Museum-Europ\u00e4ischer-Keramikkunst-3954.jpg\"><img loading=\"lazy\" src=\"http:\/\/museumek.eu\/wp-content\/uploads\/2013\/04\/Museum-Europ\u00e4ischer-Keramikkunst-3954-165x300.jpg\" alt=\"\" title=\"Museum Europ\u00e4ischer Keramikkunst 3954\" width=\"165\" height=\"300\" class=\"alignnone size-medium wp-image-20053\" srcset=\"https:\/\/museumek.eu\/wp-content\/uploads\/2013\/04\/Museum-Europ\u00e4ischer-Keramikkunst-3954-165x300.jpg 165w, https:\/\/museumek.eu\/wp-content\/uploads\/2013\/04\/Museum-Europ\u00e4ischer-Keramikkunst-3954.jpg 448w\" sizes=\"(max-width: 165px) 100vw, 165px\" \/><\/a><\/p>\n<p><a href=\"http:\/\/museumek.eu\/wp-content\/uploads\/2013\/04\/Museum-Europ\u00e4ischer-Keramikkunst-3957.jpg\"><img loading=\"lazy\" src=\"http:\/\/museumek.eu\/wp-content\/uploads\/2013\/04\/Museum-Europ\u00e4ischer-Keramikkunst-3957-184x300.jpg\" alt=\"\" title=\"Museum Europ\u00e4ischer Keramikkunst 3957\" width=\"184\" height=\"300\" class=\"alignnone size-medium wp-image-20054\" srcset=\"https:\/\/museumek.eu\/wp-content\/uploads\/2013\/04\/Museum-Europ\u00e4ischer-Keramikkunst-3957-184x300.jpg 184w, https:\/\/museumek.eu\/wp-content\/uploads\/2013\/04\/Museum-Europ\u00e4ischer-Keramikkunst-3957.jpg 491w\" sizes=\"(max-width: 184px) 100vw, 184px\" \/><\/a><\/p>\n<p><a href=\"http:\/\/museumek.eu\/wp-content\/uploads\/2013\/04\/Museum-Europ\u00e4ischer-Keramikkunst-3959.jpg\"><img loading=\"lazy\" src=\"http:\/\/museumek.eu\/wp-content\/uploads\/2013\/04\/Museum-Europ\u00e4ischer-Keramikkunst-3959-189x300.jpg\" alt=\"\" title=\"Museum Europ\u00e4ischer Keramikkunst 3959\" width=\"189\" height=\"300\" class=\"alignnone size-medium wp-image-20055\" srcset=\"https:\/\/museumek.eu\/wp-content\/uploads\/2013\/04\/Museum-Europ\u00e4ischer-Keramikkunst-3959-189x300.jpg 189w, https:\/\/museumek.eu\/wp-content\/uploads\/2013\/04\/Museum-Europ\u00e4ischer-Keramikkunst-3959.jpg 503w\" sizes=\"(max-width: 189px) 100vw, 189px\" \/><\/a><\/p>\n<p><a href=\"http:\/\/museumek.eu\/wp-content\/uploads\/2013\/04\/Museum-Europ\u00e4ischer-Keramikkunst-3960.jpg\"><img loading=\"lazy\" src=\"http:\/\/museumek.eu\/wp-content\/uploads\/2013\/04\/Museum-Europ\u00e4ischer-Keramikkunst-3960.jpg\" alt=\"\" title=\"Museum Europ\u00e4ischer Keramikkunst 3960\" width=\"128\" height=\"192\" class=\"alignnone size-full wp-image-20056\" \/><\/a><\/p>\n","protected":false},"excerpt":{"rendered":"<p>Abteilung Deutschland, Keramik 1860 \u2013 1960, Inventarnummer D\/LXXIV\/1 Porzellanfabrik William Goebel, Deutschland, Oeslau, um 1917, Vase, K\u00fcnstler unbekannt, Werks.-Nr. 115, Exemplar Nr. 12 (?), gemarkt Firmenmarke mit Krone (ab 1905), W (f\u00fcr William oder Wilhelmsfeld), G (f\u00fcr Goebel), Depos\u00e9 (wohl &hellip; <a href=\"https:\/\/museumek.eu\/?page_id=20051\">Weiterlesen <span class=\"meta-nav\">&rarr;<\/span><\/a><\/p>\n","protected":false},"author":1,"featured_media":0,"parent":20048,"menu_order":1,"comment_status":"closed","ping_status":"open","template":"","meta":[],"_links":{"self":[{"href":"https:\/\/museumek.eu\/index.php?rest_route=\/wp\/v2\/pages\/20051"}],"collection":[{"href":"https:\/\/museumek.eu\/index.php?rest_route=\/wp\/v2\/pages"}],"about":[{"href":"https:\/\/museumek.eu\/index.php?rest_route=\/wp\/v2\/types\/page"}],"author":[{"embeddable":true,"href":"https:\/\/museumek.eu\/index.php?rest_route=\/wp\/v2\/users\/1"}],"replies":[{"embeddable":true,"href":"https:\/\/museumek.eu\/index.php?rest_route=%2Fwp%2Fv2%2Fcomments&post=20051"}],"version-history":[{"count":4,"href":"https:\/\/museumek.eu\/index.php?rest_route=\/wp\/v2\/pages\/20051\/revisions"}],"predecessor-version":[{"id":21574,"href":"https:\/\/museumek.eu\/index.php?rest_route=\/wp\/v2\/pages\/20051\/revisions\/21574"}],"up":[{"embeddable":true,"href":"https:\/\/museumek.eu\/index.php?rest_route=\/wp\/v2\/pages\/20048"}],"wp:attachment":[{"href":"https:\/\/museumek.eu\/index.php?rest_route=%2Fwp%2Fv2%2Fmedia&parent=20051"}],"curies":[{"name":"wp","href":"https:\/\/api.w.org\/{rel}","templated":true}]}}