{"id":21185,"date":"2013-04-30T01:12:17","date_gmt":"2013-04-29T23:12:17","guid":{"rendered":"http:\/\/museumek.eu\/?page_id=21185"},"modified":"2013-05-04T21:50:54","modified_gmt":"2013-05-04T19:50:54","slug":"axxx4","status":"publish","type":"page","link":"https:\/\/museumek.eu\/?page_id=21185","title":{"rendered":"A\/XXX\/4"},"content":{"rendered":"<p><strong>Abteilung Austria\/Ungarn\/B\u00f6hmen, Keramik 1860 \u2013 1960, Inventarnummer A\/XXX\/4<\/strong><\/p>\n<p>Julius Dressler, Porzellan-, Siderolith- und Majolikafabrik, B\u00f6hmen\/Austria, Biela\/Bela, um 1900, Jugendstilvase, K\u00fcnstler unbekannt, Werks.-Nr. 1096, Exemplar Nr. ohne, gemarkt Firmenmarke Sternenkreis mit D bekr\u00f6ntem L\u00f6wen sowie B (DB f\u00fcr Dressler Biela) schwarzer Stempel unter Glasur, 1095, Austria sowie unbekanntes Zeichen gepresst, 596 \u00fcber Strich sowie 229 (?) unter Strich mit braunem Farbstift auf Glasur gemalt, nicht signiert, Literatur: Waltraud Neuwirth, Bl\u00fchender Jugendstil, Band II, Seite 235 ff., Beschreibung der Fabrik sowie Seite 238, Marke Nr. 3 identisch, weitere Literatur: Otto Pelka, Keramik der Neuzeit, Markentafel I, Marke im Markenkasten 7 identisch sowie Seite 218, Namensverzeichnis, dort gelistet als Dre\u00dfler, Julius M 7 (f\u00fcr Markenkasten 7), weitere Literatur: Jana Kybalov\u00e1, Keramikmarken aus aller Welt, Marke Nr. 1692 identisch, weitere Literatur: Volker M\u00f6lle Riessner, Amphora, Die Porzellan- und Keramikmanufaktur in Nord-B\u00f6hmen, Seite 180, Beschreibung der Dressler\u2018schen Fabrik, Julius Dressler gr\u00fcndete die Fabrik 1883\/1884, Firmierung ab 1887 Julius Dressler Porzellan-, Siderolith- und Majolikafabrik, ab 1906 Julius Dressler Fayence-, Majolika- u. Porzellanfabrik, ab 1910 ist Hulda Dressler (Witwe) die Inhaberin, ab 1920 wurde die Fabrik der OEPIAG, dann der EPIAG angegliedert, anscheinend wurde die Fabrik zum Ende des WK II geschlossen, sp\u00e4testens 1922 gab es eine \u00c4nderung der Firmierung in Julius Dressler Majolikafabrik (so eingetragen im keramischen Adressbuch), teilweise Gold geh\u00f6ht, H\u00f6he 31,6 cm, Breite 12 cm<\/p>\n<p><a href=\"http:\/\/museumek.eu\/wp-content\/uploads\/2013\/04\/5033.jpg\"><img loading=\"lazy\" src=\"http:\/\/museumek.eu\/wp-content\/uploads\/2013\/04\/5033-174x300.jpg\" alt=\"\" title=\"5033\" width=\"174\" height=\"300\" class=\"alignnone size-medium wp-image-21186\" srcset=\"https:\/\/museumek.eu\/wp-content\/uploads\/2013\/04\/5033-174x300.jpg 174w, https:\/\/museumek.eu\/wp-content\/uploads\/2013\/04\/5033.jpg 423w\" sizes=\"(max-width: 174px) 100vw, 174px\" \/><\/a><\/p>\n<p><a href=\"http:\/\/museumek.eu\/wp-content\/uploads\/2013\/04\/5034.jpg\"><img loading=\"lazy\" src=\"http:\/\/museumek.eu\/wp-content\/uploads\/2013\/04\/5034-123x300.jpg\" alt=\"\" title=\"5034\" width=\"123\" height=\"300\" class=\"alignnone size-medium wp-image-21187\" srcset=\"https:\/\/museumek.eu\/wp-content\/uploads\/2013\/04\/5034-123x300.jpg 123w, https:\/\/museumek.eu\/wp-content\/uploads\/2013\/04\/5034.jpg 263w\" sizes=\"(max-width: 123px) 100vw, 123px\" \/><\/a><\/p>\n<p><a href=\"http:\/\/museumek.eu\/wp-content\/uploads\/2013\/04\/5035.jpg\"><img loading=\"lazy\" src=\"http:\/\/museumek.eu\/wp-content\/uploads\/2013\/04\/5035-300x179.jpg\" alt=\"\" title=\"5035\" width=\"300\" height=\"179\" class=\"alignnone size-medium wp-image-21188\" srcset=\"https:\/\/museumek.eu\/wp-content\/uploads\/2013\/04\/5035-300x179.jpg 300w, https:\/\/museumek.eu\/wp-content\/uploads\/2013\/04\/5035-500x300.jpg 500w, https:\/\/museumek.eu\/wp-content\/uploads\/2013\/04\/5035.jpg 800w\" sizes=\"(max-width: 300px) 100vw, 300px\" \/><\/a><\/p>\n<p><a href=\"http:\/\/museumek.eu\/wp-content\/uploads\/2013\/04\/5036.jpg\"><img loading=\"lazy\" src=\"http:\/\/museumek.eu\/wp-content\/uploads\/2013\/04\/5036-292x300.jpg\" alt=\"\" title=\"5036\" width=\"292\" height=\"300\" class=\"alignnone size-medium wp-image-21189\" srcset=\"https:\/\/museumek.eu\/wp-content\/uploads\/2013\/04\/5036-292x300.jpg 292w, https:\/\/museumek.eu\/wp-content\/uploads\/2013\/04\/5036.jpg 476w\" sizes=\"(max-width: 292px) 100vw, 292px\" \/><\/a><\/p>\n<p><a href=\"http:\/\/museumek.eu\/wp-content\/uploads\/2013\/04\/5037.jpg\"><img loading=\"lazy\" src=\"http:\/\/museumek.eu\/wp-content\/uploads\/2013\/04\/5037-300x257.jpg\" alt=\"\" title=\"5037\" width=\"300\" height=\"257\" class=\"alignnone size-medium wp-image-21190\" srcset=\"https:\/\/museumek.eu\/wp-content\/uploads\/2013\/04\/5037-300x257.jpg 300w, https:\/\/museumek.eu\/wp-content\/uploads\/2013\/04\/5037-349x300.jpg 349w, https:\/\/museumek.eu\/wp-content\/uploads\/2013\/04\/5037.jpg 403w\" sizes=\"(max-width: 300px) 100vw, 300px\" \/><\/a><\/p>\n","protected":false},"excerpt":{"rendered":"<p>Abteilung Austria\/Ungarn\/B\u00f6hmen, Keramik 1860 \u2013 1960, Inventarnummer A\/XXX\/4 Julius Dressler, Porzellan-, Siderolith- und Majolikafabrik, B\u00f6hmen\/Austria, Biela\/Bela, um 1900, Jugendstilvase, K\u00fcnstler unbekannt, Werks.-Nr. 1096, Exemplar Nr. ohne, gemarkt Firmenmarke Sternenkreis mit D bekr\u00f6ntem L\u00f6wen sowie B (DB f\u00fcr Dressler Biela) schwarzer &hellip; <a href=\"https:\/\/museumek.eu\/?page_id=21185\">Weiterlesen <span class=\"meta-nav\">&rarr;<\/span><\/a><\/p>\n","protected":false},"author":1,"featured_media":0,"parent":6518,"menu_order":4,"comment_status":"closed","ping_status":"open","template":"","meta":[],"_links":{"self":[{"href":"https:\/\/museumek.eu\/index.php?rest_route=\/wp\/v2\/pages\/21185"}],"collection":[{"href":"https:\/\/museumek.eu\/index.php?rest_route=\/wp\/v2\/pages"}],"about":[{"href":"https:\/\/museumek.eu\/index.php?rest_route=\/wp\/v2\/types\/page"}],"author":[{"embeddable":true,"href":"https:\/\/museumek.eu\/index.php?rest_route=\/wp\/v2\/users\/1"}],"replies":[{"embeddable":true,"href":"https:\/\/museumek.eu\/index.php?rest_route=%2Fwp%2Fv2%2Fcomments&post=21185"}],"version-history":[{"count":3,"href":"https:\/\/museumek.eu\/index.php?rest_route=\/wp\/v2\/pages\/21185\/revisions"}],"predecessor-version":[{"id":21421,"href":"https:\/\/museumek.eu\/index.php?rest_route=\/wp\/v2\/pages\/21185\/revisions\/21421"}],"up":[{"embeddable":true,"href":"https:\/\/museumek.eu\/index.php?rest_route=\/wp\/v2\/pages\/6518"}],"wp:attachment":[{"href":"https:\/\/museumek.eu\/index.php?rest_route=%2Fwp%2Fv2%2Fmedia&parent=21185"}],"curies":[{"name":"wp","href":"https:\/\/api.w.org\/{rel}","templated":true}]}}