{"id":21639,"date":"2013-05-10T19:41:46","date_gmt":"2013-05-10T17:41:46","guid":{"rendered":"http:\/\/museumek.eu\/?page_id=21639"},"modified":"2013-05-10T21:19:04","modified_gmt":"2013-05-10T19:19:04","slug":"axviii11","status":"publish","type":"page","link":"https:\/\/museumek.eu\/?page_id=21639","title":{"rendered":"A\/XVIII\/11"},"content":{"rendered":"<p><strong>Abteilung Austria\/Ungarn\/B\u00f6hmen, Keramik 1860 \u2013 1960, Inventarnummer A\/XVIII\/11<\/strong><\/p>\n<p>Ohne Zuordnung, Austria, Gmunden,1930 &#8211; 1950, Schale mit 3 Fruchtk\u00f6rperf\u00fc\u00dfen, K\u00fcnstler unbekannt, Werksnummer ohne, Exemplar Nr. ohne, gemarkt ohne Firmenmarke, nicht signiert, evtl. Liezer Keramik oder Scheibbser Keramik,<br \/>\nH\u00f6he 9,4 cm, Breite 21,5 cm<\/p>\n<p><a href=\"http:\/\/museumek.eu\/wp-content\/uploads\/2011\/09\/Museum-Europ\u00e4ischer-Keramikkunst-1070.jpg\"><img loading=\"lazy\" src=\"http:\/\/museumek.eu\/wp-content\/uploads\/2011\/09\/Museum-Europ\u00e4ischer-Keramikkunst-1070-300x155.jpg\" alt=\"\" title=\"Museum Europ\u00e4ischer Keramikkunst 1070\" width=\"300\" height=\"155\" class=\"alignnone size-medium wp-image-5223\" srcset=\"https:\/\/museumek.eu\/wp-content\/uploads\/2011\/09\/Museum-Europ\u00e4ischer-Keramikkunst-1070-300x155.jpg 300w, https:\/\/museumek.eu\/wp-content\/uploads\/2011\/09\/Museum-Europ\u00e4ischer-Keramikkunst-1070-500x259.jpg 500w, https:\/\/museumek.eu\/wp-content\/uploads\/2011\/09\/Museum-Europ\u00e4ischer-Keramikkunst-1070.jpg 796w\" sizes=\"(max-width: 300px) 100vw, 300px\" \/><\/a><\/p>\n<p><a href=\"http:\/\/museumek.eu\/wp-content\/uploads\/2011\/09\/Museum-Europ\u00e4ischer-Keramikkunst-1071.jpg\"><img loading=\"lazy\" src=\"http:\/\/museumek.eu\/wp-content\/uploads\/2011\/09\/Museum-Europ\u00e4ischer-Keramikkunst-1071-300x180.jpg\" alt=\"\" title=\"Museum Europ\u00e4ischer Keramikkunst 1071\" width=\"300\" height=\"180\" class=\"alignnone size-medium wp-image-5224\" srcset=\"https:\/\/museumek.eu\/wp-content\/uploads\/2011\/09\/Museum-Europ\u00e4ischer-Keramikkunst-1071-300x180.jpg 300w, https:\/\/museumek.eu\/wp-content\/uploads\/2011\/09\/Museum-Europ\u00e4ischer-Keramikkunst-1071-500x300.jpg 500w, https:\/\/museumek.eu\/wp-content\/uploads\/2011\/09\/Museum-Europ\u00e4ischer-Keramikkunst-1071.jpg 706w\" sizes=\"(max-width: 300px) 100vw, 300px\" \/><\/a><\/p>\n<p><a href=\"http:\/\/museumek.eu\/wp-content\/uploads\/2011\/09\/Museum-Europ\u00e4ischer-Keramikkunst-1076.jpg\"><img loading=\"lazy\" src=\"http:\/\/museumek.eu\/wp-content\/uploads\/2011\/09\/Museum-Europ\u00e4ischer-Keramikkunst-1076-300x265.jpg\" alt=\"\" title=\"Museum Europ\u00e4ischer Keramikkunst 1076\" width=\"300\" height=\"265\" class=\"alignnone size-medium wp-image-5225\" srcset=\"https:\/\/museumek.eu\/wp-content\/uploads\/2011\/09\/Museum-Europ\u00e4ischer-Keramikkunst-1076-300x265.jpg 300w, https:\/\/museumek.eu\/wp-content\/uploads\/2011\/09\/Museum-Europ\u00e4ischer-Keramikkunst-1076-339x300.jpg 339w, https:\/\/museumek.eu\/wp-content\/uploads\/2011\/09\/Museum-Europ\u00e4ischer-Keramikkunst-1076.jpg 679w\" sizes=\"(max-width: 300px) 100vw, 300px\" \/><\/a><\/p>\n","protected":false},"excerpt":{"rendered":"<p>Abteilung Austria\/Ungarn\/B\u00f6hmen, Keramik 1860 \u2013 1960, Inventarnummer A\/XVIII\/11 Ohne Zuordnung, Austria, Gmunden,1930 &#8211; 1950, Schale mit 3 Fruchtk\u00f6rperf\u00fc\u00dfen, K\u00fcnstler unbekannt, Werksnummer ohne, Exemplar Nr. ohne, gemarkt ohne Firmenmarke, nicht signiert, evtl. Liezer Keramik oder Scheibbser Keramik, H\u00f6he 9,4 cm, Breite &hellip; <a href=\"https:\/\/museumek.eu\/?page_id=21639\">Weiterlesen <span class=\"meta-nav\">&rarr;<\/span><\/a><\/p>\n","protected":false},"author":1,"featured_media":0,"parent":21634,"menu_order":11,"comment_status":"closed","ping_status":"open","template":"","meta":[],"_links":{"self":[{"href":"https:\/\/museumek.eu\/index.php?rest_route=\/wp\/v2\/pages\/21639"}],"collection":[{"href":"https:\/\/museumek.eu\/index.php?rest_route=\/wp\/v2\/pages"}],"about":[{"href":"https:\/\/museumek.eu\/index.php?rest_route=\/wp\/v2\/types\/page"}],"author":[{"embeddable":true,"href":"https:\/\/museumek.eu\/index.php?rest_route=\/wp\/v2\/users\/1"}],"replies":[{"embeddable":true,"href":"https:\/\/museumek.eu\/index.php?rest_route=%2Fwp%2Fv2%2Fcomments&post=21639"}],"version-history":[{"count":4,"href":"https:\/\/museumek.eu\/index.php?rest_route=\/wp\/v2\/pages\/21639\/revisions"}],"predecessor-version":[{"id":21681,"href":"https:\/\/museumek.eu\/index.php?rest_route=\/wp\/v2\/pages\/21639\/revisions\/21681"}],"up":[{"embeddable":true,"href":"https:\/\/museumek.eu\/index.php?rest_route=\/wp\/v2\/pages\/21634"}],"wp:attachment":[{"href":"https:\/\/museumek.eu\/index.php?rest_route=%2Fwp%2Fv2%2Fmedia&parent=21639"}],"curies":[{"name":"wp","href":"https:\/\/api.w.org\/{rel}","templated":true}]}}