{"id":22285,"date":"2013-05-20T22:10:26","date_gmt":"2013-05-20T20:10:26","guid":{"rendered":"http:\/\/museumek.eu\/?page_id=22285"},"modified":"2021-01-14T17:51:08","modified_gmt":"2021-01-14T16:51:08","slug":"dlxxxi1","status":"publish","type":"page","link":"https:\/\/museumek.eu\/?page_id=22285","title":{"rendered":"D\/LXXXI\/1"},"content":{"rendered":"<p><strong>Abteilung Deutschland, Keramik 1860 \u2013 1960, Inventarnummer D\/LXXXI\/1<\/strong><\/p>\n<p>Porzellanfabrik Swaine &#038; Co. und Nachf. Porzellanfabrik Gebr. Schoenau, Swaine &#038; Co. GmbH, Deutschland, H\u00fcttensteinach, um 1900, Ei als Deckeldose, K\u00fcnstler Theodor Hermann Schmuz-Baudiss (attr.), Werks.-Nr. ohne, Exemplar Nr. ohne, gemarkt Firmenmarke in einem Jugendstil typischen Doppelrahmen die W\u00f6rter SWAINE &#038; Co. H\u00dcTTENSTEINACH sowie UNTERGLASUR  gr\u00fcner Stempel, schwarzer verwaschener nicht mehr lesbarer Stempel (vermutlich STB f\u00fcr Theodor Schmuz-Baudiss), 969. gepresst (Formnummer, siehe auch MEK D\/LXXXI\/2, anderes Ei als Deckeldose, gleiche Gr\u00f6\u00dfe, mit gleicher Formnummer), nicht signiert, Literatur: Wilhelm Siemen, Ein Jugendstilk\u00fcnstler ersten Ranges Theodor Hermann Schmuz-Baudiss, Seite 23, dort beschrieben, dass Schmuz-Baudiss im Auftrag der Vereinigten M\u00fcnchner Werkst\u00e4tten seit 1898 zeitweise in der Porzellanfabrik Swaine &#038; Co. t\u00e4tig war und dass er dort seine ersten Versuche unternahm, Porzellan herzustellen und mit einer von ihm entwickelten Technik der Unterglasurmalerei zu versehen sowie Seite 59, Abbildung einer 1901 von Schmuz-Baudiss entworfenen Vase mit gr\u00fcnblauer Unterglasurmalerei als Nachweis, dass Schmuz-Baudiss auch geometrische Dekore entworfen hat, weitere Literatur: Ullrich Wei\u00df, Ullstein Porzellanbuch, Seite 268, Marke Nr. 4 identisch, weitere Literatur: Robert E. R\u00f6ntgen, Deutsche Porzellanmarken von 1710 bis heute, Seite 138, Marke Nr. 1002 identisch (dort beschrieben f\u00fcr die Zeit von 1900 bis 1920), weitere Literatur: Dieter Z\u00fchlsdorff, Markenlexikon Band 1, Porzellan und Keramik Report 1885 &#8211; 1935, Seite 234, Werkteil 1, Gruppennummer 2., laufende Nummer der Gruppe 2811, dort identische Marke (f\u00fcr die Zeit vor 1920) sowie Seite 525, Werkteil Nr. 3, laufende Nummer des Werkteils 554, dort Beschreibung der Fabrik, 1854 gr\u00fcndete Robert Swaine die Porzellanfabrik in H\u00fcttensteinach, Firmierung Porzellanfabrik Swaine &#038; Co., zuvor war Robert Swaine Mitgesellschafter einer anderen Porzellanfabrik in H\u00fcttensteinach, deren Teilhaber er durch Abkauf der Anteile des Herrn August Arnoldi wurde, gegr\u00fcndet wurde diese Porzellanfabrik 1817 durch den Kommerzienrat Greiner aus Meiningen und den Hofkammerrat K\u00fcnzel, das ist insofern interessant, weil diese Porzellanfabrik 1859 durch die Br\u00fcder Carl und Eduard Schoenau ersteigert und an die Porzellanfabrik Swaine und Co. verpachtet wurde, insofern ist anzunehmen, dass die Porzellanfabrik Swaine und Co. seit 1859 an zwei Standorten in H\u00fcttensteinach Porzellan produzierte, zumindest bis 1864, als die Br\u00fcder Schoenau selbst in dieser Fabrik die Porzellan Produktion aufnahmen, die Firmierung der Porzellanfabrik ist von 1817 bis 1864 nicht gekl\u00e4rt aber ab 1864 sicher Porzellanfabrik Gebr\u00fcder Schoenau, 1856 tritt der Bruder von Robert Swaine, William Swaine in die Porzellanfabrik Swaine &#038; Co. ein, von 1869 bis 1907 ist William der Gesch\u00e4ftsf\u00fchrer der Fabrik, um 1900 f\u00fchrt Theodor Schmuz-Baudiss in der Fabrik Versuche im Unterglasurdekor aus, dies im Auftrag der Vereinigten Werkst\u00e4tten f\u00fcr Kunst im Handwerk, M\u00fcnchen, ab 1907 ist der Schwiegersohn von William Swaine, Georg Conta Inhaber der Fabrik, 1917 wird die Fabrik von Kommerzienrat Albert Schoenau, wahrscheinlich ein Sohn einer der Br\u00fcder Carl oder Eduard Schoenau, \u00fcbernommen und 1920 erfolgt der Zusammenschluss der Porzellanfabrik Gebr\u00fcder Schoenau und der Porzellanfabrik Swaine &#038; Co. zur Porzellanfabrik Gebr. Schoenau, Swaine &#038; Co. GmbH, ab 1920 wird auch so firmiert, 1932 sind Inhaber: Frau Geheimrat Schoenau, Adolf G\u00fcnther Schoenau und Horst Schoenau, ab 1935 werden die beiden Fabriken in die Produktion von Gebrauchs- Laboratorium- und Elektrotechnische Porzellan aufgeteilt und wahrscheinlich ab da kein Kunstporzellan mehr produziert, nach WK II werden die Fabriken verstaatlicht,<br \/>\nH\u00f6he 6 cm, Breite 9 cm<\/p>\n<p><a href=\"http:\/\/museumek.eu\/?attachment_id=22286\" rel=\"attachment wp-att-22286\"><img loading=\"lazy\" src=\"http:\/\/museumek.eu\/wp-content\/uploads\/2013\/05\/Museum-Europ\u00e4ischer-Keramikkunst-4100-232x300.jpg\" alt=\"\" title=\"Museum Europ\u00e4ischer Keramikkunst 4100\" width=\"232\" height=\"300\" class=\"alignnone size-medium wp-image-22286\" srcset=\"https:\/\/museumek.eu\/wp-content\/uploads\/2013\/05\/Museum-Europ\u00e4ischer-Keramikkunst-4100-232x300.jpg 232w, https:\/\/museumek.eu\/wp-content\/uploads\/2013\/05\/Museum-Europ\u00e4ischer-Keramikkunst-4100-116x150.jpg 116w, https:\/\/museumek.eu\/wp-content\/uploads\/2013\/05\/Museum-Europ\u00e4ischer-Keramikkunst-4100.jpg 464w\" sizes=\"(max-width: 232px) 100vw, 232px\" \/><\/a><\/p>\n<p><a href=\"http:\/\/museumek.eu\/?attachment_id=22287\" rel=\"attachment wp-att-22287\"><img loading=\"lazy\" src=\"http:\/\/museumek.eu\/wp-content\/uploads\/2013\/05\/Museum-Europ\u00e4ischer-Keramikkunst-4103-242x300.jpg\" alt=\"\" title=\"Museum Europ\u00e4ischer Keramikkunst 4103\" width=\"242\" height=\"300\" class=\"alignnone size-medium wp-image-22287\" srcset=\"https:\/\/museumek.eu\/wp-content\/uploads\/2013\/05\/Museum-Europ\u00e4ischer-Keramikkunst-4103-242x300.jpg 242w, https:\/\/museumek.eu\/wp-content\/uploads\/2013\/05\/Museum-Europ\u00e4ischer-Keramikkunst-4103-121x150.jpg 121w, https:\/\/museumek.eu\/wp-content\/uploads\/2013\/05\/Museum-Europ\u00e4ischer-Keramikkunst-4103.jpg 475w\" sizes=\"(max-width: 242px) 100vw, 242px\" \/><\/a><\/p>\n<p><a href=\"http:\/\/museumek.eu\/?attachment_id=22290\" rel=\"attachment wp-att-22290\"><img loading=\"lazy\" src=\"http:\/\/museumek.eu\/wp-content\/uploads\/2013\/05\/Museum-Europ\u00e4ischer-Keramikkunst-4101-300x216.jpg\" alt=\"\" title=\"Museum Europ\u00e4ischer Keramikkunst 4101\" width=\"300\" height=\"216\" class=\"alignnone size-medium wp-image-22290\" srcset=\"https:\/\/museumek.eu\/wp-content\/uploads\/2013\/05\/Museum-Europ\u00e4ischer-Keramikkunst-4101-300x216.jpg 300w, https:\/\/museumek.eu\/wp-content\/uploads\/2013\/05\/Museum-Europ\u00e4ischer-Keramikkunst-4101-150x108.jpg 150w, https:\/\/museumek.eu\/wp-content\/uploads\/2013\/05\/Museum-Europ\u00e4ischer-Keramikkunst-4101-415x300.jpg 415w, https:\/\/museumek.eu\/wp-content\/uploads\/2013\/05\/Museum-Europ\u00e4ischer-Keramikkunst-4101.jpg 649w\" sizes=\"(max-width: 300px) 100vw, 300px\" \/><\/a><\/p>\n<p><a href=\"http:\/\/museumek.eu\/?attachment_id=22292\" rel=\"attachment wp-att-22292\"><img loading=\"lazy\" src=\"http:\/\/museumek.eu\/wp-content\/uploads\/2013\/05\/Museum-Europ\u00e4ischer-Keramikkunst-41021-300x219.jpg\" alt=\"\" title=\"Museum Europ\u00e4ischer Keramikkunst 4102\" width=\"300\" height=\"219\" class=\"alignnone size-medium wp-image-22292\" srcset=\"https:\/\/museumek.eu\/wp-content\/uploads\/2013\/05\/Museum-Europ\u00e4ischer-Keramikkunst-41021-300x219.jpg 300w, https:\/\/museumek.eu\/wp-content\/uploads\/2013\/05\/Museum-Europ\u00e4ischer-Keramikkunst-41021-150x109.jpg 150w, https:\/\/museumek.eu\/wp-content\/uploads\/2013\/05\/Museum-Europ\u00e4ischer-Keramikkunst-41021-409x300.jpg 409w, https:\/\/museumek.eu\/wp-content\/uploads\/2013\/05\/Museum-Europ\u00e4ischer-Keramikkunst-41021.jpg 653w\" sizes=\"(max-width: 300px) 100vw, 300px\" \/><\/a><\/p>\n<p><a href=\"http:\/\/museumek.eu\/?attachment_id=22294\" rel=\"attachment wp-att-22294\"><img loading=\"lazy\" src=\"http:\/\/museumek.eu\/wp-content\/uploads\/2013\/05\/Museum-Europ\u00e4ischer-Keramikkunst-4105-300x205.jpg\" alt=\"\" title=\"Museum Europ\u00e4ischer Keramikkunst 4105\" width=\"300\" height=\"205\" class=\"alignnone size-medium wp-image-22294\" srcset=\"https:\/\/museumek.eu\/wp-content\/uploads\/2013\/05\/Museum-Europ\u00e4ischer-Keramikkunst-4105-300x205.jpg 300w, https:\/\/museumek.eu\/wp-content\/uploads\/2013\/05\/Museum-Europ\u00e4ischer-Keramikkunst-4105-150x102.jpg 150w, https:\/\/museumek.eu\/wp-content\/uploads\/2013\/05\/Museum-Europ\u00e4ischer-Keramikkunst-4105-438x300.jpg 438w, https:\/\/museumek.eu\/wp-content\/uploads\/2013\/05\/Museum-Europ\u00e4ischer-Keramikkunst-4105.jpg 833w\" sizes=\"(max-width: 300px) 100vw, 300px\" \/><\/a><\/p>\n<p><a href=\"http:\/\/museumek.eu\/?attachment_id=22293\" rel=\"attachment wp-att-22293\"><img loading=\"lazy\" src=\"http:\/\/museumek.eu\/wp-content\/uploads\/2013\/05\/Museum-Europ\u00e4ischer-Keramikkunst-4104-204x300.jpg\" alt=\"\" title=\"Museum Europ\u00e4ischer Keramikkunst 4104\" width=\"204\" height=\"300\" class=\"alignnone size-medium wp-image-22293\" srcset=\"https:\/\/museumek.eu\/wp-content\/uploads\/2013\/05\/Museum-Europ\u00e4ischer-Keramikkunst-4104-204x300.jpg 204w, https:\/\/museumek.eu\/wp-content\/uploads\/2013\/05\/Museum-Europ\u00e4ischer-Keramikkunst-4104-102x150.jpg 102w, https:\/\/museumek.eu\/wp-content\/uploads\/2013\/05\/Museum-Europ\u00e4ischer-Keramikkunst-4104.jpg 526w\" sizes=\"(max-width: 204px) 100vw, 204px\" \/><\/a><\/p>\n<p><a href=\"http:\/\/museumek.eu\/?attachment_id=22295\" rel=\"attachment wp-att-22295\"><img loading=\"lazy\" src=\"http:\/\/museumek.eu\/wp-content\/uploads\/2013\/05\/Museum-Europ\u00e4ischer-Keramikkunst-4106-112x300.jpg\" alt=\"\" title=\"Museum Europ\u00e4ischer Keramikkunst 4106\" width=\"112\" height=\"300\" class=\"alignnone size-medium wp-image-22295\" srcset=\"https:\/\/museumek.eu\/wp-content\/uploads\/2013\/05\/Museum-Europ\u00e4ischer-Keramikkunst-4106-112x300.jpg 112w, https:\/\/museumek.eu\/wp-content\/uploads\/2013\/05\/Museum-Europ\u00e4ischer-Keramikkunst-4106-56x150.jpg 56w\" sizes=\"(max-width: 112px) 100vw, 112px\" \/><\/a><\/p>\n<p><a href=\"http:\/\/museumek.eu\/?attachment_id=22296\" rel=\"attachment wp-att-22296\"><img loading=\"lazy\" src=\"http:\/\/museumek.eu\/wp-content\/uploads\/2013\/05\/Museum-Europ\u00e4ischer-Keramikkunst-4108-123x300.jpg\" alt=\"\" title=\"Museum Europ\u00e4ischer Keramikkunst 4108\" width=\"123\" height=\"300\" class=\"alignnone size-medium wp-image-22296\" srcset=\"https:\/\/museumek.eu\/wp-content\/uploads\/2013\/05\/Museum-Europ\u00e4ischer-Keramikkunst-4108-123x300.jpg 123w, https:\/\/museumek.eu\/wp-content\/uploads\/2013\/05\/Museum-Europ\u00e4ischer-Keramikkunst-4108-61x150.jpg 61w\" sizes=\"(max-width: 123px) 100vw, 123px\" \/><\/a><\/p>\n<p><a href=\"http:\/\/museumek.eu\/?attachment_id=22288\" rel=\"attachment wp-att-22288\"><img loading=\"lazy\" src=\"http:\/\/museumek.eu\/wp-content\/uploads\/2013\/05\/Museum-Europ\u00e4ischer-Keramikkunst-4107-209x300.jpg\" alt=\"\" title=\"Museum Europ\u00e4ischer Keramikkunst 4107\" width=\"209\" height=\"300\" class=\"alignnone size-medium wp-image-22288\" srcset=\"https:\/\/museumek.eu\/wp-content\/uploads\/2013\/05\/Museum-Europ\u00e4ischer-Keramikkunst-4107-209x300.jpg 209w, https:\/\/museumek.eu\/wp-content\/uploads\/2013\/05\/Museum-Europ\u00e4ischer-Keramikkunst-4107-104x150.jpg 104w, https:\/\/museumek.eu\/wp-content\/uploads\/2013\/05\/Museum-Europ\u00e4ischer-Keramikkunst-4107.jpg 393w\" sizes=\"(max-width: 209px) 100vw, 209px\" \/><\/a><\/p>\n<p><a href=\"http:\/\/museumek.eu\/?attachment_id=22289\" rel=\"attachment wp-att-22289\"><img loading=\"lazy\" src=\"http:\/\/museumek.eu\/wp-content\/uploads\/2013\/05\/Museum-Europ\u00e4ischer-Keramikkunst-4110-300x209.jpg\" alt=\"\" title=\"Museum Europ\u00e4ischer Keramikkunst 4110\" width=\"300\" height=\"209\" class=\"alignnone size-medium wp-image-22289\" srcset=\"https:\/\/museumek.eu\/wp-content\/uploads\/2013\/05\/Museum-Europ\u00e4ischer-Keramikkunst-4110-300x209.jpg 300w, https:\/\/museumek.eu\/wp-content\/uploads\/2013\/05\/Museum-Europ\u00e4ischer-Keramikkunst-4110-150x104.jpg 150w, https:\/\/museumek.eu\/wp-content\/uploads\/2013\/05\/Museum-Europ\u00e4ischer-Keramikkunst-4110-429x300.jpg 429w, https:\/\/museumek.eu\/wp-content\/uploads\/2013\/05\/Museum-Europ\u00e4ischer-Keramikkunst-4110.jpg 562w\" sizes=\"(max-width: 300px) 100vw, 300px\" \/><\/a><\/p>\n","protected":false},"excerpt":{"rendered":"<p>Abteilung Deutschland, Keramik 1860 \u2013 1960, Inventarnummer D\/LXXXI\/1 Porzellanfabrik Swaine &#038; Co. und Nachf. Porzellanfabrik Gebr. Schoenau, Swaine &#038; Co. GmbH, Deutschland, H\u00fcttensteinach, um 1900, Ei als Deckeldose, K\u00fcnstler Theodor Hermann Schmuz-Baudiss (attr.), Werks.-Nr. ohne, Exemplar Nr. ohne, gemarkt Firmenmarke &hellip; <a href=\"https:\/\/museumek.eu\/?page_id=22285\">Weiterlesen <span class=\"meta-nav\">&rarr;<\/span><\/a><\/p>\n","protected":false},"author":1,"featured_media":0,"parent":22282,"menu_order":1,"comment_status":"closed","ping_status":"open","template":"","meta":[],"_links":{"self":[{"href":"https:\/\/museumek.eu\/index.php?rest_route=\/wp\/v2\/pages\/22285"}],"collection":[{"href":"https:\/\/museumek.eu\/index.php?rest_route=\/wp\/v2\/pages"}],"about":[{"href":"https:\/\/museumek.eu\/index.php?rest_route=\/wp\/v2\/types\/page"}],"author":[{"embeddable":true,"href":"https:\/\/museumek.eu\/index.php?rest_route=\/wp\/v2\/users\/1"}],"replies":[{"embeddable":true,"href":"https:\/\/museumek.eu\/index.php?rest_route=%2Fwp%2Fv2%2Fcomments&post=22285"}],"version-history":[{"count":15,"href":"https:\/\/museumek.eu\/index.php?rest_route=\/wp\/v2\/pages\/22285\/revisions"}],"predecessor-version":[{"id":52170,"href":"https:\/\/museumek.eu\/index.php?rest_route=\/wp\/v2\/pages\/22285\/revisions\/52170"}],"up":[{"embeddable":true,"href":"https:\/\/museumek.eu\/index.php?rest_route=\/wp\/v2\/pages\/22282"}],"wp:attachment":[{"href":"https:\/\/museumek.eu\/index.php?rest_route=%2Fwp%2Fv2%2Fmedia&parent=22285"}],"curies":[{"name":"wp","href":"https:\/\/api.w.org\/{rel}","templated":true}]}}