{"id":22331,"date":"2013-05-21T22:56:22","date_gmt":"2013-05-21T20:56:22","guid":{"rendered":"http:\/\/museumek.eu\/?page_id=22331"},"modified":"2015-01-03T19:23:50","modified_gmt":"2015-01-03T18:23:50","slug":"dxlviii3","status":"publish","type":"page","link":"https:\/\/museumek.eu\/?page_id=22331","title":{"rendered":"D\/XLVIII\/3"},"content":{"rendered":"<p><strong>Abteilung Deutschland, Keramik 1860 \u2013 1960, Inventarnummer D\/XLVIII\/3<\/strong><\/p>\n<p>Albert Jacob Thewalt, Fabrik fein verzierter Steinzeugwaren, Deutschland, H\u00f6hr, 1908, Seidel, K\u00fcnstler Wilhelm Anton Kamp (attr.), Werks.-Nr. 162, Exemplar Nr. ohne, gemarkt Firmenmarke mit A T und \u00fcber dem T ein Punkt, dieser besagt folgendes: im alten Schreibduktus wurde I und J oft gleich gesetzt, um den Buchstaben I bzw. J kenntlich zu machen, wurde dar\u00fcber ein Punkt gesetzt, Beispiel: ein senkrechter Strich mit einem Punkt dar\u00fcber bedeutet Buchstabe I oder bei Gleichsetzung auch J, insofern versteckt sich in der Marke beim Buchstabe T auch das J, somit ist der Sinn des Punktes ermittelt, so dass die Marke als AJT f\u00fcr Albert Jacob Thewalt zu lesen ist, 162, F sowie 0,5 L. \u00fcber Eichstrich gepresst, 162 geritzt, nicht signiert, Literatur: J\u00fcrgen Schimanski, Braun geflammt und grau gesalzen, Seite 226, Beschreibung der Fabrik, Beschreibung, dass fast alle Entw\u00fcrfe von Wilhelm Anton Kamp stammen sowie Marke Nr. 43 identisch, die Signatur K oder WK verweist auf den Hauptentwerfer der Fabrik Wilhelm Anton Kamp, der zweite Sohn von Joahnn Peter Thewalt jr., Albert Jacob Thewalt (1857 \u2013 1939) gr\u00fcndete 1882 zusammen mit seinem Schwager Jean Paulus die keramische Fabrik Paulus und Thewalt, trennt sich dann von Jean Paulus und gr\u00fcndet 1894 seine eigene Fabrik, die als Albert Jacob Thewalt, Fabrik fein verzierter Steinzeugwaren firmiert, nach Albert Jacobs\u2019s Tod f\u00fchren sein Sohn Albert Johann Thewalt und danach sein Enkel Albert Jakob Thewalt die Fabrik fort, K\u00fcnstlerzuschreibung: Wilhelm Anton Kamp trat 1897 in die Fabrik ein und schuf rund 800 Entw\u00fcrfe, Datierung: die Datierung wurde vom MEK Exemplar D\/XLVIII\/4 abgeleitet, Werks.-Nr. 166 mit eindeutiger Datierung in das Jahr 1908, deshalb wurde das MEK Exemplar D\/XLVIII\/3 mit Werks.-Nr. 162 in das gleiche Herstellungjahr datiert, Ausf\u00fchrung als Seidel mit Hohlboden, H\u00f6he 19 cm, Breite 15 cm (nur die Keramik)<\/p>\n<p><a href=\"http:\/\/museumek.eu\/?attachment_id=22332\" rel=\"attachment wp-att-22332\"><img loading=\"lazy\" src=\"http:\/\/museumek.eu\/wp-content\/uploads\/2013\/05\/002-153x300.jpg\" alt=\"\" title=\"002\" width=\"153\" height=\"300\" class=\"alignnone size-medium wp-image-22332\" srcset=\"https:\/\/museumek.eu\/wp-content\/uploads\/2013\/05\/002-153x300.jpg 153w, https:\/\/museumek.eu\/wp-content\/uploads\/2013\/05\/002-76x150.jpg 76w, https:\/\/museumek.eu\/wp-content\/uploads\/2013\/05\/002.jpg 410w\" sizes=\"(max-width: 153px) 100vw, 153px\" \/><\/a><\/p>\n<p><a href=\"http:\/\/museumek.eu\/?attachment_id=22333\" rel=\"attachment wp-att-22333\"><img loading=\"lazy\" src=\"http:\/\/museumek.eu\/wp-content\/uploads\/2013\/05\/006-220x300.jpg\" alt=\"\" title=\"006\" width=\"220\" height=\"300\" class=\"alignnone size-medium wp-image-22333\" srcset=\"https:\/\/museumek.eu\/wp-content\/uploads\/2013\/05\/006-220x300.jpg 220w, https:\/\/museumek.eu\/wp-content\/uploads\/2013\/05\/006-110x150.jpg 110w, https:\/\/museumek.eu\/wp-content\/uploads\/2013\/05\/006.jpg 525w\" sizes=\"(max-width: 220px) 100vw, 220px\" \/><\/a><\/p>\n<p><a href=\"http:\/\/museumek.eu\/?attachment_id=22334\" rel=\"attachment wp-att-22334\"><img loading=\"lazy\" src=\"http:\/\/museumek.eu\/wp-content\/uploads\/2013\/05\/003-233x300.jpg\" alt=\"\" title=\"003\" width=\"233\" height=\"300\" class=\"alignnone size-medium wp-image-22334\" srcset=\"https:\/\/museumek.eu\/wp-content\/uploads\/2013\/05\/003-233x300.jpg 233w, https:\/\/museumek.eu\/wp-content\/uploads\/2013\/05\/003-116x150.jpg 116w, https:\/\/museumek.eu\/wp-content\/uploads\/2013\/05\/003.jpg 534w\" sizes=\"(max-width: 233px) 100vw, 233px\" \/><\/a><\/p>\n<p><a href=\"http:\/\/museumek.eu\/?attachment_id=22336\" rel=\"attachment wp-att-22336\"><img loading=\"lazy\" src=\"http:\/\/museumek.eu\/wp-content\/uploads\/2013\/05\/007-300x225.jpg\" alt=\"\" title=\"007\" width=\"300\" height=\"225\" class=\"alignnone size-medium wp-image-22336\" srcset=\"https:\/\/museumek.eu\/wp-content\/uploads\/2013\/05\/007-300x225.jpg 300w, https:\/\/museumek.eu\/wp-content\/uploads\/2013\/05\/007-150x112.jpg 150w, https:\/\/museumek.eu\/wp-content\/uploads\/2013\/05\/007-400x300.jpg 400w, https:\/\/museumek.eu\/wp-content\/uploads\/2013\/05\/007.jpg 800w\" sizes=\"(max-width: 300px) 100vw, 300px\" \/><\/a><\/p>\n<p><a href=\"http:\/\/museumek.eu\/?attachment_id=22337\" rel=\"attachment wp-att-22337\"><img loading=\"lazy\" src=\"http:\/\/museumek.eu\/wp-content\/uploads\/2013\/05\/004-285x300.jpg\" alt=\"\" title=\"004\" width=\"285\" height=\"300\" class=\"alignnone size-medium wp-image-22337\" srcset=\"https:\/\/museumek.eu\/wp-content\/uploads\/2013\/05\/004-285x300.jpg 285w, https:\/\/museumek.eu\/wp-content\/uploads\/2013\/05\/004-142x150.jpg 142w, https:\/\/museumek.eu\/wp-content\/uploads\/2013\/05\/004.jpg 600w\" sizes=\"(max-width: 285px) 100vw, 285px\" \/><\/a><\/p>\n<p><a href=\"http:\/\/museumek.eu\/?attachment_id=22335\" rel=\"attachment wp-att-22335\"><img loading=\"lazy\" src=\"http:\/\/museumek.eu\/wp-content\/uploads\/2013\/05\/008-223x300.jpg\" alt=\"\" title=\"008\" width=\"223\" height=\"300\" class=\"alignnone size-medium wp-image-22335\" srcset=\"https:\/\/museumek.eu\/wp-content\/uploads\/2013\/05\/008-223x300.jpg 223w, https:\/\/museumek.eu\/wp-content\/uploads\/2013\/05\/008-111x150.jpg 111w, https:\/\/museumek.eu\/wp-content\/uploads\/2013\/05\/008.jpg 597w\" sizes=\"(max-width: 223px) 100vw, 223px\" \/><\/a><\/p>\n","protected":false},"excerpt":{"rendered":"<p>Abteilung Deutschland, Keramik 1860 \u2013 1960, Inventarnummer D\/XLVIII\/3 Albert Jacob Thewalt, Fabrik fein verzierter Steinzeugwaren, Deutschland, H\u00f6hr, 1908, Seidel, K\u00fcnstler Wilhelm Anton Kamp (attr.), Werks.-Nr. 162, Exemplar Nr. ohne, gemarkt Firmenmarke mit A T und \u00fcber dem T ein Punkt, &hellip; <a href=\"https:\/\/museumek.eu\/?page_id=22331\">Weiterlesen <span class=\"meta-nav\">&rarr;<\/span><\/a><\/p>\n","protected":false},"author":1,"featured_media":0,"parent":11506,"menu_order":3,"comment_status":"closed","ping_status":"closed","template":"","meta":[],"_links":{"self":[{"href":"https:\/\/museumek.eu\/index.php?rest_route=\/wp\/v2\/pages\/22331"}],"collection":[{"href":"https:\/\/museumek.eu\/index.php?rest_route=\/wp\/v2\/pages"}],"about":[{"href":"https:\/\/museumek.eu\/index.php?rest_route=\/wp\/v2\/types\/page"}],"author":[{"embeddable":true,"href":"https:\/\/museumek.eu\/index.php?rest_route=\/wp\/v2\/users\/1"}],"replies":[{"embeddable":true,"href":"https:\/\/museumek.eu\/index.php?rest_route=%2Fwp%2Fv2%2Fcomments&post=22331"}],"version-history":[{"count":14,"href":"https:\/\/museumek.eu\/index.php?rest_route=\/wp\/v2\/pages\/22331\/revisions"}],"predecessor-version":[{"id":35725,"href":"https:\/\/museumek.eu\/index.php?rest_route=\/wp\/v2\/pages\/22331\/revisions\/35725"}],"up":[{"embeddable":true,"href":"https:\/\/museumek.eu\/index.php?rest_route=\/wp\/v2\/pages\/11506"}],"wp:attachment":[{"href":"https:\/\/museumek.eu\/index.php?rest_route=%2Fwp%2Fv2%2Fmedia&parent=22331"}],"curies":[{"name":"wp","href":"https:\/\/api.w.org\/{rel}","templated":true}]}}